{"id":19521,"date":"2022-01-22T11:02:03","date_gmt":"2022-01-22T10:02:03","guid":{"rendered":"https:\/\/demoweb.info\/sexshop001\/producto\/glam-bala-vibradora-plata\/"},"modified":"2022-01-22T11:02:06","modified_gmt":"2022-01-22T10:02:06","slug":"glam-bala-vibradora-plata","status":"publish","type":"product","link":"https:\/\/demoweb.info\/sexshop001\/producto\/glam-bala-vibradora-plata\/","title":{"rendered":"GLAM &#8211; BALA VIBRADORA &#8211; PLATA"},"content":{"rendered":"<p><strong>GLAM<\/strong><\/p>\n<p>La bala brillante Glam \u2122 es una bala de potencia s\u00faper cargada con 10 funciones de vibraci\u00f3n de alta intensidad.<\/p>\n<p>Toma el juguete de placer listo para viajar y ponlo en tu bolso o de la noche a la ma\u00f1ana para disfrutar del juego de pasi\u00f3n donde quiera que te lleve tu viaje. Recorre 10 funciones de vibraciones de alta intensidad con solo tocar un bot\u00f3n, mientras que el motor silencioso mantiene el silencio de tu tiempo de juego.<\/p>\n<p>Recarga el masajeador en 2 horas con el cable de carga USB proporcionado para disfrutar de 50 minutos de estimulaci\u00f3n a alta velocidad o 90 horas de vibraciones a baja velocidad.<\/p>\n<p>Caracter\u00edsticas:<\/p>\n<ul>\n<li>Medidas: 9 x 2,5 cm<\/li>\n<li>10 modos de vibraci\u00f3n<\/li>\n<li>Material: ABS y silicona<\/li>\n<li>1 motor<\/li>\n<li>Recargable con USB<\/li>\n<\/ul>\n","protected":false},"excerpt":{"rendered":"<p>GLAM La bala brillante Glam \u2122 es una bala de potencia s\u00faper cargada con 10 funciones de vibraci\u00f3n de alta<\/p>\n","protected":false},"featured_media":19522,"comment_status":"open","ping_status":"open","template":"","meta":[],"product_cat":[313],"product_tag":[660,885],"class_list":["post-19521","product","type-product","status-publish","has-post-thumbnail","hentry","product_cat-balas-y-huevos","product_tag-calexotics","product_tag-glam"],"bundled_by":[],"bundle_stock_status":"instock","bundle_stock_quantity":2,"bundle_virtual":false,"bundle_layout":"","bundle_add_to_cart_form_location":"","bundle_editable_in_cart":false,"bundle_sold_individually_context":"","bundle_item_grouping":"","bundle_min_size":"","bundle_max_size":"","bundled_items":[],"yoast_head":"<!-- This site is optimized with the Yoast SEO plugin v20.6 - https:\/\/yoast.com\/wordpress\/plugins\/seo\/ -->\n<title>GLAM - BALA VIBRADORA - PLATA - Tienda Er\u00f3tica<\/title>\n<meta name=\"robots\" content=\"noindex, follow, max-snippet:-1, max-image-preview:large, max-video-preview:-1\" \/>\n<meta property=\"og:locale\" content=\"es_ES\" \/>\n<meta property=\"og:type\" content=\"article\" \/>\n<meta property=\"og:title\" content=\"GLAM - BALA VIBRADORA - PLATA - Tienda Er\u00f3tica\" \/>\n<meta property=\"og:description\" content=\"GLAM La bala brillante Glam \u2122 es una bala de potencia s\u00faper cargada con 10 funciones de vibraci\u00f3n de alta\" \/>\n<meta property=\"og:url\" content=\"https:\/\/demoweb.info\/sexshop001\/producto\/glam-bala-vibradora-plata\/\" \/>\n<meta property=\"og:site_name\" content=\"Tienda Er\u00f3tica\" \/>\n<meta property=\"article:modified_time\" content=\"2022-01-22T10:02:06+00:00\" \/>\n<meta property=\"og:image\" content=\"https:\/\/demoweb.info\/sexshop001\/wp-content\/uploads\/2022\/01\/GLAM-BALA-VIBRADORA-PLATA.jpg\" \/>\n\t<meta property=\"og:image:width\" content=\"550\" \/>\n\t<meta property=\"og:image:height\" content=\"550\" \/>\n\t<meta property=\"og:image:type\" content=\"image\/jpeg\" \/>\n<meta name=\"twitter:card\" content=\"summary_large_image\" \/>\n<meta name=\"twitter:label1\" content=\"Tiempo de lectura\" \/>\n\t<meta name=\"twitter:data1\" content=\"1 minuto\" \/>\n<script type=\"application\/ld+json\" class=\"yoast-schema-graph\">{\"@context\":\"https:\/\/schema.org\",\"@graph\":[{\"@type\":\"WebPage\",\"@id\":\"https:\/\/demoweb.info\/sexshop001\/producto\/glam-bala-vibradora-plata\/\",\"url\":\"https:\/\/demoweb.info\/sexshop001\/producto\/glam-bala-vibradora-plata\/\",\"name\":\"GLAM - BALA VIBRADORA - PLATA - Tienda Er\u00f3tica\",\"isPartOf\":{\"@id\":\"https:\/\/demoweb.info\/sexshop001\/#website\"},\"datePublished\":\"2022-01-22T10:02:03+00:00\",\"dateModified\":\"2022-01-22T10:02:06+00:00\",\"breadcrumb\":{\"@id\":\"https:\/\/demoweb.info\/sexshop001\/producto\/glam-bala-vibradora-plata\/#breadcrumb\"},\"inLanguage\":\"es\",\"potentialAction\":[{\"@type\":\"ReadAction\",\"target\":[\"https:\/\/demoweb.info\/sexshop001\/producto\/glam-bala-vibradora-plata\/\"]}]},{\"@type\":\"BreadcrumbList\",\"@id\":\"https:\/\/demoweb.info\/sexshop001\/producto\/glam-bala-vibradora-plata\/#breadcrumb\",\"itemListElement\":[{\"@type\":\"ListItem\",\"position\":1,\"name\":\"Portada\",\"item\":\"https:\/\/demoweb.info\/sexshop001\/\"},{\"@type\":\"ListItem\",\"position\":2,\"name\":\"Tienda\",\"item\":\"https:\/\/demoweb.info\/sexshop001\/tienda\/\"},{\"@type\":\"ListItem\",\"position\":3,\"name\":\"GLAM &#8211; BALA VIBRADORA &#8211; PLATA\"}]},{\"@type\":\"WebSite\",\"@id\":\"https:\/\/demoweb.info\/sexshop001\/#website\",\"url\":\"https:\/\/demoweb.info\/sexshop001\/\",\"name\":\"Tienda Er\u00f3tica\",\"description\":\"DEMOWEB SL\",\"potentialAction\":[{\"@type\":\"SearchAction\",\"target\":{\"@type\":\"EntryPoint\",\"urlTemplate\":\"https:\/\/demoweb.info\/sexshop001\/?s={search_term_string}\"},\"query-input\":\"required name=search_term_string\"}],\"inLanguage\":\"es\"}]}<\/script>\n<!-- \/ Yoast SEO plugin. -->","yoast_head_json":{"title":"GLAM - BALA VIBRADORA - PLATA - Tienda Er\u00f3tica","robots":{"index":"noindex","follow":"follow","max-snippet":"max-snippet:-1","max-image-preview":"max-image-preview:large","max-video-preview":"max-video-preview:-1"},"og_locale":"es_ES","og_type":"article","og_title":"GLAM - BALA VIBRADORA - PLATA - Tienda Er\u00f3tica","og_description":"GLAM La bala brillante Glam \u2122 es una bala de potencia s\u00faper cargada con 10 funciones de vibraci\u00f3n de alta","og_url":"https:\/\/demoweb.info\/sexshop001\/producto\/glam-bala-vibradora-plata\/","og_site_name":"Tienda Er\u00f3tica","article_modified_time":"2022-01-22T10:02:06+00:00","og_image":[{"width":550,"height":550,"url":"https:\/\/demoweb.info\/sexshop001\/wp-content\/uploads\/2022\/01\/GLAM-BALA-VIBRADORA-PLATA.jpg","type":"image\/jpeg"}],"twitter_card":"summary_large_image","twitter_misc":{"Tiempo de lectura":"1 minuto"},"schema":{"@context":"https:\/\/schema.org","@graph":[{"@type":"WebPage","@id":"https:\/\/demoweb.info\/sexshop001\/producto\/glam-bala-vibradora-plata\/","url":"https:\/\/demoweb.info\/sexshop001\/producto\/glam-bala-vibradora-plata\/","name":"GLAM - BALA VIBRADORA - PLATA - Tienda Er\u00f3tica","isPartOf":{"@id":"https:\/\/demoweb.info\/sexshop001\/#website"},"datePublished":"2022-01-22T10:02:03+00:00","dateModified":"2022-01-22T10:02:06+00:00","breadcrumb":{"@id":"https:\/\/demoweb.info\/sexshop001\/producto\/glam-bala-vibradora-plata\/#breadcrumb"},"inLanguage":"es","potentialAction":[{"@type":"ReadAction","target":["https:\/\/demoweb.info\/sexshop001\/producto\/glam-bala-vibradora-plata\/"]}]},{"@type":"BreadcrumbList","@id":"https:\/\/demoweb.info\/sexshop001\/producto\/glam-bala-vibradora-plata\/#breadcrumb","itemListElement":[{"@type":"ListItem","position":1,"name":"Portada","item":"https:\/\/demoweb.info\/sexshop001\/"},{"@type":"ListItem","position":2,"name":"Tienda","item":"https:\/\/demoweb.info\/sexshop001\/tienda\/"},{"@type":"ListItem","position":3,"name":"GLAM &#8211; BALA VIBRADORA &#8211; PLATA"}]},{"@type":"WebSite","@id":"https:\/\/demoweb.info\/sexshop001\/#website","url":"https:\/\/demoweb.info\/sexshop001\/","name":"Tienda Er\u00f3tica","description":"DEMOWEB SL","potentialAction":[{"@type":"SearchAction","target":{"@type":"EntryPoint","urlTemplate":"https:\/\/demoweb.info\/sexshop001\/?s={search_term_string}"},"query-input":"required name=search_term_string"}],"inLanguage":"es"}]}},"_links":{"self":[{"href":"https:\/\/demoweb.info\/sexshop001\/wp-json\/wp\/v3\/product\/19521","targetHints":{"allow":["GET"]}}],"collection":[{"href":"https:\/\/demoweb.info\/sexshop001\/wp-json\/wp\/v3\/product"}],"about":[{"href":"https:\/\/demoweb.info\/sexshop001\/wp-json\/wp\/v2\/types\/product"}],"replies":[{"embeddable":true,"href":"https:\/\/demoweb.info\/sexshop001\/wp-json\/wp\/v2\/comments?post=19521"}],"wp:featuredmedia":[{"embeddable":true,"href":"https:\/\/demoweb.info\/sexshop001\/wp-json\/wp\/v2\/media\/19522"}],"wp:attachment":[{"href":"https:\/\/demoweb.info\/sexshop001\/wp-json\/wp\/v2\/media?parent=19521"}],"wp:term":[{"taxonomy":"product_cat","embeddable":true,"href":"https:\/\/demoweb.info\/sexshop001\/wp-json\/wp\/v2\/product_cat?post=19521"},{"taxonomy":"product_tag","embeddable":true,"href":"https:\/\/demoweb.info\/sexshop001\/wp-json\/wp\/v2\/product_tag?post=19521"}],"curies":[{"name":"wp","href":"https:\/\/api.w.org\/{rel}","templated":true}]}}