{"id":19493,"date":"2022-01-22T11:01:24","date_gmt":"2022-01-22T10:01:24","guid":{"rendered":"https:\/\/demoweb.info\/sexshop001\/producto\/cuerda-bondage-scandal-bdsm-10m-rojo\/"},"modified":"2022-01-22T11:01:51","modified_gmt":"2022-01-22T10:01:51","slug":"cuerda-bondage-scandal-bdsm-10m-rojo","status":"publish","type":"product","link":"https:\/\/demoweb.info\/sexshop001\/producto\/cuerda-bondage-scandal-bdsm-10m-rojo\/","title":{"rendered":"CUERDA BONDAGE SCANDAL BDSM 10M &#8211; ROJO"},"content":{"rendered":"<p><strong>SCANDAL BDSM ROPE 10M<\/strong><\/p>\n<p>D\u00e9jate llevar por tu lado salvaje y se creativo con CalExotics Scandal Rope. La galardonada colecci\u00f3n Scandal le ofrece10M de cuerda sensacionalmente sedosa que te permite sumergirse profundamente en el juego de restricci\u00f3n infinitamente creativo y el sexo bondage.<\/p>\n<p>Entr\u00e9gate a un placer mejorado y una excitaci\u00f3n elevada con cada vuelta de esta cuerda delgada y de m\u00faltiples talentos. \u00dasalo para atar mu\u00f1ecas, envolver los tobillos, crear una decoraci\u00f3n traviesa o explorar atuendos excepcionalmente para un sexo fetiche perverso y divertido. La cuerda sedosa es ideal para parejas que buscan experimentar con Shibari, juegos de restricci\u00f3n y juegos de bondage sexual. Lleva tus fantas\u00edas al siguiente nivel y ponte escandaloso con el juguete sexual Rope, infinitamente divertido.<\/p>\n<p><strong>Longitud total : <\/strong>10M<br \/>\n<strong>Bodysafe<\/strong> : Si<br \/>\n<strong>Material: <\/strong>Cotton \/ Polyester<\/p>\n","protected":false},"excerpt":{"rendered":"<p>SCANDAL BDSM ROPE 10M D\u00e9jate llevar por tu lado salvaje y se creativo con CalExotics Scandal Rope. La galardonada colecci\u00f3n<\/p>\n","protected":false},"featured_media":19494,"comment_status":"open","ping_status":"open","template":"","meta":[],"product_cat":[309],"product_tag":[660,662],"class_list":["post-19493","product","type-product","status-publish","has-post-thumbnail","hentry","product_cat-cintas-y-cuerdas","product_tag-calexotics","product_tag-scandal"],"bundled_by":[],"bundle_stock_status":"instock","bundle_stock_quantity":3,"bundle_virtual":false,"bundle_layout":"","bundle_add_to_cart_form_location":"","bundle_editable_in_cart":false,"bundle_sold_individually_context":"","bundle_item_grouping":"","bundle_min_size":"","bundle_max_size":"","bundled_items":[],"yoast_head":"<!-- This site is optimized with the Yoast SEO plugin v20.6 - https:\/\/yoast.com\/wordpress\/plugins\/seo\/ -->\n<title>CUERDA BONDAGE SCANDAL BDSM 10M - ROJO - Tienda Er\u00f3tica<\/title>\n<meta name=\"robots\" content=\"noindex, follow, max-snippet:-1, max-image-preview:large, max-video-preview:-1\" \/>\n<meta property=\"og:locale\" content=\"es_ES\" \/>\n<meta property=\"og:type\" content=\"article\" \/>\n<meta property=\"og:title\" content=\"CUERDA BONDAGE SCANDAL BDSM 10M - ROJO - Tienda Er\u00f3tica\" \/>\n<meta property=\"og:description\" content=\"SCANDAL BDSM ROPE 10M D\u00e9jate llevar por tu lado salvaje y se creativo con CalExotics Scandal Rope. La galardonada colecci\u00f3n\" \/>\n<meta property=\"og:url\" content=\"https:\/\/demoweb.info\/sexshop001\/producto\/cuerda-bondage-scandal-bdsm-10m-rojo\/\" \/>\n<meta property=\"og:site_name\" content=\"Tienda Er\u00f3tica\" \/>\n<meta property=\"article:modified_time\" content=\"2022-01-22T10:01:51+00:00\" \/>\n<meta property=\"og:image\" content=\"https:\/\/demoweb.info\/sexshop001\/wp-content\/uploads\/2022\/01\/CUERDA-BONDAGE-SCANDAL-BDSM-10M-ROJO.jpg\" \/>\n\t<meta property=\"og:image:width\" content=\"550\" \/>\n\t<meta property=\"og:image:height\" content=\"550\" \/>\n\t<meta property=\"og:image:type\" content=\"image\/jpeg\" \/>\n<meta name=\"twitter:card\" content=\"summary_large_image\" \/>\n<meta name=\"twitter:label1\" content=\"Tiempo de lectura\" \/>\n\t<meta name=\"twitter:data1\" content=\"1 minuto\" \/>\n<script type=\"application\/ld+json\" class=\"yoast-schema-graph\">{\"@context\":\"https:\/\/schema.org\",\"@graph\":[{\"@type\":\"WebPage\",\"@id\":\"https:\/\/demoweb.info\/sexshop001\/producto\/cuerda-bondage-scandal-bdsm-10m-rojo\/\",\"url\":\"https:\/\/demoweb.info\/sexshop001\/producto\/cuerda-bondage-scandal-bdsm-10m-rojo\/\",\"name\":\"CUERDA BONDAGE SCANDAL BDSM 10M - ROJO - Tienda Er\u00f3tica\",\"isPartOf\":{\"@id\":\"https:\/\/demoweb.info\/sexshop001\/#website\"},\"datePublished\":\"2022-01-22T10:01:24+00:00\",\"dateModified\":\"2022-01-22T10:01:51+00:00\",\"breadcrumb\":{\"@id\":\"https:\/\/demoweb.info\/sexshop001\/producto\/cuerda-bondage-scandal-bdsm-10m-rojo\/#breadcrumb\"},\"inLanguage\":\"es\",\"potentialAction\":[{\"@type\":\"ReadAction\",\"target\":[\"https:\/\/demoweb.info\/sexshop001\/producto\/cuerda-bondage-scandal-bdsm-10m-rojo\/\"]}]},{\"@type\":\"BreadcrumbList\",\"@id\":\"https:\/\/demoweb.info\/sexshop001\/producto\/cuerda-bondage-scandal-bdsm-10m-rojo\/#breadcrumb\",\"itemListElement\":[{\"@type\":\"ListItem\",\"position\":1,\"name\":\"Portada\",\"item\":\"https:\/\/demoweb.info\/sexshop001\/\"},{\"@type\":\"ListItem\",\"position\":2,\"name\":\"Tienda\",\"item\":\"https:\/\/demoweb.info\/sexshop001\/tienda\/\"},{\"@type\":\"ListItem\",\"position\":3,\"name\":\"CUERDA BONDAGE SCANDAL BDSM 10M &#8211; ROJO\"}]},{\"@type\":\"WebSite\",\"@id\":\"https:\/\/demoweb.info\/sexshop001\/#website\",\"url\":\"https:\/\/demoweb.info\/sexshop001\/\",\"name\":\"Tienda Er\u00f3tica\",\"description\":\"DEMOWEB SL\",\"potentialAction\":[{\"@type\":\"SearchAction\",\"target\":{\"@type\":\"EntryPoint\",\"urlTemplate\":\"https:\/\/demoweb.info\/sexshop001\/?s={search_term_string}\"},\"query-input\":\"required name=search_term_string\"}],\"inLanguage\":\"es\"}]}<\/script>\n<!-- \/ Yoast SEO plugin. -->","yoast_head_json":{"title":"CUERDA BONDAGE SCANDAL BDSM 10M - ROJO - Tienda Er\u00f3tica","robots":{"index":"noindex","follow":"follow","max-snippet":"max-snippet:-1","max-image-preview":"max-image-preview:large","max-video-preview":"max-video-preview:-1"},"og_locale":"es_ES","og_type":"article","og_title":"CUERDA BONDAGE SCANDAL BDSM 10M - ROJO - Tienda Er\u00f3tica","og_description":"SCANDAL BDSM ROPE 10M D\u00e9jate llevar por tu lado salvaje y se creativo con CalExotics Scandal Rope. La galardonada colecci\u00f3n","og_url":"https:\/\/demoweb.info\/sexshop001\/producto\/cuerda-bondage-scandal-bdsm-10m-rojo\/","og_site_name":"Tienda Er\u00f3tica","article_modified_time":"2022-01-22T10:01:51+00:00","og_image":[{"width":550,"height":550,"url":"https:\/\/demoweb.info\/sexshop001\/wp-content\/uploads\/2022\/01\/CUERDA-BONDAGE-SCANDAL-BDSM-10M-ROJO.jpg","type":"image\/jpeg"}],"twitter_card":"summary_large_image","twitter_misc":{"Tiempo de lectura":"1 minuto"},"schema":{"@context":"https:\/\/schema.org","@graph":[{"@type":"WebPage","@id":"https:\/\/demoweb.info\/sexshop001\/producto\/cuerda-bondage-scandal-bdsm-10m-rojo\/","url":"https:\/\/demoweb.info\/sexshop001\/producto\/cuerda-bondage-scandal-bdsm-10m-rojo\/","name":"CUERDA BONDAGE SCANDAL BDSM 10M - ROJO - Tienda Er\u00f3tica","isPartOf":{"@id":"https:\/\/demoweb.info\/sexshop001\/#website"},"datePublished":"2022-01-22T10:01:24+00:00","dateModified":"2022-01-22T10:01:51+00:00","breadcrumb":{"@id":"https:\/\/demoweb.info\/sexshop001\/producto\/cuerda-bondage-scandal-bdsm-10m-rojo\/#breadcrumb"},"inLanguage":"es","potentialAction":[{"@type":"ReadAction","target":["https:\/\/demoweb.info\/sexshop001\/producto\/cuerda-bondage-scandal-bdsm-10m-rojo\/"]}]},{"@type":"BreadcrumbList","@id":"https:\/\/demoweb.info\/sexshop001\/producto\/cuerda-bondage-scandal-bdsm-10m-rojo\/#breadcrumb","itemListElement":[{"@type":"ListItem","position":1,"name":"Portada","item":"https:\/\/demoweb.info\/sexshop001\/"},{"@type":"ListItem","position":2,"name":"Tienda","item":"https:\/\/demoweb.info\/sexshop001\/tienda\/"},{"@type":"ListItem","position":3,"name":"CUERDA BONDAGE SCANDAL BDSM 10M &#8211; ROJO"}]},{"@type":"WebSite","@id":"https:\/\/demoweb.info\/sexshop001\/#website","url":"https:\/\/demoweb.info\/sexshop001\/","name":"Tienda Er\u00f3tica","description":"DEMOWEB SL","potentialAction":[{"@type":"SearchAction","target":{"@type":"EntryPoint","urlTemplate":"https:\/\/demoweb.info\/sexshop001\/?s={search_term_string}"},"query-input":"required name=search_term_string"}],"inLanguage":"es"}]}},"_links":{"self":[{"href":"https:\/\/demoweb.info\/sexshop001\/wp-json\/wp\/v3\/product\/19493","targetHints":{"allow":["GET"]}}],"collection":[{"href":"https:\/\/demoweb.info\/sexshop001\/wp-json\/wp\/v3\/product"}],"about":[{"href":"https:\/\/demoweb.info\/sexshop001\/wp-json\/wp\/v2\/types\/product"}],"replies":[{"embeddable":true,"href":"https:\/\/demoweb.info\/sexshop001\/wp-json\/wp\/v2\/comments?post=19493"}],"wp:featuredmedia":[{"embeddable":true,"href":"https:\/\/demoweb.info\/sexshop001\/wp-json\/wp\/v2\/media\/19494"}],"wp:attachment":[{"href":"https:\/\/demoweb.info\/sexshop001\/wp-json\/wp\/v2\/media?parent=19493"}],"wp:term":[{"taxonomy":"product_cat","embeddable":true,"href":"https:\/\/demoweb.info\/sexshop001\/wp-json\/wp\/v2\/product_cat?post=19493"},{"taxonomy":"product_tag","embeddable":true,"href":"https:\/\/demoweb.info\/sexshop001\/wp-json\/wp\/v2\/product_tag?post=19493"}],"curies":[{"name":"wp","href":"https:\/\/api.w.org\/{rel}","templated":true}]}}