{"id":19487,"date":"2022-01-22T11:01:24","date_gmt":"2022-01-22T10:01:24","guid":{"rendered":"https:\/\/demoweb.info\/sexshop001\/producto\/pinzas-para-pezones-nipple-clamps-metal\/"},"modified":"2022-01-22T11:01:49","modified_gmt":"2022-01-22T10:01:49","slug":"pinzas-para-pezones-nipple-clamps-metal","status":"publish","type":"product","link":"https:\/\/demoweb.info\/sexshop001\/producto\/pinzas-para-pezones-nipple-clamps-metal\/","title":{"rendered":"PINZAS PARA PEZONES NIPPLE CLAMPS &#8211; METAL"},"content":{"rendered":"<p><strong>WEIGHTED DISC NIPPLE CLAMPS<\/strong><\/p>\n<p>Difumine a\u00fan m\u00e1s los l\u00edmites entre el placer y el dolor con las revolucionarias pinzas para pezones de disco con peso Nipple Play\u00ae.<\/p>\n<p>Explore la sensaci\u00f3n elevada con 2 pinzas para pezones ajustables, una cadena emocionante y un peso \u00fanico.<\/p>\n<p>Sujete los ganchos traviesos a su cuerpo y disfrute de cada r\u00e1faga de estimulaci\u00f3n.<\/p>\n<p>La abrazadera de burlas tiene tensi\u00f3n ajustable para estimular cualquier parte de su cuerpo para burlarse juguetonamente.<\/p>\n<p>A medida que la tensi\u00f3n aumenta, el hormigueo se intensifica con cada giro del dial para lo \u00faltimo en juguetes de estimulaci\u00f3n de pezones.<\/p>\n<p>Con la estimulaci\u00f3n de la pinza burlona y el peso oscilante, puede esperar amplificar la sensibilidad del pez\u00f3n e intensificar la excitaci\u00f3n general.<\/p>\n<ul>\n<li>Longitud total: 41.25 cm(total) 4.5 cmcada abrazadera)<\/li>\n<li>Bodysafe: S\u00ed<\/li>\n<li>Material: Hierro (cadena, abrazaderas) PVC sin ftalatos (puntas, peso)<\/li>\n<\/ul>\n","protected":false},"excerpt":{"rendered":"<p>WEIGHTED DISC NIPPLE CLAMPS Difumine a\u00fan m\u00e1s los l\u00edmites entre el placer y el dolor con las revolucionarias pinzas para<\/p>\n","protected":false},"featured_media":19488,"comment_status":"open","ping_status":"open","template":"","meta":[],"product_cat":[282],"product_tag":[660,882],"class_list":["post-19487","product","type-product","status-publish","has-post-thumbnail","hentry","product_cat-pinzas-pezones","product_tag-calexotics","product_tag-nipple-play"],"bundled_by":[],"bundle_stock_status":"instock","bundle_stock_quantity":1,"bundle_virtual":false,"bundle_layout":"","bundle_add_to_cart_form_location":"","bundle_editable_in_cart":false,"bundle_sold_individually_context":"","bundle_item_grouping":"","bundle_min_size":"","bundle_max_size":"","bundled_items":[],"yoast_head":"<!-- This site is optimized with the Yoast SEO plugin v20.6 - https:\/\/yoast.com\/wordpress\/plugins\/seo\/ -->\n<title>PINZAS PARA PEZONES NIPPLE CLAMPS - METAL - Tienda Er\u00f3tica<\/title>\n<meta name=\"robots\" content=\"noindex, follow, max-snippet:-1, max-image-preview:large, max-video-preview:-1\" \/>\n<meta property=\"og:locale\" content=\"es_ES\" \/>\n<meta property=\"og:type\" content=\"article\" \/>\n<meta property=\"og:title\" content=\"PINZAS PARA PEZONES NIPPLE CLAMPS - METAL - Tienda Er\u00f3tica\" \/>\n<meta property=\"og:description\" content=\"WEIGHTED DISC NIPPLE CLAMPS Difumine a\u00fan m\u00e1s los l\u00edmites entre el placer y el dolor con las revolucionarias pinzas para\" \/>\n<meta property=\"og:url\" content=\"https:\/\/demoweb.info\/sexshop001\/producto\/pinzas-para-pezones-nipple-clamps-metal\/\" \/>\n<meta property=\"og:site_name\" content=\"Tienda Er\u00f3tica\" \/>\n<meta property=\"article:modified_time\" content=\"2022-01-22T10:01:49+00:00\" \/>\n<meta property=\"og:image\" content=\"https:\/\/demoweb.info\/sexshop001\/wp-content\/uploads\/2022\/01\/PINZAS-PARA-PEZONES-NIPPLE-CLAMPS-METAL.jpg\" \/>\n\t<meta property=\"og:image:width\" content=\"550\" \/>\n\t<meta property=\"og:image:height\" content=\"550\" \/>\n\t<meta property=\"og:image:type\" content=\"image\/jpeg\" \/>\n<meta name=\"twitter:card\" content=\"summary_large_image\" \/>\n<meta name=\"twitter:label1\" content=\"Tiempo de lectura\" \/>\n\t<meta name=\"twitter:data1\" content=\"1 minuto\" \/>\n<script type=\"application\/ld+json\" class=\"yoast-schema-graph\">{\"@context\":\"https:\/\/schema.org\",\"@graph\":[{\"@type\":\"WebPage\",\"@id\":\"https:\/\/demoweb.info\/sexshop001\/producto\/pinzas-para-pezones-nipple-clamps-metal\/\",\"url\":\"https:\/\/demoweb.info\/sexshop001\/producto\/pinzas-para-pezones-nipple-clamps-metal\/\",\"name\":\"PINZAS PARA PEZONES NIPPLE CLAMPS - METAL - Tienda Er\u00f3tica\",\"isPartOf\":{\"@id\":\"https:\/\/demoweb.info\/sexshop001\/#website\"},\"datePublished\":\"2022-01-22T10:01:24+00:00\",\"dateModified\":\"2022-01-22T10:01:49+00:00\",\"breadcrumb\":{\"@id\":\"https:\/\/demoweb.info\/sexshop001\/producto\/pinzas-para-pezones-nipple-clamps-metal\/#breadcrumb\"},\"inLanguage\":\"es\",\"potentialAction\":[{\"@type\":\"ReadAction\",\"target\":[\"https:\/\/demoweb.info\/sexshop001\/producto\/pinzas-para-pezones-nipple-clamps-metal\/\"]}]},{\"@type\":\"BreadcrumbList\",\"@id\":\"https:\/\/demoweb.info\/sexshop001\/producto\/pinzas-para-pezones-nipple-clamps-metal\/#breadcrumb\",\"itemListElement\":[{\"@type\":\"ListItem\",\"position\":1,\"name\":\"Portada\",\"item\":\"https:\/\/demoweb.info\/sexshop001\/\"},{\"@type\":\"ListItem\",\"position\":2,\"name\":\"Tienda\",\"item\":\"https:\/\/demoweb.info\/sexshop001\/tienda\/\"},{\"@type\":\"ListItem\",\"position\":3,\"name\":\"PINZAS PARA PEZONES NIPPLE CLAMPS &#8211; METAL\"}]},{\"@type\":\"WebSite\",\"@id\":\"https:\/\/demoweb.info\/sexshop001\/#website\",\"url\":\"https:\/\/demoweb.info\/sexshop001\/\",\"name\":\"Tienda Er\u00f3tica\",\"description\":\"DEMOWEB SL\",\"potentialAction\":[{\"@type\":\"SearchAction\",\"target\":{\"@type\":\"EntryPoint\",\"urlTemplate\":\"https:\/\/demoweb.info\/sexshop001\/?s={search_term_string}\"},\"query-input\":\"required name=search_term_string\"}],\"inLanguage\":\"es\"}]}<\/script>\n<!-- \/ Yoast SEO plugin. -->","yoast_head_json":{"title":"PINZAS PARA PEZONES NIPPLE CLAMPS - METAL - Tienda Er\u00f3tica","robots":{"index":"noindex","follow":"follow","max-snippet":"max-snippet:-1","max-image-preview":"max-image-preview:large","max-video-preview":"max-video-preview:-1"},"og_locale":"es_ES","og_type":"article","og_title":"PINZAS PARA PEZONES NIPPLE CLAMPS - METAL - Tienda Er\u00f3tica","og_description":"WEIGHTED DISC NIPPLE CLAMPS Difumine a\u00fan m\u00e1s los l\u00edmites entre el placer y el dolor con las revolucionarias pinzas para","og_url":"https:\/\/demoweb.info\/sexshop001\/producto\/pinzas-para-pezones-nipple-clamps-metal\/","og_site_name":"Tienda Er\u00f3tica","article_modified_time":"2022-01-22T10:01:49+00:00","og_image":[{"width":550,"height":550,"url":"https:\/\/demoweb.info\/sexshop001\/wp-content\/uploads\/2022\/01\/PINZAS-PARA-PEZONES-NIPPLE-CLAMPS-METAL.jpg","type":"image\/jpeg"}],"twitter_card":"summary_large_image","twitter_misc":{"Tiempo de lectura":"1 minuto"},"schema":{"@context":"https:\/\/schema.org","@graph":[{"@type":"WebPage","@id":"https:\/\/demoweb.info\/sexshop001\/producto\/pinzas-para-pezones-nipple-clamps-metal\/","url":"https:\/\/demoweb.info\/sexshop001\/producto\/pinzas-para-pezones-nipple-clamps-metal\/","name":"PINZAS PARA PEZONES NIPPLE CLAMPS - METAL - Tienda Er\u00f3tica","isPartOf":{"@id":"https:\/\/demoweb.info\/sexshop001\/#website"},"datePublished":"2022-01-22T10:01:24+00:00","dateModified":"2022-01-22T10:01:49+00:00","breadcrumb":{"@id":"https:\/\/demoweb.info\/sexshop001\/producto\/pinzas-para-pezones-nipple-clamps-metal\/#breadcrumb"},"inLanguage":"es","potentialAction":[{"@type":"ReadAction","target":["https:\/\/demoweb.info\/sexshop001\/producto\/pinzas-para-pezones-nipple-clamps-metal\/"]}]},{"@type":"BreadcrumbList","@id":"https:\/\/demoweb.info\/sexshop001\/producto\/pinzas-para-pezones-nipple-clamps-metal\/#breadcrumb","itemListElement":[{"@type":"ListItem","position":1,"name":"Portada","item":"https:\/\/demoweb.info\/sexshop001\/"},{"@type":"ListItem","position":2,"name":"Tienda","item":"https:\/\/demoweb.info\/sexshop001\/tienda\/"},{"@type":"ListItem","position":3,"name":"PINZAS PARA PEZONES NIPPLE CLAMPS &#8211; METAL"}]},{"@type":"WebSite","@id":"https:\/\/demoweb.info\/sexshop001\/#website","url":"https:\/\/demoweb.info\/sexshop001\/","name":"Tienda Er\u00f3tica","description":"DEMOWEB SL","potentialAction":[{"@type":"SearchAction","target":{"@type":"EntryPoint","urlTemplate":"https:\/\/demoweb.info\/sexshop001\/?s={search_term_string}"},"query-input":"required name=search_term_string"}],"inLanguage":"es"}]}},"_links":{"self":[{"href":"https:\/\/demoweb.info\/sexshop001\/wp-json\/wp\/v3\/product\/19487","targetHints":{"allow":["GET"]}}],"collection":[{"href":"https:\/\/demoweb.info\/sexshop001\/wp-json\/wp\/v3\/product"}],"about":[{"href":"https:\/\/demoweb.info\/sexshop001\/wp-json\/wp\/v2\/types\/product"}],"replies":[{"embeddable":true,"href":"https:\/\/demoweb.info\/sexshop001\/wp-json\/wp\/v2\/comments?post=19487"}],"wp:featuredmedia":[{"embeddable":true,"href":"https:\/\/demoweb.info\/sexshop001\/wp-json\/wp\/v2\/media\/19488"}],"wp:attachment":[{"href":"https:\/\/demoweb.info\/sexshop001\/wp-json\/wp\/v2\/media?parent=19487"}],"wp:term":[{"taxonomy":"product_cat","embeddable":true,"href":"https:\/\/demoweb.info\/sexshop001\/wp-json\/wp\/v2\/product_cat?post=19487"},{"taxonomy":"product_tag","embeddable":true,"href":"https:\/\/demoweb.info\/sexshop001\/wp-json\/wp\/v2\/product_tag?post=19487"}],"curies":[{"name":"wp","href":"https:\/\/api.w.org\/{rel}","templated":true}]}}