{"id":19472,"date":"2022-01-22T11:01:24","date_gmt":"2022-01-22T10:01:24","guid":{"rendered":"https:\/\/demoweb.info\/sexshop001\/producto\/colgantes-para-pezones-cristal-lagrimas\/"},"modified":"2022-01-22T11:01:42","modified_gmt":"2022-01-22T10:01:42","slug":"colgantes-para-pezones-cristal-lagrimas","status":"publish","type":"product","link":"https:\/\/demoweb.info\/sexshop001\/producto\/colgantes-para-pezones-cristal-lagrimas\/","title":{"rendered":"COLGANTES PARA PEZONES CRISTAL L\u00c1GRIMAS"},"content":{"rendered":"<pre>\n<span style=&quot;font-family:tahoma,geneva,sans-serif&quot;>Lleva la sensaci\u00f3n a otro nivel y disfruta de jugar con los colgantes para pezones con forma a l\u00e1grimas  sin perforaciones.\nExplora la sensaci\u00f3n elevada con los 2 adornos de joya para pezones totalmente ajustables, la cincha flexible y los cristales brillantes.\n Una mirada a las brillantes joyas de cristal inspirar\u00e1 fantas\u00edas juguetonas y har\u00e1 que el apetito de su amante se agote; Inspira sentimientos de sensualidad, confianza y excitaci\u00f3n cuando aprietas la cincha. El dise\u00f1o de la cincha de silicona permite a los principiantes y a los fetichistas divertidos disfrutar de deslumbrantes joyas corporales; Aprieta la tensi\u00f3n de la cincha ajustable para intensificar las burlas y el placer elevado.\nCon la estimulaci\u00f3n de la cincha burlona y el aumento de la circulaci\u00f3n sangu\u00ednea amplificar\u00e1s la sensaci\u00f3n del pez\u00f3n e intensificaras la excitaci\u00f3n general.\n\n\n<strong>ESPECIFICACIONES<\/strong>\n<strong>Longitud total  <\/strong>  5.75 cm \n<strong>Material<\/strong>    Hierro sin n\u00edquel, Silicona, Silica\n<\/span>\n<\/pre>\n","protected":false},"excerpt":{"rendered":"<p>Lleva la sensaci\u00f3n a otro nivel y disfruta de jugar con los colgantes para pezones con forma a l\u00e1grimas sin<\/p>\n","protected":false},"featured_media":19473,"comment_status":"open","ping_status":"open","template":"","meta":[],"product_cat":[282],"product_tag":[660,882],"class_list":["post-19472","product","type-product","status-publish","has-post-thumbnail","hentry","product_cat-pinzas-pezones","product_tag-calexotics","product_tag-nipple-play"],"bundled_by":[],"bundle_stock_status":"instock","bundle_stock_quantity":1,"bundle_virtual":false,"bundle_layout":"","bundle_add_to_cart_form_location":"","bundle_editable_in_cart":false,"bundle_sold_individually_context":"","bundle_item_grouping":"","bundle_min_size":"","bundle_max_size":"","bundled_items":[],"yoast_head":"<!-- This site is optimized with the Yoast SEO plugin v20.6 - https:\/\/yoast.com\/wordpress\/plugins\/seo\/ -->\n<title>COLGANTES PARA PEZONES CRISTAL L\u00c1GRIMAS - Tienda Er\u00f3tica<\/title>\n<meta name=\"robots\" content=\"noindex, follow, max-snippet:-1, max-image-preview:large, max-video-preview:-1\" \/>\n<meta property=\"og:locale\" content=\"es_ES\" \/>\n<meta property=\"og:type\" content=\"article\" \/>\n<meta property=\"og:title\" content=\"COLGANTES PARA PEZONES CRISTAL L\u00c1GRIMAS - Tienda Er\u00f3tica\" \/>\n<meta property=\"og:description\" content=\"Lleva la sensaci\u00f3n a otro nivel y disfruta de jugar con los colgantes para pezones con forma a l\u00e1grimas sin\" \/>\n<meta property=\"og:url\" content=\"https:\/\/demoweb.info\/sexshop001\/producto\/colgantes-para-pezones-cristal-lagrimas\/\" \/>\n<meta property=\"og:site_name\" content=\"Tienda Er\u00f3tica\" \/>\n<meta property=\"article:modified_time\" content=\"2022-01-22T10:01:42+00:00\" \/>\n<meta property=\"og:image\" content=\"https:\/\/demoweb.info\/sexshop001\/wp-content\/uploads\/2022\/01\/COLGANTES-PARA-PEZONES-CRISTAL-LAGRIMAS.jpg\" \/>\n\t<meta property=\"og:image:width\" content=\"550\" \/>\n\t<meta property=\"og:image:height\" content=\"550\" \/>\n\t<meta property=\"og:image:type\" content=\"image\/jpeg\" \/>\n<meta name=\"twitter:card\" content=\"summary_large_image\" \/>\n<meta name=\"twitter:label1\" content=\"Tiempo de lectura\" \/>\n\t<meta name=\"twitter:data1\" content=\"1 minuto\" \/>\n<script type=\"application\/ld+json\" class=\"yoast-schema-graph\">{\"@context\":\"https:\/\/schema.org\",\"@graph\":[{\"@type\":\"WebPage\",\"@id\":\"https:\/\/demoweb.info\/sexshop001\/producto\/colgantes-para-pezones-cristal-lagrimas\/\",\"url\":\"https:\/\/demoweb.info\/sexshop001\/producto\/colgantes-para-pezones-cristal-lagrimas\/\",\"name\":\"COLGANTES PARA PEZONES CRISTAL L\u00c1GRIMAS - Tienda Er\u00f3tica\",\"isPartOf\":{\"@id\":\"https:\/\/demoweb.info\/sexshop001\/#website\"},\"datePublished\":\"2022-01-22T10:01:24+00:00\",\"dateModified\":\"2022-01-22T10:01:42+00:00\",\"breadcrumb\":{\"@id\":\"https:\/\/demoweb.info\/sexshop001\/producto\/colgantes-para-pezones-cristal-lagrimas\/#breadcrumb\"},\"inLanguage\":\"es\",\"potentialAction\":[{\"@type\":\"ReadAction\",\"target\":[\"https:\/\/demoweb.info\/sexshop001\/producto\/colgantes-para-pezones-cristal-lagrimas\/\"]}]},{\"@type\":\"BreadcrumbList\",\"@id\":\"https:\/\/demoweb.info\/sexshop001\/producto\/colgantes-para-pezones-cristal-lagrimas\/#breadcrumb\",\"itemListElement\":[{\"@type\":\"ListItem\",\"position\":1,\"name\":\"Portada\",\"item\":\"https:\/\/demoweb.info\/sexshop001\/\"},{\"@type\":\"ListItem\",\"position\":2,\"name\":\"Tienda\",\"item\":\"https:\/\/demoweb.info\/sexshop001\/tienda\/\"},{\"@type\":\"ListItem\",\"position\":3,\"name\":\"COLGANTES PARA PEZONES CRISTAL L\u00c1GRIMAS\"}]},{\"@type\":\"WebSite\",\"@id\":\"https:\/\/demoweb.info\/sexshop001\/#website\",\"url\":\"https:\/\/demoweb.info\/sexshop001\/\",\"name\":\"Tienda Er\u00f3tica\",\"description\":\"DEMOWEB SL\",\"potentialAction\":[{\"@type\":\"SearchAction\",\"target\":{\"@type\":\"EntryPoint\",\"urlTemplate\":\"https:\/\/demoweb.info\/sexshop001\/?s={search_term_string}\"},\"query-input\":\"required name=search_term_string\"}],\"inLanguage\":\"es\"}]}<\/script>\n<!-- \/ Yoast SEO plugin. -->","yoast_head_json":{"title":"COLGANTES PARA PEZONES CRISTAL L\u00c1GRIMAS - Tienda Er\u00f3tica","robots":{"index":"noindex","follow":"follow","max-snippet":"max-snippet:-1","max-image-preview":"max-image-preview:large","max-video-preview":"max-video-preview:-1"},"og_locale":"es_ES","og_type":"article","og_title":"COLGANTES PARA PEZONES CRISTAL L\u00c1GRIMAS - Tienda Er\u00f3tica","og_description":"Lleva la sensaci\u00f3n a otro nivel y disfruta de jugar con los colgantes para pezones con forma a l\u00e1grimas sin","og_url":"https:\/\/demoweb.info\/sexshop001\/producto\/colgantes-para-pezones-cristal-lagrimas\/","og_site_name":"Tienda Er\u00f3tica","article_modified_time":"2022-01-22T10:01:42+00:00","og_image":[{"width":550,"height":550,"url":"https:\/\/demoweb.info\/sexshop001\/wp-content\/uploads\/2022\/01\/COLGANTES-PARA-PEZONES-CRISTAL-LAGRIMAS.jpg","type":"image\/jpeg"}],"twitter_card":"summary_large_image","twitter_misc":{"Tiempo de lectura":"1 minuto"},"schema":{"@context":"https:\/\/schema.org","@graph":[{"@type":"WebPage","@id":"https:\/\/demoweb.info\/sexshop001\/producto\/colgantes-para-pezones-cristal-lagrimas\/","url":"https:\/\/demoweb.info\/sexshop001\/producto\/colgantes-para-pezones-cristal-lagrimas\/","name":"COLGANTES PARA PEZONES CRISTAL L\u00c1GRIMAS - Tienda Er\u00f3tica","isPartOf":{"@id":"https:\/\/demoweb.info\/sexshop001\/#website"},"datePublished":"2022-01-22T10:01:24+00:00","dateModified":"2022-01-22T10:01:42+00:00","breadcrumb":{"@id":"https:\/\/demoweb.info\/sexshop001\/producto\/colgantes-para-pezones-cristal-lagrimas\/#breadcrumb"},"inLanguage":"es","potentialAction":[{"@type":"ReadAction","target":["https:\/\/demoweb.info\/sexshop001\/producto\/colgantes-para-pezones-cristal-lagrimas\/"]}]},{"@type":"BreadcrumbList","@id":"https:\/\/demoweb.info\/sexshop001\/producto\/colgantes-para-pezones-cristal-lagrimas\/#breadcrumb","itemListElement":[{"@type":"ListItem","position":1,"name":"Portada","item":"https:\/\/demoweb.info\/sexshop001\/"},{"@type":"ListItem","position":2,"name":"Tienda","item":"https:\/\/demoweb.info\/sexshop001\/tienda\/"},{"@type":"ListItem","position":3,"name":"COLGANTES PARA PEZONES CRISTAL L\u00c1GRIMAS"}]},{"@type":"WebSite","@id":"https:\/\/demoweb.info\/sexshop001\/#website","url":"https:\/\/demoweb.info\/sexshop001\/","name":"Tienda Er\u00f3tica","description":"DEMOWEB SL","potentialAction":[{"@type":"SearchAction","target":{"@type":"EntryPoint","urlTemplate":"https:\/\/demoweb.info\/sexshop001\/?s={search_term_string}"},"query-input":"required name=search_term_string"}],"inLanguage":"es"}]}},"_links":{"self":[{"href":"https:\/\/demoweb.info\/sexshop001\/wp-json\/wp\/v3\/product\/19472","targetHints":{"allow":["GET"]}}],"collection":[{"href":"https:\/\/demoweb.info\/sexshop001\/wp-json\/wp\/v3\/product"}],"about":[{"href":"https:\/\/demoweb.info\/sexshop001\/wp-json\/wp\/v2\/types\/product"}],"replies":[{"embeddable":true,"href":"https:\/\/demoweb.info\/sexshop001\/wp-json\/wp\/v2\/comments?post=19472"}],"wp:featuredmedia":[{"embeddable":true,"href":"https:\/\/demoweb.info\/sexshop001\/wp-json\/wp\/v2\/media\/19473"}],"wp:attachment":[{"href":"https:\/\/demoweb.info\/sexshop001\/wp-json\/wp\/v2\/media?parent=19472"}],"wp:term":[{"taxonomy":"product_cat","embeddable":true,"href":"https:\/\/demoweb.info\/sexshop001\/wp-json\/wp\/v2\/product_cat?post=19472"},{"taxonomy":"product_tag","embeddable":true,"href":"https:\/\/demoweb.info\/sexshop001\/wp-json\/wp\/v2\/product_tag?post=19472"}],"curies":[{"name":"wp","href":"https:\/\/api.w.org\/{rel}","templated":true}]}}