{"id":19458,"date":"2022-01-22T11:01:24","date_gmt":"2022-01-22T10:01:24","guid":{"rendered":"https:\/\/demoweb.info\/sexshop001\/producto\/masturbador-vagina-azul\/"},"modified":"2022-01-22T11:01:36","modified_gmt":"2022-01-22T10:01:36","slug":"masturbador-vagina-azul","status":"publish","type":"product","link":"https:\/\/demoweb.info\/sexshop001\/producto\/masturbador-vagina-azul\/","title":{"rendered":"MASTURBADOR VAGINA AZUL"},"content":{"rendered":"<p><strong>BasicEssentials Beaded Mastrub<\/strong><\/p>\n<p>\u00bfBuscas un masturbador s\u00faper apretado e intensamente? Entonces aqu\u00ed est\u00e1:.<br \/>\nLos b\u00e1sicos esenciales s\u00faper suaves y el\u00e1sticos: Beaded Masturbator \u2122.<\/p>\n<p>Los elementos b\u00e1sicos b\u00e1sicos: Beaded Masturbator \u2122 tiene una c\u00e1mara deliciosamente estriada que brinda lo \u00faltimo en gratificaci\u00f3n.<br \/>\nCon cuatro hileras de cuentas plateadas de stroker, para que puedas usarlo solo o en pareja.<br \/>\nHecho a mano de TPR sin perfume, con cuentas de ABS con ba\u00f1o de plata, su placer es completamente seguro y emocionante.<\/p>\n<p>Conceptos b\u00e1sicos: Beaded Masturbator \u2122 har\u00e1 que todo el placer sea tuyo, ofreciendo una satisfacci\u00f3n incre\u00edble. Dise\u00f1ado de forma duradera, este masturbador ofrece la m\u00e1xima excitaci\u00f3n sexual.<br \/>\n\u00bfListo para lo mejor en estimulaci\u00f3n? \u00bfQuieres agregar m\u00e1s diversi\u00f3n a la experiencia ? Entonces, el Essential Essentials &#8211; Beaded Masturbator \u2122 tiene todas las sensaciones que estas buscando.<\/p>\n<p><strong>Longitud total: <\/strong>13 x 6 cm<br \/>\n<strong>Material: <\/strong>Thermoplastic Rubber<\/p>\n","protected":false},"excerpt":{"rendered":"<p>BasicEssentials Beaded Mastrub \u00bfBuscas un masturbador s\u00faper apretado e intensamente? Entonces aqu\u00ed est\u00e1:. Los b\u00e1sicos esenciales s\u00faper suaves y el\u00e1sticos:<\/p>\n","protected":false},"featured_media":19459,"comment_status":"open","ping_status":"open","template":"","meta":[],"product_cat":[541],"product_tag":[734,660],"class_list":["post-19458","product","type-product","status-publish","has-post-thumbnail","hentry","product_cat-vaginas","product_tag-basic-essentials","product_tag-calexotics"],"bundled_by":[],"bundle_stock_status":"instock","bundle_stock_quantity":2,"bundle_virtual":false,"bundle_layout":"","bundle_add_to_cart_form_location":"","bundle_editable_in_cart":false,"bundle_sold_individually_context":"","bundle_item_grouping":"","bundle_min_size":"","bundle_max_size":"","bundled_items":[],"yoast_head":"<!-- This site is optimized with the Yoast SEO plugin v20.6 - https:\/\/yoast.com\/wordpress\/plugins\/seo\/ -->\n<title>MASTURBADOR VAGINA AZUL - Tienda Er\u00f3tica<\/title>\n<meta name=\"robots\" content=\"noindex, follow, max-snippet:-1, max-image-preview:large, max-video-preview:-1\" \/>\n<meta property=\"og:locale\" content=\"es_ES\" \/>\n<meta property=\"og:type\" content=\"article\" \/>\n<meta property=\"og:title\" content=\"MASTURBADOR VAGINA AZUL - Tienda Er\u00f3tica\" \/>\n<meta property=\"og:description\" content=\"BasicEssentials Beaded Mastrub \u00bfBuscas un masturbador s\u00faper apretado e intensamente? Entonces aqu\u00ed est\u00e1:. Los b\u00e1sicos esenciales s\u00faper suaves y el\u00e1sticos:\" \/>\n<meta property=\"og:url\" content=\"https:\/\/demoweb.info\/sexshop001\/producto\/masturbador-vagina-azul\/\" \/>\n<meta property=\"og:site_name\" content=\"Tienda Er\u00f3tica\" \/>\n<meta property=\"article:modified_time\" content=\"2022-01-22T10:01:36+00:00\" \/>\n<meta property=\"og:image\" content=\"https:\/\/demoweb.info\/sexshop001\/wp-content\/uploads\/2022\/01\/MASTURBADOR-VAGINA-AZUL.jpg\" \/>\n\t<meta property=\"og:image:width\" content=\"550\" \/>\n\t<meta property=\"og:image:height\" content=\"550\" \/>\n\t<meta property=\"og:image:type\" content=\"image\/jpeg\" \/>\n<meta name=\"twitter:card\" content=\"summary_large_image\" \/>\n<meta name=\"twitter:label1\" content=\"Tiempo de lectura\" \/>\n\t<meta name=\"twitter:data1\" content=\"1 minuto\" \/>\n<script type=\"application\/ld+json\" class=\"yoast-schema-graph\">{\"@context\":\"https:\/\/schema.org\",\"@graph\":[{\"@type\":\"WebPage\",\"@id\":\"https:\/\/demoweb.info\/sexshop001\/producto\/masturbador-vagina-azul\/\",\"url\":\"https:\/\/demoweb.info\/sexshop001\/producto\/masturbador-vagina-azul\/\",\"name\":\"MASTURBADOR VAGINA AZUL - Tienda Er\u00f3tica\",\"isPartOf\":{\"@id\":\"https:\/\/demoweb.info\/sexshop001\/#website\"},\"datePublished\":\"2022-01-22T10:01:24+00:00\",\"dateModified\":\"2022-01-22T10:01:36+00:00\",\"breadcrumb\":{\"@id\":\"https:\/\/demoweb.info\/sexshop001\/producto\/masturbador-vagina-azul\/#breadcrumb\"},\"inLanguage\":\"es\",\"potentialAction\":[{\"@type\":\"ReadAction\",\"target\":[\"https:\/\/demoweb.info\/sexshop001\/producto\/masturbador-vagina-azul\/\"]}]},{\"@type\":\"BreadcrumbList\",\"@id\":\"https:\/\/demoweb.info\/sexshop001\/producto\/masturbador-vagina-azul\/#breadcrumb\",\"itemListElement\":[{\"@type\":\"ListItem\",\"position\":1,\"name\":\"Portada\",\"item\":\"https:\/\/demoweb.info\/sexshop001\/\"},{\"@type\":\"ListItem\",\"position\":2,\"name\":\"Tienda\",\"item\":\"https:\/\/demoweb.info\/sexshop001\/tienda\/\"},{\"@type\":\"ListItem\",\"position\":3,\"name\":\"MASTURBADOR VAGINA AZUL\"}]},{\"@type\":\"WebSite\",\"@id\":\"https:\/\/demoweb.info\/sexshop001\/#website\",\"url\":\"https:\/\/demoweb.info\/sexshop001\/\",\"name\":\"Tienda Er\u00f3tica\",\"description\":\"DEMOWEB SL\",\"potentialAction\":[{\"@type\":\"SearchAction\",\"target\":{\"@type\":\"EntryPoint\",\"urlTemplate\":\"https:\/\/demoweb.info\/sexshop001\/?s={search_term_string}\"},\"query-input\":\"required name=search_term_string\"}],\"inLanguage\":\"es\"}]}<\/script>\n<!-- \/ Yoast SEO plugin. -->","yoast_head_json":{"title":"MASTURBADOR VAGINA AZUL - Tienda Er\u00f3tica","robots":{"index":"noindex","follow":"follow","max-snippet":"max-snippet:-1","max-image-preview":"max-image-preview:large","max-video-preview":"max-video-preview:-1"},"og_locale":"es_ES","og_type":"article","og_title":"MASTURBADOR VAGINA AZUL - Tienda Er\u00f3tica","og_description":"BasicEssentials Beaded Mastrub \u00bfBuscas un masturbador s\u00faper apretado e intensamente? Entonces aqu\u00ed est\u00e1:. Los b\u00e1sicos esenciales s\u00faper suaves y el\u00e1sticos:","og_url":"https:\/\/demoweb.info\/sexshop001\/producto\/masturbador-vagina-azul\/","og_site_name":"Tienda Er\u00f3tica","article_modified_time":"2022-01-22T10:01:36+00:00","og_image":[{"width":550,"height":550,"url":"https:\/\/demoweb.info\/sexshop001\/wp-content\/uploads\/2022\/01\/MASTURBADOR-VAGINA-AZUL.jpg","type":"image\/jpeg"}],"twitter_card":"summary_large_image","twitter_misc":{"Tiempo de lectura":"1 minuto"},"schema":{"@context":"https:\/\/schema.org","@graph":[{"@type":"WebPage","@id":"https:\/\/demoweb.info\/sexshop001\/producto\/masturbador-vagina-azul\/","url":"https:\/\/demoweb.info\/sexshop001\/producto\/masturbador-vagina-azul\/","name":"MASTURBADOR VAGINA AZUL - Tienda Er\u00f3tica","isPartOf":{"@id":"https:\/\/demoweb.info\/sexshop001\/#website"},"datePublished":"2022-01-22T10:01:24+00:00","dateModified":"2022-01-22T10:01:36+00:00","breadcrumb":{"@id":"https:\/\/demoweb.info\/sexshop001\/producto\/masturbador-vagina-azul\/#breadcrumb"},"inLanguage":"es","potentialAction":[{"@type":"ReadAction","target":["https:\/\/demoweb.info\/sexshop001\/producto\/masturbador-vagina-azul\/"]}]},{"@type":"BreadcrumbList","@id":"https:\/\/demoweb.info\/sexshop001\/producto\/masturbador-vagina-azul\/#breadcrumb","itemListElement":[{"@type":"ListItem","position":1,"name":"Portada","item":"https:\/\/demoweb.info\/sexshop001\/"},{"@type":"ListItem","position":2,"name":"Tienda","item":"https:\/\/demoweb.info\/sexshop001\/tienda\/"},{"@type":"ListItem","position":3,"name":"MASTURBADOR VAGINA AZUL"}]},{"@type":"WebSite","@id":"https:\/\/demoweb.info\/sexshop001\/#website","url":"https:\/\/demoweb.info\/sexshop001\/","name":"Tienda Er\u00f3tica","description":"DEMOWEB SL","potentialAction":[{"@type":"SearchAction","target":{"@type":"EntryPoint","urlTemplate":"https:\/\/demoweb.info\/sexshop001\/?s={search_term_string}"},"query-input":"required name=search_term_string"}],"inLanguage":"es"}]}},"_links":{"self":[{"href":"https:\/\/demoweb.info\/sexshop001\/wp-json\/wp\/v3\/product\/19458","targetHints":{"allow":["GET"]}}],"collection":[{"href":"https:\/\/demoweb.info\/sexshop001\/wp-json\/wp\/v3\/product"}],"about":[{"href":"https:\/\/demoweb.info\/sexshop001\/wp-json\/wp\/v2\/types\/product"}],"replies":[{"embeddable":true,"href":"https:\/\/demoweb.info\/sexshop001\/wp-json\/wp\/v2\/comments?post=19458"}],"wp:featuredmedia":[{"embeddable":true,"href":"https:\/\/demoweb.info\/sexshop001\/wp-json\/wp\/v2\/media\/19459"}],"wp:attachment":[{"href":"https:\/\/demoweb.info\/sexshop001\/wp-json\/wp\/v2\/media?parent=19458"}],"wp:term":[{"taxonomy":"product_cat","embeddable":true,"href":"https:\/\/demoweb.info\/sexshop001\/wp-json\/wp\/v2\/product_cat?post=19458"},{"taxonomy":"product_tag","embeddable":true,"href":"https:\/\/demoweb.info\/sexshop001\/wp-json\/wp\/v2\/product_tag?post=19458"}],"curies":[{"name":"wp","href":"https:\/\/api.w.org\/{rel}","templated":true}]}}