{"id":19453,"date":"2022-01-22T11:01:24","date_gmt":"2022-01-22T10:01:24","guid":{"rendered":"https:\/\/demoweb.info\/sexshop001\/producto\/basic-essentials-tight-pussy-masturbador-vagina-transparente\/"},"modified":"2022-01-22T11:01:34","modified_gmt":"2022-01-22T10:01:34","slug":"basic-essentials-tight-pussy-masturbador-vagina-transparente","status":"publish","type":"product","link":"https:\/\/demoweb.info\/sexshop001\/producto\/basic-essentials-tight-pussy-masturbador-vagina-transparente\/","title":{"rendered":"BASIC ESSENTIALS TIGHT PUSSY &#8211; MASTURBADOR VAGINA TRANSPARENTE"},"content":{"rendered":"<p><strong>Basic Essentials Tight Pussy<\/strong><\/p>\n<p>\u00bfBuscas un masturbador intensamente y gratificante con un eje acanalado? \u00bfQue sea suave y el\u00e1stico? Entonces aqu\u00ed est\u00e1.<br \/>\nLos b\u00e1sicos esenciales s\u00faper sensuales: Tight Pussy \u2122 es un masturbador suave y flexible que proporciona lo \u00faltimo en gratificaci\u00f3n. Ya sea que lo use solo o con un compa\u00f1er@.<br \/>\nFabricado con TPR sin perfume, su placer es completamente seguro y emocionante.<\/p>\n<p>Esenciales b\u00e1sicos: Tight Pussy \u2122 har\u00e1 que todo el placer sea suyo, ofreciendo una satisfacci\u00f3n incre\u00edble. Dise\u00f1ado de forma duradera, el Tight Pussy \u2122 ofrece lo mejor en emoci\u00f3n sensual.<\/p>\n<p>\u00bfListo para lo mejor en estimulaci\u00f3n? \u00bfQuieres agregar m\u00e1s diversi\u00f3n a tu experiencia? Entonces el Tight Pussy \u2122 tiene todas las sensaciones que buscas.<br \/>\nDeja que nuestros Basic Essentials &#8211; Tight Pussy \u2122 lo prendan con un ajuste elegante y sensual.<\/p>\n<table>\n<tbody>\n<tr>\n<td>Tama\u00f1o de empaque<\/td>\n<td>1.5 x 4 x 5.5 inch &#8211; 3.75 x 10.25 x 14 cm<\/td>\n<\/tr>\n<tr>\n<td>Peso por unidad<\/td>\n<td>0.06342 kg<\/td>\n<\/tr>\n<tr>\n<td>Master case quantity<\/td>\n<td>12<\/td>\n<\/tr>\n<tr>\n<td>HS code<\/td>\n<td>3926909790<\/td>\n<\/tr>\n<tr>\n<td>COO<\/td>\n<td>China<\/td>\n<\/tr>\n<\/tbody>\n<\/table>\n","protected":false},"excerpt":{"rendered":"<p>Basic Essentials Tight Pussy \u00bfBuscas un masturbador intensamente y gratificante con un eje acanalado? \u00bfQue sea suave y el\u00e1stico? Entonces<\/p>\n","protected":false},"featured_media":19454,"comment_status":"open","ping_status":"open","template":"","meta":[],"product_cat":[542],"product_tag":[734,660],"class_list":["post-19453","product","type-product","status-publish","has-post-thumbnail","hentry","product_cat-clasicos","product_tag-basic-essentials","product_tag-calexotics"],"bundled_by":[],"bundle_stock_status":"instock","bundle_stock_quantity":6,"bundle_virtual":false,"bundle_layout":"","bundle_add_to_cart_form_location":"","bundle_editable_in_cart":false,"bundle_sold_individually_context":"","bundle_item_grouping":"","bundle_min_size":"","bundle_max_size":"","bundled_items":[],"yoast_head":"<!-- This site is optimized with the Yoast SEO plugin v20.6 - https:\/\/yoast.com\/wordpress\/plugins\/seo\/ -->\n<title>BASIC ESSENTIALS TIGHT PUSSY - MASTURBADOR VAGINA TRANSPARENTE - Tienda Er\u00f3tica<\/title>\n<meta name=\"robots\" content=\"noindex, follow, max-snippet:-1, max-image-preview:large, max-video-preview:-1\" \/>\n<meta property=\"og:locale\" content=\"es_ES\" \/>\n<meta property=\"og:type\" content=\"article\" \/>\n<meta property=\"og:title\" content=\"BASIC ESSENTIALS TIGHT PUSSY - MASTURBADOR VAGINA TRANSPARENTE - Tienda Er\u00f3tica\" \/>\n<meta property=\"og:description\" content=\"Basic Essentials Tight Pussy \u00bfBuscas un masturbador intensamente y gratificante con un eje acanalado? \u00bfQue sea suave y el\u00e1stico? Entonces\" \/>\n<meta property=\"og:url\" content=\"https:\/\/demoweb.info\/sexshop001\/producto\/basic-essentials-tight-pussy-masturbador-vagina-transparente\/\" \/>\n<meta property=\"og:site_name\" content=\"Tienda Er\u00f3tica\" \/>\n<meta property=\"article:modified_time\" content=\"2022-01-22T10:01:34+00:00\" \/>\n<meta property=\"og:image\" content=\"https:\/\/demoweb.info\/sexshop001\/wp-content\/uploads\/2022\/01\/BASIC-ESSENTIALS-TIGHT-PUSSY-MASTURBADOR-VAGINA-TRANSPARENTE.jpg\" \/>\n\t<meta property=\"og:image:width\" content=\"550\" \/>\n\t<meta property=\"og:image:height\" content=\"550\" \/>\n\t<meta property=\"og:image:type\" content=\"image\/jpeg\" \/>\n<meta name=\"twitter:card\" content=\"summary_large_image\" \/>\n<meta name=\"twitter:label1\" content=\"Tiempo de lectura\" \/>\n\t<meta name=\"twitter:data1\" content=\"1 minuto\" \/>\n<script type=\"application\/ld+json\" class=\"yoast-schema-graph\">{\"@context\":\"https:\/\/schema.org\",\"@graph\":[{\"@type\":\"WebPage\",\"@id\":\"https:\/\/demoweb.info\/sexshop001\/producto\/basic-essentials-tight-pussy-masturbador-vagina-transparente\/\",\"url\":\"https:\/\/demoweb.info\/sexshop001\/producto\/basic-essentials-tight-pussy-masturbador-vagina-transparente\/\",\"name\":\"BASIC ESSENTIALS TIGHT PUSSY - MASTURBADOR VAGINA TRANSPARENTE - Tienda Er\u00f3tica\",\"isPartOf\":{\"@id\":\"https:\/\/demoweb.info\/sexshop001\/#website\"},\"datePublished\":\"2022-01-22T10:01:24+00:00\",\"dateModified\":\"2022-01-22T10:01:34+00:00\",\"breadcrumb\":{\"@id\":\"https:\/\/demoweb.info\/sexshop001\/producto\/basic-essentials-tight-pussy-masturbador-vagina-transparente\/#breadcrumb\"},\"inLanguage\":\"es\",\"potentialAction\":[{\"@type\":\"ReadAction\",\"target\":[\"https:\/\/demoweb.info\/sexshop001\/producto\/basic-essentials-tight-pussy-masturbador-vagina-transparente\/\"]}]},{\"@type\":\"BreadcrumbList\",\"@id\":\"https:\/\/demoweb.info\/sexshop001\/producto\/basic-essentials-tight-pussy-masturbador-vagina-transparente\/#breadcrumb\",\"itemListElement\":[{\"@type\":\"ListItem\",\"position\":1,\"name\":\"Portada\",\"item\":\"https:\/\/demoweb.info\/sexshop001\/\"},{\"@type\":\"ListItem\",\"position\":2,\"name\":\"Tienda\",\"item\":\"https:\/\/demoweb.info\/sexshop001\/tienda\/\"},{\"@type\":\"ListItem\",\"position\":3,\"name\":\"BASIC ESSENTIALS TIGHT PUSSY &#8211; MASTURBADOR VAGINA TRANSPARENTE\"}]},{\"@type\":\"WebSite\",\"@id\":\"https:\/\/demoweb.info\/sexshop001\/#website\",\"url\":\"https:\/\/demoweb.info\/sexshop001\/\",\"name\":\"Tienda Er\u00f3tica\",\"description\":\"DEMOWEB SL\",\"potentialAction\":[{\"@type\":\"SearchAction\",\"target\":{\"@type\":\"EntryPoint\",\"urlTemplate\":\"https:\/\/demoweb.info\/sexshop001\/?s={search_term_string}\"},\"query-input\":\"required name=search_term_string\"}],\"inLanguage\":\"es\"}]}<\/script>\n<!-- \/ Yoast SEO plugin. -->","yoast_head_json":{"title":"BASIC ESSENTIALS TIGHT PUSSY - MASTURBADOR VAGINA TRANSPARENTE - Tienda Er\u00f3tica","robots":{"index":"noindex","follow":"follow","max-snippet":"max-snippet:-1","max-image-preview":"max-image-preview:large","max-video-preview":"max-video-preview:-1"},"og_locale":"es_ES","og_type":"article","og_title":"BASIC ESSENTIALS TIGHT PUSSY - MASTURBADOR VAGINA TRANSPARENTE - Tienda Er\u00f3tica","og_description":"Basic Essentials Tight Pussy \u00bfBuscas un masturbador intensamente y gratificante con un eje acanalado? \u00bfQue sea suave y el\u00e1stico? Entonces","og_url":"https:\/\/demoweb.info\/sexshop001\/producto\/basic-essentials-tight-pussy-masturbador-vagina-transparente\/","og_site_name":"Tienda Er\u00f3tica","article_modified_time":"2022-01-22T10:01:34+00:00","og_image":[{"width":550,"height":550,"url":"https:\/\/demoweb.info\/sexshop001\/wp-content\/uploads\/2022\/01\/BASIC-ESSENTIALS-TIGHT-PUSSY-MASTURBADOR-VAGINA-TRANSPARENTE.jpg","type":"image\/jpeg"}],"twitter_card":"summary_large_image","twitter_misc":{"Tiempo de lectura":"1 minuto"},"schema":{"@context":"https:\/\/schema.org","@graph":[{"@type":"WebPage","@id":"https:\/\/demoweb.info\/sexshop001\/producto\/basic-essentials-tight-pussy-masturbador-vagina-transparente\/","url":"https:\/\/demoweb.info\/sexshop001\/producto\/basic-essentials-tight-pussy-masturbador-vagina-transparente\/","name":"BASIC ESSENTIALS TIGHT PUSSY - MASTURBADOR VAGINA TRANSPARENTE - Tienda Er\u00f3tica","isPartOf":{"@id":"https:\/\/demoweb.info\/sexshop001\/#website"},"datePublished":"2022-01-22T10:01:24+00:00","dateModified":"2022-01-22T10:01:34+00:00","breadcrumb":{"@id":"https:\/\/demoweb.info\/sexshop001\/producto\/basic-essentials-tight-pussy-masturbador-vagina-transparente\/#breadcrumb"},"inLanguage":"es","potentialAction":[{"@type":"ReadAction","target":["https:\/\/demoweb.info\/sexshop001\/producto\/basic-essentials-tight-pussy-masturbador-vagina-transparente\/"]}]},{"@type":"BreadcrumbList","@id":"https:\/\/demoweb.info\/sexshop001\/producto\/basic-essentials-tight-pussy-masturbador-vagina-transparente\/#breadcrumb","itemListElement":[{"@type":"ListItem","position":1,"name":"Portada","item":"https:\/\/demoweb.info\/sexshop001\/"},{"@type":"ListItem","position":2,"name":"Tienda","item":"https:\/\/demoweb.info\/sexshop001\/tienda\/"},{"@type":"ListItem","position":3,"name":"BASIC ESSENTIALS TIGHT PUSSY &#8211; MASTURBADOR VAGINA TRANSPARENTE"}]},{"@type":"WebSite","@id":"https:\/\/demoweb.info\/sexshop001\/#website","url":"https:\/\/demoweb.info\/sexshop001\/","name":"Tienda Er\u00f3tica","description":"DEMOWEB SL","potentialAction":[{"@type":"SearchAction","target":{"@type":"EntryPoint","urlTemplate":"https:\/\/demoweb.info\/sexshop001\/?s={search_term_string}"},"query-input":"required name=search_term_string"}],"inLanguage":"es"}]}},"_links":{"self":[{"href":"https:\/\/demoweb.info\/sexshop001\/wp-json\/wp\/v3\/product\/19453","targetHints":{"allow":["GET"]}}],"collection":[{"href":"https:\/\/demoweb.info\/sexshop001\/wp-json\/wp\/v3\/product"}],"about":[{"href":"https:\/\/demoweb.info\/sexshop001\/wp-json\/wp\/v2\/types\/product"}],"replies":[{"embeddable":true,"href":"https:\/\/demoweb.info\/sexshop001\/wp-json\/wp\/v2\/comments?post=19453"}],"wp:featuredmedia":[{"embeddable":true,"href":"https:\/\/demoweb.info\/sexshop001\/wp-json\/wp\/v2\/media\/19454"}],"wp:attachment":[{"href":"https:\/\/demoweb.info\/sexshop001\/wp-json\/wp\/v2\/media?parent=19453"}],"wp:term":[{"taxonomy":"product_cat","embeddable":true,"href":"https:\/\/demoweb.info\/sexshop001\/wp-json\/wp\/v2\/product_cat?post=19453"},{"taxonomy":"product_tag","embeddable":true,"href":"https:\/\/demoweb.info\/sexshop001\/wp-json\/wp\/v2\/product_tag?post=19453"}],"curies":[{"name":"wp","href":"https:\/\/api.w.org\/{rel}","templated":true}]}}