{"id":19439,"date":"2022-01-22T11:01:24","date_gmt":"2022-01-22T10:01:24","guid":{"rendered":"https:\/\/demoweb.info\/sexshop001\/producto\/sensual-probe-punto-g-plata\/"},"modified":"2022-01-22T11:01:28","modified_gmt":"2022-01-22T10:01:28","slug":"sensual-probe-punto-g-plata","status":"publish","type":"product","link":"https:\/\/demoweb.info\/sexshop001\/producto\/sensual-probe-punto-g-plata\/","title":{"rendered":"SENSUAL PROBE PUNTO G &#8211; PLATA"},"content":{"rendered":"<pre>\n<span style=&quot;font-family:tahoma,geneva,sans-serif&quot;><strong>SENSUAL PROBE<\/strong>\n\nLa sonda sensual Her Royal Harness \u2122 seguramente te empujar\u00e1 al mundo org\u00e1smico de la estimulaci\u00f3n interna profunda del punto G.\n\nEl eje perfectamente angulado, la punta bulbosa y la base fuerte de la ventosa le permiten brindar una estimulaci\u00f3n precisa con cada empuje. \nEl eje curvado y la punta de G bulbosa brindan una estimulaci\u00f3n interna profundamente org\u00e1smica. \n\nUtiliza el eje curvo, la punta en forma de bombilla y la suave silicona doble para alcanzar nuevas alturas clim\u00e1ticas. \nLa sonda acentuada y el eje r\u00edgido est\u00e1n creados para provocar perfectamente las curvas \u00edntimas y complacer los puntos dulces internos de su amante, mientras usted te pierdes en una embestida profundamente satisfactoria. \n\nUna potente base de ventosa es perfecta para un juego creativo de placer con manos libres, simplemente colocalo en tu arn\u00e9s favorito o ponlo en una superficie plana para pasar un rato incre\u00edblemente bueno.\n\nESPECIFICACIONES\n\nLongitud total: 16.5 x 3.75 cm\nDi\u00e1metro: 8.25 cm \nBodysafe: Si \nMaterial: Silicona\nVentosa: Si\n<\/span>\n<\/pre>\n","protected":false},"excerpt":{"rendered":"<p>SENSUAL PROBE La sonda sensual Her Royal Harness \u2122 seguramente te empujar\u00e1 al mundo org\u00e1smico de la estimulaci\u00f3n interna profunda<\/p>\n","protected":false},"featured_media":19440,"comment_status":"open","ping_status":"open","template":"","meta":[],"product_cat":[272],"product_tag":[660,807],"class_list":["post-19439","product","type-product","status-publish","has-post-thumbnail","hentry","product_cat-sin-sujecion","product_tag-calexotics","product_tag-her-royal"],"bundled_by":[],"bundle_stock_status":"instock","bundle_stock_quantity":1,"bundle_virtual":false,"bundle_layout":"","bundle_add_to_cart_form_location":"","bundle_editable_in_cart":false,"bundle_sold_individually_context":"","bundle_item_grouping":"","bundle_min_size":"","bundle_max_size":"","bundled_items":[],"yoast_head":"<!-- This site is optimized with the Yoast SEO plugin v20.6 - https:\/\/yoast.com\/wordpress\/plugins\/seo\/ -->\n<title>SENSUAL PROBE PUNTO G - PLATA - Tienda Er\u00f3tica<\/title>\n<meta name=\"robots\" content=\"noindex, follow, max-snippet:-1, max-image-preview:large, max-video-preview:-1\" \/>\n<meta property=\"og:locale\" content=\"es_ES\" \/>\n<meta property=\"og:type\" content=\"article\" \/>\n<meta property=\"og:title\" content=\"SENSUAL PROBE PUNTO G - PLATA - Tienda Er\u00f3tica\" \/>\n<meta property=\"og:description\" content=\"SENSUAL PROBE La sonda sensual Her Royal Harness \u2122 seguramente te empujar\u00e1 al mundo org\u00e1smico de la estimulaci\u00f3n interna profunda\" \/>\n<meta property=\"og:url\" content=\"https:\/\/demoweb.info\/sexshop001\/producto\/sensual-probe-punto-g-plata\/\" \/>\n<meta property=\"og:site_name\" content=\"Tienda Er\u00f3tica\" \/>\n<meta property=\"article:modified_time\" content=\"2022-01-22T10:01:28+00:00\" \/>\n<meta property=\"og:image\" content=\"https:\/\/demoweb.info\/sexshop001\/wp-content\/uploads\/2022\/01\/SENSUAL-PROBE-PUNTO-G-PLATA.jpg\" \/>\n\t<meta property=\"og:image:width\" content=\"550\" \/>\n\t<meta property=\"og:image:height\" content=\"550\" \/>\n\t<meta property=\"og:image:type\" content=\"image\/jpeg\" \/>\n<meta name=\"twitter:card\" content=\"summary_large_image\" \/>\n<meta name=\"twitter:label1\" content=\"Tiempo de lectura\" \/>\n\t<meta name=\"twitter:data1\" content=\"1 minuto\" \/>\n<script type=\"application\/ld+json\" class=\"yoast-schema-graph\">{\"@context\":\"https:\/\/schema.org\",\"@graph\":[{\"@type\":\"WebPage\",\"@id\":\"https:\/\/demoweb.info\/sexshop001\/producto\/sensual-probe-punto-g-plata\/\",\"url\":\"https:\/\/demoweb.info\/sexshop001\/producto\/sensual-probe-punto-g-plata\/\",\"name\":\"SENSUAL PROBE PUNTO G - PLATA - Tienda Er\u00f3tica\",\"isPartOf\":{\"@id\":\"https:\/\/demoweb.info\/sexshop001\/#website\"},\"datePublished\":\"2022-01-22T10:01:24+00:00\",\"dateModified\":\"2022-01-22T10:01:28+00:00\",\"breadcrumb\":{\"@id\":\"https:\/\/demoweb.info\/sexshop001\/producto\/sensual-probe-punto-g-plata\/#breadcrumb\"},\"inLanguage\":\"es\",\"potentialAction\":[{\"@type\":\"ReadAction\",\"target\":[\"https:\/\/demoweb.info\/sexshop001\/producto\/sensual-probe-punto-g-plata\/\"]}]},{\"@type\":\"BreadcrumbList\",\"@id\":\"https:\/\/demoweb.info\/sexshop001\/producto\/sensual-probe-punto-g-plata\/#breadcrumb\",\"itemListElement\":[{\"@type\":\"ListItem\",\"position\":1,\"name\":\"Portada\",\"item\":\"https:\/\/demoweb.info\/sexshop001\/\"},{\"@type\":\"ListItem\",\"position\":2,\"name\":\"Tienda\",\"item\":\"https:\/\/demoweb.info\/sexshop001\/tienda\/\"},{\"@type\":\"ListItem\",\"position\":3,\"name\":\"SENSUAL PROBE PUNTO G &#8211; PLATA\"}]},{\"@type\":\"WebSite\",\"@id\":\"https:\/\/demoweb.info\/sexshop001\/#website\",\"url\":\"https:\/\/demoweb.info\/sexshop001\/\",\"name\":\"Tienda Er\u00f3tica\",\"description\":\"DEMOWEB SL\",\"potentialAction\":[{\"@type\":\"SearchAction\",\"target\":{\"@type\":\"EntryPoint\",\"urlTemplate\":\"https:\/\/demoweb.info\/sexshop001\/?s={search_term_string}\"},\"query-input\":\"required name=search_term_string\"}],\"inLanguage\":\"es\"}]}<\/script>\n<!-- \/ Yoast SEO plugin. -->","yoast_head_json":{"title":"SENSUAL PROBE PUNTO G - PLATA - Tienda Er\u00f3tica","robots":{"index":"noindex","follow":"follow","max-snippet":"max-snippet:-1","max-image-preview":"max-image-preview:large","max-video-preview":"max-video-preview:-1"},"og_locale":"es_ES","og_type":"article","og_title":"SENSUAL PROBE PUNTO G - PLATA - Tienda Er\u00f3tica","og_description":"SENSUAL PROBE La sonda sensual Her Royal Harness \u2122 seguramente te empujar\u00e1 al mundo org\u00e1smico de la estimulaci\u00f3n interna profunda","og_url":"https:\/\/demoweb.info\/sexshop001\/producto\/sensual-probe-punto-g-plata\/","og_site_name":"Tienda Er\u00f3tica","article_modified_time":"2022-01-22T10:01:28+00:00","og_image":[{"width":550,"height":550,"url":"https:\/\/demoweb.info\/sexshop001\/wp-content\/uploads\/2022\/01\/SENSUAL-PROBE-PUNTO-G-PLATA.jpg","type":"image\/jpeg"}],"twitter_card":"summary_large_image","twitter_misc":{"Tiempo de lectura":"1 minuto"},"schema":{"@context":"https:\/\/schema.org","@graph":[{"@type":"WebPage","@id":"https:\/\/demoweb.info\/sexshop001\/producto\/sensual-probe-punto-g-plata\/","url":"https:\/\/demoweb.info\/sexshop001\/producto\/sensual-probe-punto-g-plata\/","name":"SENSUAL PROBE PUNTO G - PLATA - Tienda Er\u00f3tica","isPartOf":{"@id":"https:\/\/demoweb.info\/sexshop001\/#website"},"datePublished":"2022-01-22T10:01:24+00:00","dateModified":"2022-01-22T10:01:28+00:00","breadcrumb":{"@id":"https:\/\/demoweb.info\/sexshop001\/producto\/sensual-probe-punto-g-plata\/#breadcrumb"},"inLanguage":"es","potentialAction":[{"@type":"ReadAction","target":["https:\/\/demoweb.info\/sexshop001\/producto\/sensual-probe-punto-g-plata\/"]}]},{"@type":"BreadcrumbList","@id":"https:\/\/demoweb.info\/sexshop001\/producto\/sensual-probe-punto-g-plata\/#breadcrumb","itemListElement":[{"@type":"ListItem","position":1,"name":"Portada","item":"https:\/\/demoweb.info\/sexshop001\/"},{"@type":"ListItem","position":2,"name":"Tienda","item":"https:\/\/demoweb.info\/sexshop001\/tienda\/"},{"@type":"ListItem","position":3,"name":"SENSUAL PROBE PUNTO G &#8211; PLATA"}]},{"@type":"WebSite","@id":"https:\/\/demoweb.info\/sexshop001\/#website","url":"https:\/\/demoweb.info\/sexshop001\/","name":"Tienda Er\u00f3tica","description":"DEMOWEB SL","potentialAction":[{"@type":"SearchAction","target":{"@type":"EntryPoint","urlTemplate":"https:\/\/demoweb.info\/sexshop001\/?s={search_term_string}"},"query-input":"required name=search_term_string"}],"inLanguage":"es"}]}},"_links":{"self":[{"href":"https:\/\/demoweb.info\/sexshop001\/wp-json\/wp\/v3\/product\/19439","targetHints":{"allow":["GET"]}}],"collection":[{"href":"https:\/\/demoweb.info\/sexshop001\/wp-json\/wp\/v3\/product"}],"about":[{"href":"https:\/\/demoweb.info\/sexshop001\/wp-json\/wp\/v2\/types\/product"}],"replies":[{"embeddable":true,"href":"https:\/\/demoweb.info\/sexshop001\/wp-json\/wp\/v2\/comments?post=19439"}],"wp:featuredmedia":[{"embeddable":true,"href":"https:\/\/demoweb.info\/sexshop001\/wp-json\/wp\/v2\/media\/19440"}],"wp:attachment":[{"href":"https:\/\/demoweb.info\/sexshop001\/wp-json\/wp\/v2\/media?parent=19439"}],"wp:term":[{"taxonomy":"product_cat","embeddable":true,"href":"https:\/\/demoweb.info\/sexshop001\/wp-json\/wp\/v2\/product_cat?post=19439"},{"taxonomy":"product_tag","embeddable":true,"href":"https:\/\/demoweb.info\/sexshop001\/wp-json\/wp\/v2\/product_tag?post=19439"}],"curies":[{"name":"wp","href":"https:\/\/api.w.org\/{rel}","templated":true}]}}