{"id":19410,"date":"2022-01-22T11:00:44","date_gmt":"2022-01-22T10:00:44","guid":{"rendered":"https:\/\/demoweb.info\/sexshop001\/producto\/beaded-dual-penetrator-penetrador-doble\/"},"modified":"2022-01-22T11:01:12","modified_gmt":"2022-01-22T10:01:12","slug":"beaded-dual-penetrator-penetrador-doble","status":"publish","type":"product","link":"https:\/\/demoweb.info\/sexshop001\/producto\/beaded-dual-penetrator-penetrador-doble\/","title":{"rendered":"BEADED DUAL PENETRATOR &#8211; PENETRADOR DOBLE"},"content":{"rendered":"<p>El penetrador doble de silicona Love Rider Beaded convierte tus encuentros en una experiencia org\u00e1smica memorable.<br \/>\nLa robusta sonda con cuentas le permite darle vida a sus actividades er\u00f3ticas sin la necesidad de invitar a una tercera persona.<br \/>\nCon este penetrador vers\u00e1til, puede compartir la experiencia de la sensaci\u00f3n de doble penetraci\u00f3n llena con tu amante.<\/p>\n<p>El penetrador doble de silicona Love Rider Beaded mide 14,5 cm x 2,5 cm y est\u00e1 hecho de silicona premium sin perfume.<br \/>\nEl eje flexible presenta una selecci\u00f3n de cuentas suaves y graduadas que proporcionan un placer intenso. Para una inserci\u00f3n c\u00f3moda y placentera, el eje del penetrador tambi\u00e9n tiene bucles el\u00e1sticos que se deslizan sobre el pene erecto y brindan soporte testicular.<\/p>\n<p>Para una mayor satisfacci\u00f3n, te recomendamos usar un lubricante de calidad con este juguete.<br \/>\nEl penetrador ofrece opciones flexibles de estimulaci\u00f3n y cl\u00edmax, y tambi\u00e9n se puede usar con una correa. El Silicone Love Rider Beaded Dual Penetrator es perfecto para usuarios principiantes y experimentados que deseen disfrutar de una experiencia doble.<br \/>\nAlterna la ubicaci\u00f3n de inserci\u00f3n para obtener la m\u00e1xima emoci\u00f3n y \u00e9xtasis ilimitado. Antes y despu\u00e9s de cada uso, recuerda limpiar el penetrador con un spray limpiador de juguetes o lavarlo con agua tibia y jab\u00f3n.<\/p>\n<p>\n<strong>CARACTERISTICAS<\/strong><\/p>\n<table>\n<tbody>\n<tr>\n<td>Longitud total<\/td>\n<td>14.5 cm &#8211; 5.75 inch<\/td>\n<\/tr>\n<tr>\n<td>Di\u00e1metro<\/td>\n<td>2.5 cm &#8211; 1 inch<\/td>\n<\/tr>\n<tr>\n<td>Impermeable<\/td>\n<td>No<\/td>\n<\/tr>\n<tr>\n<td>Bodysafe<\/td>\n<td>Yes<\/td>\n<\/tr>\n<tr>\n<td>Material<\/td>\n<td>Silicone<\/td>\n<\/tr>\n<\/tbody>\n<\/table>\n","protected":false},"excerpt":{"rendered":"<p>El penetrador doble de silicona Love Rider Beaded convierte tus encuentros en una experiencia org\u00e1smica memorable. La robusta sonda con<\/p>\n","protected":false},"featured_media":19411,"comment_status":"open","ping_status":"open","template":"","meta":[],"product_cat":[780],"product_tag":[660,808],"class_list":["post-19410","product","type-product","status-publish","has-post-thumbnail","hentry","product_cat-basicos-arneses","product_tag-calexotics","product_tag-extensions"],"bundled_by":[],"bundle_stock_status":"instock","bundle_stock_quantity":2,"bundle_virtual":false,"bundle_layout":"","bundle_add_to_cart_form_location":"","bundle_editable_in_cart":false,"bundle_sold_individually_context":"","bundle_item_grouping":"","bundle_min_size":"","bundle_max_size":"","bundled_items":[],"yoast_head":"<!-- This site is optimized with the Yoast SEO plugin v20.6 - https:\/\/yoast.com\/wordpress\/plugins\/seo\/ -->\n<title>BEADED DUAL PENETRATOR - PENETRADOR DOBLE - Tienda Er\u00f3tica<\/title>\n<meta name=\"robots\" content=\"noindex, follow, max-snippet:-1, max-image-preview:large, max-video-preview:-1\" \/>\n<meta property=\"og:locale\" content=\"es_ES\" \/>\n<meta property=\"og:type\" content=\"article\" \/>\n<meta property=\"og:title\" content=\"BEADED DUAL PENETRATOR - PENETRADOR DOBLE - Tienda Er\u00f3tica\" \/>\n<meta property=\"og:description\" content=\"El penetrador doble de silicona Love Rider Beaded convierte tus encuentros en una experiencia org\u00e1smica memorable. La robusta sonda con\" \/>\n<meta property=\"og:url\" content=\"https:\/\/demoweb.info\/sexshop001\/producto\/beaded-dual-penetrator-penetrador-doble\/\" \/>\n<meta property=\"og:site_name\" content=\"Tienda Er\u00f3tica\" \/>\n<meta property=\"article:modified_time\" content=\"2022-01-22T10:01:12+00:00\" \/>\n<meta property=\"og:image\" content=\"https:\/\/demoweb.info\/sexshop001\/wp-content\/uploads\/2022\/01\/BEADED-DUAL-PENETRATOR-PENETRADOR-DOBLE.jpg\" \/>\n\t<meta property=\"og:image:width\" content=\"550\" \/>\n\t<meta property=\"og:image:height\" content=\"550\" \/>\n\t<meta property=\"og:image:type\" content=\"image\/jpeg\" \/>\n<meta name=\"twitter:card\" content=\"summary_large_image\" \/>\n<meta name=\"twitter:label1\" content=\"Tiempo de lectura\" \/>\n\t<meta name=\"twitter:data1\" content=\"1 minuto\" \/>\n<script type=\"application\/ld+json\" class=\"yoast-schema-graph\">{\"@context\":\"https:\/\/schema.org\",\"@graph\":[{\"@type\":\"WebPage\",\"@id\":\"https:\/\/demoweb.info\/sexshop001\/producto\/beaded-dual-penetrator-penetrador-doble\/\",\"url\":\"https:\/\/demoweb.info\/sexshop001\/producto\/beaded-dual-penetrator-penetrador-doble\/\",\"name\":\"BEADED DUAL PENETRATOR - PENETRADOR DOBLE - Tienda Er\u00f3tica\",\"isPartOf\":{\"@id\":\"https:\/\/demoweb.info\/sexshop001\/#website\"},\"datePublished\":\"2022-01-22T10:00:44+00:00\",\"dateModified\":\"2022-01-22T10:01:12+00:00\",\"breadcrumb\":{\"@id\":\"https:\/\/demoweb.info\/sexshop001\/producto\/beaded-dual-penetrator-penetrador-doble\/#breadcrumb\"},\"inLanguage\":\"es\",\"potentialAction\":[{\"@type\":\"ReadAction\",\"target\":[\"https:\/\/demoweb.info\/sexshop001\/producto\/beaded-dual-penetrator-penetrador-doble\/\"]}]},{\"@type\":\"BreadcrumbList\",\"@id\":\"https:\/\/demoweb.info\/sexshop001\/producto\/beaded-dual-penetrator-penetrador-doble\/#breadcrumb\",\"itemListElement\":[{\"@type\":\"ListItem\",\"position\":1,\"name\":\"Portada\",\"item\":\"https:\/\/demoweb.info\/sexshop001\/\"},{\"@type\":\"ListItem\",\"position\":2,\"name\":\"Tienda\",\"item\":\"https:\/\/demoweb.info\/sexshop001\/tienda\/\"},{\"@type\":\"ListItem\",\"position\":3,\"name\":\"BEADED DUAL PENETRATOR &#8211; PENETRADOR DOBLE\"}]},{\"@type\":\"WebSite\",\"@id\":\"https:\/\/demoweb.info\/sexshop001\/#website\",\"url\":\"https:\/\/demoweb.info\/sexshop001\/\",\"name\":\"Tienda Er\u00f3tica\",\"description\":\"DEMOWEB SL\",\"potentialAction\":[{\"@type\":\"SearchAction\",\"target\":{\"@type\":\"EntryPoint\",\"urlTemplate\":\"https:\/\/demoweb.info\/sexshop001\/?s={search_term_string}\"},\"query-input\":\"required name=search_term_string\"}],\"inLanguage\":\"es\"}]}<\/script>\n<!-- \/ Yoast SEO plugin. -->","yoast_head_json":{"title":"BEADED DUAL PENETRATOR - PENETRADOR DOBLE - Tienda Er\u00f3tica","robots":{"index":"noindex","follow":"follow","max-snippet":"max-snippet:-1","max-image-preview":"max-image-preview:large","max-video-preview":"max-video-preview:-1"},"og_locale":"es_ES","og_type":"article","og_title":"BEADED DUAL PENETRATOR - PENETRADOR DOBLE - Tienda Er\u00f3tica","og_description":"El penetrador doble de silicona Love Rider Beaded convierte tus encuentros en una experiencia org\u00e1smica memorable. La robusta sonda con","og_url":"https:\/\/demoweb.info\/sexshop001\/producto\/beaded-dual-penetrator-penetrador-doble\/","og_site_name":"Tienda Er\u00f3tica","article_modified_time":"2022-01-22T10:01:12+00:00","og_image":[{"width":550,"height":550,"url":"https:\/\/demoweb.info\/sexshop001\/wp-content\/uploads\/2022\/01\/BEADED-DUAL-PENETRATOR-PENETRADOR-DOBLE.jpg","type":"image\/jpeg"}],"twitter_card":"summary_large_image","twitter_misc":{"Tiempo de lectura":"1 minuto"},"schema":{"@context":"https:\/\/schema.org","@graph":[{"@type":"WebPage","@id":"https:\/\/demoweb.info\/sexshop001\/producto\/beaded-dual-penetrator-penetrador-doble\/","url":"https:\/\/demoweb.info\/sexshop001\/producto\/beaded-dual-penetrator-penetrador-doble\/","name":"BEADED DUAL PENETRATOR - PENETRADOR DOBLE - Tienda Er\u00f3tica","isPartOf":{"@id":"https:\/\/demoweb.info\/sexshop001\/#website"},"datePublished":"2022-01-22T10:00:44+00:00","dateModified":"2022-01-22T10:01:12+00:00","breadcrumb":{"@id":"https:\/\/demoweb.info\/sexshop001\/producto\/beaded-dual-penetrator-penetrador-doble\/#breadcrumb"},"inLanguage":"es","potentialAction":[{"@type":"ReadAction","target":["https:\/\/demoweb.info\/sexshop001\/producto\/beaded-dual-penetrator-penetrador-doble\/"]}]},{"@type":"BreadcrumbList","@id":"https:\/\/demoweb.info\/sexshop001\/producto\/beaded-dual-penetrator-penetrador-doble\/#breadcrumb","itemListElement":[{"@type":"ListItem","position":1,"name":"Portada","item":"https:\/\/demoweb.info\/sexshop001\/"},{"@type":"ListItem","position":2,"name":"Tienda","item":"https:\/\/demoweb.info\/sexshop001\/tienda\/"},{"@type":"ListItem","position":3,"name":"BEADED DUAL PENETRATOR &#8211; PENETRADOR DOBLE"}]},{"@type":"WebSite","@id":"https:\/\/demoweb.info\/sexshop001\/#website","url":"https:\/\/demoweb.info\/sexshop001\/","name":"Tienda Er\u00f3tica","description":"DEMOWEB SL","potentialAction":[{"@type":"SearchAction","target":{"@type":"EntryPoint","urlTemplate":"https:\/\/demoweb.info\/sexshop001\/?s={search_term_string}"},"query-input":"required name=search_term_string"}],"inLanguage":"es"}]}},"_links":{"self":[{"href":"https:\/\/demoweb.info\/sexshop001\/wp-json\/wp\/v3\/product\/19410","targetHints":{"allow":["GET"]}}],"collection":[{"href":"https:\/\/demoweb.info\/sexshop001\/wp-json\/wp\/v3\/product"}],"about":[{"href":"https:\/\/demoweb.info\/sexshop001\/wp-json\/wp\/v2\/types\/product"}],"replies":[{"embeddable":true,"href":"https:\/\/demoweb.info\/sexshop001\/wp-json\/wp\/v2\/comments?post=19410"}],"wp:featuredmedia":[{"embeddable":true,"href":"https:\/\/demoweb.info\/sexshop001\/wp-json\/wp\/v2\/media\/19411"}],"wp:attachment":[{"href":"https:\/\/demoweb.info\/sexshop001\/wp-json\/wp\/v2\/media?parent=19410"}],"wp:term":[{"taxonomy":"product_cat","embeddable":true,"href":"https:\/\/demoweb.info\/sexshop001\/wp-json\/wp\/v2\/product_cat?post=19410"},{"taxonomy":"product_tag","embeddable":true,"href":"https:\/\/demoweb.info\/sexshop001\/wp-json\/wp\/v2\/product_tag?post=19410"}],"curies":[{"name":"wp","href":"https:\/\/api.w.org\/{rel}","templated":true}]}}