{"id":19406,"date":"2022-01-22T11:00:44","date_gmt":"2022-01-22T10:00:44","guid":{"rendered":"https:\/\/demoweb.info\/sexshop001\/producto\/stopper-anillo-transparente\/"},"modified":"2022-01-22T11:01:10","modified_gmt":"2022-01-22T10:01:10","slug":"stopper-anillo-transparente","status":"publish","type":"product","link":"https:\/\/demoweb.info\/sexshop001\/producto\/stopper-anillo-transparente\/","title":{"rendered":"STOPPER ANILLO &#8211; TRANSPARENTE"},"content":{"rendered":"<pre>\n<strong>STOPPER RING\n<\/strong>\nEl juego de 3 anillos apiladores de silicona transformar\u00e1 la inc\u00f3moda penetraci\u00f3n en una experiencia verdaderamente lujosa y c\u00f3moda.\n\nLos anillos se pueden apilar o usar de forma independiente para ayudar a controlar y personalizar la profundidad de penetraci\u00f3n.\nSe ajusta c\u00f3modamente a ti para proporcionar un coj\u00edn suave y una sensaci\u00f3n de almohada para tu  pareja. Los anillos el\u00e1sticos brindan un control total de la profundidad de penetraci\u00f3n para lograr la m\u00e1xima penetraci\u00f3n de una forma c\u00f3moda. \n\nTres anillos de silicona suaves y el\u00e1sticos te  permiten controlar y personalizar f\u00e1cilmente la profundidad de penetraci\u00f3n. La funda ultra el\u00e1stica est\u00e1 hecha de silicona libre de ftalatos y segura para el cuerpo para garantizar la tranquilidad en cada momento apasionante.\n\nEstos anillos duraderos son f\u00e1ciles de usar, f\u00e1ciles de limpiar y no requieren cuidados especiales. Antes y despu\u00e9s de cada uso, lava los anillos interna y externamente con agua tibia y jab\u00f3n, luego desinf\u00e9ctelos con Universal Toy Cleaner.\n\nCARACTERISTICAS:\nDi\u00e1metro    \u00d8 2 cm - 0.75 inch\nBodysafe    Yes\nMaterial    Silicone\n<\/pre>\n","protected":false},"excerpt":{"rendered":"<p>STOPPER RING El juego de 3 anillos apiladores de silicona transformar\u00e1 la inc\u00f3moda penetraci\u00f3n en una experiencia verdaderamente lujosa y<\/p>\n","protected":false},"featured_media":19407,"comment_status":"open","ping_status":"open","template":"","meta":[],"product_cat":[643],"product_tag":[660,806],"class_list":["post-19406","product","type-product","status-publish","has-post-thumbnail","hentry","product_cat-basicos-anillos","product_tag-calexotics","product_tag-rings"],"bundled_by":[],"bundle_stock_status":"instock","bundle_stock_quantity":2,"bundle_virtual":false,"bundle_layout":"","bundle_add_to_cart_form_location":"","bundle_editable_in_cart":false,"bundle_sold_individually_context":"","bundle_item_grouping":"","bundle_min_size":"","bundle_max_size":"","bundled_items":[],"yoast_head":"<!-- This site is optimized with the Yoast SEO plugin v20.6 - https:\/\/yoast.com\/wordpress\/plugins\/seo\/ -->\n<title>STOPPER ANILLO - TRANSPARENTE - Tienda Er\u00f3tica<\/title>\n<meta name=\"robots\" content=\"noindex, follow, max-snippet:-1, max-image-preview:large, max-video-preview:-1\" \/>\n<meta property=\"og:locale\" content=\"es_ES\" \/>\n<meta property=\"og:type\" content=\"article\" \/>\n<meta property=\"og:title\" content=\"STOPPER ANILLO - TRANSPARENTE - Tienda Er\u00f3tica\" \/>\n<meta property=\"og:description\" content=\"STOPPER RING El juego de 3 anillos apiladores de silicona transformar\u00e1 la inc\u00f3moda penetraci\u00f3n en una experiencia verdaderamente lujosa y\" \/>\n<meta property=\"og:url\" content=\"https:\/\/demoweb.info\/sexshop001\/producto\/stopper-anillo-transparente\/\" \/>\n<meta property=\"og:site_name\" content=\"Tienda Er\u00f3tica\" \/>\n<meta property=\"article:modified_time\" content=\"2022-01-22T10:01:10+00:00\" \/>\n<meta property=\"og:image\" content=\"https:\/\/demoweb.info\/sexshop001\/wp-content\/uploads\/2022\/01\/STOPPER-ANILLO-TRANSPARENTE.jpg\" \/>\n\t<meta property=\"og:image:width\" content=\"550\" \/>\n\t<meta property=\"og:image:height\" content=\"550\" \/>\n\t<meta property=\"og:image:type\" content=\"image\/jpeg\" \/>\n<meta name=\"twitter:card\" content=\"summary_large_image\" \/>\n<meta name=\"twitter:label1\" content=\"Tiempo de lectura\" \/>\n\t<meta name=\"twitter:data1\" content=\"1 minuto\" \/>\n<script type=\"application\/ld+json\" class=\"yoast-schema-graph\">{\"@context\":\"https:\/\/schema.org\",\"@graph\":[{\"@type\":\"WebPage\",\"@id\":\"https:\/\/demoweb.info\/sexshop001\/producto\/stopper-anillo-transparente\/\",\"url\":\"https:\/\/demoweb.info\/sexshop001\/producto\/stopper-anillo-transparente\/\",\"name\":\"STOPPER ANILLO - TRANSPARENTE - Tienda Er\u00f3tica\",\"isPartOf\":{\"@id\":\"https:\/\/demoweb.info\/sexshop001\/#website\"},\"datePublished\":\"2022-01-22T10:00:44+00:00\",\"dateModified\":\"2022-01-22T10:01:10+00:00\",\"breadcrumb\":{\"@id\":\"https:\/\/demoweb.info\/sexshop001\/producto\/stopper-anillo-transparente\/#breadcrumb\"},\"inLanguage\":\"es\",\"potentialAction\":[{\"@type\":\"ReadAction\",\"target\":[\"https:\/\/demoweb.info\/sexshop001\/producto\/stopper-anillo-transparente\/\"]}]},{\"@type\":\"BreadcrumbList\",\"@id\":\"https:\/\/demoweb.info\/sexshop001\/producto\/stopper-anillo-transparente\/#breadcrumb\",\"itemListElement\":[{\"@type\":\"ListItem\",\"position\":1,\"name\":\"Portada\",\"item\":\"https:\/\/demoweb.info\/sexshop001\/\"},{\"@type\":\"ListItem\",\"position\":2,\"name\":\"Tienda\",\"item\":\"https:\/\/demoweb.info\/sexshop001\/tienda\/\"},{\"@type\":\"ListItem\",\"position\":3,\"name\":\"STOPPER ANILLO &#8211; TRANSPARENTE\"}]},{\"@type\":\"WebSite\",\"@id\":\"https:\/\/demoweb.info\/sexshop001\/#website\",\"url\":\"https:\/\/demoweb.info\/sexshop001\/\",\"name\":\"Tienda Er\u00f3tica\",\"description\":\"DEMOWEB SL\",\"potentialAction\":[{\"@type\":\"SearchAction\",\"target\":{\"@type\":\"EntryPoint\",\"urlTemplate\":\"https:\/\/demoweb.info\/sexshop001\/?s={search_term_string}\"},\"query-input\":\"required name=search_term_string\"}],\"inLanguage\":\"es\"}]}<\/script>\n<!-- \/ Yoast SEO plugin. -->","yoast_head_json":{"title":"STOPPER ANILLO - TRANSPARENTE - Tienda Er\u00f3tica","robots":{"index":"noindex","follow":"follow","max-snippet":"max-snippet:-1","max-image-preview":"max-image-preview:large","max-video-preview":"max-video-preview:-1"},"og_locale":"es_ES","og_type":"article","og_title":"STOPPER ANILLO - TRANSPARENTE - Tienda Er\u00f3tica","og_description":"STOPPER RING El juego de 3 anillos apiladores de silicona transformar\u00e1 la inc\u00f3moda penetraci\u00f3n en una experiencia verdaderamente lujosa y","og_url":"https:\/\/demoweb.info\/sexshop001\/producto\/stopper-anillo-transparente\/","og_site_name":"Tienda Er\u00f3tica","article_modified_time":"2022-01-22T10:01:10+00:00","og_image":[{"width":550,"height":550,"url":"https:\/\/demoweb.info\/sexshop001\/wp-content\/uploads\/2022\/01\/STOPPER-ANILLO-TRANSPARENTE.jpg","type":"image\/jpeg"}],"twitter_card":"summary_large_image","twitter_misc":{"Tiempo de lectura":"1 minuto"},"schema":{"@context":"https:\/\/schema.org","@graph":[{"@type":"WebPage","@id":"https:\/\/demoweb.info\/sexshop001\/producto\/stopper-anillo-transparente\/","url":"https:\/\/demoweb.info\/sexshop001\/producto\/stopper-anillo-transparente\/","name":"STOPPER ANILLO - TRANSPARENTE - Tienda Er\u00f3tica","isPartOf":{"@id":"https:\/\/demoweb.info\/sexshop001\/#website"},"datePublished":"2022-01-22T10:00:44+00:00","dateModified":"2022-01-22T10:01:10+00:00","breadcrumb":{"@id":"https:\/\/demoweb.info\/sexshop001\/producto\/stopper-anillo-transparente\/#breadcrumb"},"inLanguage":"es","potentialAction":[{"@type":"ReadAction","target":["https:\/\/demoweb.info\/sexshop001\/producto\/stopper-anillo-transparente\/"]}]},{"@type":"BreadcrumbList","@id":"https:\/\/demoweb.info\/sexshop001\/producto\/stopper-anillo-transparente\/#breadcrumb","itemListElement":[{"@type":"ListItem","position":1,"name":"Portada","item":"https:\/\/demoweb.info\/sexshop001\/"},{"@type":"ListItem","position":2,"name":"Tienda","item":"https:\/\/demoweb.info\/sexshop001\/tienda\/"},{"@type":"ListItem","position":3,"name":"STOPPER ANILLO &#8211; TRANSPARENTE"}]},{"@type":"WebSite","@id":"https:\/\/demoweb.info\/sexshop001\/#website","url":"https:\/\/demoweb.info\/sexshop001\/","name":"Tienda Er\u00f3tica","description":"DEMOWEB SL","potentialAction":[{"@type":"SearchAction","target":{"@type":"EntryPoint","urlTemplate":"https:\/\/demoweb.info\/sexshop001\/?s={search_term_string}"},"query-input":"required name=search_term_string"}],"inLanguage":"es"}]}},"_links":{"self":[{"href":"https:\/\/demoweb.info\/sexshop001\/wp-json\/wp\/v3\/product\/19406","targetHints":{"allow":["GET"]}}],"collection":[{"href":"https:\/\/demoweb.info\/sexshop001\/wp-json\/wp\/v3\/product"}],"about":[{"href":"https:\/\/demoweb.info\/sexshop001\/wp-json\/wp\/v2\/types\/product"}],"replies":[{"embeddable":true,"href":"https:\/\/demoweb.info\/sexshop001\/wp-json\/wp\/v2\/comments?post=19406"}],"wp:featuredmedia":[{"embeddable":true,"href":"https:\/\/demoweb.info\/sexshop001\/wp-json\/wp\/v2\/media\/19407"}],"wp:attachment":[{"href":"https:\/\/demoweb.info\/sexshop001\/wp-json\/wp\/v2\/media?parent=19406"}],"wp:term":[{"taxonomy":"product_cat","embeddable":true,"href":"https:\/\/demoweb.info\/sexshop001\/wp-json\/wp\/v2\/product_cat?post=19406"},{"taxonomy":"product_tag","embeddable":true,"href":"https:\/\/demoweb.info\/sexshop001\/wp-json\/wp\/v2\/product_tag?post=19406"}],"curies":[{"name":"wp","href":"https:\/\/api.w.org\/{rel}","templated":true}]}}