{"id":19393,"date":"2022-01-22T11:00:44","date_gmt":"2022-01-22T10:00:44","guid":{"rendered":"https:\/\/demoweb.info\/sexshop001\/producto\/balas-vibradores-plata-vibrating-bullets\/"},"modified":"2022-01-22T11:01:01","modified_gmt":"2022-01-22T10:01:01","slug":"balas-vibradores-plata-vibrating-bullets","status":"publish","type":"product","link":"https:\/\/demoweb.info\/sexshop001\/producto\/balas-vibradores-plata-vibrating-bullets\/","title":{"rendered":"BALAS VIBRADORES PLATA &#8211; VIBRATING BULLETS"},"content":{"rendered":"<p>\n<strong>Vibrating Bullets<\/strong><\/p>\n<p>Las balas plateadas dobles vibrantes Pocket Exotics est\u00e1n hechas de ABS. Lo que las hace seguras, sensuales y estimulantes.<\/p>\n<p>Estas balas sensuales tienen todo lo que necesita, lo \u00faltimo en placer sensual.<br \/>\nEl ba\u00f1ado en plata ofrece una satisfacci\u00f3n de m\u00faltiples velocidades.<br \/>\nDuradero y emocionante, para disfrutar en solitario o en pareja.<br \/>\nDeja que estas balas apunten al coraz\u00f3n del deseo y disfruta de una aventura sensual verdaderamente emocionante.<\/p>\n<p>Tama\u00f1o de empaque 4.5 x 15.25 x 21.5 cm<\/p>\n","protected":false},"excerpt":{"rendered":"<p>Vibrating Bullets Las balas plateadas dobles vibrantes Pocket Exotics est\u00e1n hechas de ABS. Lo que las hace seguras, sensuales y<\/p>\n","protected":false},"featured_media":19394,"comment_status":"open","ping_status":"open","template":"","meta":[],"product_cat":[313],"product_tag":[660,965],"class_list":["post-19393","product","type-product","status-publish","has-post-thumbnail","hentry","product_cat-balas-y-huevos","product_tag-calexotics","product_tag-pocket-exotics"],"bundled_by":[],"bundle_stock_status":"outofstock","bundle_stock_quantity":0,"bundle_virtual":false,"bundle_layout":"","bundle_add_to_cart_form_location":"","bundle_editable_in_cart":false,"bundle_sold_individually_context":"","bundle_item_grouping":"","bundle_min_size":"","bundle_max_size":"","bundled_items":[],"yoast_head":"<!-- This site is optimized with the Yoast SEO plugin v20.6 - https:\/\/yoast.com\/wordpress\/plugins\/seo\/ -->\n<title>BALAS VIBRADORES PLATA - VIBRATING BULLETS - Tienda Er\u00f3tica<\/title>\n<meta name=\"robots\" content=\"noindex, follow, max-snippet:-1, max-image-preview:large, max-video-preview:-1\" \/>\n<meta property=\"og:locale\" content=\"es_ES\" \/>\n<meta property=\"og:type\" content=\"article\" \/>\n<meta property=\"og:title\" content=\"BALAS VIBRADORES PLATA - VIBRATING BULLETS - Tienda Er\u00f3tica\" \/>\n<meta property=\"og:description\" content=\"Vibrating Bullets Las balas plateadas dobles vibrantes Pocket Exotics est\u00e1n hechas de ABS. Lo que las hace seguras, sensuales y\" \/>\n<meta property=\"og:url\" content=\"https:\/\/demoweb.info\/sexshop001\/producto\/balas-vibradores-plata-vibrating-bullets\/\" \/>\n<meta property=\"og:site_name\" content=\"Tienda Er\u00f3tica\" \/>\n<meta property=\"article:modified_time\" content=\"2022-01-22T10:01:01+00:00\" \/>\n<meta property=\"og:image\" content=\"https:\/\/demoweb.info\/sexshop001\/wp-content\/uploads\/2022\/01\/BALAS-VIBRADORES-PLATA-VIBRATING-BULLETS.jpg\" \/>\n\t<meta property=\"og:image:width\" content=\"550\" \/>\n\t<meta property=\"og:image:height\" content=\"550\" \/>\n\t<meta property=\"og:image:type\" content=\"image\/jpeg\" \/>\n<meta name=\"twitter:card\" content=\"summary_large_image\" \/>\n<script type=\"application\/ld+json\" class=\"yoast-schema-graph\">{\"@context\":\"https:\/\/schema.org\",\"@graph\":[{\"@type\":\"WebPage\",\"@id\":\"https:\/\/demoweb.info\/sexshop001\/producto\/balas-vibradores-plata-vibrating-bullets\/\",\"url\":\"https:\/\/demoweb.info\/sexshop001\/producto\/balas-vibradores-plata-vibrating-bullets\/\",\"name\":\"BALAS VIBRADORES PLATA - VIBRATING BULLETS - Tienda Er\u00f3tica\",\"isPartOf\":{\"@id\":\"https:\/\/demoweb.info\/sexshop001\/#website\"},\"datePublished\":\"2022-01-22T10:00:44+00:00\",\"dateModified\":\"2022-01-22T10:01:01+00:00\",\"breadcrumb\":{\"@id\":\"https:\/\/demoweb.info\/sexshop001\/producto\/balas-vibradores-plata-vibrating-bullets\/#breadcrumb\"},\"inLanguage\":\"es\",\"potentialAction\":[{\"@type\":\"ReadAction\",\"target\":[\"https:\/\/demoweb.info\/sexshop001\/producto\/balas-vibradores-plata-vibrating-bullets\/\"]}]},{\"@type\":\"BreadcrumbList\",\"@id\":\"https:\/\/demoweb.info\/sexshop001\/producto\/balas-vibradores-plata-vibrating-bullets\/#breadcrumb\",\"itemListElement\":[{\"@type\":\"ListItem\",\"position\":1,\"name\":\"Portada\",\"item\":\"https:\/\/demoweb.info\/sexshop001\/\"},{\"@type\":\"ListItem\",\"position\":2,\"name\":\"Tienda\",\"item\":\"https:\/\/demoweb.info\/sexshop001\/tienda\/\"},{\"@type\":\"ListItem\",\"position\":3,\"name\":\"BALAS VIBRADORES PLATA &#8211; VIBRATING BULLETS\"}]},{\"@type\":\"WebSite\",\"@id\":\"https:\/\/demoweb.info\/sexshop001\/#website\",\"url\":\"https:\/\/demoweb.info\/sexshop001\/\",\"name\":\"Tienda Er\u00f3tica\",\"description\":\"DEMOWEB SL\",\"potentialAction\":[{\"@type\":\"SearchAction\",\"target\":{\"@type\":\"EntryPoint\",\"urlTemplate\":\"https:\/\/demoweb.info\/sexshop001\/?s={search_term_string}\"},\"query-input\":\"required name=search_term_string\"}],\"inLanguage\":\"es\"}]}<\/script>\n<!-- \/ Yoast SEO plugin. -->","yoast_head_json":{"title":"BALAS VIBRADORES PLATA - VIBRATING BULLETS - Tienda Er\u00f3tica","robots":{"index":"noindex","follow":"follow","max-snippet":"max-snippet:-1","max-image-preview":"max-image-preview:large","max-video-preview":"max-video-preview:-1"},"og_locale":"es_ES","og_type":"article","og_title":"BALAS VIBRADORES PLATA - VIBRATING BULLETS - Tienda Er\u00f3tica","og_description":"Vibrating Bullets Las balas plateadas dobles vibrantes Pocket Exotics est\u00e1n hechas de ABS. Lo que las hace seguras, sensuales y","og_url":"https:\/\/demoweb.info\/sexshop001\/producto\/balas-vibradores-plata-vibrating-bullets\/","og_site_name":"Tienda Er\u00f3tica","article_modified_time":"2022-01-22T10:01:01+00:00","og_image":[{"width":550,"height":550,"url":"https:\/\/demoweb.info\/sexshop001\/wp-content\/uploads\/2022\/01\/BALAS-VIBRADORES-PLATA-VIBRATING-BULLETS.jpg","type":"image\/jpeg"}],"twitter_card":"summary_large_image","schema":{"@context":"https:\/\/schema.org","@graph":[{"@type":"WebPage","@id":"https:\/\/demoweb.info\/sexshop001\/producto\/balas-vibradores-plata-vibrating-bullets\/","url":"https:\/\/demoweb.info\/sexshop001\/producto\/balas-vibradores-plata-vibrating-bullets\/","name":"BALAS VIBRADORES PLATA - VIBRATING BULLETS - Tienda Er\u00f3tica","isPartOf":{"@id":"https:\/\/demoweb.info\/sexshop001\/#website"},"datePublished":"2022-01-22T10:00:44+00:00","dateModified":"2022-01-22T10:01:01+00:00","breadcrumb":{"@id":"https:\/\/demoweb.info\/sexshop001\/producto\/balas-vibradores-plata-vibrating-bullets\/#breadcrumb"},"inLanguage":"es","potentialAction":[{"@type":"ReadAction","target":["https:\/\/demoweb.info\/sexshop001\/producto\/balas-vibradores-plata-vibrating-bullets\/"]}]},{"@type":"BreadcrumbList","@id":"https:\/\/demoweb.info\/sexshop001\/producto\/balas-vibradores-plata-vibrating-bullets\/#breadcrumb","itemListElement":[{"@type":"ListItem","position":1,"name":"Portada","item":"https:\/\/demoweb.info\/sexshop001\/"},{"@type":"ListItem","position":2,"name":"Tienda","item":"https:\/\/demoweb.info\/sexshop001\/tienda\/"},{"@type":"ListItem","position":3,"name":"BALAS VIBRADORES PLATA &#8211; VIBRATING BULLETS"}]},{"@type":"WebSite","@id":"https:\/\/demoweb.info\/sexshop001\/#website","url":"https:\/\/demoweb.info\/sexshop001\/","name":"Tienda Er\u00f3tica","description":"DEMOWEB SL","potentialAction":[{"@type":"SearchAction","target":{"@type":"EntryPoint","urlTemplate":"https:\/\/demoweb.info\/sexshop001\/?s={search_term_string}"},"query-input":"required name=search_term_string"}],"inLanguage":"es"}]}},"_links":{"self":[{"href":"https:\/\/demoweb.info\/sexshop001\/wp-json\/wp\/v3\/product\/19393","targetHints":{"allow":["GET"]}}],"collection":[{"href":"https:\/\/demoweb.info\/sexshop001\/wp-json\/wp\/v3\/product"}],"about":[{"href":"https:\/\/demoweb.info\/sexshop001\/wp-json\/wp\/v2\/types\/product"}],"replies":[{"embeddable":true,"href":"https:\/\/demoweb.info\/sexshop001\/wp-json\/wp\/v2\/comments?post=19393"}],"wp:featuredmedia":[{"embeddable":true,"href":"https:\/\/demoweb.info\/sexshop001\/wp-json\/wp\/v2\/media\/19394"}],"wp:attachment":[{"href":"https:\/\/demoweb.info\/sexshop001\/wp-json\/wp\/v2\/media?parent=19393"}],"wp:term":[{"taxonomy":"product_cat","embeddable":true,"href":"https:\/\/demoweb.info\/sexshop001\/wp-json\/wp\/v2\/product_cat?post=19393"},{"taxonomy":"product_tag","embeddable":true,"href":"https:\/\/demoweb.info\/sexshop001\/wp-json\/wp\/v2\/product_tag?post=19393"}],"curies":[{"name":"wp","href":"https:\/\/api.w.org\/{rel}","templated":true}]}}