{"id":19377,"date":"2022-01-22T11:00:44","date_gmt":"2022-01-22T10:00:44","guid":{"rendered":"https:\/\/demoweb.info\/sexshop001\/producto\/executive-automatic-smart-pump\/"},"modified":"2022-01-22T11:00:54","modified_gmt":"2022-01-22T10:00:54","slug":"executive-automatic-smart-pump","status":"publish","type":"product","link":"https:\/\/demoweb.info\/sexshop001\/producto\/executive-automatic-smart-pump\/","title":{"rendered":"EXECUTIVE AUTOMATIC SMART PUMP"},"content":{"rendered":"<\/p>\n<p>Maximiza tu herramienta de placer con Optimum Series\u00ae Executive Automatic Smart Pump \u2122, una bomba de pene masiva hecha para obtener mejores y m\u00e1s grandes resultados con cada uso.<br \/>\nAumente la resistencia, mejore la resistencia y amplifica tu pene con 3 modos de ejercicio de mejora \u00fanicos. La bomba inteligente extragrande tiene controles f\u00e1ciles de tocar y un bot\u00f3n de liberaci\u00f3n de aire r\u00e1pida para un bombeo personalizado.<\/p>\n<p>Mientras que la manga gruesa deL extremo abierto y la c\u00e1mara apretada con protuberancias le brindan un placer de caricias pecaminoso con o sin la bomba.<br \/>\nNunca te conformes con menos cuando se trata del tama\u00f1o de tu placer con Optimum Series\u00ae. La bomba cil\u00edndrica y la manga gruesa y duradera est\u00e1n dise\u00f1adas para crear el sellado perfecto y la succi\u00f3n potente con solo tocar un bot\u00f3n.<br \/>\nUna vez que haya alcanzado su nivel m\u00e1ximo, usa la liberaci\u00f3n r\u00e1pida de aire para disminuir la succi\u00f3n o liberar el sello.<\/p>\n<p>Cuando se usa con regularidad, este potente bombeador puede aumentar la resistencia, mejorar el tama\u00f1o general y amplificar la sensaci\u00f3n. Recarga la bomba premium en 90 minutos con el cable de carga USB provisto para disfrutar de hasta 12 horas de tiempo total de funcionamiento.<br \/>\nPara seguir el progreso, usa las marcas de medici\u00f3n incremental en el eje del cilindro. La manga del stroker de primera calidad se adapta a la mayor\u00eda de las bombas est\u00e1ndar, pero se puede usar de forma independiente para una experiencia apasionante de acariciar.<br \/>\nEl TPE premium es seguro para el cuerpo, sin perfume y sin ftalatos para mantener la mayor\u00eda de las zonas sensibles, feliz y saludable. Disfrute de una limpieza f\u00e1cil con esta funda de estimulador que no requiere mantenimiento, simplemente l\u00e1vela con agua tibia y jab\u00f3n antes y despu\u00e9s de cada uso. Usa abundante lubricante para una f\u00e1cil inserci\u00f3n.<\/p>\n<p><strong>ESPECIFICACIONES<\/strong><br \/>\n<strong>Longitud <\/strong>total :    26.75 x 7.5 cm  17.75 x 10.25 cm<br \/>\n<strong>Modos de vibraci\u00f3n<\/strong>:     3<br \/>\n<strong>Material <\/strong>:   PS (cilindro) ABS (control) TPE (manga)<\/p>\n","protected":false},"excerpt":{"rendered":"<p>Maximiza tu herramienta de placer con Optimum Series\u00ae Executive Automatic Smart Pump \u2122, una bomba de pene masiva hecha para<\/p>\n","protected":false},"featured_media":19378,"comment_status":"open","ping_status":"open","template":"","meta":[],"product_cat":[479],"product_tag":[660,961],"class_list":["post-19377","product","type-product","status-publish","has-post-thumbnail","hentry","product_cat-automaticos","product_tag-calexotics","product_tag-optimum-series"],"bundled_by":[],"bundle_stock_status":"outofstock","bundle_stock_quantity":0,"bundle_virtual":false,"bundle_layout":"","bundle_add_to_cart_form_location":"","bundle_editable_in_cart":false,"bundle_sold_individually_context":"","bundle_item_grouping":"","bundle_min_size":"","bundle_max_size":"","bundled_items":[],"yoast_head":"<!-- This site is optimized with the Yoast SEO plugin v20.6 - https:\/\/yoast.com\/wordpress\/plugins\/seo\/ -->\n<title>EXECUTIVE AUTOMATIC SMART PUMP - Tienda Er\u00f3tica<\/title>\n<meta name=\"robots\" content=\"noindex, follow, max-snippet:-1, max-image-preview:large, max-video-preview:-1\" \/>\n<meta property=\"og:locale\" content=\"es_ES\" \/>\n<meta property=\"og:type\" content=\"article\" \/>\n<meta property=\"og:title\" content=\"EXECUTIVE AUTOMATIC SMART PUMP - Tienda Er\u00f3tica\" \/>\n<meta property=\"og:description\" content=\"Maximiza tu herramienta de placer con Optimum Series\u00ae Executive Automatic Smart Pump \u2122, una bomba de pene masiva hecha para\" \/>\n<meta property=\"og:url\" content=\"https:\/\/demoweb.info\/sexshop001\/producto\/executive-automatic-smart-pump\/\" \/>\n<meta property=\"og:site_name\" content=\"Tienda Er\u00f3tica\" \/>\n<meta property=\"article:modified_time\" content=\"2022-01-22T10:00:54+00:00\" \/>\n<meta property=\"og:image\" content=\"https:\/\/demoweb.info\/sexshop001\/wp-content\/uploads\/2022\/01\/EXECUTIVE-AUTOMATIC-SMART-PUMP.jpg\" \/>\n\t<meta property=\"og:image:width\" content=\"550\" \/>\n\t<meta property=\"og:image:height\" content=\"550\" \/>\n\t<meta property=\"og:image:type\" content=\"image\/jpeg\" \/>\n<meta name=\"twitter:card\" content=\"summary_large_image\" \/>\n<meta name=\"twitter:label1\" content=\"Tiempo de lectura\" \/>\n\t<meta name=\"twitter:data1\" content=\"2 minutos\" \/>\n<script type=\"application\/ld+json\" class=\"yoast-schema-graph\">{\"@context\":\"https:\/\/schema.org\",\"@graph\":[{\"@type\":\"WebPage\",\"@id\":\"https:\/\/demoweb.info\/sexshop001\/producto\/executive-automatic-smart-pump\/\",\"url\":\"https:\/\/demoweb.info\/sexshop001\/producto\/executive-automatic-smart-pump\/\",\"name\":\"EXECUTIVE AUTOMATIC SMART PUMP - Tienda Er\u00f3tica\",\"isPartOf\":{\"@id\":\"https:\/\/demoweb.info\/sexshop001\/#website\"},\"datePublished\":\"2022-01-22T10:00:44+00:00\",\"dateModified\":\"2022-01-22T10:00:54+00:00\",\"breadcrumb\":{\"@id\":\"https:\/\/demoweb.info\/sexshop001\/producto\/executive-automatic-smart-pump\/#breadcrumb\"},\"inLanguage\":\"es\",\"potentialAction\":[{\"@type\":\"ReadAction\",\"target\":[\"https:\/\/demoweb.info\/sexshop001\/producto\/executive-automatic-smart-pump\/\"]}]},{\"@type\":\"BreadcrumbList\",\"@id\":\"https:\/\/demoweb.info\/sexshop001\/producto\/executive-automatic-smart-pump\/#breadcrumb\",\"itemListElement\":[{\"@type\":\"ListItem\",\"position\":1,\"name\":\"Portada\",\"item\":\"https:\/\/demoweb.info\/sexshop001\/\"},{\"@type\":\"ListItem\",\"position\":2,\"name\":\"Tienda\",\"item\":\"https:\/\/demoweb.info\/sexshop001\/tienda\/\"},{\"@type\":\"ListItem\",\"position\":3,\"name\":\"EXECUTIVE AUTOMATIC SMART PUMP\"}]},{\"@type\":\"WebSite\",\"@id\":\"https:\/\/demoweb.info\/sexshop001\/#website\",\"url\":\"https:\/\/demoweb.info\/sexshop001\/\",\"name\":\"Tienda Er\u00f3tica\",\"description\":\"DEMOWEB SL\",\"potentialAction\":[{\"@type\":\"SearchAction\",\"target\":{\"@type\":\"EntryPoint\",\"urlTemplate\":\"https:\/\/demoweb.info\/sexshop001\/?s={search_term_string}\"},\"query-input\":\"required name=search_term_string\"}],\"inLanguage\":\"es\"}]}<\/script>\n<!-- \/ Yoast SEO plugin. -->","yoast_head_json":{"title":"EXECUTIVE AUTOMATIC SMART PUMP - Tienda Er\u00f3tica","robots":{"index":"noindex","follow":"follow","max-snippet":"max-snippet:-1","max-image-preview":"max-image-preview:large","max-video-preview":"max-video-preview:-1"},"og_locale":"es_ES","og_type":"article","og_title":"EXECUTIVE AUTOMATIC SMART PUMP - Tienda Er\u00f3tica","og_description":"Maximiza tu herramienta de placer con Optimum Series\u00ae Executive Automatic Smart Pump \u2122, una bomba de pene masiva hecha para","og_url":"https:\/\/demoweb.info\/sexshop001\/producto\/executive-automatic-smart-pump\/","og_site_name":"Tienda Er\u00f3tica","article_modified_time":"2022-01-22T10:00:54+00:00","og_image":[{"width":550,"height":550,"url":"https:\/\/demoweb.info\/sexshop001\/wp-content\/uploads\/2022\/01\/EXECUTIVE-AUTOMATIC-SMART-PUMP.jpg","type":"image\/jpeg"}],"twitter_card":"summary_large_image","twitter_misc":{"Tiempo de lectura":"2 minutos"},"schema":{"@context":"https:\/\/schema.org","@graph":[{"@type":"WebPage","@id":"https:\/\/demoweb.info\/sexshop001\/producto\/executive-automatic-smart-pump\/","url":"https:\/\/demoweb.info\/sexshop001\/producto\/executive-automatic-smart-pump\/","name":"EXECUTIVE AUTOMATIC SMART PUMP - Tienda Er\u00f3tica","isPartOf":{"@id":"https:\/\/demoweb.info\/sexshop001\/#website"},"datePublished":"2022-01-22T10:00:44+00:00","dateModified":"2022-01-22T10:00:54+00:00","breadcrumb":{"@id":"https:\/\/demoweb.info\/sexshop001\/producto\/executive-automatic-smart-pump\/#breadcrumb"},"inLanguage":"es","potentialAction":[{"@type":"ReadAction","target":["https:\/\/demoweb.info\/sexshop001\/producto\/executive-automatic-smart-pump\/"]}]},{"@type":"BreadcrumbList","@id":"https:\/\/demoweb.info\/sexshop001\/producto\/executive-automatic-smart-pump\/#breadcrumb","itemListElement":[{"@type":"ListItem","position":1,"name":"Portada","item":"https:\/\/demoweb.info\/sexshop001\/"},{"@type":"ListItem","position":2,"name":"Tienda","item":"https:\/\/demoweb.info\/sexshop001\/tienda\/"},{"@type":"ListItem","position":3,"name":"EXECUTIVE AUTOMATIC SMART PUMP"}]},{"@type":"WebSite","@id":"https:\/\/demoweb.info\/sexshop001\/#website","url":"https:\/\/demoweb.info\/sexshop001\/","name":"Tienda Er\u00f3tica","description":"DEMOWEB SL","potentialAction":[{"@type":"SearchAction","target":{"@type":"EntryPoint","urlTemplate":"https:\/\/demoweb.info\/sexshop001\/?s={search_term_string}"},"query-input":"required name=search_term_string"}],"inLanguage":"es"}]}},"_links":{"self":[{"href":"https:\/\/demoweb.info\/sexshop001\/wp-json\/wp\/v3\/product\/19377","targetHints":{"allow":["GET"]}}],"collection":[{"href":"https:\/\/demoweb.info\/sexshop001\/wp-json\/wp\/v3\/product"}],"about":[{"href":"https:\/\/demoweb.info\/sexshop001\/wp-json\/wp\/v2\/types\/product"}],"replies":[{"embeddable":true,"href":"https:\/\/demoweb.info\/sexshop001\/wp-json\/wp\/v2\/comments?post=19377"}],"wp:featuredmedia":[{"embeddable":true,"href":"https:\/\/demoweb.info\/sexshop001\/wp-json\/wp\/v2\/media\/19378"}],"wp:attachment":[{"href":"https:\/\/demoweb.info\/sexshop001\/wp-json\/wp\/v2\/media?parent=19377"}],"wp:term":[{"taxonomy":"product_cat","embeddable":true,"href":"https:\/\/demoweb.info\/sexshop001\/wp-json\/wp\/v2\/product_cat?post=19377"},{"taxonomy":"product_tag","embeddable":true,"href":"https:\/\/demoweb.info\/sexshop001\/wp-json\/wp\/v2\/product_tag?post=19377"}],"curies":[{"name":"wp","href":"https:\/\/api.w.org\/{rel}","templated":true}]}}