{"id":19357,"date":"2022-01-22T11:00:44","date_gmt":"2022-01-22T10:00:44","guid":{"rendered":"https:\/\/demoweb.info\/sexshop001\/producto\/plug-colt-xxxl-con-bomba-negro\/"},"modified":"2022-01-22T11:00:44","modified_gmt":"2022-01-22T10:00:44","slug":"plug-colt-xxxl-con-bomba-negro","status":"publish","type":"product","link":"https:\/\/demoweb.info\/sexshop001\/producto\/plug-colt-xxxl-con-bomba-negro\/","title":{"rendered":"PLUG COLT XXXL CON BOMBA &#8211; NEGRO"},"content":{"rendered":"<p><strong>COLT XXXL PUMPER PLUG <\/strong><\/p>\n<p>Los pioneros del placer centrado en el hombre lo han vuelto a hacer con el tap\u00f3n de bomba COLT\u00ae XXL con manguera desmontable.<\/p>\n<p>Esta sonda \u00fanica ofrece un placer de gran tama\u00f1o con un cuerpo inflable, una bombilla de f\u00e1cil apretado e incluso se mantiene inflada cuando se desconecta la manguera.<\/p>\n<p>Para inflar su \u00e9xtasis, simplemente conecte la manguera y bombee la bombilla de f\u00e1cil apretado.<\/p>\n<p>Una vez que haya alcanzado el tama\u00f1o deseado, la sonda mantendr\u00e1 su tama\u00f1o incluso cuando se quita la manguera y el bot\u00f3n de liberaci\u00f3n r\u00e1pida de aire permite desinflar y quitar suavemente.<\/p>\n<p>Para disfrutar al m\u00e1ximo del estimulante mundo del placer anal, esta sonda regordeta se infl\u00f3 uniformemente para ofrecer una estimulaci\u00f3n del tama\u00f1o de un hombre.<\/p>\n<p>La sonda de silicona flexible tiene la cantidad perfecta de flexibilidad para doblarse y moverse naturalmente con su cuerpo.<\/p>\n<p>La potente base de ventosa es perfecta para juegos creativos y placenteros, la sonda se puede usar con o sin arn\u00e9s o se puede montar en una superficie plana para pasar un rato incre\u00edblemente agradable.<\/p>\n<p>La sonda flexible, la manguera y el bulbo est\u00e1n hechos de silicona sin costuras con v\u00e1lvulas de liberaci\u00f3n de pl\u00e1stico ABS.<\/p>\n<p>Antes de inflarlo, el tap\u00f3n de silicona tiene un tama\u00f1o total de 13.25 cm x 3.75 cm<\/p>\n<ul>\n<li>Longitud total: 16 x 4.50 cm (antes de inflar)<\/li>\n<li>Impermeable: S\u00ed<\/li>\n<li>Bodysafe: S\u00ed<\/li>\n<li>Material: Silicona (enchufe, manguera, bulbo), ABS (v\u00e1lvulas de descarga)<\/li>\n<li>Ventosa :S\u00ed<\/li>\n<\/ul>\n","protected":false},"excerpt":{"rendered":"<p>COLT XXXL PUMPER PLUG Los pioneros del placer centrado en el hombre lo han vuelto a hacer con el tap\u00f3n<\/p>\n","protected":false},"featured_media":19358,"comment_status":"open","ping_status":"open","template":"","meta":[],"product_cat":[280],"product_tag":[660,724],"class_list":["post-19357","product","type-product","status-publish","has-post-thumbnail","hentry","product_cat-hinchables","product_tag-calexotics","product_tag-colt-gear"],"bundled_by":[],"bundle_stock_status":"outofstock","bundle_stock_quantity":0,"bundle_virtual":false,"bundle_layout":"","bundle_add_to_cart_form_location":"","bundle_editable_in_cart":false,"bundle_sold_individually_context":"","bundle_item_grouping":"","bundle_min_size":"","bundle_max_size":"","bundled_items":[],"yoast_head":"<!-- This site is optimized with the Yoast SEO plugin v20.6 - https:\/\/yoast.com\/wordpress\/plugins\/seo\/ -->\n<title>PLUG COLT XXXL CON BOMBA - NEGRO - Tienda Er\u00f3tica<\/title>\n<meta name=\"robots\" content=\"noindex, follow, max-snippet:-1, max-image-preview:large, max-video-preview:-1\" \/>\n<meta property=\"og:locale\" content=\"es_ES\" \/>\n<meta property=\"og:type\" content=\"article\" \/>\n<meta property=\"og:title\" content=\"PLUG COLT XXXL CON BOMBA - NEGRO - Tienda Er\u00f3tica\" \/>\n<meta property=\"og:description\" content=\"COLT XXXL PUMPER PLUG Los pioneros del placer centrado en el hombre lo han vuelto a hacer con el tap\u00f3n\" \/>\n<meta property=\"og:url\" content=\"https:\/\/demoweb.info\/sexshop001\/producto\/plug-colt-xxxl-con-bomba-negro\/\" \/>\n<meta property=\"og:site_name\" content=\"Tienda Er\u00f3tica\" \/>\n<meta property=\"og:image\" content=\"https:\/\/demoweb.info\/sexshop001\/wp-content\/uploads\/2022\/01\/PLUG-COLT-XXXL-CON-BOMBA-NEGRO.jpg\" \/>\n\t<meta property=\"og:image:width\" content=\"550\" \/>\n\t<meta property=\"og:image:height\" content=\"550\" \/>\n\t<meta property=\"og:image:type\" content=\"image\/jpeg\" \/>\n<meta name=\"twitter:card\" content=\"summary_large_image\" \/>\n<meta name=\"twitter:label1\" content=\"Tiempo de lectura\" \/>\n\t<meta name=\"twitter:data1\" content=\"1 minuto\" \/>\n<script type=\"application\/ld+json\" class=\"yoast-schema-graph\">{\"@context\":\"https:\/\/schema.org\",\"@graph\":[{\"@type\":\"WebPage\",\"@id\":\"https:\/\/demoweb.info\/sexshop001\/producto\/plug-colt-xxxl-con-bomba-negro\/\",\"url\":\"https:\/\/demoweb.info\/sexshop001\/producto\/plug-colt-xxxl-con-bomba-negro\/\",\"name\":\"PLUG COLT XXXL CON BOMBA - NEGRO - Tienda Er\u00f3tica\",\"isPartOf\":{\"@id\":\"https:\/\/demoweb.info\/sexshop001\/#website\"},\"datePublished\":\"2022-01-22T10:00:44+00:00\",\"dateModified\":\"2022-01-22T10:00:44+00:00\",\"breadcrumb\":{\"@id\":\"https:\/\/demoweb.info\/sexshop001\/producto\/plug-colt-xxxl-con-bomba-negro\/#breadcrumb\"},\"inLanguage\":\"es\",\"potentialAction\":[{\"@type\":\"ReadAction\",\"target\":[\"https:\/\/demoweb.info\/sexshop001\/producto\/plug-colt-xxxl-con-bomba-negro\/\"]}]},{\"@type\":\"BreadcrumbList\",\"@id\":\"https:\/\/demoweb.info\/sexshop001\/producto\/plug-colt-xxxl-con-bomba-negro\/#breadcrumb\",\"itemListElement\":[{\"@type\":\"ListItem\",\"position\":1,\"name\":\"Portada\",\"item\":\"https:\/\/demoweb.info\/sexshop001\/\"},{\"@type\":\"ListItem\",\"position\":2,\"name\":\"Tienda\",\"item\":\"https:\/\/demoweb.info\/sexshop001\/tienda\/\"},{\"@type\":\"ListItem\",\"position\":3,\"name\":\"PLUG COLT XXXL CON BOMBA &#8211; NEGRO\"}]},{\"@type\":\"WebSite\",\"@id\":\"https:\/\/demoweb.info\/sexshop001\/#website\",\"url\":\"https:\/\/demoweb.info\/sexshop001\/\",\"name\":\"Tienda Er\u00f3tica\",\"description\":\"DEMOWEB SL\",\"potentialAction\":[{\"@type\":\"SearchAction\",\"target\":{\"@type\":\"EntryPoint\",\"urlTemplate\":\"https:\/\/demoweb.info\/sexshop001\/?s={search_term_string}\"},\"query-input\":\"required name=search_term_string\"}],\"inLanguage\":\"es\"}]}<\/script>\n<!-- \/ Yoast SEO plugin. -->","yoast_head_json":{"title":"PLUG COLT XXXL CON BOMBA - NEGRO - Tienda Er\u00f3tica","robots":{"index":"noindex","follow":"follow","max-snippet":"max-snippet:-1","max-image-preview":"max-image-preview:large","max-video-preview":"max-video-preview:-1"},"og_locale":"es_ES","og_type":"article","og_title":"PLUG COLT XXXL CON BOMBA - NEGRO - Tienda Er\u00f3tica","og_description":"COLT XXXL PUMPER PLUG Los pioneros del placer centrado en el hombre lo han vuelto a hacer con el tap\u00f3n","og_url":"https:\/\/demoweb.info\/sexshop001\/producto\/plug-colt-xxxl-con-bomba-negro\/","og_site_name":"Tienda Er\u00f3tica","og_image":[{"width":550,"height":550,"url":"https:\/\/demoweb.info\/sexshop001\/wp-content\/uploads\/2022\/01\/PLUG-COLT-XXXL-CON-BOMBA-NEGRO.jpg","type":"image\/jpeg"}],"twitter_card":"summary_large_image","twitter_misc":{"Tiempo de lectura":"1 minuto"},"schema":{"@context":"https:\/\/schema.org","@graph":[{"@type":"WebPage","@id":"https:\/\/demoweb.info\/sexshop001\/producto\/plug-colt-xxxl-con-bomba-negro\/","url":"https:\/\/demoweb.info\/sexshop001\/producto\/plug-colt-xxxl-con-bomba-negro\/","name":"PLUG COLT XXXL CON BOMBA - NEGRO - Tienda Er\u00f3tica","isPartOf":{"@id":"https:\/\/demoweb.info\/sexshop001\/#website"},"datePublished":"2022-01-22T10:00:44+00:00","dateModified":"2022-01-22T10:00:44+00:00","breadcrumb":{"@id":"https:\/\/demoweb.info\/sexshop001\/producto\/plug-colt-xxxl-con-bomba-negro\/#breadcrumb"},"inLanguage":"es","potentialAction":[{"@type":"ReadAction","target":["https:\/\/demoweb.info\/sexshop001\/producto\/plug-colt-xxxl-con-bomba-negro\/"]}]},{"@type":"BreadcrumbList","@id":"https:\/\/demoweb.info\/sexshop001\/producto\/plug-colt-xxxl-con-bomba-negro\/#breadcrumb","itemListElement":[{"@type":"ListItem","position":1,"name":"Portada","item":"https:\/\/demoweb.info\/sexshop001\/"},{"@type":"ListItem","position":2,"name":"Tienda","item":"https:\/\/demoweb.info\/sexshop001\/tienda\/"},{"@type":"ListItem","position":3,"name":"PLUG COLT XXXL CON BOMBA &#8211; NEGRO"}]},{"@type":"WebSite","@id":"https:\/\/demoweb.info\/sexshop001\/#website","url":"https:\/\/demoweb.info\/sexshop001\/","name":"Tienda Er\u00f3tica","description":"DEMOWEB SL","potentialAction":[{"@type":"SearchAction","target":{"@type":"EntryPoint","urlTemplate":"https:\/\/demoweb.info\/sexshop001\/?s={search_term_string}"},"query-input":"required name=search_term_string"}],"inLanguage":"es"}]}},"_links":{"self":[{"href":"https:\/\/demoweb.info\/sexshop001\/wp-json\/wp\/v3\/product\/19357","targetHints":{"allow":["GET"]}}],"collection":[{"href":"https:\/\/demoweb.info\/sexshop001\/wp-json\/wp\/v3\/product"}],"about":[{"href":"https:\/\/demoweb.info\/sexshop001\/wp-json\/wp\/v2\/types\/product"}],"replies":[{"embeddable":true,"href":"https:\/\/demoweb.info\/sexshop001\/wp-json\/wp\/v2\/comments?post=19357"}],"wp:featuredmedia":[{"embeddable":true,"href":"https:\/\/demoweb.info\/sexshop001\/wp-json\/wp\/v2\/media\/19358"}],"wp:attachment":[{"href":"https:\/\/demoweb.info\/sexshop001\/wp-json\/wp\/v2\/media?parent=19357"}],"wp:term":[{"taxonomy":"product_cat","embeddable":true,"href":"https:\/\/demoweb.info\/sexshop001\/wp-json\/wp\/v2\/product_cat?post=19357"},{"taxonomy":"product_tag","embeddable":true,"href":"https:\/\/demoweb.info\/sexshop001\/wp-json\/wp\/v2\/product_tag?post=19357"}],"curies":[{"name":"wp","href":"https:\/\/api.w.org\/{rel}","templated":true}]}}