{"id":19352,"date":"2022-01-22T11:00:11","date_gmt":"2022-01-22T10:00:11","guid":{"rendered":"https:\/\/demoweb.info\/sexshop001\/producto\/optimum-pussy-power-stroker-masturbador-vagina\/"},"modified":"2022-01-22T11:00:40","modified_gmt":"2022-01-22T10:00:40","slug":"optimum-pussy-power-stroker-masturbador-vagina","status":"publish","type":"product","link":"https:\/\/demoweb.info\/sexshop001\/producto\/optimum-pussy-power-stroker-masturbador-vagina\/","title":{"rendered":"OPTIMUM PUSSY POWER STROKER &#8211; MASTURBADOR VAGINA"},"content":{"rendered":"<p><strong>Optimum Pussy Power Stroker<\/strong><\/p>\n<p>Disfruta con el Optimum Power Pussy Power Stroker.<br \/>\nEste masturbador intenso de m\u00faltiples velocidades es f\u00e1cil de usar y gratificante. El stroker aut\u00f3nomo cuenta con una intensa acci\u00f3n de caricias y buenas vibraciones org\u00e1smicas. El Optimum Power Pussy Power Stroker est\u00e1 hecho de ABS duradero, transparente y libre de ftalatos.<br \/>\nTiene una funda TPR de textura acanalada SoftTouch.<\/p>\n<p>Se controla a trav\u00e9s del control en forma de bala alimentado por bater\u00eda, para la m\u00e1xima satisfacci\u00f3n de manos libres. La c\u00e1mara cil\u00edndrica est\u00e1 forrada con hileras dobles de perlas que acarician el pene.<br \/>\nPara experimentar el \u00e9xtasis definitivo, inserta el pene en el stroker y selecciona la velocidad de estimulaci\u00f3n preferida.<\/p>\n<p>Este masturbador es perfecto para usuarios nuevos y experimentados.<br \/>\nEl eje insertable mide un tama\u00f1o compacto de14 cm x 6 cm .<br \/>\nAntes y despu\u00e9s del uso, limpia el stroker con un spray limpiador de juguetes.<\/p>\n","protected":false},"excerpt":{"rendered":"<p>Optimum Pussy Power Stroker Disfruta con el Optimum Power Pussy Power Stroker. Este masturbador intenso de m\u00faltiples velocidades es f\u00e1cil<\/p>\n","protected":false},"featured_media":19353,"comment_status":"open","ping_status":"open","template":"","meta":[],"product_cat":[541],"product_tag":[660,963],"class_list":["post-19352","product","type-product","status-publish","has-post-thumbnail","hentry","product_cat-vaginas","product_tag-calexotics","product_tag-optimum-power"],"bundled_by":[],"bundle_stock_status":"instock","bundle_stock_quantity":1,"bundle_virtual":false,"bundle_layout":"","bundle_add_to_cart_form_location":"","bundle_editable_in_cart":false,"bundle_sold_individually_context":"","bundle_item_grouping":"","bundle_min_size":"","bundle_max_size":"","bundled_items":[],"yoast_head":"<!-- This site is optimized with the Yoast SEO plugin v20.6 - https:\/\/yoast.com\/wordpress\/plugins\/seo\/ -->\n<title>OPTIMUM PUSSY POWER STROKER - MASTURBADOR VAGINA - Tienda Er\u00f3tica<\/title>\n<meta name=\"robots\" content=\"noindex, follow, max-snippet:-1, max-image-preview:large, max-video-preview:-1\" \/>\n<meta property=\"og:locale\" content=\"es_ES\" \/>\n<meta property=\"og:type\" content=\"article\" \/>\n<meta property=\"og:title\" content=\"OPTIMUM PUSSY POWER STROKER - MASTURBADOR VAGINA - Tienda Er\u00f3tica\" \/>\n<meta property=\"og:description\" content=\"Optimum Pussy Power Stroker Disfruta con el Optimum Power Pussy Power Stroker. Este masturbador intenso de m\u00faltiples velocidades es f\u00e1cil\" \/>\n<meta property=\"og:url\" content=\"https:\/\/demoweb.info\/sexshop001\/producto\/optimum-pussy-power-stroker-masturbador-vagina\/\" \/>\n<meta property=\"og:site_name\" content=\"Tienda Er\u00f3tica\" \/>\n<meta property=\"article:modified_time\" content=\"2022-01-22T10:00:40+00:00\" \/>\n<meta property=\"og:image\" content=\"https:\/\/demoweb.info\/sexshop001\/wp-content\/uploads\/2022\/01\/OPTIMUM-PUSSY-POWER-STROKER-MASTURBADOR-VAGINA.jpg\" \/>\n\t<meta property=\"og:image:width\" content=\"550\" \/>\n\t<meta property=\"og:image:height\" content=\"550\" \/>\n\t<meta property=\"og:image:type\" content=\"image\/jpeg\" \/>\n<meta name=\"twitter:card\" content=\"summary_large_image\" \/>\n<meta name=\"twitter:label1\" content=\"Tiempo de lectura\" \/>\n\t<meta name=\"twitter:data1\" content=\"1 minuto\" \/>\n<script type=\"application\/ld+json\" class=\"yoast-schema-graph\">{\"@context\":\"https:\/\/schema.org\",\"@graph\":[{\"@type\":\"WebPage\",\"@id\":\"https:\/\/demoweb.info\/sexshop001\/producto\/optimum-pussy-power-stroker-masturbador-vagina\/\",\"url\":\"https:\/\/demoweb.info\/sexshop001\/producto\/optimum-pussy-power-stroker-masturbador-vagina\/\",\"name\":\"OPTIMUM PUSSY POWER STROKER - MASTURBADOR VAGINA - Tienda Er\u00f3tica\",\"isPartOf\":{\"@id\":\"https:\/\/demoweb.info\/sexshop001\/#website\"},\"datePublished\":\"2022-01-22T10:00:11+00:00\",\"dateModified\":\"2022-01-22T10:00:40+00:00\",\"breadcrumb\":{\"@id\":\"https:\/\/demoweb.info\/sexshop001\/producto\/optimum-pussy-power-stroker-masturbador-vagina\/#breadcrumb\"},\"inLanguage\":\"es\",\"potentialAction\":[{\"@type\":\"ReadAction\",\"target\":[\"https:\/\/demoweb.info\/sexshop001\/producto\/optimum-pussy-power-stroker-masturbador-vagina\/\"]}]},{\"@type\":\"BreadcrumbList\",\"@id\":\"https:\/\/demoweb.info\/sexshop001\/producto\/optimum-pussy-power-stroker-masturbador-vagina\/#breadcrumb\",\"itemListElement\":[{\"@type\":\"ListItem\",\"position\":1,\"name\":\"Portada\",\"item\":\"https:\/\/demoweb.info\/sexshop001\/\"},{\"@type\":\"ListItem\",\"position\":2,\"name\":\"Tienda\",\"item\":\"https:\/\/demoweb.info\/sexshop001\/tienda\/\"},{\"@type\":\"ListItem\",\"position\":3,\"name\":\"OPTIMUM PUSSY POWER STROKER &#8211; MASTURBADOR VAGINA\"}]},{\"@type\":\"WebSite\",\"@id\":\"https:\/\/demoweb.info\/sexshop001\/#website\",\"url\":\"https:\/\/demoweb.info\/sexshop001\/\",\"name\":\"Tienda Er\u00f3tica\",\"description\":\"DEMOWEB SL\",\"potentialAction\":[{\"@type\":\"SearchAction\",\"target\":{\"@type\":\"EntryPoint\",\"urlTemplate\":\"https:\/\/demoweb.info\/sexshop001\/?s={search_term_string}\"},\"query-input\":\"required name=search_term_string\"}],\"inLanguage\":\"es\"}]}<\/script>\n<!-- \/ Yoast SEO plugin. -->","yoast_head_json":{"title":"OPTIMUM PUSSY POWER STROKER - MASTURBADOR VAGINA - Tienda Er\u00f3tica","robots":{"index":"noindex","follow":"follow","max-snippet":"max-snippet:-1","max-image-preview":"max-image-preview:large","max-video-preview":"max-video-preview:-1"},"og_locale":"es_ES","og_type":"article","og_title":"OPTIMUM PUSSY POWER STROKER - MASTURBADOR VAGINA - Tienda Er\u00f3tica","og_description":"Optimum Pussy Power Stroker Disfruta con el Optimum Power Pussy Power Stroker. Este masturbador intenso de m\u00faltiples velocidades es f\u00e1cil","og_url":"https:\/\/demoweb.info\/sexshop001\/producto\/optimum-pussy-power-stroker-masturbador-vagina\/","og_site_name":"Tienda Er\u00f3tica","article_modified_time":"2022-01-22T10:00:40+00:00","og_image":[{"width":550,"height":550,"url":"https:\/\/demoweb.info\/sexshop001\/wp-content\/uploads\/2022\/01\/OPTIMUM-PUSSY-POWER-STROKER-MASTURBADOR-VAGINA.jpg","type":"image\/jpeg"}],"twitter_card":"summary_large_image","twitter_misc":{"Tiempo de lectura":"1 minuto"},"schema":{"@context":"https:\/\/schema.org","@graph":[{"@type":"WebPage","@id":"https:\/\/demoweb.info\/sexshop001\/producto\/optimum-pussy-power-stroker-masturbador-vagina\/","url":"https:\/\/demoweb.info\/sexshop001\/producto\/optimum-pussy-power-stroker-masturbador-vagina\/","name":"OPTIMUM PUSSY POWER STROKER - MASTURBADOR VAGINA - Tienda Er\u00f3tica","isPartOf":{"@id":"https:\/\/demoweb.info\/sexshop001\/#website"},"datePublished":"2022-01-22T10:00:11+00:00","dateModified":"2022-01-22T10:00:40+00:00","breadcrumb":{"@id":"https:\/\/demoweb.info\/sexshop001\/producto\/optimum-pussy-power-stroker-masturbador-vagina\/#breadcrumb"},"inLanguage":"es","potentialAction":[{"@type":"ReadAction","target":["https:\/\/demoweb.info\/sexshop001\/producto\/optimum-pussy-power-stroker-masturbador-vagina\/"]}]},{"@type":"BreadcrumbList","@id":"https:\/\/demoweb.info\/sexshop001\/producto\/optimum-pussy-power-stroker-masturbador-vagina\/#breadcrumb","itemListElement":[{"@type":"ListItem","position":1,"name":"Portada","item":"https:\/\/demoweb.info\/sexshop001\/"},{"@type":"ListItem","position":2,"name":"Tienda","item":"https:\/\/demoweb.info\/sexshop001\/tienda\/"},{"@type":"ListItem","position":3,"name":"OPTIMUM PUSSY POWER STROKER &#8211; MASTURBADOR VAGINA"}]},{"@type":"WebSite","@id":"https:\/\/demoweb.info\/sexshop001\/#website","url":"https:\/\/demoweb.info\/sexshop001\/","name":"Tienda Er\u00f3tica","description":"DEMOWEB SL","potentialAction":[{"@type":"SearchAction","target":{"@type":"EntryPoint","urlTemplate":"https:\/\/demoweb.info\/sexshop001\/?s={search_term_string}"},"query-input":"required name=search_term_string"}],"inLanguage":"es"}]}},"_links":{"self":[{"href":"https:\/\/demoweb.info\/sexshop001\/wp-json\/wp\/v3\/product\/19352","targetHints":{"allow":["GET"]}}],"collection":[{"href":"https:\/\/demoweb.info\/sexshop001\/wp-json\/wp\/v3\/product"}],"about":[{"href":"https:\/\/demoweb.info\/sexshop001\/wp-json\/wp\/v2\/types\/product"}],"replies":[{"embeddable":true,"href":"https:\/\/demoweb.info\/sexshop001\/wp-json\/wp\/v2\/comments?post=19352"}],"wp:featuredmedia":[{"embeddable":true,"href":"https:\/\/demoweb.info\/sexshop001\/wp-json\/wp\/v2\/media\/19353"}],"wp:attachment":[{"href":"https:\/\/demoweb.info\/sexshop001\/wp-json\/wp\/v2\/media?parent=19352"}],"wp:term":[{"taxonomy":"product_cat","embeddable":true,"href":"https:\/\/demoweb.info\/sexshop001\/wp-json\/wp\/v2\/product_cat?post=19352"},{"taxonomy":"product_tag","embeddable":true,"href":"https:\/\/demoweb.info\/sexshop001\/wp-json\/wp\/v2\/product_tag?post=19352"}],"curies":[{"name":"wp","href":"https:\/\/api.w.org\/{rel}","templated":true}]}}