{"id":19333,"date":"2022-01-22T11:00:11","date_gmt":"2022-01-22T10:00:11","guid":{"rendered":"https:\/\/demoweb.info\/sexshop001\/producto\/recambio-funda-para-desarrollador-silicona-azul\/"},"modified":"2022-01-22T11:00:32","modified_gmt":"2022-01-22T10:00:32","slug":"recambio-funda-para-desarrollador-silicona-azul","status":"publish","type":"product","link":"https:\/\/demoweb.info\/sexshop001\/producto\/recambio-funda-para-desarrollador-silicona-azul\/","title":{"rendered":"RECAMBIO FUNDA PARA DESARROLLADOR SILICONA &#8211; AZUL"},"content":{"rendered":"<p><strong>ADV SILICONE PUMP SLEEVE<\/strong><\/p>\n<p>Disfruta de una experiencia de bombeo con extrema comodidad y protecci\u00f3n y agrega la funda de silicona avanzada a tu bomba favorita.<\/p>\n<p>Esta funda flexible, el\u00e1stica y protectora elimina la inc\u00f3moda succi\u00f3n para una experiencia totalmente lujosa. Las bombas de pene funcionan mediante succi\u00f3n para crear un sello herm\u00e9tico alrededor de tu pene. El bombeo conduce a una mayor presi\u00f3n y flujo sangu\u00edneo; a corto plazo, esto resulta en erecciones que son m\u00e1s dif\u00edciles que nunca. A largo plazo, el bombeo fomenta el crecimiento tanto en longitud como en ancho para que puedas impresionar a tus amantes y aumentar tu confianza en el dormitorio.<\/p>\n<p>Este manguito de la bomba se adapta a cilindros que miden hasta 7.5 cent\u00edmetros de di\u00e1metro. La funda est\u00e1 hecha de silicona premium de alta calidad para brindarte la c\u00f3moda experiencia de succi\u00f3n que deseabas.<\/p>\n<p>Simplemente desl\u00edzala en la base del cilindro de tu dispositivo favorito para mayor comodidad y protecci\u00f3n. La silicona pura proporciona el \u00faltimo anillo el\u00e1stico y duradero para adaptarse a una variedad de tama\u00f1os de cilindros. Esta funda universal es segura para el cuerpo y sin perfume para tu tranquilidad y lleva tu sesi\u00f3n de bombeo a nuevos niveles de placer.<\/p>\n<p>Caracter\u00edsticas:<\/p>\n<ul>\n<li>Medidas: 7,5 x 3,25 cm<\/li>\n<li>Material: Silicona<\/li>\n<\/ul>\n","protected":false},"excerpt":{"rendered":"<p>ADV SILICONE PUMP SLEEVE Disfruta de una experiencia de bombeo con extrema comodidad y protecci\u00f3n y agrega la funda de<\/p>\n","protected":false},"featured_media":19334,"comment_status":"open","ping_status":"open","template":"","meta":[],"product_cat":[962],"product_tag":[660,961],"class_list":["post-19333","product","type-product","status-publish","has-post-thumbnail","hentry","product_cat-accesorios-desarrolladores","product_tag-calexotics","product_tag-optimum-series"],"bundled_by":[],"bundle_stock_status":"instock","bundle_stock_quantity":1,"bundle_virtual":false,"bundle_layout":"","bundle_add_to_cart_form_location":"","bundle_editable_in_cart":false,"bundle_sold_individually_context":"","bundle_item_grouping":"","bundle_min_size":"","bundle_max_size":"","bundled_items":[],"yoast_head":"<!-- This site is optimized with the Yoast SEO plugin v20.6 - https:\/\/yoast.com\/wordpress\/plugins\/seo\/ -->\n<title>RECAMBIO FUNDA PARA DESARROLLADOR SILICONA - AZUL - Tienda Er\u00f3tica<\/title>\n<meta name=\"robots\" content=\"noindex, follow, max-snippet:-1, max-image-preview:large, max-video-preview:-1\" \/>\n<meta property=\"og:locale\" content=\"es_ES\" \/>\n<meta property=\"og:type\" content=\"article\" \/>\n<meta property=\"og:title\" content=\"RECAMBIO FUNDA PARA DESARROLLADOR SILICONA - AZUL - Tienda Er\u00f3tica\" \/>\n<meta property=\"og:description\" content=\"ADV SILICONE PUMP SLEEVE Disfruta de una experiencia de bombeo con extrema comodidad y protecci\u00f3n y agrega la funda de\" \/>\n<meta property=\"og:url\" content=\"https:\/\/demoweb.info\/sexshop001\/producto\/recambio-funda-para-desarrollador-silicona-azul\/\" \/>\n<meta property=\"og:site_name\" content=\"Tienda Er\u00f3tica\" \/>\n<meta property=\"article:modified_time\" content=\"2022-01-22T10:00:32+00:00\" \/>\n<meta property=\"og:image\" content=\"https:\/\/demoweb.info\/sexshop001\/wp-content\/uploads\/2022\/01\/RECAMBIO-FUNDA-PARA-DESARROLLADOR-SILICONA-AZUL.jpg\" \/>\n\t<meta property=\"og:image:width\" content=\"550\" \/>\n\t<meta property=\"og:image:height\" content=\"550\" \/>\n\t<meta property=\"og:image:type\" content=\"image\/jpeg\" \/>\n<meta name=\"twitter:card\" content=\"summary_large_image\" \/>\n<meta name=\"twitter:label1\" content=\"Tiempo de lectura\" \/>\n\t<meta name=\"twitter:data1\" content=\"1 minuto\" \/>\n<script type=\"application\/ld+json\" class=\"yoast-schema-graph\">{\"@context\":\"https:\/\/schema.org\",\"@graph\":[{\"@type\":\"WebPage\",\"@id\":\"https:\/\/demoweb.info\/sexshop001\/producto\/recambio-funda-para-desarrollador-silicona-azul\/\",\"url\":\"https:\/\/demoweb.info\/sexshop001\/producto\/recambio-funda-para-desarrollador-silicona-azul\/\",\"name\":\"RECAMBIO FUNDA PARA DESARROLLADOR SILICONA - AZUL - Tienda Er\u00f3tica\",\"isPartOf\":{\"@id\":\"https:\/\/demoweb.info\/sexshop001\/#website\"},\"datePublished\":\"2022-01-22T10:00:11+00:00\",\"dateModified\":\"2022-01-22T10:00:32+00:00\",\"breadcrumb\":{\"@id\":\"https:\/\/demoweb.info\/sexshop001\/producto\/recambio-funda-para-desarrollador-silicona-azul\/#breadcrumb\"},\"inLanguage\":\"es\",\"potentialAction\":[{\"@type\":\"ReadAction\",\"target\":[\"https:\/\/demoweb.info\/sexshop001\/producto\/recambio-funda-para-desarrollador-silicona-azul\/\"]}]},{\"@type\":\"BreadcrumbList\",\"@id\":\"https:\/\/demoweb.info\/sexshop001\/producto\/recambio-funda-para-desarrollador-silicona-azul\/#breadcrumb\",\"itemListElement\":[{\"@type\":\"ListItem\",\"position\":1,\"name\":\"Portada\",\"item\":\"https:\/\/demoweb.info\/sexshop001\/\"},{\"@type\":\"ListItem\",\"position\":2,\"name\":\"Tienda\",\"item\":\"https:\/\/demoweb.info\/sexshop001\/tienda\/\"},{\"@type\":\"ListItem\",\"position\":3,\"name\":\"RECAMBIO FUNDA PARA DESARROLLADOR SILICONA &#8211; AZUL\"}]},{\"@type\":\"WebSite\",\"@id\":\"https:\/\/demoweb.info\/sexshop001\/#website\",\"url\":\"https:\/\/demoweb.info\/sexshop001\/\",\"name\":\"Tienda Er\u00f3tica\",\"description\":\"DEMOWEB SL\",\"potentialAction\":[{\"@type\":\"SearchAction\",\"target\":{\"@type\":\"EntryPoint\",\"urlTemplate\":\"https:\/\/demoweb.info\/sexshop001\/?s={search_term_string}\"},\"query-input\":\"required name=search_term_string\"}],\"inLanguage\":\"es\"}]}<\/script>\n<!-- \/ Yoast SEO plugin. -->","yoast_head_json":{"title":"RECAMBIO FUNDA PARA DESARROLLADOR SILICONA - AZUL - Tienda Er\u00f3tica","robots":{"index":"noindex","follow":"follow","max-snippet":"max-snippet:-1","max-image-preview":"max-image-preview:large","max-video-preview":"max-video-preview:-1"},"og_locale":"es_ES","og_type":"article","og_title":"RECAMBIO FUNDA PARA DESARROLLADOR SILICONA - AZUL - Tienda Er\u00f3tica","og_description":"ADV SILICONE PUMP SLEEVE Disfruta de una experiencia de bombeo con extrema comodidad y protecci\u00f3n y agrega la funda de","og_url":"https:\/\/demoweb.info\/sexshop001\/producto\/recambio-funda-para-desarrollador-silicona-azul\/","og_site_name":"Tienda Er\u00f3tica","article_modified_time":"2022-01-22T10:00:32+00:00","og_image":[{"width":550,"height":550,"url":"https:\/\/demoweb.info\/sexshop001\/wp-content\/uploads\/2022\/01\/RECAMBIO-FUNDA-PARA-DESARROLLADOR-SILICONA-AZUL.jpg","type":"image\/jpeg"}],"twitter_card":"summary_large_image","twitter_misc":{"Tiempo de lectura":"1 minuto"},"schema":{"@context":"https:\/\/schema.org","@graph":[{"@type":"WebPage","@id":"https:\/\/demoweb.info\/sexshop001\/producto\/recambio-funda-para-desarrollador-silicona-azul\/","url":"https:\/\/demoweb.info\/sexshop001\/producto\/recambio-funda-para-desarrollador-silicona-azul\/","name":"RECAMBIO FUNDA PARA DESARROLLADOR SILICONA - AZUL - Tienda Er\u00f3tica","isPartOf":{"@id":"https:\/\/demoweb.info\/sexshop001\/#website"},"datePublished":"2022-01-22T10:00:11+00:00","dateModified":"2022-01-22T10:00:32+00:00","breadcrumb":{"@id":"https:\/\/demoweb.info\/sexshop001\/producto\/recambio-funda-para-desarrollador-silicona-azul\/#breadcrumb"},"inLanguage":"es","potentialAction":[{"@type":"ReadAction","target":["https:\/\/demoweb.info\/sexshop001\/producto\/recambio-funda-para-desarrollador-silicona-azul\/"]}]},{"@type":"BreadcrumbList","@id":"https:\/\/demoweb.info\/sexshop001\/producto\/recambio-funda-para-desarrollador-silicona-azul\/#breadcrumb","itemListElement":[{"@type":"ListItem","position":1,"name":"Portada","item":"https:\/\/demoweb.info\/sexshop001\/"},{"@type":"ListItem","position":2,"name":"Tienda","item":"https:\/\/demoweb.info\/sexshop001\/tienda\/"},{"@type":"ListItem","position":3,"name":"RECAMBIO FUNDA PARA DESARROLLADOR SILICONA &#8211; AZUL"}]},{"@type":"WebSite","@id":"https:\/\/demoweb.info\/sexshop001\/#website","url":"https:\/\/demoweb.info\/sexshop001\/","name":"Tienda Er\u00f3tica","description":"DEMOWEB SL","potentialAction":[{"@type":"SearchAction","target":{"@type":"EntryPoint","urlTemplate":"https:\/\/demoweb.info\/sexshop001\/?s={search_term_string}"},"query-input":"required name=search_term_string"}],"inLanguage":"es"}]}},"_links":{"self":[{"href":"https:\/\/demoweb.info\/sexshop001\/wp-json\/wp\/v3\/product\/19333","targetHints":{"allow":["GET"]}}],"collection":[{"href":"https:\/\/demoweb.info\/sexshop001\/wp-json\/wp\/v3\/product"}],"about":[{"href":"https:\/\/demoweb.info\/sexshop001\/wp-json\/wp\/v2\/types\/product"}],"replies":[{"embeddable":true,"href":"https:\/\/demoweb.info\/sexshop001\/wp-json\/wp\/v2\/comments?post=19333"}],"wp:featuredmedia":[{"embeddable":true,"href":"https:\/\/demoweb.info\/sexshop001\/wp-json\/wp\/v2\/media\/19334"}],"wp:attachment":[{"href":"https:\/\/demoweb.info\/sexshop001\/wp-json\/wp\/v2\/media?parent=19333"}],"wp:term":[{"taxonomy":"product_cat","embeddable":true,"href":"https:\/\/demoweb.info\/sexshop001\/wp-json\/wp\/v2\/product_cat?post=19333"},{"taxonomy":"product_tag","embeddable":true,"href":"https:\/\/demoweb.info\/sexshop001\/wp-json\/wp\/v2\/product_tag?post=19333"}],"curies":[{"name":"wp","href":"https:\/\/api.w.org\/{rel}","templated":true}]}}