{"id":19328,"date":"2022-01-22T11:00:11","date_gmt":"2022-01-22T10:00:11","guid":{"rendered":"https:\/\/demoweb.info\/sexshop001\/producto\/vibrating-oro-simulator-vibrador-boca\/"},"modified":"2022-01-22T11:00:29","modified_gmt":"2022-01-22T10:00:29","slug":"vibrating-oro-simulator-vibrador-boca","status":"publish","type":"product","link":"https:\/\/demoweb.info\/sexshop001\/producto\/vibrating-oro-simulator-vibrador-boca\/","title":{"rendered":"VIBRATING ORO SIMULATOR &#8211; VIBRADOR BOCA"},"content":{"rendered":"<p>Masajee y estimula tu camino hacia la m\u00e1xima satisfacci\u00f3n org\u00e1smica con el simulador Vibrating Oro.<br \/>\nDise\u00f1ado para sentirlo como una mamada real, el masturbador vibratorio de m\u00faltiples velocidades es f\u00e1cil de usar y es el compa\u00f1ero perfecto para la seducci\u00f3n \u00edntima.<\/p>\n<p>La herramienta de placer compacta funciona con bater\u00eda para sensaciones incre\u00edbles. Inserta 2 pilas AA dentro del controlador y estar\u00e1 listo para su uso.<br \/>\nEl Vibrador Oro Simulator se compone de una funda de PVC sin ftalato, suave y lisa, sin perfume, y un controlador de mano f\u00e1cil de usar. Su abertura de 8,89 x 5,08 cm y es perfecta para el juego er\u00f3tico experimental en solitario.<br \/>\nDesl\u00edzate en la manga del masturbador y selecciona tu velocidad de seducci\u00f3n preferida.<\/p>\n<p>Antes y despu\u00e9s de cada uso, limpia siempre la funda del simulador con un spray limpiador de juguetes y mantenlo alejado del agua.<\/p>\n<p>\n<strong>CARACTERISTICAS:<\/strong><\/p>\n<table>\n<tbody>\n<tr>\n<td>Longitud total<\/td>\n<td>3.5 x 2 &#8211; 9cm x 5cm<\/td>\n<\/tr>\n<tr>\n<td>Material<\/td>\n<td>PVC Plastic<\/td>\n<\/tr>\n<tr>\n<td>Bater\u00edas requeridas<\/td>\n<td>AA<\/td>\n<\/tr>\n<tr>\n<td>Cantidad de la bater\u00eda<\/td>\n<td>2<\/td>\n<\/tr>\n<tr>\n<td>Baterias incluidas<\/td>\n<td>No<\/td>\n<\/tr>\n<\/tbody>\n<\/table>\n","protected":false},"excerpt":{"rendered":"<p>Masajee y estimula tu camino hacia la m\u00e1xima satisfacci\u00f3n org\u00e1smica con el simulador Vibrating Oro. Dise\u00f1ado para sentirlo como una<\/p>\n","protected":false},"featured_media":19329,"comment_status":"open","ping_status":"open","template":"","meta":[],"product_cat":[364],"product_tag":[660,961],"class_list":["post-19328","product","type-product","status-publish","has-post-thumbnail","hentry","product_cat-con-vibracion","product_tag-calexotics","product_tag-optimum-series"],"bundled_by":[],"bundle_stock_status":"instock","bundle_stock_quantity":2,"bundle_virtual":false,"bundle_layout":"","bundle_add_to_cart_form_location":"","bundle_editable_in_cart":false,"bundle_sold_individually_context":"","bundle_item_grouping":"","bundle_min_size":"","bundle_max_size":"","bundled_items":[],"yoast_head":"<!-- This site is optimized with the Yoast SEO plugin v20.6 - https:\/\/yoast.com\/wordpress\/plugins\/seo\/ -->\n<title>VIBRATING ORO SIMULATOR - VIBRADOR BOCA - Tienda Er\u00f3tica<\/title>\n<meta name=\"robots\" content=\"noindex, follow, max-snippet:-1, max-image-preview:large, max-video-preview:-1\" \/>\n<meta property=\"og:locale\" content=\"es_ES\" \/>\n<meta property=\"og:type\" content=\"article\" \/>\n<meta property=\"og:title\" content=\"VIBRATING ORO SIMULATOR - VIBRADOR BOCA - Tienda Er\u00f3tica\" \/>\n<meta property=\"og:description\" content=\"Masajee y estimula tu camino hacia la m\u00e1xima satisfacci\u00f3n org\u00e1smica con el simulador Vibrating Oro. Dise\u00f1ado para sentirlo como una\" \/>\n<meta property=\"og:url\" content=\"https:\/\/demoweb.info\/sexshop001\/producto\/vibrating-oro-simulator-vibrador-boca\/\" \/>\n<meta property=\"og:site_name\" content=\"Tienda Er\u00f3tica\" \/>\n<meta property=\"article:modified_time\" content=\"2022-01-22T10:00:29+00:00\" \/>\n<meta property=\"og:image\" content=\"https:\/\/demoweb.info\/sexshop001\/wp-content\/uploads\/2022\/01\/VIBRATING-ORO-SIMULATOR-VIBRADOR-BOCA.jpg\" \/>\n\t<meta property=\"og:image:width\" content=\"550\" \/>\n\t<meta property=\"og:image:height\" content=\"550\" \/>\n\t<meta property=\"og:image:type\" content=\"image\/jpeg\" \/>\n<meta name=\"twitter:card\" content=\"summary_large_image\" \/>\n<meta name=\"twitter:label1\" content=\"Tiempo de lectura\" \/>\n\t<meta name=\"twitter:data1\" content=\"1 minuto\" \/>\n<script type=\"application\/ld+json\" class=\"yoast-schema-graph\">{\"@context\":\"https:\/\/schema.org\",\"@graph\":[{\"@type\":\"WebPage\",\"@id\":\"https:\/\/demoweb.info\/sexshop001\/producto\/vibrating-oro-simulator-vibrador-boca\/\",\"url\":\"https:\/\/demoweb.info\/sexshop001\/producto\/vibrating-oro-simulator-vibrador-boca\/\",\"name\":\"VIBRATING ORO SIMULATOR - VIBRADOR BOCA - Tienda Er\u00f3tica\",\"isPartOf\":{\"@id\":\"https:\/\/demoweb.info\/sexshop001\/#website\"},\"datePublished\":\"2022-01-22T10:00:11+00:00\",\"dateModified\":\"2022-01-22T10:00:29+00:00\",\"breadcrumb\":{\"@id\":\"https:\/\/demoweb.info\/sexshop001\/producto\/vibrating-oro-simulator-vibrador-boca\/#breadcrumb\"},\"inLanguage\":\"es\",\"potentialAction\":[{\"@type\":\"ReadAction\",\"target\":[\"https:\/\/demoweb.info\/sexshop001\/producto\/vibrating-oro-simulator-vibrador-boca\/\"]}]},{\"@type\":\"BreadcrumbList\",\"@id\":\"https:\/\/demoweb.info\/sexshop001\/producto\/vibrating-oro-simulator-vibrador-boca\/#breadcrumb\",\"itemListElement\":[{\"@type\":\"ListItem\",\"position\":1,\"name\":\"Portada\",\"item\":\"https:\/\/demoweb.info\/sexshop001\/\"},{\"@type\":\"ListItem\",\"position\":2,\"name\":\"Tienda\",\"item\":\"https:\/\/demoweb.info\/sexshop001\/tienda\/\"},{\"@type\":\"ListItem\",\"position\":3,\"name\":\"VIBRATING ORO SIMULATOR &#8211; VIBRADOR BOCA\"}]},{\"@type\":\"WebSite\",\"@id\":\"https:\/\/demoweb.info\/sexshop001\/#website\",\"url\":\"https:\/\/demoweb.info\/sexshop001\/\",\"name\":\"Tienda Er\u00f3tica\",\"description\":\"DEMOWEB SL\",\"potentialAction\":[{\"@type\":\"SearchAction\",\"target\":{\"@type\":\"EntryPoint\",\"urlTemplate\":\"https:\/\/demoweb.info\/sexshop001\/?s={search_term_string}\"},\"query-input\":\"required name=search_term_string\"}],\"inLanguage\":\"es\"}]}<\/script>\n<!-- \/ Yoast SEO plugin. -->","yoast_head_json":{"title":"VIBRATING ORO SIMULATOR - VIBRADOR BOCA - Tienda Er\u00f3tica","robots":{"index":"noindex","follow":"follow","max-snippet":"max-snippet:-1","max-image-preview":"max-image-preview:large","max-video-preview":"max-video-preview:-1"},"og_locale":"es_ES","og_type":"article","og_title":"VIBRATING ORO SIMULATOR - VIBRADOR BOCA - Tienda Er\u00f3tica","og_description":"Masajee y estimula tu camino hacia la m\u00e1xima satisfacci\u00f3n org\u00e1smica con el simulador Vibrating Oro. Dise\u00f1ado para sentirlo como una","og_url":"https:\/\/demoweb.info\/sexshop001\/producto\/vibrating-oro-simulator-vibrador-boca\/","og_site_name":"Tienda Er\u00f3tica","article_modified_time":"2022-01-22T10:00:29+00:00","og_image":[{"width":550,"height":550,"url":"https:\/\/demoweb.info\/sexshop001\/wp-content\/uploads\/2022\/01\/VIBRATING-ORO-SIMULATOR-VIBRADOR-BOCA.jpg","type":"image\/jpeg"}],"twitter_card":"summary_large_image","twitter_misc":{"Tiempo de lectura":"1 minuto"},"schema":{"@context":"https:\/\/schema.org","@graph":[{"@type":"WebPage","@id":"https:\/\/demoweb.info\/sexshop001\/producto\/vibrating-oro-simulator-vibrador-boca\/","url":"https:\/\/demoweb.info\/sexshop001\/producto\/vibrating-oro-simulator-vibrador-boca\/","name":"VIBRATING ORO SIMULATOR - VIBRADOR BOCA - Tienda Er\u00f3tica","isPartOf":{"@id":"https:\/\/demoweb.info\/sexshop001\/#website"},"datePublished":"2022-01-22T10:00:11+00:00","dateModified":"2022-01-22T10:00:29+00:00","breadcrumb":{"@id":"https:\/\/demoweb.info\/sexshop001\/producto\/vibrating-oro-simulator-vibrador-boca\/#breadcrumb"},"inLanguage":"es","potentialAction":[{"@type":"ReadAction","target":["https:\/\/demoweb.info\/sexshop001\/producto\/vibrating-oro-simulator-vibrador-boca\/"]}]},{"@type":"BreadcrumbList","@id":"https:\/\/demoweb.info\/sexshop001\/producto\/vibrating-oro-simulator-vibrador-boca\/#breadcrumb","itemListElement":[{"@type":"ListItem","position":1,"name":"Portada","item":"https:\/\/demoweb.info\/sexshop001\/"},{"@type":"ListItem","position":2,"name":"Tienda","item":"https:\/\/demoweb.info\/sexshop001\/tienda\/"},{"@type":"ListItem","position":3,"name":"VIBRATING ORO SIMULATOR &#8211; VIBRADOR BOCA"}]},{"@type":"WebSite","@id":"https:\/\/demoweb.info\/sexshop001\/#website","url":"https:\/\/demoweb.info\/sexshop001\/","name":"Tienda Er\u00f3tica","description":"DEMOWEB SL","potentialAction":[{"@type":"SearchAction","target":{"@type":"EntryPoint","urlTemplate":"https:\/\/demoweb.info\/sexshop001\/?s={search_term_string}"},"query-input":"required name=search_term_string"}],"inLanguage":"es"}]}},"_links":{"self":[{"href":"https:\/\/demoweb.info\/sexshop001\/wp-json\/wp\/v3\/product\/19328","targetHints":{"allow":["GET"]}}],"collection":[{"href":"https:\/\/demoweb.info\/sexshop001\/wp-json\/wp\/v3\/product"}],"about":[{"href":"https:\/\/demoweb.info\/sexshop001\/wp-json\/wp\/v2\/types\/product"}],"replies":[{"embeddable":true,"href":"https:\/\/demoweb.info\/sexshop001\/wp-json\/wp\/v2\/comments?post=19328"}],"wp:featuredmedia":[{"embeddable":true,"href":"https:\/\/demoweb.info\/sexshop001\/wp-json\/wp\/v2\/media\/19329"}],"wp:attachment":[{"href":"https:\/\/demoweb.info\/sexshop001\/wp-json\/wp\/v2\/media?parent=19328"}],"wp:term":[{"taxonomy":"product_cat","embeddable":true,"href":"https:\/\/demoweb.info\/sexshop001\/wp-json\/wp\/v2\/product_cat?post=19328"},{"taxonomy":"product_tag","embeddable":true,"href":"https:\/\/demoweb.info\/sexshop001\/wp-json\/wp\/v2\/product_tag?post=19328"}],"curies":[{"name":"wp","href":"https:\/\/api.w.org\/{rel}","templated":true}]}}