{"id":19317,"date":"2022-01-22T11:00:11","date_gmt":"2022-01-22T10:00:11","guid":{"rendered":"https:\/\/demoweb.info\/sexshop001\/producto\/power-stud-rod-vibrador-morado\/"},"modified":"2022-01-22T11:00:25","modified_gmt":"2022-01-22T10:00:25","slug":"power-stud-rod-vibrador-morado","status":"publish","type":"product","link":"https:\/\/demoweb.info\/sexshop001\/producto\/power-stud-rod-vibrador-morado\/","title":{"rendered":"POWER STUD ROD &#8211; VIBRADOR MORADO"},"content":{"rendered":"<p><strong>POWER STUD ROD<\/strong><\/p>\n<p>Power Stud te har\u00e1 gemir de incre\u00edble placer en poco tiempo. El vibrador presenta dise\u00f1os tradicionales con un toque contempor\u00e1neo que hace que su nuevo juguete sea incre\u00edble. Este jueguete impermeable Power Stud est\u00e1 equipado con 17,78 CM de longitud y 3,81 CM de circunferencia para llegar con facilidad a tu punto G.<\/p>\n<p>Su cabeza realista masajea tu punto G mientras que las crestas elevadas del eje proporcionan una textura completa para llevar cada centimentro de ti a sensaciones incre\u00edbles. El vibrador contiene 3 velocidades de vibraci\u00f3n para proporcionar placer con la intensidad que deseas.<\/p>\n<p>T\u00f3mate las cosas con calma y dulzura para sumergirte en intensas olas de vibrante placer. El vibrador requiere solo de 2 pilas AA para comenzar. Luego, usa su simple bot\u00f3n de control para comenzar a vibrar y recorrer las 3 intensas velocidades de vibraci\u00f3n del estimulador dentro o fuera del agua.<\/p>\n<h4><a href=&quot;https:\/\/www.scala-nl.com\/catalog\/item\/12563#collapse_11&quot;>ESPECIFICACIONES<\/a><\/h4>\n<table>\n<tbody>\n<tr>\n<td>Longitud total<\/td>\n<td>17.75 cm &#8211; 7 inch<\/td>\n<\/tr>\n<tr>\n<td>Di\u00e1metro<\/td>\n<td>3.75 cm &#8211; 1.5 inch<\/td>\n<\/tr>\n<tr>\n<td>Vibrando<\/td>\n<td>Yes<\/td>\n<\/tr>\n<tr>\n<td>Modos de velocidad<\/td>\n<td>3<\/td>\n<\/tr>\n<tr>\n<td>Impermeable<\/td>\n<td>Yes<\/td>\n<\/tr>\n<tr>\n<td>Bodysafe<\/td>\n<td>Yes<\/td>\n<\/tr>\n<tr>\n<td>Material<\/td>\n<td>PVC Plastic<\/td>\n<\/tr>\n<tr>\n<td>Bater\u00edas requeridas<\/td>\n<td>AA<\/td>\n<\/tr>\n<tr>\n<td>Cantidad de la bater\u00eda<\/td>\n<td>2<\/td>\n<\/tr>\n<tr>\n<td>Baterias incluidas<\/td>\n<td>No<\/td>\n<\/tr>\n<\/tbody>\n<\/table>\n","protected":false},"excerpt":{"rendered":"<p>POWER STUD ROD Power Stud te har\u00e1 gemir de incre\u00edble placer en poco tiempo. El vibrador presenta dise\u00f1os tradicionales con<\/p>\n","protected":false},"featured_media":19318,"comment_status":"open","ping_status":"open","template":"","meta":[],"product_cat":[339],"product_tag":[660,960],"class_list":["post-19317","product","type-product","status-publish","has-post-thumbnail","hentry","product_cat-dildos","product_tag-calexotics","product_tag-power-stud"],"bundled_by":[],"bundle_stock_status":"instock","bundle_stock_quantity":1,"bundle_virtual":false,"bundle_layout":"","bundle_add_to_cart_form_location":"","bundle_editable_in_cart":false,"bundle_sold_individually_context":"","bundle_item_grouping":"","bundle_min_size":"","bundle_max_size":"","bundled_items":[],"yoast_head":"<!-- This site is optimized with the Yoast SEO plugin v20.6 - https:\/\/yoast.com\/wordpress\/plugins\/seo\/ -->\n<title>POWER STUD ROD - VIBRADOR MORADO - Tienda Er\u00f3tica<\/title>\n<meta name=\"robots\" content=\"noindex, follow, max-snippet:-1, max-image-preview:large, max-video-preview:-1\" \/>\n<meta property=\"og:locale\" content=\"es_ES\" \/>\n<meta property=\"og:type\" content=\"article\" \/>\n<meta property=\"og:title\" content=\"POWER STUD ROD - VIBRADOR MORADO - Tienda Er\u00f3tica\" \/>\n<meta property=\"og:description\" content=\"POWER STUD ROD Power Stud te har\u00e1 gemir de incre\u00edble placer en poco tiempo. El vibrador presenta dise\u00f1os tradicionales con\" \/>\n<meta property=\"og:url\" content=\"https:\/\/demoweb.info\/sexshop001\/producto\/power-stud-rod-vibrador-morado\/\" \/>\n<meta property=\"og:site_name\" content=\"Tienda Er\u00f3tica\" \/>\n<meta property=\"article:modified_time\" content=\"2022-01-22T10:00:25+00:00\" \/>\n<meta property=\"og:image\" content=\"https:\/\/demoweb.info\/sexshop001\/wp-content\/uploads\/2022\/01\/POWER-STUD-ROD-VIBRADOR-MORADO.jpg\" \/>\n\t<meta property=\"og:image:width\" content=\"550\" \/>\n\t<meta property=\"og:image:height\" content=\"550\" \/>\n\t<meta property=\"og:image:type\" content=\"image\/jpeg\" \/>\n<meta name=\"twitter:card\" content=\"summary_large_image\" \/>\n<meta name=\"twitter:label1\" content=\"Tiempo de lectura\" \/>\n\t<meta name=\"twitter:data1\" content=\"1 minuto\" \/>\n<script type=\"application\/ld+json\" class=\"yoast-schema-graph\">{\"@context\":\"https:\/\/schema.org\",\"@graph\":[{\"@type\":\"WebPage\",\"@id\":\"https:\/\/demoweb.info\/sexshop001\/producto\/power-stud-rod-vibrador-morado\/\",\"url\":\"https:\/\/demoweb.info\/sexshop001\/producto\/power-stud-rod-vibrador-morado\/\",\"name\":\"POWER STUD ROD - VIBRADOR MORADO - Tienda Er\u00f3tica\",\"isPartOf\":{\"@id\":\"https:\/\/demoweb.info\/sexshop001\/#website\"},\"datePublished\":\"2022-01-22T10:00:11+00:00\",\"dateModified\":\"2022-01-22T10:00:25+00:00\",\"breadcrumb\":{\"@id\":\"https:\/\/demoweb.info\/sexshop001\/producto\/power-stud-rod-vibrador-morado\/#breadcrumb\"},\"inLanguage\":\"es\",\"potentialAction\":[{\"@type\":\"ReadAction\",\"target\":[\"https:\/\/demoweb.info\/sexshop001\/producto\/power-stud-rod-vibrador-morado\/\"]}]},{\"@type\":\"BreadcrumbList\",\"@id\":\"https:\/\/demoweb.info\/sexshop001\/producto\/power-stud-rod-vibrador-morado\/#breadcrumb\",\"itemListElement\":[{\"@type\":\"ListItem\",\"position\":1,\"name\":\"Portada\",\"item\":\"https:\/\/demoweb.info\/sexshop001\/\"},{\"@type\":\"ListItem\",\"position\":2,\"name\":\"Tienda\",\"item\":\"https:\/\/demoweb.info\/sexshop001\/tienda\/\"},{\"@type\":\"ListItem\",\"position\":3,\"name\":\"POWER STUD ROD &#8211; VIBRADOR MORADO\"}]},{\"@type\":\"WebSite\",\"@id\":\"https:\/\/demoweb.info\/sexshop001\/#website\",\"url\":\"https:\/\/demoweb.info\/sexshop001\/\",\"name\":\"Tienda Er\u00f3tica\",\"description\":\"DEMOWEB SL\",\"potentialAction\":[{\"@type\":\"SearchAction\",\"target\":{\"@type\":\"EntryPoint\",\"urlTemplate\":\"https:\/\/demoweb.info\/sexshop001\/?s={search_term_string}\"},\"query-input\":\"required name=search_term_string\"}],\"inLanguage\":\"es\"}]}<\/script>\n<!-- \/ Yoast SEO plugin. -->","yoast_head_json":{"title":"POWER STUD ROD - VIBRADOR MORADO - Tienda Er\u00f3tica","robots":{"index":"noindex","follow":"follow","max-snippet":"max-snippet:-1","max-image-preview":"max-image-preview:large","max-video-preview":"max-video-preview:-1"},"og_locale":"es_ES","og_type":"article","og_title":"POWER STUD ROD - VIBRADOR MORADO - Tienda Er\u00f3tica","og_description":"POWER STUD ROD Power Stud te har\u00e1 gemir de incre\u00edble placer en poco tiempo. El vibrador presenta dise\u00f1os tradicionales con","og_url":"https:\/\/demoweb.info\/sexshop001\/producto\/power-stud-rod-vibrador-morado\/","og_site_name":"Tienda Er\u00f3tica","article_modified_time":"2022-01-22T10:00:25+00:00","og_image":[{"width":550,"height":550,"url":"https:\/\/demoweb.info\/sexshop001\/wp-content\/uploads\/2022\/01\/POWER-STUD-ROD-VIBRADOR-MORADO.jpg","type":"image\/jpeg"}],"twitter_card":"summary_large_image","twitter_misc":{"Tiempo de lectura":"1 minuto"},"schema":{"@context":"https:\/\/schema.org","@graph":[{"@type":"WebPage","@id":"https:\/\/demoweb.info\/sexshop001\/producto\/power-stud-rod-vibrador-morado\/","url":"https:\/\/demoweb.info\/sexshop001\/producto\/power-stud-rod-vibrador-morado\/","name":"POWER STUD ROD - VIBRADOR MORADO - Tienda Er\u00f3tica","isPartOf":{"@id":"https:\/\/demoweb.info\/sexshop001\/#website"},"datePublished":"2022-01-22T10:00:11+00:00","dateModified":"2022-01-22T10:00:25+00:00","breadcrumb":{"@id":"https:\/\/demoweb.info\/sexshop001\/producto\/power-stud-rod-vibrador-morado\/#breadcrumb"},"inLanguage":"es","potentialAction":[{"@type":"ReadAction","target":["https:\/\/demoweb.info\/sexshop001\/producto\/power-stud-rod-vibrador-morado\/"]}]},{"@type":"BreadcrumbList","@id":"https:\/\/demoweb.info\/sexshop001\/producto\/power-stud-rod-vibrador-morado\/#breadcrumb","itemListElement":[{"@type":"ListItem","position":1,"name":"Portada","item":"https:\/\/demoweb.info\/sexshop001\/"},{"@type":"ListItem","position":2,"name":"Tienda","item":"https:\/\/demoweb.info\/sexshop001\/tienda\/"},{"@type":"ListItem","position":3,"name":"POWER STUD ROD &#8211; VIBRADOR MORADO"}]},{"@type":"WebSite","@id":"https:\/\/demoweb.info\/sexshop001\/#website","url":"https:\/\/demoweb.info\/sexshop001\/","name":"Tienda Er\u00f3tica","description":"DEMOWEB SL","potentialAction":[{"@type":"SearchAction","target":{"@type":"EntryPoint","urlTemplate":"https:\/\/demoweb.info\/sexshop001\/?s={search_term_string}"},"query-input":"required name=search_term_string"}],"inLanguage":"es"}]}},"_links":{"self":[{"href":"https:\/\/demoweb.info\/sexshop001\/wp-json\/wp\/v3\/product\/19317","targetHints":{"allow":["GET"]}}],"collection":[{"href":"https:\/\/demoweb.info\/sexshop001\/wp-json\/wp\/v3\/product"}],"about":[{"href":"https:\/\/demoweb.info\/sexshop001\/wp-json\/wp\/v2\/types\/product"}],"replies":[{"embeddable":true,"href":"https:\/\/demoweb.info\/sexshop001\/wp-json\/wp\/v2\/comments?post=19317"}],"wp:featuredmedia":[{"embeddable":true,"href":"https:\/\/demoweb.info\/sexshop001\/wp-json\/wp\/v2\/media\/19318"}],"wp:attachment":[{"href":"https:\/\/demoweb.info\/sexshop001\/wp-json\/wp\/v2\/media?parent=19317"}],"wp:term":[{"taxonomy":"product_cat","embeddable":true,"href":"https:\/\/demoweb.info\/sexshop001\/wp-json\/wp\/v2\/product_cat?post=19317"},{"taxonomy":"product_tag","embeddable":true,"href":"https:\/\/demoweb.info\/sexshop001\/wp-json\/wp\/v2\/product_tag?post=19317"}],"curies":[{"name":"wp","href":"https:\/\/api.w.org\/{rel}","templated":true}]}}