{"id":19308,"date":"2022-01-22T11:00:11","date_gmt":"2022-01-22T10:00:11","guid":{"rendered":"https:\/\/demoweb.info\/sexshop001\/producto\/power-stud-cliterrific-vibrador-negro\/"},"modified":"2022-01-22T11:00:21","modified_gmt":"2022-01-22T10:00:21","slug":"power-stud-cliterrific-vibrador-negro","status":"publish","type":"product","link":"https:\/\/demoweb.info\/sexshop001\/producto\/power-stud-cliterrific-vibrador-negro\/","title":{"rendered":"POWER STUD CLITERRIFIC &#8211; VIBRADOR NEGRO"},"content":{"rendered":"<p><strong>Power Stud Cliterrific<\/strong><\/p>\n<pre>\nEl Waterproof Power Stud Cliterrific combina dise\u00f1os tradicionales con un toque sensual y contempor\u00e1neo. \nEste poderoso estimulador cuenta con 19,05 cm  de longitud er\u00f3tica y 6,35 cm de circunferencia para proporcionar esa sensaci\u00f3n celestial de plenitud.\n\nSu eje curvado y flexible permite obtener una experiencia de placer personalizada , todo mientras las protuberancias especialmente dise\u00f1adas en la base del eje hacen cosquillas en tu clitoris.\n\nEl vibrador est\u00e1 dise\u00f1ado para golpear todos tus lugares favoritos con una intensidad que te volver\u00e1 loco. Con venas realzadas para una mayor textura y una cabeza gruesa que rozar\u00e1 contra todos los lugares correctos.\nEste vibrador suave y flexible es la combinaci\u00f3n perfecta.\n\nCon 3 velocidades de vibraciones intensas y resitente al agua. Todo lo que necesitas para comenzar a jugar con este potente vibrador son 2 pilas AA, luego, solo debes presionar el bot\u00f3n plateado en la base para encender, cambiar las velocidades y apagar el vibrador. \n\n\n<strong>CARACTERISTICAS<\/strong>:\n\n<\/pre>\n<table>\n<tbody>\n<tr>\n<td>Longitud total<\/td>\n<td>19 cm<\/td>\n<\/tr>\n<tr>\n<td>Di\u00e1metro<\/td>\n<td>6.25 cm<\/td>\n<\/tr>\n<tr>\n<td>Vibrando<\/td>\n<td>Yes<\/td>\n<\/tr>\n<tr>\n<td>Modos de vibraci\u00f3n<\/td>\n<td>1<\/td>\n<\/tr>\n<tr>\n<td>Modos de velocidad<\/td>\n<td>3<\/td>\n<\/tr>\n<tr>\n<td>Impermeable<\/td>\n<td>Yes<\/td>\n<\/tr>\n<tr>\n<td>Bodysafe<\/td>\n<td>Yes<\/td>\n<\/tr>\n<tr>\n<td>Material<\/td>\n<td>PVC Plastic<\/td>\n<\/tr>\n<tr>\n<td>Bater\u00edas requeridas<\/td>\n<td>AA<\/td>\n<\/tr>\n<tr>\n<td>Cantidad de la bater\u00eda<\/td>\n<td>2<\/td>\n<\/tr>\n<tr>\n<td>Baterias incluidas<\/td>\n<td>No<\/td>\n<\/tr>\n<\/tbody>\n<\/table>\n<pre>\n\n <\/pre>\n","protected":false},"excerpt":{"rendered":"<p>Power Stud Cliterrific El Waterproof Power Stud Cliterrific combina dise\u00f1os tradicionales con un toque sensual y contempor\u00e1neo. Este poderoso estimulador<\/p>\n","protected":false},"featured_media":19309,"comment_status":"open","ping_status":"open","template":"","meta":[],"product_cat":[276],"product_tag":[660,958],"class_list":["post-19308","product","type-product","status-publish","has-post-thumbnail","hentry","product_cat-penes","product_tag-calexotics","product_tag-xo"],"bundled_by":[],"bundle_stock_status":"instock","bundle_stock_quantity":1,"bundle_virtual":false,"bundle_layout":"","bundle_add_to_cart_form_location":"","bundle_editable_in_cart":false,"bundle_sold_individually_context":"","bundle_item_grouping":"","bundle_min_size":"","bundle_max_size":"","bundled_items":[],"yoast_head":"<!-- This site is optimized with the Yoast SEO plugin v20.6 - https:\/\/yoast.com\/wordpress\/plugins\/seo\/ -->\n<title>POWER STUD CLITERRIFIC - VIBRADOR NEGRO - Tienda Er\u00f3tica<\/title>\n<meta name=\"robots\" content=\"noindex, follow, max-snippet:-1, max-image-preview:large, max-video-preview:-1\" \/>\n<meta property=\"og:locale\" content=\"es_ES\" \/>\n<meta property=\"og:type\" content=\"article\" \/>\n<meta property=\"og:title\" content=\"POWER STUD CLITERRIFIC - VIBRADOR NEGRO - Tienda Er\u00f3tica\" \/>\n<meta property=\"og:description\" content=\"Power Stud Cliterrific El Waterproof Power Stud Cliterrific combina dise\u00f1os tradicionales con un toque sensual y contempor\u00e1neo. Este poderoso estimulador\" \/>\n<meta property=\"og:url\" content=\"https:\/\/demoweb.info\/sexshop001\/producto\/power-stud-cliterrific-vibrador-negro\/\" \/>\n<meta property=\"og:site_name\" content=\"Tienda Er\u00f3tica\" \/>\n<meta property=\"article:modified_time\" content=\"2022-01-22T10:00:21+00:00\" \/>\n<meta property=\"og:image\" content=\"https:\/\/demoweb.info\/sexshop001\/wp-content\/uploads\/2022\/01\/POWER-STUD-CLITERRIFIC-VIBRADOR-NEGRO.jpg\" \/>\n\t<meta property=\"og:image:width\" content=\"550\" \/>\n\t<meta property=\"og:image:height\" content=\"550\" \/>\n\t<meta property=\"og:image:type\" content=\"image\/jpeg\" \/>\n<meta name=\"twitter:card\" content=\"summary_large_image\" \/>\n<meta name=\"twitter:label1\" content=\"Tiempo de lectura\" \/>\n\t<meta name=\"twitter:data1\" content=\"1 minuto\" \/>\n<script type=\"application\/ld+json\" class=\"yoast-schema-graph\">{\"@context\":\"https:\/\/schema.org\",\"@graph\":[{\"@type\":\"WebPage\",\"@id\":\"https:\/\/demoweb.info\/sexshop001\/producto\/power-stud-cliterrific-vibrador-negro\/\",\"url\":\"https:\/\/demoweb.info\/sexshop001\/producto\/power-stud-cliterrific-vibrador-negro\/\",\"name\":\"POWER STUD CLITERRIFIC - VIBRADOR NEGRO - Tienda Er\u00f3tica\",\"isPartOf\":{\"@id\":\"https:\/\/demoweb.info\/sexshop001\/#website\"},\"datePublished\":\"2022-01-22T10:00:11+00:00\",\"dateModified\":\"2022-01-22T10:00:21+00:00\",\"breadcrumb\":{\"@id\":\"https:\/\/demoweb.info\/sexshop001\/producto\/power-stud-cliterrific-vibrador-negro\/#breadcrumb\"},\"inLanguage\":\"es\",\"potentialAction\":[{\"@type\":\"ReadAction\",\"target\":[\"https:\/\/demoweb.info\/sexshop001\/producto\/power-stud-cliterrific-vibrador-negro\/\"]}]},{\"@type\":\"BreadcrumbList\",\"@id\":\"https:\/\/demoweb.info\/sexshop001\/producto\/power-stud-cliterrific-vibrador-negro\/#breadcrumb\",\"itemListElement\":[{\"@type\":\"ListItem\",\"position\":1,\"name\":\"Portada\",\"item\":\"https:\/\/demoweb.info\/sexshop001\/\"},{\"@type\":\"ListItem\",\"position\":2,\"name\":\"Tienda\",\"item\":\"https:\/\/demoweb.info\/sexshop001\/tienda\/\"},{\"@type\":\"ListItem\",\"position\":3,\"name\":\"POWER STUD CLITERRIFIC &#8211; VIBRADOR NEGRO\"}]},{\"@type\":\"WebSite\",\"@id\":\"https:\/\/demoweb.info\/sexshop001\/#website\",\"url\":\"https:\/\/demoweb.info\/sexshop001\/\",\"name\":\"Tienda Er\u00f3tica\",\"description\":\"DEMOWEB SL\",\"potentialAction\":[{\"@type\":\"SearchAction\",\"target\":{\"@type\":\"EntryPoint\",\"urlTemplate\":\"https:\/\/demoweb.info\/sexshop001\/?s={search_term_string}\"},\"query-input\":\"required name=search_term_string\"}],\"inLanguage\":\"es\"}]}<\/script>\n<!-- \/ Yoast SEO plugin. -->","yoast_head_json":{"title":"POWER STUD CLITERRIFIC - VIBRADOR NEGRO - Tienda Er\u00f3tica","robots":{"index":"noindex","follow":"follow","max-snippet":"max-snippet:-1","max-image-preview":"max-image-preview:large","max-video-preview":"max-video-preview:-1"},"og_locale":"es_ES","og_type":"article","og_title":"POWER STUD CLITERRIFIC - VIBRADOR NEGRO - Tienda Er\u00f3tica","og_description":"Power Stud Cliterrific El Waterproof Power Stud Cliterrific combina dise\u00f1os tradicionales con un toque sensual y contempor\u00e1neo. Este poderoso estimulador","og_url":"https:\/\/demoweb.info\/sexshop001\/producto\/power-stud-cliterrific-vibrador-negro\/","og_site_name":"Tienda Er\u00f3tica","article_modified_time":"2022-01-22T10:00:21+00:00","og_image":[{"width":550,"height":550,"url":"https:\/\/demoweb.info\/sexshop001\/wp-content\/uploads\/2022\/01\/POWER-STUD-CLITERRIFIC-VIBRADOR-NEGRO.jpg","type":"image\/jpeg"}],"twitter_card":"summary_large_image","twitter_misc":{"Tiempo de lectura":"1 minuto"},"schema":{"@context":"https:\/\/schema.org","@graph":[{"@type":"WebPage","@id":"https:\/\/demoweb.info\/sexshop001\/producto\/power-stud-cliterrific-vibrador-negro\/","url":"https:\/\/demoweb.info\/sexshop001\/producto\/power-stud-cliterrific-vibrador-negro\/","name":"POWER STUD CLITERRIFIC - VIBRADOR NEGRO - Tienda Er\u00f3tica","isPartOf":{"@id":"https:\/\/demoweb.info\/sexshop001\/#website"},"datePublished":"2022-01-22T10:00:11+00:00","dateModified":"2022-01-22T10:00:21+00:00","breadcrumb":{"@id":"https:\/\/demoweb.info\/sexshop001\/producto\/power-stud-cliterrific-vibrador-negro\/#breadcrumb"},"inLanguage":"es","potentialAction":[{"@type":"ReadAction","target":["https:\/\/demoweb.info\/sexshop001\/producto\/power-stud-cliterrific-vibrador-negro\/"]}]},{"@type":"BreadcrumbList","@id":"https:\/\/demoweb.info\/sexshop001\/producto\/power-stud-cliterrific-vibrador-negro\/#breadcrumb","itemListElement":[{"@type":"ListItem","position":1,"name":"Portada","item":"https:\/\/demoweb.info\/sexshop001\/"},{"@type":"ListItem","position":2,"name":"Tienda","item":"https:\/\/demoweb.info\/sexshop001\/tienda\/"},{"@type":"ListItem","position":3,"name":"POWER STUD CLITERRIFIC &#8211; VIBRADOR NEGRO"}]},{"@type":"WebSite","@id":"https:\/\/demoweb.info\/sexshop001\/#website","url":"https:\/\/demoweb.info\/sexshop001\/","name":"Tienda Er\u00f3tica","description":"DEMOWEB SL","potentialAction":[{"@type":"SearchAction","target":{"@type":"EntryPoint","urlTemplate":"https:\/\/demoweb.info\/sexshop001\/?s={search_term_string}"},"query-input":"required name=search_term_string"}],"inLanguage":"es"}]}},"_links":{"self":[{"href":"https:\/\/demoweb.info\/sexshop001\/wp-json\/wp\/v3\/product\/19308","targetHints":{"allow":["GET"]}}],"collection":[{"href":"https:\/\/demoweb.info\/sexshop001\/wp-json\/wp\/v3\/product"}],"about":[{"href":"https:\/\/demoweb.info\/sexshop001\/wp-json\/wp\/v2\/types\/product"}],"replies":[{"embeddable":true,"href":"https:\/\/demoweb.info\/sexshop001\/wp-json\/wp\/v2\/comments?post=19308"}],"wp:featuredmedia":[{"embeddable":true,"href":"https:\/\/demoweb.info\/sexshop001\/wp-json\/wp\/v2\/media\/19309"}],"wp:attachment":[{"href":"https:\/\/demoweb.info\/sexshop001\/wp-json\/wp\/v2\/media?parent=19308"}],"wp:term":[{"taxonomy":"product_cat","embeddable":true,"href":"https:\/\/demoweb.info\/sexshop001\/wp-json\/wp\/v2\/product_cat?post=19308"},{"taxonomy":"product_tag","embeddable":true,"href":"https:\/\/demoweb.info\/sexshop001\/wp-json\/wp\/v2\/product_tag?post=19308"}],"curies":[{"name":"wp","href":"https:\/\/api.w.org\/{rel}","templated":true}]}}