{"id":19305,"date":"2022-01-22T11:00:11","date_gmt":"2022-01-22T10:00:11","guid":{"rendered":"https:\/\/demoweb.info\/sexshop001\/producto\/mariposa-venus-rosa-control-remoto\/"},"modified":"2022-01-22T11:00:20","modified_gmt":"2022-01-22T10:00:20","slug":"mariposa-venus-rosa-control-remoto","status":"publish","type":"product","link":"https:\/\/demoweb.info\/sexshop001\/producto\/mariposa-venus-rosa-control-remoto\/","title":{"rendered":"MARIPOSA VENUS ROSA &#8211; CONTROL REMOTO"},"content":{"rendered":"<pre>\n\n<strong><span style=&quot;font-family:tahoma,geneva,sans-serif&quot;>THE ORIGINAL VENUS BUTTERFLY \n<\/span><\/strong>\n<span style=&quot;font-family:tahoma,geneva,sans-serif&quot;>Orgasmo mientras el mundo avanza, con la Mariposa Venus original.\n\u00a1Este sexy juguete de manos libres para adultos te permitir\u00e1 extender tus alas mientras disfrutas de un placer extremo! \nEl juguete sexual es un vibrador compacto, que se mantiene firmemente en su lugar con las c\u00f3modas correas ajustables. Esto significa que puede usar el vibrador sin siquiera tocarlo, ya que es operado por un control remoto con cable.\n\u00a1Simplemente desl\u00edzalo en tu bolsillo y listo! \u00a1El vibrador es igualmente conveniente para orgasmos manos libres tambi\u00e9n! El juguete para adultos viene completo con antenas aleteo para estimular su cl\u00edtoris y cuenta con una funci\u00f3n de vibraci\u00f3n de varias velocidades. \nEl estimulador del cl\u00edtoris es incre\u00edblemente poderoso, por lo que puede decidir si desea tener un orgasmo lento y sensual o volar tus calcetines con un orgasmo s\u00faper fuerte. El juguete vibrante es peque\u00f1o, por lo que cabe dentro de tu ropa interior  sin que se note, \u00a1solo trata de no retorcerte demasiado si decides usar el vibrador fuera de tu casa! Recomendamos usar el vibrador Original Venus Butterfly con un lubricante a base de agua para una gratificaci\u00f3n instant\u00e1nea.\n\nLongitud total : 9cm x 9cm\nMaterial: Thermoplastic Rubber, ABS Plastic, Polypropylene\nBater\u00edas requeridas : AA\nCantidad de la bater\u00eda : 2\nBaterias incluidas :No<\/span>\n<\/pre>\n","protected":false},"excerpt":{"rendered":"<p>THE ORIGINAL VENUS BUTTERFLY Orgasmo mientras el mundo avanza, con la Mariposa Venus original. \u00a1Este sexy juguete de manos libres<\/p>\n","protected":false},"featured_media":19306,"comment_status":"open","ping_status":"open","template":"","meta":[],"product_cat":[370],"product_tag":[660,957],"class_list":["post-19305","product","type-product","status-publish","has-post-thumbnail","hentry","product_cat-clitoris","product_tag-calexotics","product_tag-venus-butterfly"],"bundled_by":[],"bundle_stock_status":"instock","bundle_stock_quantity":1,"bundle_virtual":false,"bundle_layout":"","bundle_add_to_cart_form_location":"","bundle_editable_in_cart":false,"bundle_sold_individually_context":"","bundle_item_grouping":"","bundle_min_size":"","bundle_max_size":"","bundled_items":[],"yoast_head":"<!-- This site is optimized with the Yoast SEO plugin v20.6 - https:\/\/yoast.com\/wordpress\/plugins\/seo\/ -->\n<title>MARIPOSA VENUS ROSA - CONTROL REMOTO - Tienda Er\u00f3tica<\/title>\n<meta name=\"robots\" content=\"noindex, follow, max-snippet:-1, max-image-preview:large, max-video-preview:-1\" \/>\n<meta property=\"og:locale\" content=\"es_ES\" \/>\n<meta property=\"og:type\" content=\"article\" \/>\n<meta property=\"og:title\" content=\"MARIPOSA VENUS ROSA - CONTROL REMOTO - Tienda Er\u00f3tica\" \/>\n<meta property=\"og:description\" content=\"THE ORIGINAL VENUS BUTTERFLY Orgasmo mientras el mundo avanza, con la Mariposa Venus original. \u00a1Este sexy juguete de manos libres\" \/>\n<meta property=\"og:url\" content=\"https:\/\/demoweb.info\/sexshop001\/producto\/mariposa-venus-rosa-control-remoto\/\" \/>\n<meta property=\"og:site_name\" content=\"Tienda Er\u00f3tica\" \/>\n<meta property=\"article:modified_time\" content=\"2022-01-22T10:00:20+00:00\" \/>\n<meta property=\"og:image\" content=\"https:\/\/demoweb.info\/sexshop001\/wp-content\/uploads\/2022\/01\/MARIPOSA-VENUS-ROSA-CONTROL-REMOTO.jpg\" \/>\n\t<meta property=\"og:image:width\" content=\"550\" \/>\n\t<meta property=\"og:image:height\" content=\"550\" \/>\n\t<meta property=\"og:image:type\" content=\"image\/jpeg\" \/>\n<meta name=\"twitter:card\" content=\"summary_large_image\" \/>\n<meta name=\"twitter:label1\" content=\"Tiempo de lectura\" \/>\n\t<meta name=\"twitter:data1\" content=\"1 minuto\" \/>\n<script type=\"application\/ld+json\" class=\"yoast-schema-graph\">{\"@context\":\"https:\/\/schema.org\",\"@graph\":[{\"@type\":\"WebPage\",\"@id\":\"https:\/\/demoweb.info\/sexshop001\/producto\/mariposa-venus-rosa-control-remoto\/\",\"url\":\"https:\/\/demoweb.info\/sexshop001\/producto\/mariposa-venus-rosa-control-remoto\/\",\"name\":\"MARIPOSA VENUS ROSA - CONTROL REMOTO - Tienda Er\u00f3tica\",\"isPartOf\":{\"@id\":\"https:\/\/demoweb.info\/sexshop001\/#website\"},\"datePublished\":\"2022-01-22T10:00:11+00:00\",\"dateModified\":\"2022-01-22T10:00:20+00:00\",\"breadcrumb\":{\"@id\":\"https:\/\/demoweb.info\/sexshop001\/producto\/mariposa-venus-rosa-control-remoto\/#breadcrumb\"},\"inLanguage\":\"es\",\"potentialAction\":[{\"@type\":\"ReadAction\",\"target\":[\"https:\/\/demoweb.info\/sexshop001\/producto\/mariposa-venus-rosa-control-remoto\/\"]}]},{\"@type\":\"BreadcrumbList\",\"@id\":\"https:\/\/demoweb.info\/sexshop001\/producto\/mariposa-venus-rosa-control-remoto\/#breadcrumb\",\"itemListElement\":[{\"@type\":\"ListItem\",\"position\":1,\"name\":\"Portada\",\"item\":\"https:\/\/demoweb.info\/sexshop001\/\"},{\"@type\":\"ListItem\",\"position\":2,\"name\":\"Tienda\",\"item\":\"https:\/\/demoweb.info\/sexshop001\/tienda\/\"},{\"@type\":\"ListItem\",\"position\":3,\"name\":\"MARIPOSA VENUS ROSA &#8211; CONTROL REMOTO\"}]},{\"@type\":\"WebSite\",\"@id\":\"https:\/\/demoweb.info\/sexshop001\/#website\",\"url\":\"https:\/\/demoweb.info\/sexshop001\/\",\"name\":\"Tienda Er\u00f3tica\",\"description\":\"DEMOWEB SL\",\"potentialAction\":[{\"@type\":\"SearchAction\",\"target\":{\"@type\":\"EntryPoint\",\"urlTemplate\":\"https:\/\/demoweb.info\/sexshop001\/?s={search_term_string}\"},\"query-input\":\"required name=search_term_string\"}],\"inLanguage\":\"es\"}]}<\/script>\n<!-- \/ Yoast SEO plugin. -->","yoast_head_json":{"title":"MARIPOSA VENUS ROSA - CONTROL REMOTO - Tienda Er\u00f3tica","robots":{"index":"noindex","follow":"follow","max-snippet":"max-snippet:-1","max-image-preview":"max-image-preview:large","max-video-preview":"max-video-preview:-1"},"og_locale":"es_ES","og_type":"article","og_title":"MARIPOSA VENUS ROSA - CONTROL REMOTO - Tienda Er\u00f3tica","og_description":"THE ORIGINAL VENUS BUTTERFLY Orgasmo mientras el mundo avanza, con la Mariposa Venus original. \u00a1Este sexy juguete de manos libres","og_url":"https:\/\/demoweb.info\/sexshop001\/producto\/mariposa-venus-rosa-control-remoto\/","og_site_name":"Tienda Er\u00f3tica","article_modified_time":"2022-01-22T10:00:20+00:00","og_image":[{"width":550,"height":550,"url":"https:\/\/demoweb.info\/sexshop001\/wp-content\/uploads\/2022\/01\/MARIPOSA-VENUS-ROSA-CONTROL-REMOTO.jpg","type":"image\/jpeg"}],"twitter_card":"summary_large_image","twitter_misc":{"Tiempo de lectura":"1 minuto"},"schema":{"@context":"https:\/\/schema.org","@graph":[{"@type":"WebPage","@id":"https:\/\/demoweb.info\/sexshop001\/producto\/mariposa-venus-rosa-control-remoto\/","url":"https:\/\/demoweb.info\/sexshop001\/producto\/mariposa-venus-rosa-control-remoto\/","name":"MARIPOSA VENUS ROSA - CONTROL REMOTO - Tienda Er\u00f3tica","isPartOf":{"@id":"https:\/\/demoweb.info\/sexshop001\/#website"},"datePublished":"2022-01-22T10:00:11+00:00","dateModified":"2022-01-22T10:00:20+00:00","breadcrumb":{"@id":"https:\/\/demoweb.info\/sexshop001\/producto\/mariposa-venus-rosa-control-remoto\/#breadcrumb"},"inLanguage":"es","potentialAction":[{"@type":"ReadAction","target":["https:\/\/demoweb.info\/sexshop001\/producto\/mariposa-venus-rosa-control-remoto\/"]}]},{"@type":"BreadcrumbList","@id":"https:\/\/demoweb.info\/sexshop001\/producto\/mariposa-venus-rosa-control-remoto\/#breadcrumb","itemListElement":[{"@type":"ListItem","position":1,"name":"Portada","item":"https:\/\/demoweb.info\/sexshop001\/"},{"@type":"ListItem","position":2,"name":"Tienda","item":"https:\/\/demoweb.info\/sexshop001\/tienda\/"},{"@type":"ListItem","position":3,"name":"MARIPOSA VENUS ROSA &#8211; CONTROL REMOTO"}]},{"@type":"WebSite","@id":"https:\/\/demoweb.info\/sexshop001\/#website","url":"https:\/\/demoweb.info\/sexshop001\/","name":"Tienda Er\u00f3tica","description":"DEMOWEB SL","potentialAction":[{"@type":"SearchAction","target":{"@type":"EntryPoint","urlTemplate":"https:\/\/demoweb.info\/sexshop001\/?s={search_term_string}"},"query-input":"required name=search_term_string"}],"inLanguage":"es"}]}},"_links":{"self":[{"href":"https:\/\/demoweb.info\/sexshop001\/wp-json\/wp\/v3\/product\/19305","targetHints":{"allow":["GET"]}}],"collection":[{"href":"https:\/\/demoweb.info\/sexshop001\/wp-json\/wp\/v3\/product"}],"about":[{"href":"https:\/\/demoweb.info\/sexshop001\/wp-json\/wp\/v2\/types\/product"}],"replies":[{"embeddable":true,"href":"https:\/\/demoweb.info\/sexshop001\/wp-json\/wp\/v2\/comments?post=19305"}],"wp:featuredmedia":[{"embeddable":true,"href":"https:\/\/demoweb.info\/sexshop001\/wp-json\/wp\/v2\/media\/19306"}],"wp:attachment":[{"href":"https:\/\/demoweb.info\/sexshop001\/wp-json\/wp\/v2\/media?parent=19305"}],"wp:term":[{"taxonomy":"product_cat","embeddable":true,"href":"https:\/\/demoweb.info\/sexshop001\/wp-json\/wp\/v2\/product_cat?post=19305"},{"taxonomy":"product_tag","embeddable":true,"href":"https:\/\/demoweb.info\/sexshop001\/wp-json\/wp\/v2\/product_tag?post=19305"}],"curies":[{"name":"wp","href":"https:\/\/api.w.org\/{rel}","templated":true}]}}