{"id":19302,"date":"2022-01-22T11:00:11","date_gmt":"2022-01-22T10:00:11","guid":{"rendered":"https:\/\/demoweb.info\/sexshop001\/producto\/booty-call-booty-buzz-rosa\/"},"modified":"2022-01-22T11:00:19","modified_gmt":"2022-01-22T10:00:19","slug":"booty-call-booty-buzz-rosa","status":"publish","type":"product","link":"https:\/\/demoweb.info\/sexshop001\/producto\/booty-call-booty-buzz-rosa\/","title":{"rendered":"BOOTY CALL BOOTY BUZZ &#8211; ROSA"},"content":{"rendered":"<p>Booty Call \u2122 Booty Buzz \u2122 es una sonda de silicona premium aut\u00f3noma que mide 7,62 cm de largo y 2,54 cm de ancho y cuenta con 10 configuraciones de placer incre\u00edbles, todas desde un simple bot\u00f3n con LED.<br \/>\nCon un dise\u00f1o discreto pero atrevido, la sonda vibratoria se puede guardar f\u00e1cilmente en cualquier lugar de la casa y llevar en cualquier bolso para pasar los fines de semana traviesos.<br \/>\nT\u00fa o tu pareja tendr\u00e9is una selecci\u00f3n de configuraciones, que incluyen desde vibraciones intensas y pulsaciones sensuales hasta escaladas org\u00e1smica. Para divertirse dentro y fuera del dormitorio, la sonda vibratoria es una opci\u00f3n ideal para el masaje intimo.<br \/>\nHecha de silicona pura, esta sonda es segura para usar en cualquier parte del cuerpo y el dise\u00f1o acanalado aumenta el placer personal al m\u00e1ximo. Una base y un asa grandes lo convierten en un juguete seguro y conveniente para usar en cualquier momento y en cualquier lugar con f\u00e1cil recuperaci\u00f3n y el dise\u00f1o impermeable, puede usarse dentro o fuera de la ducha.<br \/>\nAdem\u00e1s, la sonda impermeable aut\u00f3noma tambi\u00e9n es muy f\u00e1cil de limpiar despu\u00e9s de cada uso. Un dise\u00f1o higi\u00e9nico, seguro y fiable que os volver\u00e1 locos a ti y a tu pareja. Requiere 1 pila AA para funcionar.<\/p>\n<table>\n<tbody>\n<tr>\n<td>Longitud total<\/td>\n<td>3 x 1 inch &#8211; 7.5 x 2.5 cm<\/td>\n<\/tr>\n<tr>\n<td>Modos de vibraci\u00f3n<\/td>\n<td>10<\/td>\n<\/tr>\n<tr>\n<td>Impermeable<\/td>\n<td>Yes<\/td>\n<\/tr>\n<tr>\n<td>Material<\/td>\n<td>Silicone<\/td>\n<\/tr>\n<tr>\n<td>Bater\u00edas requeridas<\/td>\n<td>AA<\/td>\n<\/tr>\n<tr>\n<td>Cantidad de la bater\u00eda<\/td>\n<td>1<\/td>\n<\/tr>\n<tr>\n<td>Baterias incluidas<\/td>\n<td>No<\/td>\n<\/tr>\n<\/tbody>\n<\/table>\n","protected":false},"excerpt":{"rendered":"<p>Booty Call \u2122 Booty Buzz \u2122 es una sonda de silicona premium aut\u00f3noma que mide 7,62 cm de largo y<\/p>\n","protected":false},"featured_media":19303,"comment_status":"open","ping_status":"open","template":"","meta":[],"product_cat":[776],"product_tag":[956,660],"class_list":["post-19302","product","type-product","status-publish","has-post-thumbnail","hentry","product_cat-vibradores-dildos","product_tag-booty-call","product_tag-calexotics"],"bundled_by":[],"bundle_stock_status":"instock","bundle_stock_quantity":1,"bundle_virtual":false,"bundle_layout":"","bundle_add_to_cart_form_location":"","bundle_editable_in_cart":false,"bundle_sold_individually_context":"","bundle_item_grouping":"","bundle_min_size":"","bundle_max_size":"","bundled_items":[],"yoast_head":"<!-- This site is optimized with the Yoast SEO plugin v20.6 - https:\/\/yoast.com\/wordpress\/plugins\/seo\/ -->\n<title>BOOTY CALL BOOTY BUZZ - ROSA - Tienda Er\u00f3tica<\/title>\n<meta name=\"robots\" content=\"noindex, follow, max-snippet:-1, max-image-preview:large, max-video-preview:-1\" \/>\n<meta property=\"og:locale\" content=\"es_ES\" \/>\n<meta property=\"og:type\" content=\"article\" \/>\n<meta property=\"og:title\" content=\"BOOTY CALL BOOTY BUZZ - ROSA - Tienda Er\u00f3tica\" \/>\n<meta property=\"og:description\" content=\"Booty Call \u2122 Booty Buzz \u2122 es una sonda de silicona premium aut\u00f3noma que mide 7,62 cm de largo y\" \/>\n<meta property=\"og:url\" content=\"https:\/\/demoweb.info\/sexshop001\/producto\/booty-call-booty-buzz-rosa\/\" \/>\n<meta property=\"og:site_name\" content=\"Tienda Er\u00f3tica\" \/>\n<meta property=\"article:modified_time\" content=\"2022-01-22T10:00:19+00:00\" \/>\n<meta property=\"og:image\" content=\"https:\/\/demoweb.info\/sexshop001\/wp-content\/uploads\/2022\/01\/BOOTY-CALL-BOOTY-BUZZ-ROSA.jpg\" \/>\n\t<meta property=\"og:image:width\" content=\"550\" \/>\n\t<meta property=\"og:image:height\" content=\"550\" \/>\n\t<meta property=\"og:image:type\" content=\"image\/jpeg\" \/>\n<meta name=\"twitter:card\" content=\"summary_large_image\" \/>\n<meta name=\"twitter:label1\" content=\"Tiempo de lectura\" \/>\n\t<meta name=\"twitter:data1\" content=\"1 minuto\" \/>\n<script type=\"application\/ld+json\" class=\"yoast-schema-graph\">{\"@context\":\"https:\/\/schema.org\",\"@graph\":[{\"@type\":\"WebPage\",\"@id\":\"https:\/\/demoweb.info\/sexshop001\/producto\/booty-call-booty-buzz-rosa\/\",\"url\":\"https:\/\/demoweb.info\/sexshop001\/producto\/booty-call-booty-buzz-rosa\/\",\"name\":\"BOOTY CALL BOOTY BUZZ - ROSA - Tienda Er\u00f3tica\",\"isPartOf\":{\"@id\":\"https:\/\/demoweb.info\/sexshop001\/#website\"},\"datePublished\":\"2022-01-22T10:00:11+00:00\",\"dateModified\":\"2022-01-22T10:00:19+00:00\",\"breadcrumb\":{\"@id\":\"https:\/\/demoweb.info\/sexshop001\/producto\/booty-call-booty-buzz-rosa\/#breadcrumb\"},\"inLanguage\":\"es\",\"potentialAction\":[{\"@type\":\"ReadAction\",\"target\":[\"https:\/\/demoweb.info\/sexshop001\/producto\/booty-call-booty-buzz-rosa\/\"]}]},{\"@type\":\"BreadcrumbList\",\"@id\":\"https:\/\/demoweb.info\/sexshop001\/producto\/booty-call-booty-buzz-rosa\/#breadcrumb\",\"itemListElement\":[{\"@type\":\"ListItem\",\"position\":1,\"name\":\"Portada\",\"item\":\"https:\/\/demoweb.info\/sexshop001\/\"},{\"@type\":\"ListItem\",\"position\":2,\"name\":\"Tienda\",\"item\":\"https:\/\/demoweb.info\/sexshop001\/tienda\/\"},{\"@type\":\"ListItem\",\"position\":3,\"name\":\"BOOTY CALL BOOTY BUZZ &#8211; ROSA\"}]},{\"@type\":\"WebSite\",\"@id\":\"https:\/\/demoweb.info\/sexshop001\/#website\",\"url\":\"https:\/\/demoweb.info\/sexshop001\/\",\"name\":\"Tienda Er\u00f3tica\",\"description\":\"DEMOWEB SL\",\"potentialAction\":[{\"@type\":\"SearchAction\",\"target\":{\"@type\":\"EntryPoint\",\"urlTemplate\":\"https:\/\/demoweb.info\/sexshop001\/?s={search_term_string}\"},\"query-input\":\"required name=search_term_string\"}],\"inLanguage\":\"es\"}]}<\/script>\n<!-- \/ Yoast SEO plugin. -->","yoast_head_json":{"title":"BOOTY CALL BOOTY BUZZ - ROSA - Tienda Er\u00f3tica","robots":{"index":"noindex","follow":"follow","max-snippet":"max-snippet:-1","max-image-preview":"max-image-preview:large","max-video-preview":"max-video-preview:-1"},"og_locale":"es_ES","og_type":"article","og_title":"BOOTY CALL BOOTY BUZZ - ROSA - Tienda Er\u00f3tica","og_description":"Booty Call \u2122 Booty Buzz \u2122 es una sonda de silicona premium aut\u00f3noma que mide 7,62 cm de largo y","og_url":"https:\/\/demoweb.info\/sexshop001\/producto\/booty-call-booty-buzz-rosa\/","og_site_name":"Tienda Er\u00f3tica","article_modified_time":"2022-01-22T10:00:19+00:00","og_image":[{"width":550,"height":550,"url":"https:\/\/demoweb.info\/sexshop001\/wp-content\/uploads\/2022\/01\/BOOTY-CALL-BOOTY-BUZZ-ROSA.jpg","type":"image\/jpeg"}],"twitter_card":"summary_large_image","twitter_misc":{"Tiempo de lectura":"1 minuto"},"schema":{"@context":"https:\/\/schema.org","@graph":[{"@type":"WebPage","@id":"https:\/\/demoweb.info\/sexshop001\/producto\/booty-call-booty-buzz-rosa\/","url":"https:\/\/demoweb.info\/sexshop001\/producto\/booty-call-booty-buzz-rosa\/","name":"BOOTY CALL BOOTY BUZZ - ROSA - Tienda Er\u00f3tica","isPartOf":{"@id":"https:\/\/demoweb.info\/sexshop001\/#website"},"datePublished":"2022-01-22T10:00:11+00:00","dateModified":"2022-01-22T10:00:19+00:00","breadcrumb":{"@id":"https:\/\/demoweb.info\/sexshop001\/producto\/booty-call-booty-buzz-rosa\/#breadcrumb"},"inLanguage":"es","potentialAction":[{"@type":"ReadAction","target":["https:\/\/demoweb.info\/sexshop001\/producto\/booty-call-booty-buzz-rosa\/"]}]},{"@type":"BreadcrumbList","@id":"https:\/\/demoweb.info\/sexshop001\/producto\/booty-call-booty-buzz-rosa\/#breadcrumb","itemListElement":[{"@type":"ListItem","position":1,"name":"Portada","item":"https:\/\/demoweb.info\/sexshop001\/"},{"@type":"ListItem","position":2,"name":"Tienda","item":"https:\/\/demoweb.info\/sexshop001\/tienda\/"},{"@type":"ListItem","position":3,"name":"BOOTY CALL BOOTY BUZZ &#8211; ROSA"}]},{"@type":"WebSite","@id":"https:\/\/demoweb.info\/sexshop001\/#website","url":"https:\/\/demoweb.info\/sexshop001\/","name":"Tienda Er\u00f3tica","description":"DEMOWEB SL","potentialAction":[{"@type":"SearchAction","target":{"@type":"EntryPoint","urlTemplate":"https:\/\/demoweb.info\/sexshop001\/?s={search_term_string}"},"query-input":"required name=search_term_string"}],"inLanguage":"es"}]}},"_links":{"self":[{"href":"https:\/\/demoweb.info\/sexshop001\/wp-json\/wp\/v3\/product\/19302","targetHints":{"allow":["GET"]}}],"collection":[{"href":"https:\/\/demoweb.info\/sexshop001\/wp-json\/wp\/v3\/product"}],"about":[{"href":"https:\/\/demoweb.info\/sexshop001\/wp-json\/wp\/v2\/types\/product"}],"replies":[{"embeddable":true,"href":"https:\/\/demoweb.info\/sexshop001\/wp-json\/wp\/v2\/comments?post=19302"}],"wp:featuredmedia":[{"embeddable":true,"href":"https:\/\/demoweb.info\/sexshop001\/wp-json\/wp\/v2\/media\/19303"}],"wp:attachment":[{"href":"https:\/\/demoweb.info\/sexshop001\/wp-json\/wp\/v2\/media?parent=19302"}],"wp:term":[{"taxonomy":"product_cat","embeddable":true,"href":"https:\/\/demoweb.info\/sexshop001\/wp-json\/wp\/v2\/product_cat?post=19302"},{"taxonomy":"product_tag","embeddable":true,"href":"https:\/\/demoweb.info\/sexshop001\/wp-json\/wp\/v2\/product_tag?post=19302"}],"curies":[{"name":"wp","href":"https:\/\/api.w.org\/{rel}","templated":true}]}}