{"id":19285,"date":"2022-01-22T11:00:11","date_gmt":"2022-01-22T10:00:11","guid":{"rendered":"https:\/\/demoweb.info\/sexshop001\/producto\/kit-anal-silicona-gema\/"},"modified":"2022-01-22T11:00:11","modified_gmt":"2022-01-22T10:00:11","slug":"kit-anal-silicona-gema","status":"publish","type":"product","link":"https:\/\/demoweb.info\/sexshop001\/producto\/kit-anal-silicona-gema\/","title":{"rendered":"KIT ANAL SILICONA GEMA"},"content":{"rendered":"<\/p>\n<p>Abre la puerta de la excitante sensaci\u00f3n anal con el Silicone Gem Anal Exerciser Kit \u2122.<\/p>\n<p>Este glamoroso kit incluye un juego de 3 plugs anales con una base de gemas para que puedas aumentar de forma segura y c\u00f3moda la estimulaci\u00f3n anal. Para disfrutar de todo lo que el apasionante mundo del juego anal tiene para ofrecer, el entrenamiento es para garantizar una total seguridad y satisfacci\u00f3n.<\/p>\n<p>Cada sonda de nuestro kit aumenta gradualmente en longitud y circunferencia para un placer excelente en cualquier nivel de juego de placer. Si bien cada aumento de su entrenamiento expande tus horizontes, usa la base adornada con gemas brillantes para una estimulaci\u00f3n humeante, una inserci\u00f3n sin esfuerzo y una extracci\u00f3n suave.<br \/>\nLas sondas flexibles est\u00e1n hechas de una silicona Satin Finish \u2122 suave y sin costuras. Este material seguro para el cuerpo no tiene perfume ni ftalatos para mantener sus puntos m\u00e1s sensibles felices y saludables.<\/p>\n<h4> <\/h4>\n<ul>\n<li>Longitud total :Large: 9 cm &#8211; 3.5 inch | Medium: 7.5 cm &#8211; 3 inch | Small: 6.25 cm &#8211; 2.5 inch<\/li>\n<li>Impermeable :Yes<\/li>\n<li>Bodysafe :Yes<\/li>\n<li>Material: Silicone (plug) Acrylic (gem)<\/li>\n<\/ul><\/p>\n","protected":false},"excerpt":{"rendered":"<p>Abre la puerta de la excitante sensaci\u00f3n anal con el Silicone Gem Anal Exerciser Kit \u2122. Este glamoroso kit incluye<\/p>\n","protected":false},"featured_media":19286,"comment_status":"open","ping_status":"open","template":"","meta":[],"product_cat":[310],"product_tag":[878,660],"class_list":["post-19285","product","type-product","status-publish","has-post-thumbnail","hentry","product_cat-kits","product_tag-anal","product_tag-calexotics"],"bundled_by":[],"bundle_stock_status":"instock","bundle_stock_quantity":4,"bundle_virtual":false,"bundle_layout":"","bundle_add_to_cart_form_location":"","bundle_editable_in_cart":false,"bundle_sold_individually_context":"","bundle_item_grouping":"","bundle_min_size":"","bundle_max_size":"","bundled_items":[],"yoast_head":"<!-- This site is optimized with the Yoast SEO plugin v20.6 - https:\/\/yoast.com\/wordpress\/plugins\/seo\/ -->\n<title>KIT ANAL SILICONA GEMA - Tienda Er\u00f3tica<\/title>\n<meta name=\"robots\" content=\"noindex, follow, max-snippet:-1, max-image-preview:large, max-video-preview:-1\" \/>\n<meta property=\"og:locale\" content=\"es_ES\" \/>\n<meta property=\"og:type\" content=\"article\" \/>\n<meta property=\"og:title\" content=\"KIT ANAL SILICONA GEMA - Tienda Er\u00f3tica\" \/>\n<meta property=\"og:description\" content=\"Abre la puerta de la excitante sensaci\u00f3n anal con el Silicone Gem Anal Exerciser Kit \u2122. Este glamoroso kit incluye\" \/>\n<meta property=\"og:url\" content=\"https:\/\/demoweb.info\/sexshop001\/producto\/kit-anal-silicona-gema\/\" \/>\n<meta property=\"og:site_name\" content=\"Tienda Er\u00f3tica\" \/>\n<meta property=\"og:image\" content=\"https:\/\/demoweb.info\/sexshop001\/wp-content\/uploads\/2022\/01\/KIT-ANAL-SILICONA-GEMA.jpg\" \/>\n\t<meta property=\"og:image:width\" content=\"550\" \/>\n\t<meta property=\"og:image:height\" content=\"550\" \/>\n\t<meta property=\"og:image:type\" content=\"image\/jpeg\" \/>\n<meta name=\"twitter:card\" content=\"summary_large_image\" \/>\n<meta name=\"twitter:label1\" content=\"Tiempo de lectura\" \/>\n\t<meta name=\"twitter:data1\" content=\"1 minuto\" \/>\n<script type=\"application\/ld+json\" class=\"yoast-schema-graph\">{\"@context\":\"https:\/\/schema.org\",\"@graph\":[{\"@type\":\"WebPage\",\"@id\":\"https:\/\/demoweb.info\/sexshop001\/producto\/kit-anal-silicona-gema\/\",\"url\":\"https:\/\/demoweb.info\/sexshop001\/producto\/kit-anal-silicona-gema\/\",\"name\":\"KIT ANAL SILICONA GEMA - Tienda Er\u00f3tica\",\"isPartOf\":{\"@id\":\"https:\/\/demoweb.info\/sexshop001\/#website\"},\"datePublished\":\"2022-01-22T10:00:11+00:00\",\"dateModified\":\"2022-01-22T10:00:11+00:00\",\"breadcrumb\":{\"@id\":\"https:\/\/demoweb.info\/sexshop001\/producto\/kit-anal-silicona-gema\/#breadcrumb\"},\"inLanguage\":\"es\",\"potentialAction\":[{\"@type\":\"ReadAction\",\"target\":[\"https:\/\/demoweb.info\/sexshop001\/producto\/kit-anal-silicona-gema\/\"]}]},{\"@type\":\"BreadcrumbList\",\"@id\":\"https:\/\/demoweb.info\/sexshop001\/producto\/kit-anal-silicona-gema\/#breadcrumb\",\"itemListElement\":[{\"@type\":\"ListItem\",\"position\":1,\"name\":\"Portada\",\"item\":\"https:\/\/demoweb.info\/sexshop001\/\"},{\"@type\":\"ListItem\",\"position\":2,\"name\":\"Tienda\",\"item\":\"https:\/\/demoweb.info\/sexshop001\/tienda\/\"},{\"@type\":\"ListItem\",\"position\":3,\"name\":\"KIT ANAL SILICONA GEMA\"}]},{\"@type\":\"WebSite\",\"@id\":\"https:\/\/demoweb.info\/sexshop001\/#website\",\"url\":\"https:\/\/demoweb.info\/sexshop001\/\",\"name\":\"Tienda Er\u00f3tica\",\"description\":\"DEMOWEB SL\",\"potentialAction\":[{\"@type\":\"SearchAction\",\"target\":{\"@type\":\"EntryPoint\",\"urlTemplate\":\"https:\/\/demoweb.info\/sexshop001\/?s={search_term_string}\"},\"query-input\":\"required name=search_term_string\"}],\"inLanguage\":\"es\"}]}<\/script>\n<!-- \/ Yoast SEO plugin. -->","yoast_head_json":{"title":"KIT ANAL SILICONA GEMA - Tienda Er\u00f3tica","robots":{"index":"noindex","follow":"follow","max-snippet":"max-snippet:-1","max-image-preview":"max-image-preview:large","max-video-preview":"max-video-preview:-1"},"og_locale":"es_ES","og_type":"article","og_title":"KIT ANAL SILICONA GEMA - Tienda Er\u00f3tica","og_description":"Abre la puerta de la excitante sensaci\u00f3n anal con el Silicone Gem Anal Exerciser Kit \u2122. Este glamoroso kit incluye","og_url":"https:\/\/demoweb.info\/sexshop001\/producto\/kit-anal-silicona-gema\/","og_site_name":"Tienda Er\u00f3tica","og_image":[{"width":550,"height":550,"url":"https:\/\/demoweb.info\/sexshop001\/wp-content\/uploads\/2022\/01\/KIT-ANAL-SILICONA-GEMA.jpg","type":"image\/jpeg"}],"twitter_card":"summary_large_image","twitter_misc":{"Tiempo de lectura":"1 minuto"},"schema":{"@context":"https:\/\/schema.org","@graph":[{"@type":"WebPage","@id":"https:\/\/demoweb.info\/sexshop001\/producto\/kit-anal-silicona-gema\/","url":"https:\/\/demoweb.info\/sexshop001\/producto\/kit-anal-silicona-gema\/","name":"KIT ANAL SILICONA GEMA - Tienda Er\u00f3tica","isPartOf":{"@id":"https:\/\/demoweb.info\/sexshop001\/#website"},"datePublished":"2022-01-22T10:00:11+00:00","dateModified":"2022-01-22T10:00:11+00:00","breadcrumb":{"@id":"https:\/\/demoweb.info\/sexshop001\/producto\/kit-anal-silicona-gema\/#breadcrumb"},"inLanguage":"es","potentialAction":[{"@type":"ReadAction","target":["https:\/\/demoweb.info\/sexshop001\/producto\/kit-anal-silicona-gema\/"]}]},{"@type":"BreadcrumbList","@id":"https:\/\/demoweb.info\/sexshop001\/producto\/kit-anal-silicona-gema\/#breadcrumb","itemListElement":[{"@type":"ListItem","position":1,"name":"Portada","item":"https:\/\/demoweb.info\/sexshop001\/"},{"@type":"ListItem","position":2,"name":"Tienda","item":"https:\/\/demoweb.info\/sexshop001\/tienda\/"},{"@type":"ListItem","position":3,"name":"KIT ANAL SILICONA GEMA"}]},{"@type":"WebSite","@id":"https:\/\/demoweb.info\/sexshop001\/#website","url":"https:\/\/demoweb.info\/sexshop001\/","name":"Tienda Er\u00f3tica","description":"DEMOWEB SL","potentialAction":[{"@type":"SearchAction","target":{"@type":"EntryPoint","urlTemplate":"https:\/\/demoweb.info\/sexshop001\/?s={search_term_string}"},"query-input":"required name=search_term_string"}],"inLanguage":"es"}]}},"_links":{"self":[{"href":"https:\/\/demoweb.info\/sexshop001\/wp-json\/wp\/v3\/product\/19285","targetHints":{"allow":["GET"]}}],"collection":[{"href":"https:\/\/demoweb.info\/sexshop001\/wp-json\/wp\/v3\/product"}],"about":[{"href":"https:\/\/demoweb.info\/sexshop001\/wp-json\/wp\/v2\/types\/product"}],"replies":[{"embeddable":true,"href":"https:\/\/demoweb.info\/sexshop001\/wp-json\/wp\/v2\/comments?post=19285"}],"wp:featuredmedia":[{"embeddable":true,"href":"https:\/\/demoweb.info\/sexshop001\/wp-json\/wp\/v2\/media\/19286"}],"wp:attachment":[{"href":"https:\/\/demoweb.info\/sexshop001\/wp-json\/wp\/v2\/media?parent=19285"}],"wp:term":[{"taxonomy":"product_cat","embeddable":true,"href":"https:\/\/demoweb.info\/sexshop001\/wp-json\/wp\/v2\/product_cat?post=19285"},{"taxonomy":"product_tag","embeddable":true,"href":"https:\/\/demoweb.info\/sexshop001\/wp-json\/wp\/v2\/product_tag?post=19285"}],"curies":[{"name":"wp","href":"https:\/\/api.w.org\/{rel}","templated":true}]}}