{"id":19233,"date":"2022-01-22T10:59:27","date_gmt":"2022-01-22T09:59:27","guid":{"rendered":"https:\/\/demoweb.info\/sexshop001\/producto\/plug-silicona-inflable-largo\/"},"modified":"2022-01-22T10:59:45","modified_gmt":"2022-01-22T09:59:45","slug":"plug-silicona-inflable-largo","status":"publish","type":"product","link":"https:\/\/demoweb.info\/sexshop001\/producto\/plug-silicona-inflable-largo\/","title":{"rendered":"PLUG SILICONA INFLABLE LARGO"},"content":{"rendered":"<p><strong>Large Silicone Inflatable Plug<\/strong><\/p>\n<p>El tap\u00f3n inflable de silicona grande CalExotics es una sonda anal \u00fanica en su tipo con cuerpo inflable, bulbo de f\u00e1cil apretado y manguera desmontable.<br \/>\n\u00a1La sonda permanece inflada incluso cuando se quita la manguera! Para inflar simplemente conecta la manguera y presiona la perilla de f\u00e1cil compresi\u00f3n.<br \/>\nUna vez que haya alcanzado el tama\u00f1o deseado, la sonda mantendr\u00e1 su tama\u00f1o incluso cuando se quita la manguera y el bot\u00f3n de liberaci\u00f3n r\u00e1pida de aire permite desinflar y quitar suavemente.<br \/>\nPara disfrutar al m\u00e1ximo del estimulante mundo del placer anal, la inserci\u00f3n f\u00e1cil y la estimulaci\u00f3n sensual es la clave del \u00e9xito.<br \/>\nLa sonda de silicona c\u00f3nica tiene la cantidad perfecta de flexibilidad para doblarse y moverse naturalmente con tu cuerpo.<br \/>\nPuedes usarlo con o sin arn\u00e9s o se puede montar en una superficie plana para una perversa buen tiempo. La sonda flexible, la manguera y el bulbo est\u00e1n hechos de silicona sin costuras con v\u00e1lvulas de liberaci\u00f3n de pl\u00e1stico ABS. El tap\u00f3n de silicona tiene un tama\u00f1o total de 13,25 cm x 3,75 cm.<\/p>\n<p><strong>Longitud total <\/strong>   13.25 x 3.75 cm <br \/>\n<strong>Impermeable    <\/strong>SI <br \/>\n<strong>Bodysafe    <\/strong>SI <br \/>\n<strong>Material    <\/strong>Silicona , ABS <br \/>\n<strong>Ventosa   <\/strong>SI <\/p>\n","protected":false},"excerpt":{"rendered":"<p>Large Silicone Inflatable Plug El tap\u00f3n inflable de silicona grande CalExotics es una sonda anal \u00fanica en su tipo con<\/p>\n","protected":false},"featured_media":19234,"comment_status":"open","ping_status":"open","template":"","meta":[],"product_cat":[279],"product_tag":[878,660],"class_list":["post-19233","product","type-product","status-publish","has-post-thumbnail","hentry","product_cat-plugs","product_tag-anal","product_tag-calexotics"],"bundled_by":[],"bundle_stock_status":"instock","bundle_stock_quantity":1,"bundle_virtual":false,"bundle_layout":"","bundle_add_to_cart_form_location":"","bundle_editable_in_cart":false,"bundle_sold_individually_context":"","bundle_item_grouping":"","bundle_min_size":"","bundle_max_size":"","bundled_items":[],"yoast_head":"<!-- This site is optimized with the Yoast SEO plugin v20.6 - https:\/\/yoast.com\/wordpress\/plugins\/seo\/ -->\n<title>PLUG SILICONA INFLABLE LARGO - Tienda Er\u00f3tica<\/title>\n<meta name=\"robots\" content=\"noindex, follow, max-snippet:-1, max-image-preview:large, max-video-preview:-1\" \/>\n<meta property=\"og:locale\" content=\"es_ES\" \/>\n<meta property=\"og:type\" content=\"article\" \/>\n<meta property=\"og:title\" content=\"PLUG SILICONA INFLABLE LARGO - Tienda Er\u00f3tica\" \/>\n<meta property=\"og:description\" content=\"Large Silicone Inflatable Plug El tap\u00f3n inflable de silicona grande CalExotics es una sonda anal \u00fanica en su tipo con\" \/>\n<meta property=\"og:url\" content=\"https:\/\/demoweb.info\/sexshop001\/producto\/plug-silicona-inflable-largo\/\" \/>\n<meta property=\"og:site_name\" content=\"Tienda Er\u00f3tica\" \/>\n<meta property=\"article:modified_time\" content=\"2022-01-22T09:59:45+00:00\" \/>\n<meta property=\"og:image\" content=\"https:\/\/demoweb.info\/sexshop001\/wp-content\/uploads\/2022\/01\/PLUG-SILICONA-INFLABLE-LARGO.jpg\" \/>\n\t<meta property=\"og:image:width\" content=\"550\" \/>\n\t<meta property=\"og:image:height\" content=\"550\" \/>\n\t<meta property=\"og:image:type\" content=\"image\/jpeg\" \/>\n<meta name=\"twitter:card\" content=\"summary_large_image\" \/>\n<meta name=\"twitter:label1\" content=\"Tiempo de lectura\" \/>\n\t<meta name=\"twitter:data1\" content=\"1 minuto\" \/>\n<script type=\"application\/ld+json\" class=\"yoast-schema-graph\">{\"@context\":\"https:\/\/schema.org\",\"@graph\":[{\"@type\":\"WebPage\",\"@id\":\"https:\/\/demoweb.info\/sexshop001\/producto\/plug-silicona-inflable-largo\/\",\"url\":\"https:\/\/demoweb.info\/sexshop001\/producto\/plug-silicona-inflable-largo\/\",\"name\":\"PLUG SILICONA INFLABLE LARGO - Tienda Er\u00f3tica\",\"isPartOf\":{\"@id\":\"https:\/\/demoweb.info\/sexshop001\/#website\"},\"datePublished\":\"2022-01-22T09:59:27+00:00\",\"dateModified\":\"2022-01-22T09:59:45+00:00\",\"breadcrumb\":{\"@id\":\"https:\/\/demoweb.info\/sexshop001\/producto\/plug-silicona-inflable-largo\/#breadcrumb\"},\"inLanguage\":\"es\",\"potentialAction\":[{\"@type\":\"ReadAction\",\"target\":[\"https:\/\/demoweb.info\/sexshop001\/producto\/plug-silicona-inflable-largo\/\"]}]},{\"@type\":\"BreadcrumbList\",\"@id\":\"https:\/\/demoweb.info\/sexshop001\/producto\/plug-silicona-inflable-largo\/#breadcrumb\",\"itemListElement\":[{\"@type\":\"ListItem\",\"position\":1,\"name\":\"Portada\",\"item\":\"https:\/\/demoweb.info\/sexshop001\/\"},{\"@type\":\"ListItem\",\"position\":2,\"name\":\"Tienda\",\"item\":\"https:\/\/demoweb.info\/sexshop001\/tienda\/\"},{\"@type\":\"ListItem\",\"position\":3,\"name\":\"PLUG SILICONA INFLABLE LARGO\"}]},{\"@type\":\"WebSite\",\"@id\":\"https:\/\/demoweb.info\/sexshop001\/#website\",\"url\":\"https:\/\/demoweb.info\/sexshop001\/\",\"name\":\"Tienda Er\u00f3tica\",\"description\":\"DEMOWEB SL\",\"potentialAction\":[{\"@type\":\"SearchAction\",\"target\":{\"@type\":\"EntryPoint\",\"urlTemplate\":\"https:\/\/demoweb.info\/sexshop001\/?s={search_term_string}\"},\"query-input\":\"required name=search_term_string\"}],\"inLanguage\":\"es\"}]}<\/script>\n<!-- \/ Yoast SEO plugin. -->","yoast_head_json":{"title":"PLUG SILICONA INFLABLE LARGO - Tienda Er\u00f3tica","robots":{"index":"noindex","follow":"follow","max-snippet":"max-snippet:-1","max-image-preview":"max-image-preview:large","max-video-preview":"max-video-preview:-1"},"og_locale":"es_ES","og_type":"article","og_title":"PLUG SILICONA INFLABLE LARGO - Tienda Er\u00f3tica","og_description":"Large Silicone Inflatable Plug El tap\u00f3n inflable de silicona grande CalExotics es una sonda anal \u00fanica en su tipo con","og_url":"https:\/\/demoweb.info\/sexshop001\/producto\/plug-silicona-inflable-largo\/","og_site_name":"Tienda Er\u00f3tica","article_modified_time":"2022-01-22T09:59:45+00:00","og_image":[{"width":550,"height":550,"url":"https:\/\/demoweb.info\/sexshop001\/wp-content\/uploads\/2022\/01\/PLUG-SILICONA-INFLABLE-LARGO.jpg","type":"image\/jpeg"}],"twitter_card":"summary_large_image","twitter_misc":{"Tiempo de lectura":"1 minuto"},"schema":{"@context":"https:\/\/schema.org","@graph":[{"@type":"WebPage","@id":"https:\/\/demoweb.info\/sexshop001\/producto\/plug-silicona-inflable-largo\/","url":"https:\/\/demoweb.info\/sexshop001\/producto\/plug-silicona-inflable-largo\/","name":"PLUG SILICONA INFLABLE LARGO - Tienda Er\u00f3tica","isPartOf":{"@id":"https:\/\/demoweb.info\/sexshop001\/#website"},"datePublished":"2022-01-22T09:59:27+00:00","dateModified":"2022-01-22T09:59:45+00:00","breadcrumb":{"@id":"https:\/\/demoweb.info\/sexshop001\/producto\/plug-silicona-inflable-largo\/#breadcrumb"},"inLanguage":"es","potentialAction":[{"@type":"ReadAction","target":["https:\/\/demoweb.info\/sexshop001\/producto\/plug-silicona-inflable-largo\/"]}]},{"@type":"BreadcrumbList","@id":"https:\/\/demoweb.info\/sexshop001\/producto\/plug-silicona-inflable-largo\/#breadcrumb","itemListElement":[{"@type":"ListItem","position":1,"name":"Portada","item":"https:\/\/demoweb.info\/sexshop001\/"},{"@type":"ListItem","position":2,"name":"Tienda","item":"https:\/\/demoweb.info\/sexshop001\/tienda\/"},{"@type":"ListItem","position":3,"name":"PLUG SILICONA INFLABLE LARGO"}]},{"@type":"WebSite","@id":"https:\/\/demoweb.info\/sexshop001\/#website","url":"https:\/\/demoweb.info\/sexshop001\/","name":"Tienda Er\u00f3tica","description":"DEMOWEB SL","potentialAction":[{"@type":"SearchAction","target":{"@type":"EntryPoint","urlTemplate":"https:\/\/demoweb.info\/sexshop001\/?s={search_term_string}"},"query-input":"required name=search_term_string"}],"inLanguage":"es"}]}},"_links":{"self":[{"href":"https:\/\/demoweb.info\/sexshop001\/wp-json\/wp\/v3\/product\/19233","targetHints":{"allow":["GET"]}}],"collection":[{"href":"https:\/\/demoweb.info\/sexshop001\/wp-json\/wp\/v3\/product"}],"about":[{"href":"https:\/\/demoweb.info\/sexshop001\/wp-json\/wp\/v2\/types\/product"}],"replies":[{"embeddable":true,"href":"https:\/\/demoweb.info\/sexshop001\/wp-json\/wp\/v2\/comments?post=19233"}],"wp:featuredmedia":[{"embeddable":true,"href":"https:\/\/demoweb.info\/sexshop001\/wp-json\/wp\/v2\/media\/19234"}],"wp:attachment":[{"href":"https:\/\/demoweb.info\/sexshop001\/wp-json\/wp\/v2\/media?parent=19233"}],"wp:term":[{"taxonomy":"product_cat","embeddable":true,"href":"https:\/\/demoweb.info\/sexshop001\/wp-json\/wp\/v2\/product_cat?post=19233"},{"taxonomy":"product_tag","embeddable":true,"href":"https:\/\/demoweb.info\/sexshop001\/wp-json\/wp\/v2\/product_tag?post=19233"}],"curies":[{"name":"wp","href":"https:\/\/api.w.org\/{rel}","templated":true}]}}