{"id":19212,"date":"2022-01-22T10:59:27","date_gmt":"2022-01-22T09:59:27","guid":{"rendered":"https:\/\/demoweb.info\/sexshop001\/producto\/plug-de-doble-superficie-executive\/"},"modified":"2022-01-22T10:59:37","modified_gmt":"2022-01-22T09:59:37","slug":"plug-de-doble-superficie-executive","status":"publish","type":"product","link":"https:\/\/demoweb.info\/sexshop001\/producto\/plug-de-doble-superficie-executive\/","title":{"rendered":"PLUG DE DOBLE SUPERFICIE EXECUTIVE"},"content":{"rendered":"<p><strong>EXECUTIVE PLUG<\/strong><\/p>\n<p>D\u00e9jate llevar por el \u00e9xtasis de la estimulaci\u00f3n mejorada con el CalExotics Executive Plug de doble superficie. Este apasionado plugs est\u00e1 hecho para un placer aerodin\u00e1mico con una emocionante punta de metal, una sonda suavemente c\u00f3nica y una base con brida EZ Grip para una inserci\u00f3n, estimulaci\u00f3n y extracci\u00f3n sin esfuerzo.<\/p>\n<p>La elegante sonda aumenta gradualmente de circunferencia para permitirle disfrutar de cualquier nivel de juego anal. Mientras disfruta de sensaciones que te hacen temblar las rodillas, usa la base con bridas para una estimulaci\u00f3n humeante, una inserci\u00f3n sin esfuerzo y una extracci\u00f3n suave. La sonda flexible est\u00e1 hecha de silicona segura para el cuerpo y aleaci\u00f3n de zinc sin n\u00edquel. Estos materiales seguros para el cuerpo no tienen perfume ni ftalatos para mantener sus puntos m\u00e1s sensibles felices y saludables.<\/p>\n<p><strong>Longitud total: <\/strong>11.50 x 3.75 cm<br \/>\n<strong>Impermeable: <\/strong> Si<br \/>\n<strong>Bodysafe : <\/strong>Si<br \/>\n<strong>Material: <\/strong>Nickel-Free Zinc Alloy (probe) Silicone (base)\n <\/p>\n","protected":false},"excerpt":{"rendered":"<p>EXECUTIVE PLUG D\u00e9jate llevar por el \u00e9xtasis de la estimulaci\u00f3n mejorada con el CalExotics Executive Plug de doble superficie. Este<\/p>\n","protected":false},"featured_media":19213,"comment_status":"open","ping_status":"open","template":"","meta":[],"product_cat":[464],"product_tag":[878,660],"class_list":["post-19212","product","type-product","status-publish","has-post-thumbnail","hentry","product_cat-metal-plugs","product_tag-anal","product_tag-calexotics"],"bundled_by":[],"bundle_stock_status":"instock","bundle_stock_quantity":2,"bundle_virtual":false,"bundle_layout":"","bundle_add_to_cart_form_location":"","bundle_editable_in_cart":false,"bundle_sold_individually_context":"","bundle_item_grouping":"","bundle_min_size":"","bundle_max_size":"","bundled_items":[],"yoast_head":"<!-- This site is optimized with the Yoast SEO plugin v20.6 - https:\/\/yoast.com\/wordpress\/plugins\/seo\/ -->\n<title>PLUG DE DOBLE SUPERFICIE EXECUTIVE - Tienda Er\u00f3tica<\/title>\n<meta name=\"robots\" content=\"noindex, follow, max-snippet:-1, max-image-preview:large, max-video-preview:-1\" \/>\n<meta property=\"og:locale\" content=\"es_ES\" \/>\n<meta property=\"og:type\" content=\"article\" \/>\n<meta property=\"og:title\" content=\"PLUG DE DOBLE SUPERFICIE EXECUTIVE - Tienda Er\u00f3tica\" \/>\n<meta property=\"og:description\" content=\"EXECUTIVE PLUG D\u00e9jate llevar por el \u00e9xtasis de la estimulaci\u00f3n mejorada con el CalExotics Executive Plug de doble superficie. Este\" \/>\n<meta property=\"og:url\" content=\"https:\/\/demoweb.info\/sexshop001\/producto\/plug-de-doble-superficie-executive\/\" \/>\n<meta property=\"og:site_name\" content=\"Tienda Er\u00f3tica\" \/>\n<meta property=\"article:modified_time\" content=\"2022-01-22T09:59:37+00:00\" \/>\n<meta property=\"og:image\" content=\"https:\/\/demoweb.info\/sexshop001\/wp-content\/uploads\/2022\/01\/PLUG-DE-DOBLE-SUPERFICIE-EXECUTIVE.jpg\" \/>\n\t<meta property=\"og:image:width\" content=\"550\" \/>\n\t<meta property=\"og:image:height\" content=\"550\" \/>\n\t<meta property=\"og:image:type\" content=\"image\/jpeg\" \/>\n<meta name=\"twitter:card\" content=\"summary_large_image\" \/>\n<meta name=\"twitter:label1\" content=\"Tiempo de lectura\" \/>\n\t<meta name=\"twitter:data1\" content=\"1 minuto\" \/>\n<script type=\"application\/ld+json\" class=\"yoast-schema-graph\">{\"@context\":\"https:\/\/schema.org\",\"@graph\":[{\"@type\":\"WebPage\",\"@id\":\"https:\/\/demoweb.info\/sexshop001\/producto\/plug-de-doble-superficie-executive\/\",\"url\":\"https:\/\/demoweb.info\/sexshop001\/producto\/plug-de-doble-superficie-executive\/\",\"name\":\"PLUG DE DOBLE SUPERFICIE EXECUTIVE - Tienda Er\u00f3tica\",\"isPartOf\":{\"@id\":\"https:\/\/demoweb.info\/sexshop001\/#website\"},\"datePublished\":\"2022-01-22T09:59:27+00:00\",\"dateModified\":\"2022-01-22T09:59:37+00:00\",\"breadcrumb\":{\"@id\":\"https:\/\/demoweb.info\/sexshop001\/producto\/plug-de-doble-superficie-executive\/#breadcrumb\"},\"inLanguage\":\"es\",\"potentialAction\":[{\"@type\":\"ReadAction\",\"target\":[\"https:\/\/demoweb.info\/sexshop001\/producto\/plug-de-doble-superficie-executive\/\"]}]},{\"@type\":\"BreadcrumbList\",\"@id\":\"https:\/\/demoweb.info\/sexshop001\/producto\/plug-de-doble-superficie-executive\/#breadcrumb\",\"itemListElement\":[{\"@type\":\"ListItem\",\"position\":1,\"name\":\"Portada\",\"item\":\"https:\/\/demoweb.info\/sexshop001\/\"},{\"@type\":\"ListItem\",\"position\":2,\"name\":\"Tienda\",\"item\":\"https:\/\/demoweb.info\/sexshop001\/tienda\/\"},{\"@type\":\"ListItem\",\"position\":3,\"name\":\"PLUG DE DOBLE SUPERFICIE EXECUTIVE\"}]},{\"@type\":\"WebSite\",\"@id\":\"https:\/\/demoweb.info\/sexshop001\/#website\",\"url\":\"https:\/\/demoweb.info\/sexshop001\/\",\"name\":\"Tienda Er\u00f3tica\",\"description\":\"DEMOWEB SL\",\"potentialAction\":[{\"@type\":\"SearchAction\",\"target\":{\"@type\":\"EntryPoint\",\"urlTemplate\":\"https:\/\/demoweb.info\/sexshop001\/?s={search_term_string}\"},\"query-input\":\"required name=search_term_string\"}],\"inLanguage\":\"es\"}]}<\/script>\n<!-- \/ Yoast SEO plugin. -->","yoast_head_json":{"title":"PLUG DE DOBLE SUPERFICIE EXECUTIVE - Tienda Er\u00f3tica","robots":{"index":"noindex","follow":"follow","max-snippet":"max-snippet:-1","max-image-preview":"max-image-preview:large","max-video-preview":"max-video-preview:-1"},"og_locale":"es_ES","og_type":"article","og_title":"PLUG DE DOBLE SUPERFICIE EXECUTIVE - Tienda Er\u00f3tica","og_description":"EXECUTIVE PLUG D\u00e9jate llevar por el \u00e9xtasis de la estimulaci\u00f3n mejorada con el CalExotics Executive Plug de doble superficie. Este","og_url":"https:\/\/demoweb.info\/sexshop001\/producto\/plug-de-doble-superficie-executive\/","og_site_name":"Tienda Er\u00f3tica","article_modified_time":"2022-01-22T09:59:37+00:00","og_image":[{"width":550,"height":550,"url":"https:\/\/demoweb.info\/sexshop001\/wp-content\/uploads\/2022\/01\/PLUG-DE-DOBLE-SUPERFICIE-EXECUTIVE.jpg","type":"image\/jpeg"}],"twitter_card":"summary_large_image","twitter_misc":{"Tiempo de lectura":"1 minuto"},"schema":{"@context":"https:\/\/schema.org","@graph":[{"@type":"WebPage","@id":"https:\/\/demoweb.info\/sexshop001\/producto\/plug-de-doble-superficie-executive\/","url":"https:\/\/demoweb.info\/sexshop001\/producto\/plug-de-doble-superficie-executive\/","name":"PLUG DE DOBLE SUPERFICIE EXECUTIVE - Tienda Er\u00f3tica","isPartOf":{"@id":"https:\/\/demoweb.info\/sexshop001\/#website"},"datePublished":"2022-01-22T09:59:27+00:00","dateModified":"2022-01-22T09:59:37+00:00","breadcrumb":{"@id":"https:\/\/demoweb.info\/sexshop001\/producto\/plug-de-doble-superficie-executive\/#breadcrumb"},"inLanguage":"es","potentialAction":[{"@type":"ReadAction","target":["https:\/\/demoweb.info\/sexshop001\/producto\/plug-de-doble-superficie-executive\/"]}]},{"@type":"BreadcrumbList","@id":"https:\/\/demoweb.info\/sexshop001\/producto\/plug-de-doble-superficie-executive\/#breadcrumb","itemListElement":[{"@type":"ListItem","position":1,"name":"Portada","item":"https:\/\/demoweb.info\/sexshop001\/"},{"@type":"ListItem","position":2,"name":"Tienda","item":"https:\/\/demoweb.info\/sexshop001\/tienda\/"},{"@type":"ListItem","position":3,"name":"PLUG DE DOBLE SUPERFICIE EXECUTIVE"}]},{"@type":"WebSite","@id":"https:\/\/demoweb.info\/sexshop001\/#website","url":"https:\/\/demoweb.info\/sexshop001\/","name":"Tienda Er\u00f3tica","description":"DEMOWEB SL","potentialAction":[{"@type":"SearchAction","target":{"@type":"EntryPoint","urlTemplate":"https:\/\/demoweb.info\/sexshop001\/?s={search_term_string}"},"query-input":"required name=search_term_string"}],"inLanguage":"es"}]}},"_links":{"self":[{"href":"https:\/\/demoweb.info\/sexshop001\/wp-json\/wp\/v3\/product\/19212","targetHints":{"allow":["GET"]}}],"collection":[{"href":"https:\/\/demoweb.info\/sexshop001\/wp-json\/wp\/v3\/product"}],"about":[{"href":"https:\/\/demoweb.info\/sexshop001\/wp-json\/wp\/v2\/types\/product"}],"replies":[{"embeddable":true,"href":"https:\/\/demoweb.info\/sexshop001\/wp-json\/wp\/v2\/comments?post=19212"}],"wp:featuredmedia":[{"embeddable":true,"href":"https:\/\/demoweb.info\/sexshop001\/wp-json\/wp\/v2\/media\/19213"}],"wp:attachment":[{"href":"https:\/\/demoweb.info\/sexshop001\/wp-json\/wp\/v2\/media?parent=19212"}],"wp:term":[{"taxonomy":"product_cat","embeddable":true,"href":"https:\/\/demoweb.info\/sexshop001\/wp-json\/wp\/v2\/product_cat?post=19212"},{"taxonomy":"product_tag","embeddable":true,"href":"https:\/\/demoweb.info\/sexshop001\/wp-json\/wp\/v2\/product_tag?post=19212"}],"curies":[{"name":"wp","href":"https:\/\/api.w.org\/{rel}","templated":true}]}}