{"id":19190,"date":"2022-01-22T10:59:27","date_gmt":"2022-01-22T09:59:27","guid":{"rendered":"https:\/\/demoweb.info\/sexshop001\/producto\/mini-vibro-tease-plug-vibrador-gris\/"},"modified":"2022-01-22T10:59:27","modified_gmt":"2022-01-22T09:59:27","slug":"mini-vibro-tease-plug-vibrador-gris","status":"publish","type":"product","link":"https:\/\/demoweb.info\/sexshop001\/producto\/mini-vibro-tease-plug-vibrador-gris\/","title":{"rendered":"MINI VIBRO TEASE &#8211; PLUG VIBRADOR GRIS"},"content":{"rendered":"<p><strong>MINI VIBRO TEASE<\/strong><\/p>\n<p>Obt\u00e9n tus vibraciones con estilo con el ultramoderno Mini Vibro Tease \u2122. Este es posiblemente nuestro dispositivo de sonda anal de aspecto m\u00e1s elegante en todo nuestro cat\u00e1logo.<\/p>\n<p>El sextoy anal vibrante y elegante rezuma estilo, y todo se debe a la carcasa transparente de TPR y al estimulador vibratorio plateado. Ser\u00e1s el due\u00f1o de tu placer cuando saques este peque\u00f1o diamante de tu bolso.<\/p>\n<p>El tap\u00f3n anal mide 10 cm de largo y un ancho delgado de 3 cm, lo que lo convierte en un dispositivo discreto que puedes llevar a donde quieras. El estimulador vibratorio es r\u00e1pido y f\u00e1cil de quitar de la carcasa. Esto no solo hace que el vibrador sea un producto vers\u00e1til, sino que tambi\u00e9n lo hace incre\u00edblemente vers\u00e1til. Adem\u00e1s, es resistente al agua, es divertido de usar en la ducha o el ba\u00f1o, y es f\u00e1cil de limpiar a fondo despu\u00e9s de su uso, manteniendo su aspecto elegante en todo momento.<\/p>\n<p>Recomendamos que uses este tap\u00f3n con base bridada junto con tus lubricantes a base de agua favoritos, para permitir la f\u00e1cil inserci\u00f3n y extracci\u00f3n, y m\u00e1s concretamente, para mejorar el placer que le brindar\u00e1 este peque\u00f1o y sorprendente juguete sexual. Prep\u00e1rese para el orgasmo con estilo con el Mini Vibro Tease \u2122.<\/p>\n<ul>\n<li>Medidas: 10 x 3 cm<\/li>\n<li>Impermeable<\/li>\n<li>Material: Caucho termopl\u00e1stico<\/li>\n<li>Funciona con 3 pilas LR44<\/li>\n<li>Pilas incluidas<\/li>\n<\/ul>\n","protected":false},"excerpt":{"rendered":"<p>MINI VIBRO TEASE Obt\u00e9n tus vibraciones con estilo con el ultramoderno Mini Vibro Tease \u2122. Este es posiblemente nuestro dispositivo<\/p>\n","protected":false},"featured_media":19191,"comment_status":"open","ping_status":"open","template":"","meta":[],"product_cat":[295],"product_tag":[878,660],"class_list":["post-19190","product","type-product","status-publish","has-post-thumbnail","hentry","product_cat-vibradores-plugs","product_tag-anal","product_tag-calexotics"],"bundled_by":[],"bundle_stock_status":"instock","bundle_stock_quantity":5,"bundle_virtual":false,"bundle_layout":"","bundle_add_to_cart_form_location":"","bundle_editable_in_cart":false,"bundle_sold_individually_context":"","bundle_item_grouping":"","bundle_min_size":"","bundle_max_size":"","bundled_items":[],"yoast_head":"<!-- This site is optimized with the Yoast SEO plugin v20.6 - https:\/\/yoast.com\/wordpress\/plugins\/seo\/ -->\n<title>MINI VIBRO TEASE - PLUG VIBRADOR GRIS - Tienda Er\u00f3tica<\/title>\n<meta name=\"robots\" content=\"noindex, follow, max-snippet:-1, max-image-preview:large, max-video-preview:-1\" \/>\n<meta property=\"og:locale\" content=\"es_ES\" \/>\n<meta property=\"og:type\" content=\"article\" \/>\n<meta property=\"og:title\" content=\"MINI VIBRO TEASE - PLUG VIBRADOR GRIS - Tienda Er\u00f3tica\" \/>\n<meta property=\"og:description\" content=\"MINI VIBRO TEASE Obt\u00e9n tus vibraciones con estilo con el ultramoderno Mini Vibro Tease \u2122. Este es posiblemente nuestro dispositivo\" \/>\n<meta property=\"og:url\" content=\"https:\/\/demoweb.info\/sexshop001\/producto\/mini-vibro-tease-plug-vibrador-gris\/\" \/>\n<meta property=\"og:site_name\" content=\"Tienda Er\u00f3tica\" \/>\n<meta property=\"og:image\" content=\"https:\/\/demoweb.info\/sexshop001\/wp-content\/uploads\/2022\/01\/MINI-VIBRO-TEASE-PLUG-VIBRADOR-GRIS.jpg\" \/>\n\t<meta property=\"og:image:width\" content=\"550\" \/>\n\t<meta property=\"og:image:height\" content=\"550\" \/>\n\t<meta property=\"og:image:type\" content=\"image\/jpeg\" \/>\n<meta name=\"twitter:card\" content=\"summary_large_image\" \/>\n<meta name=\"twitter:label1\" content=\"Tiempo de lectura\" \/>\n\t<meta name=\"twitter:data1\" content=\"1 minuto\" \/>\n<script type=\"application\/ld+json\" class=\"yoast-schema-graph\">{\"@context\":\"https:\/\/schema.org\",\"@graph\":[{\"@type\":\"WebPage\",\"@id\":\"https:\/\/demoweb.info\/sexshop001\/producto\/mini-vibro-tease-plug-vibrador-gris\/\",\"url\":\"https:\/\/demoweb.info\/sexshop001\/producto\/mini-vibro-tease-plug-vibrador-gris\/\",\"name\":\"MINI VIBRO TEASE - PLUG VIBRADOR GRIS - Tienda Er\u00f3tica\",\"isPartOf\":{\"@id\":\"https:\/\/demoweb.info\/sexshop001\/#website\"},\"datePublished\":\"2022-01-22T09:59:27+00:00\",\"dateModified\":\"2022-01-22T09:59:27+00:00\",\"breadcrumb\":{\"@id\":\"https:\/\/demoweb.info\/sexshop001\/producto\/mini-vibro-tease-plug-vibrador-gris\/#breadcrumb\"},\"inLanguage\":\"es\",\"potentialAction\":[{\"@type\":\"ReadAction\",\"target\":[\"https:\/\/demoweb.info\/sexshop001\/producto\/mini-vibro-tease-plug-vibrador-gris\/\"]}]},{\"@type\":\"BreadcrumbList\",\"@id\":\"https:\/\/demoweb.info\/sexshop001\/producto\/mini-vibro-tease-plug-vibrador-gris\/#breadcrumb\",\"itemListElement\":[{\"@type\":\"ListItem\",\"position\":1,\"name\":\"Portada\",\"item\":\"https:\/\/demoweb.info\/sexshop001\/\"},{\"@type\":\"ListItem\",\"position\":2,\"name\":\"Tienda\",\"item\":\"https:\/\/demoweb.info\/sexshop001\/tienda\/\"},{\"@type\":\"ListItem\",\"position\":3,\"name\":\"MINI VIBRO TEASE &#8211; PLUG VIBRADOR GRIS\"}]},{\"@type\":\"WebSite\",\"@id\":\"https:\/\/demoweb.info\/sexshop001\/#website\",\"url\":\"https:\/\/demoweb.info\/sexshop001\/\",\"name\":\"Tienda Er\u00f3tica\",\"description\":\"DEMOWEB SL\",\"potentialAction\":[{\"@type\":\"SearchAction\",\"target\":{\"@type\":\"EntryPoint\",\"urlTemplate\":\"https:\/\/demoweb.info\/sexshop001\/?s={search_term_string}\"},\"query-input\":\"required name=search_term_string\"}],\"inLanguage\":\"es\"}]}<\/script>\n<!-- \/ Yoast SEO plugin. -->","yoast_head_json":{"title":"MINI VIBRO TEASE - PLUG VIBRADOR GRIS - Tienda Er\u00f3tica","robots":{"index":"noindex","follow":"follow","max-snippet":"max-snippet:-1","max-image-preview":"max-image-preview:large","max-video-preview":"max-video-preview:-1"},"og_locale":"es_ES","og_type":"article","og_title":"MINI VIBRO TEASE - PLUG VIBRADOR GRIS - Tienda Er\u00f3tica","og_description":"MINI VIBRO TEASE Obt\u00e9n tus vibraciones con estilo con el ultramoderno Mini Vibro Tease \u2122. Este es posiblemente nuestro dispositivo","og_url":"https:\/\/demoweb.info\/sexshop001\/producto\/mini-vibro-tease-plug-vibrador-gris\/","og_site_name":"Tienda Er\u00f3tica","og_image":[{"width":550,"height":550,"url":"https:\/\/demoweb.info\/sexshop001\/wp-content\/uploads\/2022\/01\/MINI-VIBRO-TEASE-PLUG-VIBRADOR-GRIS.jpg","type":"image\/jpeg"}],"twitter_card":"summary_large_image","twitter_misc":{"Tiempo de lectura":"1 minuto"},"schema":{"@context":"https:\/\/schema.org","@graph":[{"@type":"WebPage","@id":"https:\/\/demoweb.info\/sexshop001\/producto\/mini-vibro-tease-plug-vibrador-gris\/","url":"https:\/\/demoweb.info\/sexshop001\/producto\/mini-vibro-tease-plug-vibrador-gris\/","name":"MINI VIBRO TEASE - PLUG VIBRADOR GRIS - Tienda Er\u00f3tica","isPartOf":{"@id":"https:\/\/demoweb.info\/sexshop001\/#website"},"datePublished":"2022-01-22T09:59:27+00:00","dateModified":"2022-01-22T09:59:27+00:00","breadcrumb":{"@id":"https:\/\/demoweb.info\/sexshop001\/producto\/mini-vibro-tease-plug-vibrador-gris\/#breadcrumb"},"inLanguage":"es","potentialAction":[{"@type":"ReadAction","target":["https:\/\/demoweb.info\/sexshop001\/producto\/mini-vibro-tease-plug-vibrador-gris\/"]}]},{"@type":"BreadcrumbList","@id":"https:\/\/demoweb.info\/sexshop001\/producto\/mini-vibro-tease-plug-vibrador-gris\/#breadcrumb","itemListElement":[{"@type":"ListItem","position":1,"name":"Portada","item":"https:\/\/demoweb.info\/sexshop001\/"},{"@type":"ListItem","position":2,"name":"Tienda","item":"https:\/\/demoweb.info\/sexshop001\/tienda\/"},{"@type":"ListItem","position":3,"name":"MINI VIBRO TEASE &#8211; PLUG VIBRADOR GRIS"}]},{"@type":"WebSite","@id":"https:\/\/demoweb.info\/sexshop001\/#website","url":"https:\/\/demoweb.info\/sexshop001\/","name":"Tienda Er\u00f3tica","description":"DEMOWEB SL","potentialAction":[{"@type":"SearchAction","target":{"@type":"EntryPoint","urlTemplate":"https:\/\/demoweb.info\/sexshop001\/?s={search_term_string}"},"query-input":"required name=search_term_string"}],"inLanguage":"es"}]}},"_links":{"self":[{"href":"https:\/\/demoweb.info\/sexshop001\/wp-json\/wp\/v3\/product\/19190","targetHints":{"allow":["GET"]}}],"collection":[{"href":"https:\/\/demoweb.info\/sexshop001\/wp-json\/wp\/v3\/product"}],"about":[{"href":"https:\/\/demoweb.info\/sexshop001\/wp-json\/wp\/v2\/types\/product"}],"replies":[{"embeddable":true,"href":"https:\/\/demoweb.info\/sexshop001\/wp-json\/wp\/v2\/comments?post=19190"}],"wp:featuredmedia":[{"embeddable":true,"href":"https:\/\/demoweb.info\/sexshop001\/wp-json\/wp\/v2\/media\/19191"}],"wp:attachment":[{"href":"https:\/\/demoweb.info\/sexshop001\/wp-json\/wp\/v2\/media?parent=19190"}],"wp:term":[{"taxonomy":"product_cat","embeddable":true,"href":"https:\/\/demoweb.info\/sexshop001\/wp-json\/wp\/v2\/product_cat?post=19190"},{"taxonomy":"product_tag","embeddable":true,"href":"https:\/\/demoweb.info\/sexshop001\/wp-json\/wp\/v2\/product_tag?post=19190"}],"curies":[{"name":"wp","href":"https:\/\/api.w.org\/{rel}","templated":true}]}}