{"id":19181,"date":"2022-01-22T10:58:59","date_gmt":"2022-01-22T09:58:59","guid":{"rendered":"https:\/\/demoweb.info\/sexshop001\/producto\/the-naughty-birthday-kit\/"},"modified":"2022-01-22T10:59:21","modified_gmt":"2022-01-22T09:59:21","slug":"the-naughty-birthday-kit","status":"publish","type":"product","link":"https:\/\/demoweb.info\/sexshop001\/producto\/the-naughty-birthday-kit\/","title":{"rendered":"THE NAUGHTY BIRTHDAY KIT"},"content":{"rendered":"<p><strong>The Naughty Birthday Kit<\/strong><\/p>\n<p>\u00a1Feliz cumplea\u00f1os!<br \/>\nVamos a darte el mejor regalo de todos: \u00a1un cl\u00edmax alucinante! Olv\u00eddate de los globos y el pastel, esto es  mucho m\u00e1s divertido celebrar con un juego \u00edntimo placentero.<br \/>\nDivi\u00e9rtete y ponte travieso con este sexy kit de feliz cumplea\u00f1os. Se incluyen esposas, un cosquillas de plumas, dados de amor juguetones, p\u00e9talos de rosa de imitaci\u00f3n, un anillo vibrante para el pene, una m\u00e1scara para los ojos y un vibrador. Explora tus deseos sensuales y celebra esta ocasi\u00f3n especial con un orgasmo sensacional. \u00a1Feliz cumplea\u00f1os para ti y tus sensuales puntos calientes!<\/p>\n","protected":false},"excerpt":{"rendered":"<p>The Naughty Birthday Kit \u00a1Feliz cumplea\u00f1os! Vamos a darte el mejor regalo de todos: \u00a1un cl\u00edmax alucinante! Olv\u00eddate de los<\/p>\n","protected":false},"featured_media":19182,"comment_status":"open","ping_status":"open","template":"","meta":[],"product_cat":[374],"product_tag":[953],"class_list":["post-19181","product","type-product","status-publish","has-post-thumbnail","hentry","product_cat-para-parejas","product_tag-scala-selection"],"bundled_by":[],"bundle_stock_status":"instock","bundle_stock_quantity":3,"bundle_virtual":false,"bundle_layout":"","bundle_add_to_cart_form_location":"","bundle_editable_in_cart":false,"bundle_sold_individually_context":"","bundle_item_grouping":"","bundle_min_size":"","bundle_max_size":"","bundled_items":[],"yoast_head":"<!-- This site is optimized with the Yoast SEO plugin v20.6 - https:\/\/yoast.com\/wordpress\/plugins\/seo\/ -->\n<title>THE NAUGHTY BIRTHDAY KIT - Tienda Er\u00f3tica<\/title>\n<meta name=\"robots\" content=\"noindex, follow, max-snippet:-1, max-image-preview:large, max-video-preview:-1\" \/>\n<meta property=\"og:locale\" content=\"es_ES\" \/>\n<meta property=\"og:type\" content=\"article\" \/>\n<meta property=\"og:title\" content=\"THE NAUGHTY BIRTHDAY KIT - Tienda Er\u00f3tica\" \/>\n<meta property=\"og:description\" content=\"The Naughty Birthday Kit \u00a1Feliz cumplea\u00f1os! Vamos a darte el mejor regalo de todos: \u00a1un cl\u00edmax alucinante! Olv\u00eddate de los\" \/>\n<meta property=\"og:url\" content=\"https:\/\/demoweb.info\/sexshop001\/producto\/the-naughty-birthday-kit\/\" \/>\n<meta property=\"og:site_name\" content=\"Tienda Er\u00f3tica\" \/>\n<meta property=\"article:modified_time\" content=\"2022-01-22T09:59:21+00:00\" \/>\n<meta property=\"og:image\" content=\"https:\/\/demoweb.info\/sexshop001\/wp-content\/uploads\/2022\/01\/THE-NAUGHTY-BIRTHDAY-KIT.jpg\" \/>\n\t<meta property=\"og:image:width\" content=\"550\" \/>\n\t<meta property=\"og:image:height\" content=\"550\" \/>\n\t<meta property=\"og:image:type\" content=\"image\/jpeg\" \/>\n<meta name=\"twitter:card\" content=\"summary_large_image\" \/>\n<meta name=\"twitter:label1\" content=\"Tiempo de lectura\" \/>\n\t<meta name=\"twitter:data1\" content=\"1 minuto\" \/>\n<script type=\"application\/ld+json\" class=\"yoast-schema-graph\">{\"@context\":\"https:\/\/schema.org\",\"@graph\":[{\"@type\":\"WebPage\",\"@id\":\"https:\/\/demoweb.info\/sexshop001\/producto\/the-naughty-birthday-kit\/\",\"url\":\"https:\/\/demoweb.info\/sexshop001\/producto\/the-naughty-birthday-kit\/\",\"name\":\"THE NAUGHTY BIRTHDAY KIT - Tienda Er\u00f3tica\",\"isPartOf\":{\"@id\":\"https:\/\/demoweb.info\/sexshop001\/#website\"},\"datePublished\":\"2022-01-22T09:58:59+00:00\",\"dateModified\":\"2022-01-22T09:59:21+00:00\",\"breadcrumb\":{\"@id\":\"https:\/\/demoweb.info\/sexshop001\/producto\/the-naughty-birthday-kit\/#breadcrumb\"},\"inLanguage\":\"es\",\"potentialAction\":[{\"@type\":\"ReadAction\",\"target\":[\"https:\/\/demoweb.info\/sexshop001\/producto\/the-naughty-birthday-kit\/\"]}]},{\"@type\":\"BreadcrumbList\",\"@id\":\"https:\/\/demoweb.info\/sexshop001\/producto\/the-naughty-birthday-kit\/#breadcrumb\",\"itemListElement\":[{\"@type\":\"ListItem\",\"position\":1,\"name\":\"Portada\",\"item\":\"https:\/\/demoweb.info\/sexshop001\/\"},{\"@type\":\"ListItem\",\"position\":2,\"name\":\"Tienda\",\"item\":\"https:\/\/demoweb.info\/sexshop001\/tienda\/\"},{\"@type\":\"ListItem\",\"position\":3,\"name\":\"THE NAUGHTY BIRTHDAY KIT\"}]},{\"@type\":\"WebSite\",\"@id\":\"https:\/\/demoweb.info\/sexshop001\/#website\",\"url\":\"https:\/\/demoweb.info\/sexshop001\/\",\"name\":\"Tienda Er\u00f3tica\",\"description\":\"DEMOWEB SL\",\"potentialAction\":[{\"@type\":\"SearchAction\",\"target\":{\"@type\":\"EntryPoint\",\"urlTemplate\":\"https:\/\/demoweb.info\/sexshop001\/?s={search_term_string}\"},\"query-input\":\"required name=search_term_string\"}],\"inLanguage\":\"es\"}]}<\/script>\n<!-- \/ Yoast SEO plugin. -->","yoast_head_json":{"title":"THE NAUGHTY BIRTHDAY KIT - Tienda Er\u00f3tica","robots":{"index":"noindex","follow":"follow","max-snippet":"max-snippet:-1","max-image-preview":"max-image-preview:large","max-video-preview":"max-video-preview:-1"},"og_locale":"es_ES","og_type":"article","og_title":"THE NAUGHTY BIRTHDAY KIT - Tienda Er\u00f3tica","og_description":"The Naughty Birthday Kit \u00a1Feliz cumplea\u00f1os! Vamos a darte el mejor regalo de todos: \u00a1un cl\u00edmax alucinante! Olv\u00eddate de los","og_url":"https:\/\/demoweb.info\/sexshop001\/producto\/the-naughty-birthday-kit\/","og_site_name":"Tienda Er\u00f3tica","article_modified_time":"2022-01-22T09:59:21+00:00","og_image":[{"width":550,"height":550,"url":"https:\/\/demoweb.info\/sexshop001\/wp-content\/uploads\/2022\/01\/THE-NAUGHTY-BIRTHDAY-KIT.jpg","type":"image\/jpeg"}],"twitter_card":"summary_large_image","twitter_misc":{"Tiempo de lectura":"1 minuto"},"schema":{"@context":"https:\/\/schema.org","@graph":[{"@type":"WebPage","@id":"https:\/\/demoweb.info\/sexshop001\/producto\/the-naughty-birthday-kit\/","url":"https:\/\/demoweb.info\/sexshop001\/producto\/the-naughty-birthday-kit\/","name":"THE NAUGHTY BIRTHDAY KIT - Tienda Er\u00f3tica","isPartOf":{"@id":"https:\/\/demoweb.info\/sexshop001\/#website"},"datePublished":"2022-01-22T09:58:59+00:00","dateModified":"2022-01-22T09:59:21+00:00","breadcrumb":{"@id":"https:\/\/demoweb.info\/sexshop001\/producto\/the-naughty-birthday-kit\/#breadcrumb"},"inLanguage":"es","potentialAction":[{"@type":"ReadAction","target":["https:\/\/demoweb.info\/sexshop001\/producto\/the-naughty-birthday-kit\/"]}]},{"@type":"BreadcrumbList","@id":"https:\/\/demoweb.info\/sexshop001\/producto\/the-naughty-birthday-kit\/#breadcrumb","itemListElement":[{"@type":"ListItem","position":1,"name":"Portada","item":"https:\/\/demoweb.info\/sexshop001\/"},{"@type":"ListItem","position":2,"name":"Tienda","item":"https:\/\/demoweb.info\/sexshop001\/tienda\/"},{"@type":"ListItem","position":3,"name":"THE NAUGHTY BIRTHDAY KIT"}]},{"@type":"WebSite","@id":"https:\/\/demoweb.info\/sexshop001\/#website","url":"https:\/\/demoweb.info\/sexshop001\/","name":"Tienda Er\u00f3tica","description":"DEMOWEB SL","potentialAction":[{"@type":"SearchAction","target":{"@type":"EntryPoint","urlTemplate":"https:\/\/demoweb.info\/sexshop001\/?s={search_term_string}"},"query-input":"required name=search_term_string"}],"inLanguage":"es"}]}},"_links":{"self":[{"href":"https:\/\/demoweb.info\/sexshop001\/wp-json\/wp\/v3\/product\/19181","targetHints":{"allow":["GET"]}}],"collection":[{"href":"https:\/\/demoweb.info\/sexshop001\/wp-json\/wp\/v3\/product"}],"about":[{"href":"https:\/\/demoweb.info\/sexshop001\/wp-json\/wp\/v2\/types\/product"}],"replies":[{"embeddable":true,"href":"https:\/\/demoweb.info\/sexshop001\/wp-json\/wp\/v2\/comments?post=19181"}],"wp:featuredmedia":[{"embeddable":true,"href":"https:\/\/demoweb.info\/sexshop001\/wp-json\/wp\/v2\/media\/19182"}],"wp:attachment":[{"href":"https:\/\/demoweb.info\/sexshop001\/wp-json\/wp\/v2\/media?parent=19181"}],"wp:term":[{"taxonomy":"product_cat","embeddable":true,"href":"https:\/\/demoweb.info\/sexshop001\/wp-json\/wp\/v2\/product_cat?post=19181"},{"taxonomy":"product_tag","embeddable":true,"href":"https:\/\/demoweb.info\/sexshop001\/wp-json\/wp\/v2\/product_tag?post=19181"}],"curies":[{"name":"wp","href":"https:\/\/api.w.org\/{rel}","templated":true}]}}