{"id":19146,"date":"2022-01-22T10:58:59","date_gmt":"2022-01-22T09:58:59","guid":{"rendered":"https:\/\/demoweb.info\/sexshop001\/producto\/diamond-booty-jewel-plug-de-silicona-pequeno\/"},"modified":"2022-01-22T10:59:07","modified_gmt":"2022-01-22T09:59:07","slug":"diamond-booty-jewel-plug-de-silicona-pequeno","status":"publish","type":"product","link":"https:\/\/demoweb.info\/sexshop001\/producto\/diamond-booty-jewel-plug-de-silicona-pequeno\/","title":{"rendered":"DIAMOND BOOTY JEWEL &#8211; PLUG DE SILICONA &#8211; PEQUE\u00d1O"},"content":{"rendered":"<p><strong>DIAMOND BOOTY JEWEL SMALL<\/strong><\/p>\n<p>Diamond Booty Jewel es un plug de calidad con una piedra preciosa de imitaci\u00f3n en la base, que hace que la diversi\u00f3n de tu puerta trasera brille de alegr\u00eda.<\/p>\n<p>El elegante plug presenta una silueta c\u00f3nica y una base acampanada, realzada con un brillante acento de piedras preciosas al final.<\/p>\n<p>Hecho de silicona premium, Diamond Booty Jewel es suave al tacto y completamente seguro para el cuerpo. Un accesorio imprescindible de la colecci\u00f3n Anal Play de TOYJOY, es el complemento unisex perfecto para agregar un toque glamoroso a sus aventuras anales.<\/p>\n<p>Caracter\u00edsticas:<\/p>\n<ul>\n<li>Longitud total: 7 cm<\/li>\n<li>Di\u00e1metro: 2,5 cm<\/li>\n<li>Longitud insertable: 4 cm<\/li>\n<li>Impermeable<\/li>\n<li>Material: silicona y vidrio<\/li>\n<\/ul>\n","protected":false},"excerpt":{"rendered":"<p>DIAMOND BOOTY JEWEL SMALL Diamond Booty Jewel es un plug de calidad con una piedra preciosa de imitaci\u00f3n en la<\/p>\n","protected":false},"featured_media":19147,"comment_status":"open","ping_status":"open","template":"","meta":[],"product_cat":[338],"product_tag":[256,247],"class_list":["post-19146","product","type-product","status-publish","has-post-thumbnail","hentry","product_cat-silicona-plugs","product_tag-anal-play","product_tag-toyjoy"],"bundled_by":[],"bundle_stock_status":"instock","bundle_stock_quantity":25,"bundle_virtual":false,"bundle_layout":"","bundle_add_to_cart_form_location":"","bundle_editable_in_cart":false,"bundle_sold_individually_context":"","bundle_item_grouping":"","bundle_min_size":"","bundle_max_size":"","bundled_items":[],"yoast_head":"<!-- This site is optimized with the Yoast SEO plugin v20.6 - https:\/\/yoast.com\/wordpress\/plugins\/seo\/ -->\n<title>DIAMOND BOOTY JEWEL - PLUG DE SILICONA - PEQUE\u00d1O - Tienda Er\u00f3tica<\/title>\n<meta name=\"robots\" content=\"noindex, follow, max-snippet:-1, max-image-preview:large, max-video-preview:-1\" \/>\n<meta property=\"og:locale\" content=\"es_ES\" \/>\n<meta property=\"og:type\" content=\"article\" \/>\n<meta property=\"og:title\" content=\"DIAMOND BOOTY JEWEL - PLUG DE SILICONA - PEQUE\u00d1O - Tienda Er\u00f3tica\" \/>\n<meta property=\"og:description\" content=\"DIAMOND BOOTY JEWEL SMALL Diamond Booty Jewel es un plug de calidad con una piedra preciosa de imitaci\u00f3n en la\" \/>\n<meta property=\"og:url\" content=\"https:\/\/demoweb.info\/sexshop001\/producto\/diamond-booty-jewel-plug-de-silicona-pequeno\/\" \/>\n<meta property=\"og:site_name\" content=\"Tienda Er\u00f3tica\" \/>\n<meta property=\"article:modified_time\" content=\"2022-01-22T09:59:07+00:00\" \/>\n<meta property=\"og:image\" content=\"https:\/\/demoweb.info\/sexshop001\/wp-content\/uploads\/2022\/01\/DIAMOND-BOOTY-JEWEL-PLUG-DE-SILICONA-PEQUENO.jpg\" \/>\n\t<meta property=\"og:image:width\" content=\"550\" \/>\n\t<meta property=\"og:image:height\" content=\"550\" \/>\n\t<meta property=\"og:image:type\" content=\"image\/jpeg\" \/>\n<meta name=\"twitter:card\" content=\"summary_large_image\" \/>\n<meta name=\"twitter:label1\" content=\"Tiempo de lectura\" \/>\n\t<meta name=\"twitter:data1\" content=\"1 minuto\" \/>\n<script type=\"application\/ld+json\" class=\"yoast-schema-graph\">{\"@context\":\"https:\/\/schema.org\",\"@graph\":[{\"@type\":\"WebPage\",\"@id\":\"https:\/\/demoweb.info\/sexshop001\/producto\/diamond-booty-jewel-plug-de-silicona-pequeno\/\",\"url\":\"https:\/\/demoweb.info\/sexshop001\/producto\/diamond-booty-jewel-plug-de-silicona-pequeno\/\",\"name\":\"DIAMOND BOOTY JEWEL - PLUG DE SILICONA - PEQUE\u00d1O - Tienda Er\u00f3tica\",\"isPartOf\":{\"@id\":\"https:\/\/demoweb.info\/sexshop001\/#website\"},\"datePublished\":\"2022-01-22T09:58:59+00:00\",\"dateModified\":\"2022-01-22T09:59:07+00:00\",\"breadcrumb\":{\"@id\":\"https:\/\/demoweb.info\/sexshop001\/producto\/diamond-booty-jewel-plug-de-silicona-pequeno\/#breadcrumb\"},\"inLanguage\":\"es\",\"potentialAction\":[{\"@type\":\"ReadAction\",\"target\":[\"https:\/\/demoweb.info\/sexshop001\/producto\/diamond-booty-jewel-plug-de-silicona-pequeno\/\"]}]},{\"@type\":\"BreadcrumbList\",\"@id\":\"https:\/\/demoweb.info\/sexshop001\/producto\/diamond-booty-jewel-plug-de-silicona-pequeno\/#breadcrumb\",\"itemListElement\":[{\"@type\":\"ListItem\",\"position\":1,\"name\":\"Portada\",\"item\":\"https:\/\/demoweb.info\/sexshop001\/\"},{\"@type\":\"ListItem\",\"position\":2,\"name\":\"Tienda\",\"item\":\"https:\/\/demoweb.info\/sexshop001\/tienda\/\"},{\"@type\":\"ListItem\",\"position\":3,\"name\":\"DIAMOND BOOTY JEWEL &#8211; PLUG DE SILICONA &#8211; PEQUE\u00d1O\"}]},{\"@type\":\"WebSite\",\"@id\":\"https:\/\/demoweb.info\/sexshop001\/#website\",\"url\":\"https:\/\/demoweb.info\/sexshop001\/\",\"name\":\"Tienda Er\u00f3tica\",\"description\":\"DEMOWEB SL\",\"potentialAction\":[{\"@type\":\"SearchAction\",\"target\":{\"@type\":\"EntryPoint\",\"urlTemplate\":\"https:\/\/demoweb.info\/sexshop001\/?s={search_term_string}\"},\"query-input\":\"required name=search_term_string\"}],\"inLanguage\":\"es\"}]}<\/script>\n<!-- \/ Yoast SEO plugin. -->","yoast_head_json":{"title":"DIAMOND BOOTY JEWEL - PLUG DE SILICONA - PEQUE\u00d1O - Tienda Er\u00f3tica","robots":{"index":"noindex","follow":"follow","max-snippet":"max-snippet:-1","max-image-preview":"max-image-preview:large","max-video-preview":"max-video-preview:-1"},"og_locale":"es_ES","og_type":"article","og_title":"DIAMOND BOOTY JEWEL - PLUG DE SILICONA - PEQUE\u00d1O - Tienda Er\u00f3tica","og_description":"DIAMOND BOOTY JEWEL SMALL Diamond Booty Jewel es un plug de calidad con una piedra preciosa de imitaci\u00f3n en la","og_url":"https:\/\/demoweb.info\/sexshop001\/producto\/diamond-booty-jewel-plug-de-silicona-pequeno\/","og_site_name":"Tienda Er\u00f3tica","article_modified_time":"2022-01-22T09:59:07+00:00","og_image":[{"width":550,"height":550,"url":"https:\/\/demoweb.info\/sexshop001\/wp-content\/uploads\/2022\/01\/DIAMOND-BOOTY-JEWEL-PLUG-DE-SILICONA-PEQUENO.jpg","type":"image\/jpeg"}],"twitter_card":"summary_large_image","twitter_misc":{"Tiempo de lectura":"1 minuto"},"schema":{"@context":"https:\/\/schema.org","@graph":[{"@type":"WebPage","@id":"https:\/\/demoweb.info\/sexshop001\/producto\/diamond-booty-jewel-plug-de-silicona-pequeno\/","url":"https:\/\/demoweb.info\/sexshop001\/producto\/diamond-booty-jewel-plug-de-silicona-pequeno\/","name":"DIAMOND BOOTY JEWEL - PLUG DE SILICONA - PEQUE\u00d1O - Tienda Er\u00f3tica","isPartOf":{"@id":"https:\/\/demoweb.info\/sexshop001\/#website"},"datePublished":"2022-01-22T09:58:59+00:00","dateModified":"2022-01-22T09:59:07+00:00","breadcrumb":{"@id":"https:\/\/demoweb.info\/sexshop001\/producto\/diamond-booty-jewel-plug-de-silicona-pequeno\/#breadcrumb"},"inLanguage":"es","potentialAction":[{"@type":"ReadAction","target":["https:\/\/demoweb.info\/sexshop001\/producto\/diamond-booty-jewel-plug-de-silicona-pequeno\/"]}]},{"@type":"BreadcrumbList","@id":"https:\/\/demoweb.info\/sexshop001\/producto\/diamond-booty-jewel-plug-de-silicona-pequeno\/#breadcrumb","itemListElement":[{"@type":"ListItem","position":1,"name":"Portada","item":"https:\/\/demoweb.info\/sexshop001\/"},{"@type":"ListItem","position":2,"name":"Tienda","item":"https:\/\/demoweb.info\/sexshop001\/tienda\/"},{"@type":"ListItem","position":3,"name":"DIAMOND BOOTY JEWEL &#8211; PLUG DE SILICONA &#8211; PEQUE\u00d1O"}]},{"@type":"WebSite","@id":"https:\/\/demoweb.info\/sexshop001\/#website","url":"https:\/\/demoweb.info\/sexshop001\/","name":"Tienda Er\u00f3tica","description":"DEMOWEB SL","potentialAction":[{"@type":"SearchAction","target":{"@type":"EntryPoint","urlTemplate":"https:\/\/demoweb.info\/sexshop001\/?s={search_term_string}"},"query-input":"required name=search_term_string"}],"inLanguage":"es"}]}},"_links":{"self":[{"href":"https:\/\/demoweb.info\/sexshop001\/wp-json\/wp\/v3\/product\/19146","targetHints":{"allow":["GET"]}}],"collection":[{"href":"https:\/\/demoweb.info\/sexshop001\/wp-json\/wp\/v3\/product"}],"about":[{"href":"https:\/\/demoweb.info\/sexshop001\/wp-json\/wp\/v2\/types\/product"}],"replies":[{"embeddable":true,"href":"https:\/\/demoweb.info\/sexshop001\/wp-json\/wp\/v2\/comments?post=19146"}],"wp:featuredmedia":[{"embeddable":true,"href":"https:\/\/demoweb.info\/sexshop001\/wp-json\/wp\/v2\/media\/19147"}],"wp:attachment":[{"href":"https:\/\/demoweb.info\/sexshop001\/wp-json\/wp\/v2\/media?parent=19146"}],"wp:term":[{"taxonomy":"product_cat","embeddable":true,"href":"https:\/\/demoweb.info\/sexshop001\/wp-json\/wp\/v2\/product_cat?post=19146"},{"taxonomy":"product_tag","embeddable":true,"href":"https:\/\/demoweb.info\/sexshop001\/wp-json\/wp\/v2\/product_tag?post=19146"}],"curies":[{"name":"wp","href":"https:\/\/api.w.org\/{rel}","templated":true}]}}