{"id":19120,"date":"2022-01-22T10:58:44","date_gmt":"2022-01-22T09:58:44","guid":{"rendered":"https:\/\/demoweb.info\/sexshop001\/producto\/spice-me-up-gel-estimulante-50ml\/"},"modified":"2022-01-22T10:58:53","modified_gmt":"2022-01-22T09:58:53","slug":"spice-me-up-gel-estimulante-50ml","status":"publish","type":"product","link":"https:\/\/demoweb.info\/sexshop001\/producto\/spice-me-up-gel-estimulante-50ml\/","title":{"rendered":"SPICE ME UP GEL ESTIMULANTE 50ML"},"content":{"rendered":"<p><strong>SPICE ME UP STIMULATE GEL 50ML<\/strong><\/p>\n<p>Un gel hidratante y estimulante, especialmente para uso \u00edntimo. Intensifica la sensibilidad del cl\u00edtoris de una manera maravillosa. Estimula y aumenta los orgasmos. Se puede usar con condones de l\u00e1tex.<\/p>\n<p>Instrucciones de uso: aplique tanto gel como desee sobre el cl\u00edtoris y repita tantas veces como desee. Almacenar en un lugar fresco y oscuro.<\/p>\n<p>Usar dentro de los 12 meses posteriores a la apertura. Antes de aplicar el gel por primera vez, pruebe el producto colocando una peque\u00f1a cantidad de gel en el interior de su antebrazo. No use el gel si experimenta una reacci\u00f3n al\u00e9rgica.<\/p>\n","protected":false},"excerpt":{"rendered":"<p>SPICE ME UP STIMULATE GEL 50ML Un gel hidratante y estimulante, especialmente para uso \u00edntimo. Intensifica la sensibilidad del cl\u00edtoris<\/p>\n","protected":false},"featured_media":19121,"comment_status":"open","ping_status":"open","template":"","meta":[],"product_cat":[361],"product_tag":[952],"class_list":["post-19120","product","type-product","status-publish","has-post-thumbnail","hentry","product_cat-geles-estimulantes","product_tag-happy-diva"],"bundled_by":[],"bundle_stock_status":"instock","bundle_stock_quantity":1,"bundle_virtual":false,"bundle_layout":"","bundle_add_to_cart_form_location":"","bundle_editable_in_cart":false,"bundle_sold_individually_context":"","bundle_item_grouping":"","bundle_min_size":"","bundle_max_size":"","bundled_items":[],"yoast_head":"<!-- This site is optimized with the Yoast SEO plugin v20.6 - https:\/\/yoast.com\/wordpress\/plugins\/seo\/ -->\n<title>SPICE ME UP GEL ESTIMULANTE 50ML - Tienda Er\u00f3tica<\/title>\n<meta name=\"robots\" content=\"noindex, follow, max-snippet:-1, max-image-preview:large, max-video-preview:-1\" \/>\n<meta property=\"og:locale\" content=\"es_ES\" \/>\n<meta property=\"og:type\" content=\"article\" \/>\n<meta property=\"og:title\" content=\"SPICE ME UP GEL ESTIMULANTE 50ML - Tienda Er\u00f3tica\" \/>\n<meta property=\"og:description\" content=\"SPICE ME UP STIMULATE GEL 50ML Un gel hidratante y estimulante, especialmente para uso \u00edntimo. Intensifica la sensibilidad del cl\u00edtoris\" \/>\n<meta property=\"og:url\" content=\"https:\/\/demoweb.info\/sexshop001\/producto\/spice-me-up-gel-estimulante-50ml\/\" \/>\n<meta property=\"og:site_name\" content=\"Tienda Er\u00f3tica\" \/>\n<meta property=\"article:modified_time\" content=\"2022-01-22T09:58:53+00:00\" \/>\n<meta property=\"og:image\" content=\"https:\/\/demoweb.info\/sexshop001\/wp-content\/uploads\/2022\/01\/SPICE-ME-UP-GEL-ESTIMULANTE-50ML.jpg\" \/>\n\t<meta property=\"og:image:width\" content=\"550\" \/>\n\t<meta property=\"og:image:height\" content=\"550\" \/>\n\t<meta property=\"og:image:type\" content=\"image\/jpeg\" \/>\n<meta name=\"twitter:card\" content=\"summary_large_image\" \/>\n<meta name=\"twitter:label1\" content=\"Tiempo de lectura\" \/>\n\t<meta name=\"twitter:data1\" content=\"1 minuto\" \/>\n<script type=\"application\/ld+json\" class=\"yoast-schema-graph\">{\"@context\":\"https:\/\/schema.org\",\"@graph\":[{\"@type\":\"WebPage\",\"@id\":\"https:\/\/demoweb.info\/sexshop001\/producto\/spice-me-up-gel-estimulante-50ml\/\",\"url\":\"https:\/\/demoweb.info\/sexshop001\/producto\/spice-me-up-gel-estimulante-50ml\/\",\"name\":\"SPICE ME UP GEL ESTIMULANTE 50ML - Tienda Er\u00f3tica\",\"isPartOf\":{\"@id\":\"https:\/\/demoweb.info\/sexshop001\/#website\"},\"datePublished\":\"2022-01-22T09:58:44+00:00\",\"dateModified\":\"2022-01-22T09:58:53+00:00\",\"breadcrumb\":{\"@id\":\"https:\/\/demoweb.info\/sexshop001\/producto\/spice-me-up-gel-estimulante-50ml\/#breadcrumb\"},\"inLanguage\":\"es\",\"potentialAction\":[{\"@type\":\"ReadAction\",\"target\":[\"https:\/\/demoweb.info\/sexshop001\/producto\/spice-me-up-gel-estimulante-50ml\/\"]}]},{\"@type\":\"BreadcrumbList\",\"@id\":\"https:\/\/demoweb.info\/sexshop001\/producto\/spice-me-up-gel-estimulante-50ml\/#breadcrumb\",\"itemListElement\":[{\"@type\":\"ListItem\",\"position\":1,\"name\":\"Portada\",\"item\":\"https:\/\/demoweb.info\/sexshop001\/\"},{\"@type\":\"ListItem\",\"position\":2,\"name\":\"Tienda\",\"item\":\"https:\/\/demoweb.info\/sexshop001\/tienda\/\"},{\"@type\":\"ListItem\",\"position\":3,\"name\":\"SPICE ME UP GEL ESTIMULANTE 50ML\"}]},{\"@type\":\"WebSite\",\"@id\":\"https:\/\/demoweb.info\/sexshop001\/#website\",\"url\":\"https:\/\/demoweb.info\/sexshop001\/\",\"name\":\"Tienda Er\u00f3tica\",\"description\":\"DEMOWEB SL\",\"potentialAction\":[{\"@type\":\"SearchAction\",\"target\":{\"@type\":\"EntryPoint\",\"urlTemplate\":\"https:\/\/demoweb.info\/sexshop001\/?s={search_term_string}\"},\"query-input\":\"required name=search_term_string\"}],\"inLanguage\":\"es\"}]}<\/script>\n<!-- \/ Yoast SEO plugin. -->","yoast_head_json":{"title":"SPICE ME UP GEL ESTIMULANTE 50ML - Tienda Er\u00f3tica","robots":{"index":"noindex","follow":"follow","max-snippet":"max-snippet:-1","max-image-preview":"max-image-preview:large","max-video-preview":"max-video-preview:-1"},"og_locale":"es_ES","og_type":"article","og_title":"SPICE ME UP GEL ESTIMULANTE 50ML - Tienda Er\u00f3tica","og_description":"SPICE ME UP STIMULATE GEL 50ML Un gel hidratante y estimulante, especialmente para uso \u00edntimo. Intensifica la sensibilidad del cl\u00edtoris","og_url":"https:\/\/demoweb.info\/sexshop001\/producto\/spice-me-up-gel-estimulante-50ml\/","og_site_name":"Tienda Er\u00f3tica","article_modified_time":"2022-01-22T09:58:53+00:00","og_image":[{"width":550,"height":550,"url":"https:\/\/demoweb.info\/sexshop001\/wp-content\/uploads\/2022\/01\/SPICE-ME-UP-GEL-ESTIMULANTE-50ML.jpg","type":"image\/jpeg"}],"twitter_card":"summary_large_image","twitter_misc":{"Tiempo de lectura":"1 minuto"},"schema":{"@context":"https:\/\/schema.org","@graph":[{"@type":"WebPage","@id":"https:\/\/demoweb.info\/sexshop001\/producto\/spice-me-up-gel-estimulante-50ml\/","url":"https:\/\/demoweb.info\/sexshop001\/producto\/spice-me-up-gel-estimulante-50ml\/","name":"SPICE ME UP GEL ESTIMULANTE 50ML - Tienda Er\u00f3tica","isPartOf":{"@id":"https:\/\/demoweb.info\/sexshop001\/#website"},"datePublished":"2022-01-22T09:58:44+00:00","dateModified":"2022-01-22T09:58:53+00:00","breadcrumb":{"@id":"https:\/\/demoweb.info\/sexshop001\/producto\/spice-me-up-gel-estimulante-50ml\/#breadcrumb"},"inLanguage":"es","potentialAction":[{"@type":"ReadAction","target":["https:\/\/demoweb.info\/sexshop001\/producto\/spice-me-up-gel-estimulante-50ml\/"]}]},{"@type":"BreadcrumbList","@id":"https:\/\/demoweb.info\/sexshop001\/producto\/spice-me-up-gel-estimulante-50ml\/#breadcrumb","itemListElement":[{"@type":"ListItem","position":1,"name":"Portada","item":"https:\/\/demoweb.info\/sexshop001\/"},{"@type":"ListItem","position":2,"name":"Tienda","item":"https:\/\/demoweb.info\/sexshop001\/tienda\/"},{"@type":"ListItem","position":3,"name":"SPICE ME UP GEL ESTIMULANTE 50ML"}]},{"@type":"WebSite","@id":"https:\/\/demoweb.info\/sexshop001\/#website","url":"https:\/\/demoweb.info\/sexshop001\/","name":"Tienda Er\u00f3tica","description":"DEMOWEB SL","potentialAction":[{"@type":"SearchAction","target":{"@type":"EntryPoint","urlTemplate":"https:\/\/demoweb.info\/sexshop001\/?s={search_term_string}"},"query-input":"required name=search_term_string"}],"inLanguage":"es"}]}},"_links":{"self":[{"href":"https:\/\/demoweb.info\/sexshop001\/wp-json\/wp\/v3\/product\/19120","targetHints":{"allow":["GET"]}}],"collection":[{"href":"https:\/\/demoweb.info\/sexshop001\/wp-json\/wp\/v3\/product"}],"about":[{"href":"https:\/\/demoweb.info\/sexshop001\/wp-json\/wp\/v2\/types\/product"}],"replies":[{"embeddable":true,"href":"https:\/\/demoweb.info\/sexshop001\/wp-json\/wp\/v2\/comments?post=19120"}],"wp:featuredmedia":[{"embeddable":true,"href":"https:\/\/demoweb.info\/sexshop001\/wp-json\/wp\/v2\/media\/19121"}],"wp:attachment":[{"href":"https:\/\/demoweb.info\/sexshop001\/wp-json\/wp\/v2\/media?parent=19120"}],"wp:term":[{"taxonomy":"product_cat","embeddable":true,"href":"https:\/\/demoweb.info\/sexshop001\/wp-json\/wp\/v2\/product_cat?post=19120"},{"taxonomy":"product_tag","embeddable":true,"href":"https:\/\/demoweb.info\/sexshop001\/wp-json\/wp\/v2\/product_tag?post=19120"}],"curies":[{"name":"wp","href":"https:\/\/api.w.org\/{rel}","templated":true}]}}