{"id":19100,"date":"2022-01-22T10:58:44","date_gmt":"2022-01-22T09:58:44","guid":{"rendered":"https:\/\/demoweb.info\/sexshop001\/producto\/golosinas-espermatozoide-pina-colada\/"},"modified":"2022-01-22T10:58:46","modified_gmt":"2022-01-22T09:58:46","slug":"golosinas-espermatozoide-pina-colada","status":"publish","type":"product","link":"https:\/\/demoweb.info\/sexshop001\/producto\/golosinas-espermatozoide-pina-colada\/","title":{"rendered":"GOLOSINAS ESPERMATOZOIDE &#8211; PI\u00d1A COLADA"},"content":{"rendered":"<p><strong>JELLY SUPER SPERMS PI\u00d1A COLADA <\/strong><\/p>\n<p>Cremosas golosinas con sabor a pi\u00f1a colada.<\/p>\n<p>Las golosinas de alta calidad se fabrican en Holanda y Alemania, utilizando ingredientes totalmente naturales.<\/p>\n<p>Adem\u00e1s de su excelente sabor, otra de las se\u00f1as de identidad de la l\u00ednea es el excepcional detalle de moldura, en particular en los Gummy Kama Sutras y Sexy Jelly Men.<\/p>\n<p>Ingredientes<\/p>\n<p>Glucose syrup, sugar, modified starch (maize, wheat, potato), acidifier (citric acid, lactic acid), colouring E171, natural flavouring (pina colada), vegetable oil (coconut), glazing agent (carnauba wax)<\/p>\n<table>\n<tbody>\n\t<\/tbody>\n<\/table>\n","protected":false},"excerpt":{"rendered":"<p>JELLY SUPER SPERMS PI\u00d1A COLADA Cremosas golosinas con sabor a pi\u00f1a colada. Las golosinas de alta calidad se fabrican en<\/p>\n","protected":false},"featured_media":19101,"comment_status":"open","ping_status":"open","template":"","meta":[],"product_cat":[331],"product_tag":[706],"class_list":["post-19100","product","type-product","status-publish","has-post-thumbnail","hentry","product_cat-comestibles","product_tag-spencer-fleetwood"],"bundled_by":[],"bundle_stock_status":"instock","bundle_stock_quantity":5,"bundle_virtual":false,"bundle_layout":"","bundle_add_to_cart_form_location":"","bundle_editable_in_cart":false,"bundle_sold_individually_context":"","bundle_item_grouping":"","bundle_min_size":"","bundle_max_size":"","bundled_items":[],"yoast_head":"<!-- This site is optimized with the Yoast SEO plugin v20.6 - https:\/\/yoast.com\/wordpress\/plugins\/seo\/ -->\n<title>GOLOSINAS ESPERMATOZOIDE - PI\u00d1A COLADA - Tienda Er\u00f3tica<\/title>\n<meta name=\"robots\" content=\"noindex, follow, max-snippet:-1, max-image-preview:large, max-video-preview:-1\" \/>\n<meta property=\"og:locale\" content=\"es_ES\" \/>\n<meta property=\"og:type\" content=\"article\" \/>\n<meta property=\"og:title\" content=\"GOLOSINAS ESPERMATOZOIDE - PI\u00d1A COLADA - Tienda Er\u00f3tica\" \/>\n<meta property=\"og:description\" content=\"JELLY SUPER SPERMS PI\u00d1A COLADA Cremosas golosinas con sabor a pi\u00f1a colada. Las golosinas de alta calidad se fabrican en\" \/>\n<meta property=\"og:url\" content=\"https:\/\/demoweb.info\/sexshop001\/producto\/golosinas-espermatozoide-pina-colada\/\" \/>\n<meta property=\"og:site_name\" content=\"Tienda Er\u00f3tica\" \/>\n<meta property=\"article:modified_time\" content=\"2022-01-22T09:58:46+00:00\" \/>\n<meta property=\"og:image\" content=\"https:\/\/demoweb.info\/sexshop001\/wp-content\/uploads\/2022\/01\/GOLOSINAS-ESPERMATOZOIDE-PINA-COLADA.jpg\" \/>\n\t<meta property=\"og:image:width\" content=\"550\" \/>\n\t<meta property=\"og:image:height\" content=\"550\" \/>\n\t<meta property=\"og:image:type\" content=\"image\/jpeg\" \/>\n<meta name=\"twitter:card\" content=\"summary_large_image\" \/>\n<script type=\"application\/ld+json\" class=\"yoast-schema-graph\">{\"@context\":\"https:\/\/schema.org\",\"@graph\":[{\"@type\":\"WebPage\",\"@id\":\"https:\/\/demoweb.info\/sexshop001\/producto\/golosinas-espermatozoide-pina-colada\/\",\"url\":\"https:\/\/demoweb.info\/sexshop001\/producto\/golosinas-espermatozoide-pina-colada\/\",\"name\":\"GOLOSINAS ESPERMATOZOIDE - PI\u00d1A COLADA - Tienda Er\u00f3tica\",\"isPartOf\":{\"@id\":\"https:\/\/demoweb.info\/sexshop001\/#website\"},\"datePublished\":\"2022-01-22T09:58:44+00:00\",\"dateModified\":\"2022-01-22T09:58:46+00:00\",\"breadcrumb\":{\"@id\":\"https:\/\/demoweb.info\/sexshop001\/producto\/golosinas-espermatozoide-pina-colada\/#breadcrumb\"},\"inLanguage\":\"es\",\"potentialAction\":[{\"@type\":\"ReadAction\",\"target\":[\"https:\/\/demoweb.info\/sexshop001\/producto\/golosinas-espermatozoide-pina-colada\/\"]}]},{\"@type\":\"BreadcrumbList\",\"@id\":\"https:\/\/demoweb.info\/sexshop001\/producto\/golosinas-espermatozoide-pina-colada\/#breadcrumb\",\"itemListElement\":[{\"@type\":\"ListItem\",\"position\":1,\"name\":\"Portada\",\"item\":\"https:\/\/demoweb.info\/sexshop001\/\"},{\"@type\":\"ListItem\",\"position\":2,\"name\":\"Tienda\",\"item\":\"https:\/\/demoweb.info\/sexshop001\/tienda\/\"},{\"@type\":\"ListItem\",\"position\":3,\"name\":\"GOLOSINAS ESPERMATOZOIDE &#8211; PI\u00d1A COLADA\"}]},{\"@type\":\"WebSite\",\"@id\":\"https:\/\/demoweb.info\/sexshop001\/#website\",\"url\":\"https:\/\/demoweb.info\/sexshop001\/\",\"name\":\"Tienda Er\u00f3tica\",\"description\":\"DEMOWEB SL\",\"potentialAction\":[{\"@type\":\"SearchAction\",\"target\":{\"@type\":\"EntryPoint\",\"urlTemplate\":\"https:\/\/demoweb.info\/sexshop001\/?s={search_term_string}\"},\"query-input\":\"required name=search_term_string\"}],\"inLanguage\":\"es\"}]}<\/script>\n<!-- \/ Yoast SEO plugin. -->","yoast_head_json":{"title":"GOLOSINAS ESPERMATOZOIDE - PI\u00d1A COLADA - Tienda Er\u00f3tica","robots":{"index":"noindex","follow":"follow","max-snippet":"max-snippet:-1","max-image-preview":"max-image-preview:large","max-video-preview":"max-video-preview:-1"},"og_locale":"es_ES","og_type":"article","og_title":"GOLOSINAS ESPERMATOZOIDE - PI\u00d1A COLADA - Tienda Er\u00f3tica","og_description":"JELLY SUPER SPERMS PI\u00d1A COLADA Cremosas golosinas con sabor a pi\u00f1a colada. Las golosinas de alta calidad se fabrican en","og_url":"https:\/\/demoweb.info\/sexshop001\/producto\/golosinas-espermatozoide-pina-colada\/","og_site_name":"Tienda Er\u00f3tica","article_modified_time":"2022-01-22T09:58:46+00:00","og_image":[{"width":550,"height":550,"url":"https:\/\/demoweb.info\/sexshop001\/wp-content\/uploads\/2022\/01\/GOLOSINAS-ESPERMATOZOIDE-PINA-COLADA.jpg","type":"image\/jpeg"}],"twitter_card":"summary_large_image","schema":{"@context":"https:\/\/schema.org","@graph":[{"@type":"WebPage","@id":"https:\/\/demoweb.info\/sexshop001\/producto\/golosinas-espermatozoide-pina-colada\/","url":"https:\/\/demoweb.info\/sexshop001\/producto\/golosinas-espermatozoide-pina-colada\/","name":"GOLOSINAS ESPERMATOZOIDE - PI\u00d1A COLADA - Tienda Er\u00f3tica","isPartOf":{"@id":"https:\/\/demoweb.info\/sexshop001\/#website"},"datePublished":"2022-01-22T09:58:44+00:00","dateModified":"2022-01-22T09:58:46+00:00","breadcrumb":{"@id":"https:\/\/demoweb.info\/sexshop001\/producto\/golosinas-espermatozoide-pina-colada\/#breadcrumb"},"inLanguage":"es","potentialAction":[{"@type":"ReadAction","target":["https:\/\/demoweb.info\/sexshop001\/producto\/golosinas-espermatozoide-pina-colada\/"]}]},{"@type":"BreadcrumbList","@id":"https:\/\/demoweb.info\/sexshop001\/producto\/golosinas-espermatozoide-pina-colada\/#breadcrumb","itemListElement":[{"@type":"ListItem","position":1,"name":"Portada","item":"https:\/\/demoweb.info\/sexshop001\/"},{"@type":"ListItem","position":2,"name":"Tienda","item":"https:\/\/demoweb.info\/sexshop001\/tienda\/"},{"@type":"ListItem","position":3,"name":"GOLOSINAS ESPERMATOZOIDE &#8211; PI\u00d1A COLADA"}]},{"@type":"WebSite","@id":"https:\/\/demoweb.info\/sexshop001\/#website","url":"https:\/\/demoweb.info\/sexshop001\/","name":"Tienda Er\u00f3tica","description":"DEMOWEB SL","potentialAction":[{"@type":"SearchAction","target":{"@type":"EntryPoint","urlTemplate":"https:\/\/demoweb.info\/sexshop001\/?s={search_term_string}"},"query-input":"required name=search_term_string"}],"inLanguage":"es"}]}},"_links":{"self":[{"href":"https:\/\/demoweb.info\/sexshop001\/wp-json\/wp\/v3\/product\/19100","targetHints":{"allow":["GET"]}}],"collection":[{"href":"https:\/\/demoweb.info\/sexshop001\/wp-json\/wp\/v3\/product"}],"about":[{"href":"https:\/\/demoweb.info\/sexshop001\/wp-json\/wp\/v2\/types\/product"}],"replies":[{"embeddable":true,"href":"https:\/\/demoweb.info\/sexshop001\/wp-json\/wp\/v2\/comments?post=19100"}],"wp:featuredmedia":[{"embeddable":true,"href":"https:\/\/demoweb.info\/sexshop001\/wp-json\/wp\/v2\/media\/19101"}],"wp:attachment":[{"href":"https:\/\/demoweb.info\/sexshop001\/wp-json\/wp\/v2\/media?parent=19100"}],"wp:term":[{"taxonomy":"product_cat","embeddable":true,"href":"https:\/\/demoweb.info\/sexshop001\/wp-json\/wp\/v2\/product_cat?post=19100"},{"taxonomy":"product_tag","embeddable":true,"href":"https:\/\/demoweb.info\/sexshop001\/wp-json\/wp\/v2\/product_tag?post=19100"}],"curies":[{"name":"wp","href":"https:\/\/api.w.org\/{rel}","templated":true}]}}