{"id":19053,"date":"2022-01-22T10:58:21","date_gmt":"2022-01-22T09:58:21","guid":{"rendered":"https:\/\/demoweb.info\/sexshop001\/producto\/double-dong-35cm-pene-realistico-doble-penetracion\/"},"modified":"2022-01-22T10:58:26","modified_gmt":"2022-01-22T09:58:26","slug":"double-dong-35cm-pene-realistico-doble-penetracion","status":"publish","type":"product","link":"https:\/\/demoweb.info\/sexshop001\/producto\/double-dong-35cm-pene-realistico-doble-penetracion\/","title":{"rendered":"DOUBLE DONG 35CM &#8211; PENE REAL\u00cdSTICO DOBLE PENETRACI\u00d3N"},"content":{"rendered":"<p><strong>DOUBLE DONG 14 INCH<\/strong><\/p>\n<p>\u00a1El Double Dong de la colecci\u00f3n Get Real by TOYJOY es un dong realista de doble extremo para una diversi\u00f3n \u00edntima sin fin!<\/p>\n<p>Este dise\u00f1o realista presenta una silueta de doble punta para el doble de placer \u00edntimo.<\/p>\n<p>\u00dasalo solo o comparte la satisfacci\u00f3n con un compa\u00f1ero: \u00a1la elecci\u00f3n traviesa es toda tuya!<\/p>\n<p>El Double Dong es seguro para el cuerpo y est\u00e1 hecho de PVC sin ftalatos de calidad. Detalles flexibles pero firmes, realistas y de tacto suave pero con la cantidad justa de dureza: este sexy Double Dong cumple todos los requisitos. Si quieres doble placer y doble estimulaci\u00f3n, \u00a1es hora de ser real con este favorito de TOYJOY!<\/p>\n<ul>\n<li>Medidas: 35 x 3,5 cm<\/li>\n<li>Material: PVC sin phalatos<\/li>\n<\/ul><\/p>\n","protected":false},"excerpt":{"rendered":"<p>DOUBLE DONG 14 INCH \u00a1El Double Dong de la colecci\u00f3n Get Real by TOYJOY es un dong realista de doble<\/p>\n","protected":false},"featured_media":19054,"comment_status":"open","ping_status":"open","template":"","meta":[],"product_cat":[437],"product_tag":[655,247],"class_list":["post-19053","product","type-product","status-publish","has-post-thumbnail","hentry","product_cat-dobles","product_tag-get-real","product_tag-toyjoy"],"bundled_by":[],"bundle_stock_status":"instock","bundle_stock_quantity":4,"bundle_virtual":false,"bundle_layout":"","bundle_add_to_cart_form_location":"","bundle_editable_in_cart":false,"bundle_sold_individually_context":"","bundle_item_grouping":"","bundle_min_size":"","bundle_max_size":"","bundled_items":[],"yoast_head":"<!-- This site is optimized with the Yoast SEO plugin v20.6 - https:\/\/yoast.com\/wordpress\/plugins\/seo\/ -->\n<title>DOUBLE DONG 35CM - PENE REAL\u00cdSTICO DOBLE PENETRACI\u00d3N - Tienda Er\u00f3tica<\/title>\n<meta name=\"robots\" content=\"noindex, follow, max-snippet:-1, max-image-preview:large, max-video-preview:-1\" \/>\n<meta property=\"og:locale\" content=\"es_ES\" \/>\n<meta property=\"og:type\" content=\"article\" \/>\n<meta property=\"og:title\" content=\"DOUBLE DONG 35CM - PENE REAL\u00cdSTICO DOBLE PENETRACI\u00d3N - Tienda Er\u00f3tica\" \/>\n<meta property=\"og:description\" content=\"DOUBLE DONG 14 INCH \u00a1El Double Dong de la colecci\u00f3n Get Real by TOYJOY es un dong realista de doble\" \/>\n<meta property=\"og:url\" content=\"https:\/\/demoweb.info\/sexshop001\/producto\/double-dong-35cm-pene-realistico-doble-penetracion\/\" \/>\n<meta property=\"og:site_name\" content=\"Tienda Er\u00f3tica\" \/>\n<meta property=\"article:modified_time\" content=\"2022-01-22T09:58:26+00:00\" \/>\n<meta property=\"og:image\" content=\"https:\/\/demoweb.info\/sexshop001\/wp-content\/uploads\/2022\/01\/DOUBLE-DONG-35CM-PENE-REALISTICO-DOBLE-PENETRACION.jpg\" \/>\n\t<meta property=\"og:image:width\" content=\"550\" \/>\n\t<meta property=\"og:image:height\" content=\"550\" \/>\n\t<meta property=\"og:image:type\" content=\"image\/jpeg\" \/>\n<meta name=\"twitter:card\" content=\"summary_large_image\" \/>\n<meta name=\"twitter:label1\" content=\"Tiempo de lectura\" \/>\n\t<meta name=\"twitter:data1\" content=\"1 minuto\" \/>\n<script type=\"application\/ld+json\" class=\"yoast-schema-graph\">{\"@context\":\"https:\/\/schema.org\",\"@graph\":[{\"@type\":\"WebPage\",\"@id\":\"https:\/\/demoweb.info\/sexshop001\/producto\/double-dong-35cm-pene-realistico-doble-penetracion\/\",\"url\":\"https:\/\/demoweb.info\/sexshop001\/producto\/double-dong-35cm-pene-realistico-doble-penetracion\/\",\"name\":\"DOUBLE DONG 35CM - PENE REAL\u00cdSTICO DOBLE PENETRACI\u00d3N - Tienda Er\u00f3tica\",\"isPartOf\":{\"@id\":\"https:\/\/demoweb.info\/sexshop001\/#website\"},\"datePublished\":\"2022-01-22T09:58:21+00:00\",\"dateModified\":\"2022-01-22T09:58:26+00:00\",\"breadcrumb\":{\"@id\":\"https:\/\/demoweb.info\/sexshop001\/producto\/double-dong-35cm-pene-realistico-doble-penetracion\/#breadcrumb\"},\"inLanguage\":\"es\",\"potentialAction\":[{\"@type\":\"ReadAction\",\"target\":[\"https:\/\/demoweb.info\/sexshop001\/producto\/double-dong-35cm-pene-realistico-doble-penetracion\/\"]}]},{\"@type\":\"BreadcrumbList\",\"@id\":\"https:\/\/demoweb.info\/sexshop001\/producto\/double-dong-35cm-pene-realistico-doble-penetracion\/#breadcrumb\",\"itemListElement\":[{\"@type\":\"ListItem\",\"position\":1,\"name\":\"Portada\",\"item\":\"https:\/\/demoweb.info\/sexshop001\/\"},{\"@type\":\"ListItem\",\"position\":2,\"name\":\"Tienda\",\"item\":\"https:\/\/demoweb.info\/sexshop001\/tienda\/\"},{\"@type\":\"ListItem\",\"position\":3,\"name\":\"DOUBLE DONG 35CM &#8211; PENE REAL\u00cdSTICO DOBLE PENETRACI\u00d3N\"}]},{\"@type\":\"WebSite\",\"@id\":\"https:\/\/demoweb.info\/sexshop001\/#website\",\"url\":\"https:\/\/demoweb.info\/sexshop001\/\",\"name\":\"Tienda Er\u00f3tica\",\"description\":\"DEMOWEB SL\",\"potentialAction\":[{\"@type\":\"SearchAction\",\"target\":{\"@type\":\"EntryPoint\",\"urlTemplate\":\"https:\/\/demoweb.info\/sexshop001\/?s={search_term_string}\"},\"query-input\":\"required name=search_term_string\"}],\"inLanguage\":\"es\"}]}<\/script>\n<!-- \/ Yoast SEO plugin. -->","yoast_head_json":{"title":"DOUBLE DONG 35CM - PENE REAL\u00cdSTICO DOBLE PENETRACI\u00d3N - Tienda Er\u00f3tica","robots":{"index":"noindex","follow":"follow","max-snippet":"max-snippet:-1","max-image-preview":"max-image-preview:large","max-video-preview":"max-video-preview:-1"},"og_locale":"es_ES","og_type":"article","og_title":"DOUBLE DONG 35CM - PENE REAL\u00cdSTICO DOBLE PENETRACI\u00d3N - Tienda Er\u00f3tica","og_description":"DOUBLE DONG 14 INCH \u00a1El Double Dong de la colecci\u00f3n Get Real by TOYJOY es un dong realista de doble","og_url":"https:\/\/demoweb.info\/sexshop001\/producto\/double-dong-35cm-pene-realistico-doble-penetracion\/","og_site_name":"Tienda Er\u00f3tica","article_modified_time":"2022-01-22T09:58:26+00:00","og_image":[{"width":550,"height":550,"url":"https:\/\/demoweb.info\/sexshop001\/wp-content\/uploads\/2022\/01\/DOUBLE-DONG-35CM-PENE-REALISTICO-DOBLE-PENETRACION.jpg","type":"image\/jpeg"}],"twitter_card":"summary_large_image","twitter_misc":{"Tiempo de lectura":"1 minuto"},"schema":{"@context":"https:\/\/schema.org","@graph":[{"@type":"WebPage","@id":"https:\/\/demoweb.info\/sexshop001\/producto\/double-dong-35cm-pene-realistico-doble-penetracion\/","url":"https:\/\/demoweb.info\/sexshop001\/producto\/double-dong-35cm-pene-realistico-doble-penetracion\/","name":"DOUBLE DONG 35CM - PENE REAL\u00cdSTICO DOBLE PENETRACI\u00d3N - Tienda Er\u00f3tica","isPartOf":{"@id":"https:\/\/demoweb.info\/sexshop001\/#website"},"datePublished":"2022-01-22T09:58:21+00:00","dateModified":"2022-01-22T09:58:26+00:00","breadcrumb":{"@id":"https:\/\/demoweb.info\/sexshop001\/producto\/double-dong-35cm-pene-realistico-doble-penetracion\/#breadcrumb"},"inLanguage":"es","potentialAction":[{"@type":"ReadAction","target":["https:\/\/demoweb.info\/sexshop001\/producto\/double-dong-35cm-pene-realistico-doble-penetracion\/"]}]},{"@type":"BreadcrumbList","@id":"https:\/\/demoweb.info\/sexshop001\/producto\/double-dong-35cm-pene-realistico-doble-penetracion\/#breadcrumb","itemListElement":[{"@type":"ListItem","position":1,"name":"Portada","item":"https:\/\/demoweb.info\/sexshop001\/"},{"@type":"ListItem","position":2,"name":"Tienda","item":"https:\/\/demoweb.info\/sexshop001\/tienda\/"},{"@type":"ListItem","position":3,"name":"DOUBLE DONG 35CM &#8211; PENE REAL\u00cdSTICO DOBLE PENETRACI\u00d3N"}]},{"@type":"WebSite","@id":"https:\/\/demoweb.info\/sexshop001\/#website","url":"https:\/\/demoweb.info\/sexshop001\/","name":"Tienda Er\u00f3tica","description":"DEMOWEB SL","potentialAction":[{"@type":"SearchAction","target":{"@type":"EntryPoint","urlTemplate":"https:\/\/demoweb.info\/sexshop001\/?s={search_term_string}"},"query-input":"required name=search_term_string"}],"inLanguage":"es"}]}},"_links":{"self":[{"href":"https:\/\/demoweb.info\/sexshop001\/wp-json\/wp\/v3\/product\/19053","targetHints":{"allow":["GET"]}}],"collection":[{"href":"https:\/\/demoweb.info\/sexshop001\/wp-json\/wp\/v3\/product"}],"about":[{"href":"https:\/\/demoweb.info\/sexshop001\/wp-json\/wp\/v2\/types\/product"}],"replies":[{"embeddable":true,"href":"https:\/\/demoweb.info\/sexshop001\/wp-json\/wp\/v2\/comments?post=19053"}],"wp:featuredmedia":[{"embeddable":true,"href":"https:\/\/demoweb.info\/sexshop001\/wp-json\/wp\/v2\/media\/19054"}],"wp:attachment":[{"href":"https:\/\/demoweb.info\/sexshop001\/wp-json\/wp\/v2\/media?parent=19053"}],"wp:term":[{"taxonomy":"product_cat","embeddable":true,"href":"https:\/\/demoweb.info\/sexshop001\/wp-json\/wp\/v2\/product_cat?post=19053"},{"taxonomy":"product_tag","embeddable":true,"href":"https:\/\/demoweb.info\/sexshop001\/wp-json\/wp\/v2\/product_tag?post=19053"}],"curies":[{"name":"wp","href":"https:\/\/api.w.org\/{rel}","templated":true}]}}