{"id":19047,"date":"2022-01-22T10:58:21","date_gmt":"2022-01-22T09:58:21","guid":{"rendered":"https:\/\/demoweb.info\/sexshop001\/producto\/la-mesa-del-pecado\/"},"modified":"2022-01-22T10:58:24","modified_gmt":"2022-01-22T09:58:24","slug":"la-mesa-del-pecado","status":"publish","type":"product","link":"https:\/\/demoweb.info\/sexshop001\/producto\/la-mesa-del-pecado\/","title":{"rendered":"LA MESA DEL PECADO"},"content":{"rendered":"<p><strong>LA MESA DEL PECADO<\/strong><\/p>\n<p>VV.AA.<\/p>\n<p>Una tentaci\u00f3n de libro, un regalo pecaminoso.\u00bfQu\u00e9 plato asociamos a la pereza? \u00bfY la soberbia, qu\u00e9 receta nos sugiere? \u00bfQu\u00e9 cocinar\u00edamos un d\u00eda que sintamos ira, lujuria o avaricia? \u00bfY la gula, c\u00f3mo se interpreta en una receta?<\/p>\n<p>Los siete pecados capitales, (la lujuria, la gula, la avaricia, la pereza, la ira, la envidia y la soberbia) son el hilo conductor de La mesa del Pecado, la propuesta gastron\u00f3mica elaborada por siete de los principales protagonistas de la actual blogosfera gastron\u00f3mica.<\/p>\n<p>Y como contraste, las siete virtudes (la castidad, la templanza, la generosidad, la diligencia, la paciencia, la caridad y la humildad) interpretadas por un octavo protagonista, que elabora sus recetas como contrapunto (o penitencia) a las iniciales.Cada receta se acompa\u00f1a de una sugerencia de maridaje, en el que se detallan la ficha t\u00e9cnica del vino propuesto y sus notas de cata.<\/p>\n<p>N&ordm; de p\u00e1ginas: 256<br \/>\nEditorial: LAROUSSE<br \/>\nA\u00f1o de edici\u00f3n: 2014<br \/>\nEncuadernaci\u00f3n: Tapa dura<\/p><\/p>\n","protected":false},"excerpt":{"rendered":"<p>LA MESA DEL PECADO VV.AA. Una tentaci\u00f3n de libro, un regalo pecaminoso.\u00bfQu\u00e9 plato asociamos a la pereza? \u00bfY la soberbia,<\/p>\n","protected":false},"featured_media":19048,"comment_status":"open","ping_status":"open","template":"","meta":[],"product_cat":[414],"product_tag":[948],"class_list":["post-19047","product","type-product","status-publish","has-post-thumbnail","hentry","product_cat-libros","product_tag-larousse"],"bundled_by":[],"bundle_stock_status":"outofstock","bundle_stock_quantity":0,"bundle_virtual":false,"bundle_layout":"","bundle_add_to_cart_form_location":"","bundle_editable_in_cart":false,"bundle_sold_individually_context":"","bundle_item_grouping":"","bundle_min_size":"","bundle_max_size":"","bundled_items":[],"yoast_head":"<!-- This site is optimized with the Yoast SEO plugin v20.6 - https:\/\/yoast.com\/wordpress\/plugins\/seo\/ -->\n<title>LA MESA DEL PECADO - Tienda Er\u00f3tica<\/title>\n<meta name=\"robots\" content=\"noindex, follow, max-snippet:-1, max-image-preview:large, max-video-preview:-1\" \/>\n<meta property=\"og:locale\" content=\"es_ES\" \/>\n<meta property=\"og:type\" content=\"article\" \/>\n<meta property=\"og:title\" content=\"LA MESA DEL PECADO - Tienda Er\u00f3tica\" \/>\n<meta property=\"og:description\" content=\"LA MESA DEL PECADO VV.AA. Una tentaci\u00f3n de libro, un regalo pecaminoso.\u00bfQu\u00e9 plato asociamos a la pereza? \u00bfY la soberbia,\" \/>\n<meta property=\"og:url\" content=\"https:\/\/demoweb.info\/sexshop001\/producto\/la-mesa-del-pecado\/\" \/>\n<meta property=\"og:site_name\" content=\"Tienda Er\u00f3tica\" \/>\n<meta property=\"article:modified_time\" content=\"2022-01-22T09:58:24+00:00\" \/>\n<meta property=\"og:image\" content=\"https:\/\/demoweb.info\/sexshop001\/wp-content\/uploads\/2022\/01\/LA-MESA-DEL-PECADO.jpg\" \/>\n\t<meta property=\"og:image:width\" content=\"550\" \/>\n\t<meta property=\"og:image:height\" content=\"550\" \/>\n\t<meta property=\"og:image:type\" content=\"image\/jpeg\" \/>\n<meta name=\"twitter:card\" content=\"summary_large_image\" \/>\n<meta name=\"twitter:label1\" content=\"Tiempo de lectura\" \/>\n\t<meta name=\"twitter:data1\" content=\"1 minuto\" \/>\n<script type=\"application\/ld+json\" class=\"yoast-schema-graph\">{\"@context\":\"https:\/\/schema.org\",\"@graph\":[{\"@type\":\"WebPage\",\"@id\":\"https:\/\/demoweb.info\/sexshop001\/producto\/la-mesa-del-pecado\/\",\"url\":\"https:\/\/demoweb.info\/sexshop001\/producto\/la-mesa-del-pecado\/\",\"name\":\"LA MESA DEL PECADO - Tienda Er\u00f3tica\",\"isPartOf\":{\"@id\":\"https:\/\/demoweb.info\/sexshop001\/#website\"},\"datePublished\":\"2022-01-22T09:58:21+00:00\",\"dateModified\":\"2022-01-22T09:58:24+00:00\",\"breadcrumb\":{\"@id\":\"https:\/\/demoweb.info\/sexshop001\/producto\/la-mesa-del-pecado\/#breadcrumb\"},\"inLanguage\":\"es\",\"potentialAction\":[{\"@type\":\"ReadAction\",\"target\":[\"https:\/\/demoweb.info\/sexshop001\/producto\/la-mesa-del-pecado\/\"]}]},{\"@type\":\"BreadcrumbList\",\"@id\":\"https:\/\/demoweb.info\/sexshop001\/producto\/la-mesa-del-pecado\/#breadcrumb\",\"itemListElement\":[{\"@type\":\"ListItem\",\"position\":1,\"name\":\"Portada\",\"item\":\"https:\/\/demoweb.info\/sexshop001\/\"},{\"@type\":\"ListItem\",\"position\":2,\"name\":\"Tienda\",\"item\":\"https:\/\/demoweb.info\/sexshop001\/tienda\/\"},{\"@type\":\"ListItem\",\"position\":3,\"name\":\"LA MESA DEL PECADO\"}]},{\"@type\":\"WebSite\",\"@id\":\"https:\/\/demoweb.info\/sexshop001\/#website\",\"url\":\"https:\/\/demoweb.info\/sexshop001\/\",\"name\":\"Tienda Er\u00f3tica\",\"description\":\"DEMOWEB SL\",\"potentialAction\":[{\"@type\":\"SearchAction\",\"target\":{\"@type\":\"EntryPoint\",\"urlTemplate\":\"https:\/\/demoweb.info\/sexshop001\/?s={search_term_string}\"},\"query-input\":\"required name=search_term_string\"}],\"inLanguage\":\"es\"}]}<\/script>\n<!-- \/ Yoast SEO plugin. -->","yoast_head_json":{"title":"LA MESA DEL PECADO - Tienda Er\u00f3tica","robots":{"index":"noindex","follow":"follow","max-snippet":"max-snippet:-1","max-image-preview":"max-image-preview:large","max-video-preview":"max-video-preview:-1"},"og_locale":"es_ES","og_type":"article","og_title":"LA MESA DEL PECADO - Tienda Er\u00f3tica","og_description":"LA MESA DEL PECADO VV.AA. Una tentaci\u00f3n de libro, un regalo pecaminoso.\u00bfQu\u00e9 plato asociamos a la pereza? \u00bfY la soberbia,","og_url":"https:\/\/demoweb.info\/sexshop001\/producto\/la-mesa-del-pecado\/","og_site_name":"Tienda Er\u00f3tica","article_modified_time":"2022-01-22T09:58:24+00:00","og_image":[{"width":550,"height":550,"url":"https:\/\/demoweb.info\/sexshop001\/wp-content\/uploads\/2022\/01\/LA-MESA-DEL-PECADO.jpg","type":"image\/jpeg"}],"twitter_card":"summary_large_image","twitter_misc":{"Tiempo de lectura":"1 minuto"},"schema":{"@context":"https:\/\/schema.org","@graph":[{"@type":"WebPage","@id":"https:\/\/demoweb.info\/sexshop001\/producto\/la-mesa-del-pecado\/","url":"https:\/\/demoweb.info\/sexshop001\/producto\/la-mesa-del-pecado\/","name":"LA MESA DEL PECADO - Tienda Er\u00f3tica","isPartOf":{"@id":"https:\/\/demoweb.info\/sexshop001\/#website"},"datePublished":"2022-01-22T09:58:21+00:00","dateModified":"2022-01-22T09:58:24+00:00","breadcrumb":{"@id":"https:\/\/demoweb.info\/sexshop001\/producto\/la-mesa-del-pecado\/#breadcrumb"},"inLanguage":"es","potentialAction":[{"@type":"ReadAction","target":["https:\/\/demoweb.info\/sexshop001\/producto\/la-mesa-del-pecado\/"]}]},{"@type":"BreadcrumbList","@id":"https:\/\/demoweb.info\/sexshop001\/producto\/la-mesa-del-pecado\/#breadcrumb","itemListElement":[{"@type":"ListItem","position":1,"name":"Portada","item":"https:\/\/demoweb.info\/sexshop001\/"},{"@type":"ListItem","position":2,"name":"Tienda","item":"https:\/\/demoweb.info\/sexshop001\/tienda\/"},{"@type":"ListItem","position":3,"name":"LA MESA DEL PECADO"}]},{"@type":"WebSite","@id":"https:\/\/demoweb.info\/sexshop001\/#website","url":"https:\/\/demoweb.info\/sexshop001\/","name":"Tienda Er\u00f3tica","description":"DEMOWEB SL","potentialAction":[{"@type":"SearchAction","target":{"@type":"EntryPoint","urlTemplate":"https:\/\/demoweb.info\/sexshop001\/?s={search_term_string}"},"query-input":"required name=search_term_string"}],"inLanguage":"es"}]}},"_links":{"self":[{"href":"https:\/\/demoweb.info\/sexshop001\/wp-json\/wp\/v3\/product\/19047","targetHints":{"allow":["GET"]}}],"collection":[{"href":"https:\/\/demoweb.info\/sexshop001\/wp-json\/wp\/v3\/product"}],"about":[{"href":"https:\/\/demoweb.info\/sexshop001\/wp-json\/wp\/v2\/types\/product"}],"replies":[{"embeddable":true,"href":"https:\/\/demoweb.info\/sexshop001\/wp-json\/wp\/v2\/comments?post=19047"}],"wp:featuredmedia":[{"embeddable":true,"href":"https:\/\/demoweb.info\/sexshop001\/wp-json\/wp\/v2\/media\/19048"}],"wp:attachment":[{"href":"https:\/\/demoweb.info\/sexshop001\/wp-json\/wp\/v2\/media?parent=19047"}],"wp:term":[{"taxonomy":"product_cat","embeddable":true,"href":"https:\/\/demoweb.info\/sexshop001\/wp-json\/wp\/v2\/product_cat?post=19047"},{"taxonomy":"product_tag","embeddable":true,"href":"https:\/\/demoweb.info\/sexshop001\/wp-json\/wp\/v2\/product_tag?post=19047"}],"curies":[{"name":"wp","href":"https:\/\/api.w.org\/{rel}","templated":true}]}}