{"id":19039,"date":"2022-01-22T10:58:21","date_gmt":"2022-01-22T09:58:21","guid":{"rendered":"https:\/\/demoweb.info\/sexshop001\/producto\/sexo-drogas-y-chocolate-la-ciencia-del-placer\/"},"modified":"2022-01-22T10:58:21","modified_gmt":"2022-01-22T09:58:21","slug":"sexo-drogas-y-chocolate-la-ciencia-del-placer","status":"publish","type":"product","link":"https:\/\/demoweb.info\/sexshop001\/producto\/sexo-drogas-y-chocolate-la-ciencia-del-placer\/","title":{"rendered":"SEXO, DROGAS Y CHOCOLATE: LA CIENCIA DEL PLACER"},"content":{"rendered":"<p><strong>SEXO, DROGAS Y CHOCOLATE: LA CIENCIA DEL PLACER<\/strong><\/p>\n<p>Paul Martin<\/p>\n<p>Este libro es el tratado esencial sobre el placer: el sexual, con los misterios del orgasmo; el de la comida, el del juego&#8230; y las v\u00edas qu\u00edmicas para experimentarlo con el alcohol y las drogas. Y, por supuesto, el chocolate. Todo ello aderezado con sabrosas an\u00e9cdotas que abarcan desde la vida sexual de los chimpanc\u00e9s hasta el papel de los genes en la consecuci\u00f3n del orgasmo.<\/p>\n<p>N&ordm; de p\u00e1ginas: 400<br \/>\nEditorial: S.A. EDICIONES B<br \/>\nA\u00f1o de edici\u00f3n: 2009<br \/>\nEncuadernaci\u00f3n: Tapa dura<\/p><\/p>\n","protected":false},"excerpt":{"rendered":"<p>SEXO, DROGAS Y CHOCOLATE: LA CIENCIA DEL PLACER Paul Martin Este libro es el tratado esencial sobre el placer: el<\/p>\n","protected":false},"featured_media":19040,"comment_status":"open","ping_status":"open","template":"","meta":[],"product_cat":[414],"product_tag":[945],"class_list":["post-19039","product","type-product","status-publish","has-post-thumbnail","hentry","product_cat-libros","product_tag-ediciones-b"],"bundled_by":[],"bundle_stock_status":"instock","bundle_stock_quantity":1,"bundle_virtual":false,"bundle_layout":"","bundle_add_to_cart_form_location":"","bundle_editable_in_cart":false,"bundle_sold_individually_context":"","bundle_item_grouping":"","bundle_min_size":"","bundle_max_size":"","bundled_items":[],"yoast_head":"<!-- This site is optimized with the Yoast SEO plugin v20.6 - https:\/\/yoast.com\/wordpress\/plugins\/seo\/ -->\n<title>SEXO, DROGAS Y CHOCOLATE: LA CIENCIA DEL PLACER - Tienda Er\u00f3tica<\/title>\n<meta name=\"robots\" content=\"noindex, follow, max-snippet:-1, max-image-preview:large, max-video-preview:-1\" \/>\n<meta property=\"og:locale\" content=\"es_ES\" \/>\n<meta property=\"og:type\" content=\"article\" \/>\n<meta property=\"og:title\" content=\"SEXO, DROGAS Y CHOCOLATE: LA CIENCIA DEL PLACER - Tienda Er\u00f3tica\" \/>\n<meta property=\"og:description\" content=\"SEXO, DROGAS Y CHOCOLATE: LA CIENCIA DEL PLACER Paul Martin Este libro es el tratado esencial sobre el placer: el\" \/>\n<meta property=\"og:url\" content=\"https:\/\/demoweb.info\/sexshop001\/producto\/sexo-drogas-y-chocolate-la-ciencia-del-placer\/\" \/>\n<meta property=\"og:site_name\" content=\"Tienda Er\u00f3tica\" \/>\n<meta property=\"og:image\" content=\"https:\/\/demoweb.info\/sexshop001\/wp-content\/uploads\/2022\/01\/SEXO-DROGAS-Y-CHOCOLATE-LA-CIENCIA-DEL-PLACER.jpg\" \/>\n\t<meta property=\"og:image:width\" content=\"550\" \/>\n\t<meta property=\"og:image:height\" content=\"550\" \/>\n\t<meta property=\"og:image:type\" content=\"image\/jpeg\" \/>\n<meta name=\"twitter:card\" content=\"summary_large_image\" \/>\n<meta name=\"twitter:label1\" content=\"Tiempo de lectura\" \/>\n\t<meta name=\"twitter:data1\" content=\"1 minuto\" \/>\n<script type=\"application\/ld+json\" class=\"yoast-schema-graph\">{\"@context\":\"https:\/\/schema.org\",\"@graph\":[{\"@type\":\"WebPage\",\"@id\":\"https:\/\/demoweb.info\/sexshop001\/producto\/sexo-drogas-y-chocolate-la-ciencia-del-placer\/\",\"url\":\"https:\/\/demoweb.info\/sexshop001\/producto\/sexo-drogas-y-chocolate-la-ciencia-del-placer\/\",\"name\":\"SEXO, DROGAS Y CHOCOLATE: LA CIENCIA DEL PLACER - Tienda Er\u00f3tica\",\"isPartOf\":{\"@id\":\"https:\/\/demoweb.info\/sexshop001\/#website\"},\"datePublished\":\"2022-01-22T09:58:21+00:00\",\"dateModified\":\"2022-01-22T09:58:21+00:00\",\"breadcrumb\":{\"@id\":\"https:\/\/demoweb.info\/sexshop001\/producto\/sexo-drogas-y-chocolate-la-ciencia-del-placer\/#breadcrumb\"},\"inLanguage\":\"es\",\"potentialAction\":[{\"@type\":\"ReadAction\",\"target\":[\"https:\/\/demoweb.info\/sexshop001\/producto\/sexo-drogas-y-chocolate-la-ciencia-del-placer\/\"]}]},{\"@type\":\"BreadcrumbList\",\"@id\":\"https:\/\/demoweb.info\/sexshop001\/producto\/sexo-drogas-y-chocolate-la-ciencia-del-placer\/#breadcrumb\",\"itemListElement\":[{\"@type\":\"ListItem\",\"position\":1,\"name\":\"Portada\",\"item\":\"https:\/\/demoweb.info\/sexshop001\/\"},{\"@type\":\"ListItem\",\"position\":2,\"name\":\"Tienda\",\"item\":\"https:\/\/demoweb.info\/sexshop001\/tienda\/\"},{\"@type\":\"ListItem\",\"position\":3,\"name\":\"SEXO, DROGAS Y CHOCOLATE: LA CIENCIA DEL PLACER\"}]},{\"@type\":\"WebSite\",\"@id\":\"https:\/\/demoweb.info\/sexshop001\/#website\",\"url\":\"https:\/\/demoweb.info\/sexshop001\/\",\"name\":\"Tienda Er\u00f3tica\",\"description\":\"DEMOWEB SL\",\"potentialAction\":[{\"@type\":\"SearchAction\",\"target\":{\"@type\":\"EntryPoint\",\"urlTemplate\":\"https:\/\/demoweb.info\/sexshop001\/?s={search_term_string}\"},\"query-input\":\"required name=search_term_string\"}],\"inLanguage\":\"es\"}]}<\/script>\n<!-- \/ Yoast SEO plugin. -->","yoast_head_json":{"title":"SEXO, DROGAS Y CHOCOLATE: LA CIENCIA DEL PLACER - Tienda Er\u00f3tica","robots":{"index":"noindex","follow":"follow","max-snippet":"max-snippet:-1","max-image-preview":"max-image-preview:large","max-video-preview":"max-video-preview:-1"},"og_locale":"es_ES","og_type":"article","og_title":"SEXO, DROGAS Y CHOCOLATE: LA CIENCIA DEL PLACER - Tienda Er\u00f3tica","og_description":"SEXO, DROGAS Y CHOCOLATE: LA CIENCIA DEL PLACER Paul Martin Este libro es el tratado esencial sobre el placer: el","og_url":"https:\/\/demoweb.info\/sexshop001\/producto\/sexo-drogas-y-chocolate-la-ciencia-del-placer\/","og_site_name":"Tienda Er\u00f3tica","og_image":[{"width":550,"height":550,"url":"https:\/\/demoweb.info\/sexshop001\/wp-content\/uploads\/2022\/01\/SEXO-DROGAS-Y-CHOCOLATE-LA-CIENCIA-DEL-PLACER.jpg","type":"image\/jpeg"}],"twitter_card":"summary_large_image","twitter_misc":{"Tiempo de lectura":"1 minuto"},"schema":{"@context":"https:\/\/schema.org","@graph":[{"@type":"WebPage","@id":"https:\/\/demoweb.info\/sexshop001\/producto\/sexo-drogas-y-chocolate-la-ciencia-del-placer\/","url":"https:\/\/demoweb.info\/sexshop001\/producto\/sexo-drogas-y-chocolate-la-ciencia-del-placer\/","name":"SEXO, DROGAS Y CHOCOLATE: LA CIENCIA DEL PLACER - Tienda Er\u00f3tica","isPartOf":{"@id":"https:\/\/demoweb.info\/sexshop001\/#website"},"datePublished":"2022-01-22T09:58:21+00:00","dateModified":"2022-01-22T09:58:21+00:00","breadcrumb":{"@id":"https:\/\/demoweb.info\/sexshop001\/producto\/sexo-drogas-y-chocolate-la-ciencia-del-placer\/#breadcrumb"},"inLanguage":"es","potentialAction":[{"@type":"ReadAction","target":["https:\/\/demoweb.info\/sexshop001\/producto\/sexo-drogas-y-chocolate-la-ciencia-del-placer\/"]}]},{"@type":"BreadcrumbList","@id":"https:\/\/demoweb.info\/sexshop001\/producto\/sexo-drogas-y-chocolate-la-ciencia-del-placer\/#breadcrumb","itemListElement":[{"@type":"ListItem","position":1,"name":"Portada","item":"https:\/\/demoweb.info\/sexshop001\/"},{"@type":"ListItem","position":2,"name":"Tienda","item":"https:\/\/demoweb.info\/sexshop001\/tienda\/"},{"@type":"ListItem","position":3,"name":"SEXO, DROGAS Y CHOCOLATE: LA CIENCIA DEL PLACER"}]},{"@type":"WebSite","@id":"https:\/\/demoweb.info\/sexshop001\/#website","url":"https:\/\/demoweb.info\/sexshop001\/","name":"Tienda Er\u00f3tica","description":"DEMOWEB SL","potentialAction":[{"@type":"SearchAction","target":{"@type":"EntryPoint","urlTemplate":"https:\/\/demoweb.info\/sexshop001\/?s={search_term_string}"},"query-input":"required name=search_term_string"}],"inLanguage":"es"}]}},"_links":{"self":[{"href":"https:\/\/demoweb.info\/sexshop001\/wp-json\/wp\/v3\/product\/19039","targetHints":{"allow":["GET"]}}],"collection":[{"href":"https:\/\/demoweb.info\/sexshop001\/wp-json\/wp\/v3\/product"}],"about":[{"href":"https:\/\/demoweb.info\/sexshop001\/wp-json\/wp\/v2\/types\/product"}],"replies":[{"embeddable":true,"href":"https:\/\/demoweb.info\/sexshop001\/wp-json\/wp\/v2\/comments?post=19039"}],"wp:featuredmedia":[{"embeddable":true,"href":"https:\/\/demoweb.info\/sexshop001\/wp-json\/wp\/v2\/media\/19040"}],"wp:attachment":[{"href":"https:\/\/demoweb.info\/sexshop001\/wp-json\/wp\/v2\/media?parent=19039"}],"wp:term":[{"taxonomy":"product_cat","embeddable":true,"href":"https:\/\/demoweb.info\/sexshop001\/wp-json\/wp\/v2\/product_cat?post=19039"},{"taxonomy":"product_tag","embeddable":true,"href":"https:\/\/demoweb.info\/sexshop001\/wp-json\/wp\/v2\/product_tag?post=19039"}],"curies":[{"name":"wp","href":"https:\/\/api.w.org\/{rel}","templated":true}]}}