{"id":19037,"date":"2022-01-22T10:58:01","date_gmt":"2022-01-22T09:58:01","guid":{"rendered":"https:\/\/demoweb.info\/sexshop001\/producto\/historia-de-los-burdeles\/"},"modified":"2022-01-22T10:58:19","modified_gmt":"2022-01-22T09:58:19","slug":"historia-de-los-burdeles","status":"publish","type":"product","link":"https:\/\/demoweb.info\/sexshop001\/producto\/historia-de-los-burdeles\/","title":{"rendered":"HISTORIA DE LOS BURDELES"},"content":{"rendered":"<p><strong>HISTORIA DE LOS BURDELES<\/strong><\/p>\n<p>M\u00f3nica Garc\u00eda Massagu\u00e9<\/p>\n<p>\u00bfSab\u00edas que en la Antig\u00fcedad se practicaba la prostituci\u00f3n sagrada?, \u00bfque Iglesia y Estado obten\u00edan suculentos beneficios de los burdeles en la Edad Media?, \u00bfque en Jap\u00f3n hay prostitutas que se visten de azafatas y simulan viajar en avi\u00f3n?, \u00bfque en Mosc\u00fa se puede comer sushi en el vientre de una geisha?, \u00bfque en los campos de concentraci\u00f3n hab\u00eda burdeles?<\/p>\n<p>En este libro te invitamos a conocer los secretos de los burdeles m\u00e1s famosos de la historia. Una invitaci\u00f3n que, sin duda, te deparar\u00e1 muchas sorpresas.<\/p>\n<p>Artistas, pol\u00edticos y hombres de empresa han nutrido los burdeles m\u00e1s selectos. Ajenos al qu\u00e9 dir\u00e1n, en ellos encontraban inspiraci\u00f3n y comprensi\u00f3n, su propia versi\u00f3n del amor y un lugar donde hacer negocios.<\/p>\n<p>Prost\u00edbulo, casa de tono, ba\u00f1o, convento, colegio de se\u00f1oritas, casa de mala reputaci\u00f3n, casa de mala fama, casa del diablo, casa atrevida, casa de tolerancia, manceb\u00eda&#8230; Muchos y variados nombres para el lugar en el que se realizan las m\u00e1s secretas fantas\u00edas sexuales. Desde la Antigua Grecia hasta los locales m\u00e1s profesionalizados del siglo XXI, los burdeles forman parte, para bien o para mal, de nuestra historia.<\/p>\n<p>\u00abUna perspectiva amable descubre el burdel empleado durante d\u00e9cadas como medio tradicional para la iniciaci\u00f3n de los j\u00f3venes en los placeres de la carne, como espacio de reuni\u00f3n fraternal para hombres, como primer escenario para un teatro que no permit\u00eda a las mujeres de bien subir a escena, como refugio para artistas de toda clase y como punto de encuentro revolucionario para aquellos que planeaban un mundo a espaldas de la sociedad vigente.<br \/>\nPor otro lado, existe tambi\u00e9n otra perspectiva del negocio, basada en la explotaci\u00f3n de la carne, que colinda de forma peligrosa con la ilegalidad y la amoralidad y que ha sido (y es) pasto de actuaciones desaprensivas, que afectan a millones de inocentes en todo el mundo.\u00bb<\/p>\n<p>N&ordm; de p\u00e1ginas: 150<br \/>\nEditorial: OCEANO AMBAR<br \/>\nA\u00f1o de edici\u00f3n: 2009<br \/>\nEncuadernaci\u00f3n: R\u00fastica<\/p><\/p>\n","protected":false},"excerpt":{"rendered":"<p>HISTORIA DE LOS BURDELES M\u00f3nica Garc\u00eda Massagu\u00e9 \u00bfSab\u00edas que en la Antig\u00fcedad se practicaba la prostituci\u00f3n sagrada?, \u00bfque Iglesia y<\/p>\n","protected":false},"featured_media":19038,"comment_status":"open","ping_status":"open","template":"","meta":[],"product_cat":[414],"product_tag":[946],"class_list":["post-19037","product","type-product","status-publish","has-post-thumbnail","hentry","product_cat-libros","product_tag-oceano-ambar"],"bundled_by":[],"bundle_stock_status":"outofstock","bundle_stock_quantity":0,"bundle_virtual":false,"bundle_layout":"","bundle_add_to_cart_form_location":"","bundle_editable_in_cart":false,"bundle_sold_individually_context":"","bundle_item_grouping":"","bundle_min_size":"","bundle_max_size":"","bundled_items":[],"yoast_head":"<!-- This site is optimized with the Yoast SEO plugin v20.6 - https:\/\/yoast.com\/wordpress\/plugins\/seo\/ -->\n<title>HISTORIA DE LOS BURDELES - Tienda Er\u00f3tica<\/title>\n<meta name=\"robots\" content=\"noindex, follow, max-snippet:-1, max-image-preview:large, max-video-preview:-1\" \/>\n<meta property=\"og:locale\" content=\"es_ES\" \/>\n<meta property=\"og:type\" content=\"article\" \/>\n<meta property=\"og:title\" content=\"HISTORIA DE LOS BURDELES - Tienda Er\u00f3tica\" \/>\n<meta property=\"og:description\" content=\"HISTORIA DE LOS BURDELES M\u00f3nica Garc\u00eda Massagu\u00e9 \u00bfSab\u00edas que en la Antig\u00fcedad se practicaba la prostituci\u00f3n sagrada?, \u00bfque Iglesia y\" \/>\n<meta property=\"og:url\" content=\"https:\/\/demoweb.info\/sexshop001\/producto\/historia-de-los-burdeles\/\" \/>\n<meta property=\"og:site_name\" content=\"Tienda Er\u00f3tica\" \/>\n<meta property=\"article:modified_time\" content=\"2022-01-22T09:58:19+00:00\" \/>\n<meta property=\"og:image\" content=\"https:\/\/demoweb.info\/sexshop001\/wp-content\/uploads\/2022\/01\/HISTORIA-DE-LOS-BURDELES.jpg\" \/>\n\t<meta property=\"og:image:width\" content=\"550\" \/>\n\t<meta property=\"og:image:height\" content=\"550\" \/>\n\t<meta property=\"og:image:type\" content=\"image\/jpeg\" \/>\n<meta name=\"twitter:card\" content=\"summary_large_image\" \/>\n<meta name=\"twitter:label1\" content=\"Tiempo de lectura\" \/>\n\t<meta name=\"twitter:data1\" content=\"2 minutos\" \/>\n<script type=\"application\/ld+json\" class=\"yoast-schema-graph\">{\"@context\":\"https:\/\/schema.org\",\"@graph\":[{\"@type\":\"WebPage\",\"@id\":\"https:\/\/demoweb.info\/sexshop001\/producto\/historia-de-los-burdeles\/\",\"url\":\"https:\/\/demoweb.info\/sexshop001\/producto\/historia-de-los-burdeles\/\",\"name\":\"HISTORIA DE LOS BURDELES - Tienda Er\u00f3tica\",\"isPartOf\":{\"@id\":\"https:\/\/demoweb.info\/sexshop001\/#website\"},\"datePublished\":\"2022-01-22T09:58:01+00:00\",\"dateModified\":\"2022-01-22T09:58:19+00:00\",\"breadcrumb\":{\"@id\":\"https:\/\/demoweb.info\/sexshop001\/producto\/historia-de-los-burdeles\/#breadcrumb\"},\"inLanguage\":\"es\",\"potentialAction\":[{\"@type\":\"ReadAction\",\"target\":[\"https:\/\/demoweb.info\/sexshop001\/producto\/historia-de-los-burdeles\/\"]}]},{\"@type\":\"BreadcrumbList\",\"@id\":\"https:\/\/demoweb.info\/sexshop001\/producto\/historia-de-los-burdeles\/#breadcrumb\",\"itemListElement\":[{\"@type\":\"ListItem\",\"position\":1,\"name\":\"Portada\",\"item\":\"https:\/\/demoweb.info\/sexshop001\/\"},{\"@type\":\"ListItem\",\"position\":2,\"name\":\"Tienda\",\"item\":\"https:\/\/demoweb.info\/sexshop001\/tienda\/\"},{\"@type\":\"ListItem\",\"position\":3,\"name\":\"HISTORIA DE LOS BURDELES\"}]},{\"@type\":\"WebSite\",\"@id\":\"https:\/\/demoweb.info\/sexshop001\/#website\",\"url\":\"https:\/\/demoweb.info\/sexshop001\/\",\"name\":\"Tienda Er\u00f3tica\",\"description\":\"DEMOWEB SL\",\"potentialAction\":[{\"@type\":\"SearchAction\",\"target\":{\"@type\":\"EntryPoint\",\"urlTemplate\":\"https:\/\/demoweb.info\/sexshop001\/?s={search_term_string}\"},\"query-input\":\"required name=search_term_string\"}],\"inLanguage\":\"es\"}]}<\/script>\n<!-- \/ Yoast SEO plugin. -->","yoast_head_json":{"title":"HISTORIA DE LOS BURDELES - Tienda Er\u00f3tica","robots":{"index":"noindex","follow":"follow","max-snippet":"max-snippet:-1","max-image-preview":"max-image-preview:large","max-video-preview":"max-video-preview:-1"},"og_locale":"es_ES","og_type":"article","og_title":"HISTORIA DE LOS BURDELES - Tienda Er\u00f3tica","og_description":"HISTORIA DE LOS BURDELES M\u00f3nica Garc\u00eda Massagu\u00e9 \u00bfSab\u00edas que en la Antig\u00fcedad se practicaba la prostituci\u00f3n sagrada?, \u00bfque Iglesia y","og_url":"https:\/\/demoweb.info\/sexshop001\/producto\/historia-de-los-burdeles\/","og_site_name":"Tienda Er\u00f3tica","article_modified_time":"2022-01-22T09:58:19+00:00","og_image":[{"width":550,"height":550,"url":"https:\/\/demoweb.info\/sexshop001\/wp-content\/uploads\/2022\/01\/HISTORIA-DE-LOS-BURDELES.jpg","type":"image\/jpeg"}],"twitter_card":"summary_large_image","twitter_misc":{"Tiempo de lectura":"2 minutos"},"schema":{"@context":"https:\/\/schema.org","@graph":[{"@type":"WebPage","@id":"https:\/\/demoweb.info\/sexshop001\/producto\/historia-de-los-burdeles\/","url":"https:\/\/demoweb.info\/sexshop001\/producto\/historia-de-los-burdeles\/","name":"HISTORIA DE LOS BURDELES - Tienda Er\u00f3tica","isPartOf":{"@id":"https:\/\/demoweb.info\/sexshop001\/#website"},"datePublished":"2022-01-22T09:58:01+00:00","dateModified":"2022-01-22T09:58:19+00:00","breadcrumb":{"@id":"https:\/\/demoweb.info\/sexshop001\/producto\/historia-de-los-burdeles\/#breadcrumb"},"inLanguage":"es","potentialAction":[{"@type":"ReadAction","target":["https:\/\/demoweb.info\/sexshop001\/producto\/historia-de-los-burdeles\/"]}]},{"@type":"BreadcrumbList","@id":"https:\/\/demoweb.info\/sexshop001\/producto\/historia-de-los-burdeles\/#breadcrumb","itemListElement":[{"@type":"ListItem","position":1,"name":"Portada","item":"https:\/\/demoweb.info\/sexshop001\/"},{"@type":"ListItem","position":2,"name":"Tienda","item":"https:\/\/demoweb.info\/sexshop001\/tienda\/"},{"@type":"ListItem","position":3,"name":"HISTORIA DE LOS BURDELES"}]},{"@type":"WebSite","@id":"https:\/\/demoweb.info\/sexshop001\/#website","url":"https:\/\/demoweb.info\/sexshop001\/","name":"Tienda Er\u00f3tica","description":"DEMOWEB SL","potentialAction":[{"@type":"SearchAction","target":{"@type":"EntryPoint","urlTemplate":"https:\/\/demoweb.info\/sexshop001\/?s={search_term_string}"},"query-input":"required name=search_term_string"}],"inLanguage":"es"}]}},"_links":{"self":[{"href":"https:\/\/demoweb.info\/sexshop001\/wp-json\/wp\/v3\/product\/19037","targetHints":{"allow":["GET"]}}],"collection":[{"href":"https:\/\/demoweb.info\/sexshop001\/wp-json\/wp\/v3\/product"}],"about":[{"href":"https:\/\/demoweb.info\/sexshop001\/wp-json\/wp\/v2\/types\/product"}],"replies":[{"embeddable":true,"href":"https:\/\/demoweb.info\/sexshop001\/wp-json\/wp\/v2\/comments?post=19037"}],"wp:featuredmedia":[{"embeddable":true,"href":"https:\/\/demoweb.info\/sexshop001\/wp-json\/wp\/v2\/media\/19038"}],"wp:attachment":[{"href":"https:\/\/demoweb.info\/sexshop001\/wp-json\/wp\/v2\/media?parent=19037"}],"wp:term":[{"taxonomy":"product_cat","embeddable":true,"href":"https:\/\/demoweb.info\/sexshop001\/wp-json\/wp\/v2\/product_cat?post=19037"},{"taxonomy":"product_tag","embeddable":true,"href":"https:\/\/demoweb.info\/sexshop001\/wp-json\/wp\/v2\/product_tag?post=19037"}],"curies":[{"name":"wp","href":"https:\/\/api.w.org\/{rel}","templated":true}]}}