{"id":19035,"date":"2022-01-22T10:58:01","date_gmt":"2022-01-22T09:58:01","guid":{"rendered":"https:\/\/demoweb.info\/sexshop001\/producto\/sexejercicios-para-perder-esos-kilos-de-mas\/"},"modified":"2022-01-22T10:58:18","modified_gmt":"2022-01-22T09:58:18","slug":"sexejercicios-para-perder-esos-kilos-de-mas","status":"publish","type":"product","link":"https:\/\/demoweb.info\/sexshop001\/producto\/sexejercicios-para-perder-esos-kilos-de-mas\/","title":{"rendered":"SEXEJERCICIOS PARA PERDER ESOS KILOS DE M\u00c1S"},"content":{"rendered":"<p><strong>SEXEJERCICIOS PARA PERDER ESOS KILOS DE M\u00c1S<\/strong><\/p>\n<p>Sophie Troff<\/p>\n<p>1 noche loca = 500 calor\u00edas<br \/>\n\u00bfCrees que realizar una dieta estricta es la \u00fanica manera de perder peso? Pues te equivocas. Olv\u00eddate de pasar horas en el gimnasio corriendo sobre una cinta (si es que lo haces) o de comer pescado hervido y ensalada (si es que sigues alguna de esas dietas aburridas).<\/p>\n<p>Este libro de lo demostrar\u00e1. No s\u00f3lo te abrir\u00e1 todo un abanico de divertidas posibilidades, sino que te permitir\u00e1 adelgazar y sentirte bien an\u00edmicamente. Prep\u00e1rate para reactivar tu vida sexual y decir adi\u00f3s a tus michelines. Empieza hoy mismo la dieta del sexo y quemar\u00e1s calor\u00edas de forma divertida y muy er\u00f3tica. \u00bfC\u00f3mo? Muy sencillo: pon en pr\u00e1ctica los sexejercicios que te proponen los autores de esta gu\u00eda y conseguir\u00e1s eses cuerpo con el que llevas so\u00f1ando toda la vida.<\/p>\n<p>Sophie Troff es consultora en una agencia de naming e innovaci\u00f3n. Fr\u00e9d\u00e9ric Mompo es profesor de halterofilia, culturismo y musculaci\u00f3n, y ex M\u00edster Universo. Jade Vigreux es bailarina profesional y deportista de alto nivel, campeona de culturismo en Francia y subcampeona del mundo.<\/p>\n<p>N&ordm; de p\u00e1ginas: 160<br \/>\nEditorial: OCEANO AMBAR<br \/>\nA\u00f1o de edici\u00f3n: 201<br \/>\nEncuadernaci\u00f3n: Tapa blanda<\/p><\/p>\n","protected":false},"excerpt":{"rendered":"<p>SEXEJERCICIOS PARA PERDER ESOS KILOS DE M\u00c1S Sophie Troff 1 noche loca = 500 calor\u00edas \u00bfCrees que realizar una dieta<\/p>\n","protected":false},"featured_media":19036,"comment_status":"open","ping_status":"open","template":"","meta":[],"product_cat":[414],"product_tag":[946],"class_list":["post-19035","product","type-product","status-publish","has-post-thumbnail","hentry","product_cat-libros","product_tag-oceano-ambar"],"bundled_by":[],"bundle_stock_status":"outofstock","bundle_stock_quantity":0,"bundle_virtual":false,"bundle_layout":"","bundle_add_to_cart_form_location":"","bundle_editable_in_cart":false,"bundle_sold_individually_context":"","bundle_item_grouping":"","bundle_min_size":"","bundle_max_size":"","bundled_items":[],"yoast_head":"<!-- This site is optimized with the Yoast SEO plugin v20.6 - https:\/\/yoast.com\/wordpress\/plugins\/seo\/ -->\n<title>SEXEJERCICIOS PARA PERDER ESOS KILOS DE M\u00c1S - Tienda Er\u00f3tica<\/title>\n<meta name=\"robots\" content=\"noindex, follow, max-snippet:-1, max-image-preview:large, max-video-preview:-1\" \/>\n<meta property=\"og:locale\" content=\"es_ES\" \/>\n<meta property=\"og:type\" content=\"article\" \/>\n<meta property=\"og:title\" content=\"SEXEJERCICIOS PARA PERDER ESOS KILOS DE M\u00c1S - Tienda Er\u00f3tica\" \/>\n<meta property=\"og:description\" content=\"SEXEJERCICIOS PARA PERDER ESOS KILOS DE M\u00c1S Sophie Troff 1 noche loca = 500 calor\u00edas \u00bfCrees que realizar una dieta\" \/>\n<meta property=\"og:url\" content=\"https:\/\/demoweb.info\/sexshop001\/producto\/sexejercicios-para-perder-esos-kilos-de-mas\/\" \/>\n<meta property=\"og:site_name\" content=\"Tienda Er\u00f3tica\" \/>\n<meta property=\"article:modified_time\" content=\"2022-01-22T09:58:18+00:00\" \/>\n<meta property=\"og:image\" content=\"https:\/\/demoweb.info\/sexshop001\/wp-content\/uploads\/2022\/01\/SEXEJERCICIOS-PARA-PERDER-ESOS-KILOS-DE-MAS.jpg\" \/>\n\t<meta property=\"og:image:width\" content=\"550\" \/>\n\t<meta property=\"og:image:height\" content=\"550\" \/>\n\t<meta property=\"og:image:type\" content=\"image\/jpeg\" \/>\n<meta name=\"twitter:card\" content=\"summary_large_image\" \/>\n<meta name=\"twitter:label1\" content=\"Tiempo de lectura\" \/>\n\t<meta name=\"twitter:data1\" content=\"1 minuto\" \/>\n<script type=\"application\/ld+json\" class=\"yoast-schema-graph\">{\"@context\":\"https:\/\/schema.org\",\"@graph\":[{\"@type\":\"WebPage\",\"@id\":\"https:\/\/demoweb.info\/sexshop001\/producto\/sexejercicios-para-perder-esos-kilos-de-mas\/\",\"url\":\"https:\/\/demoweb.info\/sexshop001\/producto\/sexejercicios-para-perder-esos-kilos-de-mas\/\",\"name\":\"SEXEJERCICIOS PARA PERDER ESOS KILOS DE M\u00c1S - Tienda Er\u00f3tica\",\"isPartOf\":{\"@id\":\"https:\/\/demoweb.info\/sexshop001\/#website\"},\"datePublished\":\"2022-01-22T09:58:01+00:00\",\"dateModified\":\"2022-01-22T09:58:18+00:00\",\"breadcrumb\":{\"@id\":\"https:\/\/demoweb.info\/sexshop001\/producto\/sexejercicios-para-perder-esos-kilos-de-mas\/#breadcrumb\"},\"inLanguage\":\"es\",\"potentialAction\":[{\"@type\":\"ReadAction\",\"target\":[\"https:\/\/demoweb.info\/sexshop001\/producto\/sexejercicios-para-perder-esos-kilos-de-mas\/\"]}]},{\"@type\":\"BreadcrumbList\",\"@id\":\"https:\/\/demoweb.info\/sexshop001\/producto\/sexejercicios-para-perder-esos-kilos-de-mas\/#breadcrumb\",\"itemListElement\":[{\"@type\":\"ListItem\",\"position\":1,\"name\":\"Portada\",\"item\":\"https:\/\/demoweb.info\/sexshop001\/\"},{\"@type\":\"ListItem\",\"position\":2,\"name\":\"Tienda\",\"item\":\"https:\/\/demoweb.info\/sexshop001\/tienda\/\"},{\"@type\":\"ListItem\",\"position\":3,\"name\":\"SEXEJERCICIOS PARA PERDER ESOS KILOS DE M\u00c1S\"}]},{\"@type\":\"WebSite\",\"@id\":\"https:\/\/demoweb.info\/sexshop001\/#website\",\"url\":\"https:\/\/demoweb.info\/sexshop001\/\",\"name\":\"Tienda Er\u00f3tica\",\"description\":\"DEMOWEB SL\",\"potentialAction\":[{\"@type\":\"SearchAction\",\"target\":{\"@type\":\"EntryPoint\",\"urlTemplate\":\"https:\/\/demoweb.info\/sexshop001\/?s={search_term_string}\"},\"query-input\":\"required name=search_term_string\"}],\"inLanguage\":\"es\"}]}<\/script>\n<!-- \/ Yoast SEO plugin. -->","yoast_head_json":{"title":"SEXEJERCICIOS PARA PERDER ESOS KILOS DE M\u00c1S - Tienda Er\u00f3tica","robots":{"index":"noindex","follow":"follow","max-snippet":"max-snippet:-1","max-image-preview":"max-image-preview:large","max-video-preview":"max-video-preview:-1"},"og_locale":"es_ES","og_type":"article","og_title":"SEXEJERCICIOS PARA PERDER ESOS KILOS DE M\u00c1S - Tienda Er\u00f3tica","og_description":"SEXEJERCICIOS PARA PERDER ESOS KILOS DE M\u00c1S Sophie Troff 1 noche loca = 500 calor\u00edas \u00bfCrees que realizar una dieta","og_url":"https:\/\/demoweb.info\/sexshop001\/producto\/sexejercicios-para-perder-esos-kilos-de-mas\/","og_site_name":"Tienda Er\u00f3tica","article_modified_time":"2022-01-22T09:58:18+00:00","og_image":[{"width":550,"height":550,"url":"https:\/\/demoweb.info\/sexshop001\/wp-content\/uploads\/2022\/01\/SEXEJERCICIOS-PARA-PERDER-ESOS-KILOS-DE-MAS.jpg","type":"image\/jpeg"}],"twitter_card":"summary_large_image","twitter_misc":{"Tiempo de lectura":"1 minuto"},"schema":{"@context":"https:\/\/schema.org","@graph":[{"@type":"WebPage","@id":"https:\/\/demoweb.info\/sexshop001\/producto\/sexejercicios-para-perder-esos-kilos-de-mas\/","url":"https:\/\/demoweb.info\/sexshop001\/producto\/sexejercicios-para-perder-esos-kilos-de-mas\/","name":"SEXEJERCICIOS PARA PERDER ESOS KILOS DE M\u00c1S - Tienda Er\u00f3tica","isPartOf":{"@id":"https:\/\/demoweb.info\/sexshop001\/#website"},"datePublished":"2022-01-22T09:58:01+00:00","dateModified":"2022-01-22T09:58:18+00:00","breadcrumb":{"@id":"https:\/\/demoweb.info\/sexshop001\/producto\/sexejercicios-para-perder-esos-kilos-de-mas\/#breadcrumb"},"inLanguage":"es","potentialAction":[{"@type":"ReadAction","target":["https:\/\/demoweb.info\/sexshop001\/producto\/sexejercicios-para-perder-esos-kilos-de-mas\/"]}]},{"@type":"BreadcrumbList","@id":"https:\/\/demoweb.info\/sexshop001\/producto\/sexejercicios-para-perder-esos-kilos-de-mas\/#breadcrumb","itemListElement":[{"@type":"ListItem","position":1,"name":"Portada","item":"https:\/\/demoweb.info\/sexshop001\/"},{"@type":"ListItem","position":2,"name":"Tienda","item":"https:\/\/demoweb.info\/sexshop001\/tienda\/"},{"@type":"ListItem","position":3,"name":"SEXEJERCICIOS PARA PERDER ESOS KILOS DE M\u00c1S"}]},{"@type":"WebSite","@id":"https:\/\/demoweb.info\/sexshop001\/#website","url":"https:\/\/demoweb.info\/sexshop001\/","name":"Tienda Er\u00f3tica","description":"DEMOWEB SL","potentialAction":[{"@type":"SearchAction","target":{"@type":"EntryPoint","urlTemplate":"https:\/\/demoweb.info\/sexshop001\/?s={search_term_string}"},"query-input":"required name=search_term_string"}],"inLanguage":"es"}]}},"_links":{"self":[{"href":"https:\/\/demoweb.info\/sexshop001\/wp-json\/wp\/v3\/product\/19035","targetHints":{"allow":["GET"]}}],"collection":[{"href":"https:\/\/demoweb.info\/sexshop001\/wp-json\/wp\/v3\/product"}],"about":[{"href":"https:\/\/demoweb.info\/sexshop001\/wp-json\/wp\/v2\/types\/product"}],"replies":[{"embeddable":true,"href":"https:\/\/demoweb.info\/sexshop001\/wp-json\/wp\/v2\/comments?post=19035"}],"wp:featuredmedia":[{"embeddable":true,"href":"https:\/\/demoweb.info\/sexshop001\/wp-json\/wp\/v2\/media\/19036"}],"wp:attachment":[{"href":"https:\/\/demoweb.info\/sexshop001\/wp-json\/wp\/v2\/media?parent=19035"}],"wp:term":[{"taxonomy":"product_cat","embeddable":true,"href":"https:\/\/demoweb.info\/sexshop001\/wp-json\/wp\/v2\/product_cat?post=19035"},{"taxonomy":"product_tag","embeddable":true,"href":"https:\/\/demoweb.info\/sexshop001\/wp-json\/wp\/v2\/product_tag?post=19035"}],"curies":[{"name":"wp","href":"https:\/\/api.w.org\/{rel}","templated":true}]}}