{"id":19017,"date":"2022-01-22T10:58:01","date_gmt":"2022-01-22T09:58:01","guid":{"rendered":"https:\/\/demoweb.info\/sexshop001\/producto\/pump-worx-bomba-de-succion-automatica-para-principiantes\/"},"modified":"2022-01-22T10:58:10","modified_gmt":"2022-01-22T09:58:10","slug":"pump-worx-bomba-de-succion-automatica-para-principiantes","status":"publish","type":"product","link":"https:\/\/demoweb.info\/sexshop001\/producto\/pump-worx-bomba-de-succion-automatica-para-principiantes\/","title":{"rendered":"PUMP WORX BOMBA DE SUCCION AUTOMATICA PARA PRINCIPIANTES"},"content":{"rendered":"<p><strong>PUMP WORX BEGINNERS AUTO-VAC KIT<\/strong>.<\/p>\n<p>\u00bfQuieres m\u00e1ximos resultados y m\u00e1s satisfactorios con un pene m\u00e1s grande? Descubre erecciones gruesas y palpitantes que duran y duran con <strong>Auto-VAC Kit<\/strong> para principiantes. Desarrollado como una alternativa segura, asequible y no quir\u00fargica a los costosos procedimientos m\u00e9dicos y pastillas, este kit para principiantes es la manera f\u00e1cil de agrandar tu pene al instante sin ning\u00fan efecto secundario.<\/p>\n<p>Puedes empezar con la bomba de estilo m\u00e9dica e ir entrenando por lo menos 2-3 veces al d\u00eda. Con cada sesi\u00f3n, podr\u00e1s ver tu como tu pene se hace m\u00e1s grande y m\u00e1s grueso que nunca. Una vez que hayas alcanzado tus m\u00e1ximos resultados, es hora de dar un paso m\u00e1s, intercambiando la bomba manual, por la autom\u00e1tica!<\/p>\n<p>Con s\u00f3lo pulsar un bot\u00f3n, el potente motor crea un vac\u00edo s\u00faper fuerte en el interior del tubo, lo que le obliga a tu pene a expandirse en grosor y longitud. Simplemente inserta tu pene en el tubo, pulsa el bot\u00f3n de encendido y mira como tu barra del placer se hace m\u00e1s poderosa! El manguito de TPR suave forma un sello estanco al aire contra la piel, creando succi\u00f3n incre\u00edble y resultados sorprendentes.<\/p>\n<p>El cilindro viene en color ahumado, pero te permite ver a tu miembro hacerse m\u00e1s grande y m\u00e1s gordo cada instante. El tubo est\u00e1 hecho de material acr\u00edlico y est\u00e1 marcado con graduaciones m\u00e9tricas para medir su crecimiento. Una vez que hayas alcanzado el tama\u00f1o deseado, simplemente presiona el bot\u00f3n de liberaci\u00f3n r\u00e1pida para aliviar instant\u00e1neamente la presi\u00f3n.<\/p>\n<p>Para prolongar tu erecci\u00f3n, desliza el anillo a lo largo de tu miembro hasta que lo encuentres c\u00f3modo, pero ajustado.<\/p>\n<p>Una vez hayas terminado y para mantenerlo como si fuera nuevo, te recomendamos que simplemente separes el cilindro de la bomba de vac\u00edo y lo limpies con agua tibia y nuestro <strong>Pump Worx Toy Cleaner.<\/strong><\/p>\n<p>Funciona con 3 pilas <strong>AA<\/strong> no incluidas.<\/p>\n<p>Medidas: 20 cm x 6,5 cm.<\/p>\n","protected":false},"excerpt":{"rendered":"<p>PUMP WORX BEGINNERS AUTO-VAC KIT. \u00bfQuieres m\u00e1ximos resultados y m\u00e1s satisfactorios con un pene m\u00e1s grande? Descubre erecciones gruesas y<\/p>\n","protected":false},"featured_media":19018,"comment_status":"open","ping_status":"open","template":"","meta":[],"product_cat":[495],"product_tag":[259,865],"class_list":["post-19017","product","type-product","status-publish","has-post-thumbnail","hentry","product_cat-basicos","product_tag-pipedream","product_tag-pump-worx"],"bundled_by":[],"bundle_stock_status":"outofstock","bundle_stock_quantity":0,"bundle_virtual":false,"bundle_layout":"","bundle_add_to_cart_form_location":"","bundle_editable_in_cart":false,"bundle_sold_individually_context":"","bundle_item_grouping":"","bundle_min_size":"","bundle_max_size":"","bundled_items":[],"yoast_head":"<!-- This site is optimized with the Yoast SEO plugin v20.6 - https:\/\/yoast.com\/wordpress\/plugins\/seo\/ -->\n<title>PUMP WORX BOMBA DE SUCCION AUTOMATICA PARA PRINCIPIANTES - Tienda Er\u00f3tica<\/title>\n<meta name=\"robots\" content=\"noindex, follow, max-snippet:-1, max-image-preview:large, max-video-preview:-1\" \/>\n<meta property=\"og:locale\" content=\"es_ES\" \/>\n<meta property=\"og:type\" content=\"article\" \/>\n<meta property=\"og:title\" content=\"PUMP WORX BOMBA DE SUCCION AUTOMATICA PARA PRINCIPIANTES - Tienda Er\u00f3tica\" \/>\n<meta property=\"og:description\" content=\"PUMP WORX BEGINNERS AUTO-VAC KIT. \u00bfQuieres m\u00e1ximos resultados y m\u00e1s satisfactorios con un pene m\u00e1s grande? Descubre erecciones gruesas y\" \/>\n<meta property=\"og:url\" content=\"https:\/\/demoweb.info\/sexshop001\/producto\/pump-worx-bomba-de-succion-automatica-para-principiantes\/\" \/>\n<meta property=\"og:site_name\" content=\"Tienda Er\u00f3tica\" \/>\n<meta property=\"article:modified_time\" content=\"2022-01-22T09:58:10+00:00\" \/>\n<meta property=\"og:image\" content=\"https:\/\/demoweb.info\/sexshop001\/wp-content\/uploads\/2022\/01\/PUMP-WORX-BOMBA-DE-SUCCION-AUTOMATICA-PARA-PRINCIPIANTES.jpg\" \/>\n\t<meta property=\"og:image:width\" content=\"550\" \/>\n\t<meta property=\"og:image:height\" content=\"550\" \/>\n\t<meta property=\"og:image:type\" content=\"image\/jpeg\" \/>\n<meta name=\"twitter:card\" content=\"summary_large_image\" \/>\n<meta name=\"twitter:label1\" content=\"Tiempo de lectura\" \/>\n\t<meta name=\"twitter:data1\" content=\"2 minutos\" \/>\n<script type=\"application\/ld+json\" class=\"yoast-schema-graph\">{\"@context\":\"https:\/\/schema.org\",\"@graph\":[{\"@type\":\"WebPage\",\"@id\":\"https:\/\/demoweb.info\/sexshop001\/producto\/pump-worx-bomba-de-succion-automatica-para-principiantes\/\",\"url\":\"https:\/\/demoweb.info\/sexshop001\/producto\/pump-worx-bomba-de-succion-automatica-para-principiantes\/\",\"name\":\"PUMP WORX BOMBA DE SUCCION AUTOMATICA PARA PRINCIPIANTES - Tienda Er\u00f3tica\",\"isPartOf\":{\"@id\":\"https:\/\/demoweb.info\/sexshop001\/#website\"},\"datePublished\":\"2022-01-22T09:58:01+00:00\",\"dateModified\":\"2022-01-22T09:58:10+00:00\",\"breadcrumb\":{\"@id\":\"https:\/\/demoweb.info\/sexshop001\/producto\/pump-worx-bomba-de-succion-automatica-para-principiantes\/#breadcrumb\"},\"inLanguage\":\"es\",\"potentialAction\":[{\"@type\":\"ReadAction\",\"target\":[\"https:\/\/demoweb.info\/sexshop001\/producto\/pump-worx-bomba-de-succion-automatica-para-principiantes\/\"]}]},{\"@type\":\"BreadcrumbList\",\"@id\":\"https:\/\/demoweb.info\/sexshop001\/producto\/pump-worx-bomba-de-succion-automatica-para-principiantes\/#breadcrumb\",\"itemListElement\":[{\"@type\":\"ListItem\",\"position\":1,\"name\":\"Portada\",\"item\":\"https:\/\/demoweb.info\/sexshop001\/\"},{\"@type\":\"ListItem\",\"position\":2,\"name\":\"Tienda\",\"item\":\"https:\/\/demoweb.info\/sexshop001\/tienda\/\"},{\"@type\":\"ListItem\",\"position\":3,\"name\":\"PUMP WORX BOMBA DE SUCCION AUTOMATICA PARA PRINCIPIANTES\"}]},{\"@type\":\"WebSite\",\"@id\":\"https:\/\/demoweb.info\/sexshop001\/#website\",\"url\":\"https:\/\/demoweb.info\/sexshop001\/\",\"name\":\"Tienda Er\u00f3tica\",\"description\":\"DEMOWEB SL\",\"potentialAction\":[{\"@type\":\"SearchAction\",\"target\":{\"@type\":\"EntryPoint\",\"urlTemplate\":\"https:\/\/demoweb.info\/sexshop001\/?s={search_term_string}\"},\"query-input\":\"required name=search_term_string\"}],\"inLanguage\":\"es\"}]}<\/script>\n<!-- \/ Yoast SEO plugin. -->","yoast_head_json":{"title":"PUMP WORX BOMBA DE SUCCION AUTOMATICA PARA PRINCIPIANTES - Tienda Er\u00f3tica","robots":{"index":"noindex","follow":"follow","max-snippet":"max-snippet:-1","max-image-preview":"max-image-preview:large","max-video-preview":"max-video-preview:-1"},"og_locale":"es_ES","og_type":"article","og_title":"PUMP WORX BOMBA DE SUCCION AUTOMATICA PARA PRINCIPIANTES - Tienda Er\u00f3tica","og_description":"PUMP WORX BEGINNERS AUTO-VAC KIT. \u00bfQuieres m\u00e1ximos resultados y m\u00e1s satisfactorios con un pene m\u00e1s grande? Descubre erecciones gruesas y","og_url":"https:\/\/demoweb.info\/sexshop001\/producto\/pump-worx-bomba-de-succion-automatica-para-principiantes\/","og_site_name":"Tienda Er\u00f3tica","article_modified_time":"2022-01-22T09:58:10+00:00","og_image":[{"width":550,"height":550,"url":"https:\/\/demoweb.info\/sexshop001\/wp-content\/uploads\/2022\/01\/PUMP-WORX-BOMBA-DE-SUCCION-AUTOMATICA-PARA-PRINCIPIANTES.jpg","type":"image\/jpeg"}],"twitter_card":"summary_large_image","twitter_misc":{"Tiempo de lectura":"2 minutos"},"schema":{"@context":"https:\/\/schema.org","@graph":[{"@type":"WebPage","@id":"https:\/\/demoweb.info\/sexshop001\/producto\/pump-worx-bomba-de-succion-automatica-para-principiantes\/","url":"https:\/\/demoweb.info\/sexshop001\/producto\/pump-worx-bomba-de-succion-automatica-para-principiantes\/","name":"PUMP WORX BOMBA DE SUCCION AUTOMATICA PARA PRINCIPIANTES - Tienda Er\u00f3tica","isPartOf":{"@id":"https:\/\/demoweb.info\/sexshop001\/#website"},"datePublished":"2022-01-22T09:58:01+00:00","dateModified":"2022-01-22T09:58:10+00:00","breadcrumb":{"@id":"https:\/\/demoweb.info\/sexshop001\/producto\/pump-worx-bomba-de-succion-automatica-para-principiantes\/#breadcrumb"},"inLanguage":"es","potentialAction":[{"@type":"ReadAction","target":["https:\/\/demoweb.info\/sexshop001\/producto\/pump-worx-bomba-de-succion-automatica-para-principiantes\/"]}]},{"@type":"BreadcrumbList","@id":"https:\/\/demoweb.info\/sexshop001\/producto\/pump-worx-bomba-de-succion-automatica-para-principiantes\/#breadcrumb","itemListElement":[{"@type":"ListItem","position":1,"name":"Portada","item":"https:\/\/demoweb.info\/sexshop001\/"},{"@type":"ListItem","position":2,"name":"Tienda","item":"https:\/\/demoweb.info\/sexshop001\/tienda\/"},{"@type":"ListItem","position":3,"name":"PUMP WORX BOMBA DE SUCCION AUTOMATICA PARA PRINCIPIANTES"}]},{"@type":"WebSite","@id":"https:\/\/demoweb.info\/sexshop001\/#website","url":"https:\/\/demoweb.info\/sexshop001\/","name":"Tienda Er\u00f3tica","description":"DEMOWEB SL","potentialAction":[{"@type":"SearchAction","target":{"@type":"EntryPoint","urlTemplate":"https:\/\/demoweb.info\/sexshop001\/?s={search_term_string}"},"query-input":"required name=search_term_string"}],"inLanguage":"es"}]}},"_links":{"self":[{"href":"https:\/\/demoweb.info\/sexshop001\/wp-json\/wp\/v3\/product\/19017","targetHints":{"allow":["GET"]}}],"collection":[{"href":"https:\/\/demoweb.info\/sexshop001\/wp-json\/wp\/v3\/product"}],"about":[{"href":"https:\/\/demoweb.info\/sexshop001\/wp-json\/wp\/v2\/types\/product"}],"replies":[{"embeddable":true,"href":"https:\/\/demoweb.info\/sexshop001\/wp-json\/wp\/v2\/comments?post=19017"}],"wp:featuredmedia":[{"embeddable":true,"href":"https:\/\/demoweb.info\/sexshop001\/wp-json\/wp\/v2\/media\/19018"}],"wp:attachment":[{"href":"https:\/\/demoweb.info\/sexshop001\/wp-json\/wp\/v2\/media?parent=19017"}],"wp:term":[{"taxonomy":"product_cat","embeddable":true,"href":"https:\/\/demoweb.info\/sexshop001\/wp-json\/wp\/v2\/product_cat?post=19017"},{"taxonomy":"product_tag","embeddable":true,"href":"https:\/\/demoweb.info\/sexshop001\/wp-json\/wp\/v2\/product_tag?post=19017"}],"curies":[{"name":"wp","href":"https:\/\/api.w.org\/{rel}","templated":true}]}}