{"id":18988,"date":"2022-01-22T10:57:31","date_gmt":"2022-01-22T09:57:31","guid":{"rendered":"https:\/\/demoweb.info\/sexshop001\/producto\/saninex-mermaid-green-multiorgasmic-sex-massage-oil-100ml\/"},"modified":"2022-01-22T10:57:56","modified_gmt":"2022-01-22T09:57:56","slug":"saninex-mermaid-green-multiorgasmic-sex-massage-oil-100ml","status":"publish","type":"product","link":"https:\/\/demoweb.info\/sexshop001\/producto\/saninex-mermaid-green-multiorgasmic-sex-massage-oil-100ml\/","title":{"rendered":"SANINEX MERMAID GREEN MULTIORGASMIC &#8211; SEX &#038; MASSAGE OIL 100ML"},"content":{"rendered":"<p><strong>SANINEX MERMAID GREEN MULTIORGASMIC &#8211; SEX &#038; MASSAGE OIL 100ML<\/strong><\/p>\n<p>Saninex contigo y la nueva l\u00ednea MERMAID multiorgasmic, vuelven a ser los primeros en dar un paso por delante de lo establecido, unificando las sexualidades, formando una \u00fanica definici\u00f3n de gusto sexual intenso y m\u00faltiple, sea cual sean los sentimientos y pr\u00e1cticas que tengamos.<\/p>\n<p>Vaginal, anal, masturbaci\u00f3n, oral, sensual masaje e intensa sexualidad.<\/p>\n<p><strong>Saninex Mermaid y sus 8 nuevas formas multiorg\u00e1smicas de obtener m\u00e1ximo placer en todas las sexualidades. <\/strong><\/p>\n<p>Extra aceites sexuales y de masaje \u00edntimos SANINEX MERMAID MULTIORGASMIC.<\/p>\n<p>Fusi\u00f3n global con plenitud de las pr\u00e1cticas sexuales que cada persona sentimos, vivimos y deseamos multiplicar.<\/p>\n<p>Saninex ha desarrollado los nuevos productos sexuales Saninex MERMAID aplicando la extensa experiencia de los m\u00faltiples cosm\u00e9ticos sexuales que hemos siempre dise\u00f1ado en exclusividad y avance por y para ti.<\/p>\n<p>Saninex Mermaid adem\u00e1s del inmenso y m\u00faltiple placer, nos aporta al mismo tiempo como todos los cosm\u00e9ticos sexuales Saninex, el regalo de salud corporal que tu cuerpo merece.<\/p>\n<p>Salud y placer en uni\u00f3n Saninex.<\/p>\n<p>Saninex MERMAID multiorgasmic da un paso adelante contigo y con tus m\u00faltiples sexualidades.<\/p>\n<p>Siempre en avance con tus aceites sexuales, potenci\u00e1ndolos con exclusivos perfumes de elegantes aromas, con m\u00e1s poder afrodisiaco y siempre acompa\u00f1ados de las m\u00e1s altas calidades en cuidado y salud corporal.<\/p>\n<p>Ahora aportando tambi\u00e9n m\u00e1s todav\u00eda nuestro primordial respeto al medio ambiente, eliminando los colorantes en esta nueva generaci\u00f3n de aceites afrodisiacos Saninex.<\/p>\n<p>Saninex productos cosm\u00e9ticos sexuales afrodisiacos, naturales, veganos y con las m\u00e1ximas calidades para potenciar tu salud \u00edntima y corporal, otorg\u00e1ndote siempre y al mismo tiempo los extremos poderes afrodis\u00edacos SANINEX que siempre te sumar\u00e1n para una vida sexual plena del m\u00e1s alto placer.<\/p>\n<p>Saninex avanza por y para ti. Eres\/somos Saninex.<\/p>\n<p>Cosm\u00e9tica er\u00f3tica de exclusivo dise\u00f1o y fabricaci\u00f3n Saninex. Made in Spain.<\/p>\n<p>Mermaid multiorgasmic Saninex es el mar del sexo en estado puro.<\/p>\n<p>Saninex MERMAID da un paso adelante contigo y con tus m\u00faltiples sexualidades.<\/p>\n","protected":false},"excerpt":{"rendered":"<p>SANINEX MERMAID GREEN MULTIORGASMIC &#8211; SEX &#038; MASSAGE OIL 100ML Saninex contigo y la nueva l\u00ednea MERMAID multiorgasmic, vuelven a<\/p>\n","protected":false},"featured_media":18989,"comment_status":"open","ping_status":"open","template":"","meta":[],"product_cat":[517],"product_tag":[673],"class_list":["post-18988","product","type-product","status-publish","has-post-thumbnail","hentry","product_cat-de-masaje","product_tag-saninex"],"bundled_by":[],"bundle_stock_status":"instock","bundle_stock_quantity":3,"bundle_virtual":false,"bundle_layout":"","bundle_add_to_cart_form_location":"","bundle_editable_in_cart":false,"bundle_sold_individually_context":"","bundle_item_grouping":"","bundle_min_size":"","bundle_max_size":"","bundled_items":[],"yoast_head":"<!-- This site is optimized with the Yoast SEO plugin v20.6 - https:\/\/yoast.com\/wordpress\/plugins\/seo\/ -->\n<title>SANINEX MERMAID GREEN MULTIORGASMIC - SEX &amp; MASSAGE OIL 100ML - Tienda Er\u00f3tica<\/title>\n<meta name=\"robots\" content=\"noindex, follow, max-snippet:-1, max-image-preview:large, max-video-preview:-1\" \/>\n<meta property=\"og:locale\" content=\"es_ES\" \/>\n<meta property=\"og:type\" content=\"article\" \/>\n<meta property=\"og:title\" content=\"SANINEX MERMAID GREEN MULTIORGASMIC - SEX &amp; MASSAGE OIL 100ML - Tienda Er\u00f3tica\" \/>\n<meta property=\"og:description\" content=\"SANINEX MERMAID GREEN MULTIORGASMIC &#8211; SEX &#038; MASSAGE OIL 100ML Saninex contigo y la nueva l\u00ednea MERMAID multiorgasmic, vuelven a\" \/>\n<meta property=\"og:url\" content=\"https:\/\/demoweb.info\/sexshop001\/producto\/saninex-mermaid-green-multiorgasmic-sex-massage-oil-100ml\/\" \/>\n<meta property=\"og:site_name\" content=\"Tienda Er\u00f3tica\" \/>\n<meta property=\"article:modified_time\" content=\"2022-01-22T09:57:56+00:00\" \/>\n<meta property=\"og:image\" content=\"https:\/\/demoweb.info\/sexshop001\/wp-content\/uploads\/2022\/01\/SANINEX-MERMAID-GREEN-MULTIORGASMIC-SEX-MASSAGE-OIL-100ML.jpg\" \/>\n\t<meta property=\"og:image:width\" content=\"550\" \/>\n\t<meta property=\"og:image:height\" content=\"550\" \/>\n\t<meta property=\"og:image:type\" content=\"image\/jpeg\" \/>\n<meta name=\"twitter:card\" content=\"summary_large_image\" \/>\n<meta name=\"twitter:label1\" content=\"Tiempo de lectura\" \/>\n\t<meta name=\"twitter:data1\" content=\"2 minutos\" \/>\n<script type=\"application\/ld+json\" class=\"yoast-schema-graph\">{\"@context\":\"https:\/\/schema.org\",\"@graph\":[{\"@type\":\"WebPage\",\"@id\":\"https:\/\/demoweb.info\/sexshop001\/producto\/saninex-mermaid-green-multiorgasmic-sex-massage-oil-100ml\/\",\"url\":\"https:\/\/demoweb.info\/sexshop001\/producto\/saninex-mermaid-green-multiorgasmic-sex-massage-oil-100ml\/\",\"name\":\"SANINEX MERMAID GREEN MULTIORGASMIC - SEX & MASSAGE OIL 100ML - Tienda Er\u00f3tica\",\"isPartOf\":{\"@id\":\"https:\/\/demoweb.info\/sexshop001\/#website\"},\"datePublished\":\"2022-01-22T09:57:31+00:00\",\"dateModified\":\"2022-01-22T09:57:56+00:00\",\"breadcrumb\":{\"@id\":\"https:\/\/demoweb.info\/sexshop001\/producto\/saninex-mermaid-green-multiorgasmic-sex-massage-oil-100ml\/#breadcrumb\"},\"inLanguage\":\"es\",\"potentialAction\":[{\"@type\":\"ReadAction\",\"target\":[\"https:\/\/demoweb.info\/sexshop001\/producto\/saninex-mermaid-green-multiorgasmic-sex-massage-oil-100ml\/\"]}]},{\"@type\":\"BreadcrumbList\",\"@id\":\"https:\/\/demoweb.info\/sexshop001\/producto\/saninex-mermaid-green-multiorgasmic-sex-massage-oil-100ml\/#breadcrumb\",\"itemListElement\":[{\"@type\":\"ListItem\",\"position\":1,\"name\":\"Portada\",\"item\":\"https:\/\/demoweb.info\/sexshop001\/\"},{\"@type\":\"ListItem\",\"position\":2,\"name\":\"Tienda\",\"item\":\"https:\/\/demoweb.info\/sexshop001\/tienda\/\"},{\"@type\":\"ListItem\",\"position\":3,\"name\":\"SANINEX MERMAID GREEN MULTIORGASMIC &#8211; SEX &#038; MASSAGE OIL 100ML\"}]},{\"@type\":\"WebSite\",\"@id\":\"https:\/\/demoweb.info\/sexshop001\/#website\",\"url\":\"https:\/\/demoweb.info\/sexshop001\/\",\"name\":\"Tienda Er\u00f3tica\",\"description\":\"DEMOWEB SL\",\"potentialAction\":[{\"@type\":\"SearchAction\",\"target\":{\"@type\":\"EntryPoint\",\"urlTemplate\":\"https:\/\/demoweb.info\/sexshop001\/?s={search_term_string}\"},\"query-input\":\"required name=search_term_string\"}],\"inLanguage\":\"es\"}]}<\/script>\n<!-- \/ Yoast SEO plugin. -->","yoast_head_json":{"title":"SANINEX MERMAID GREEN MULTIORGASMIC - SEX & MASSAGE OIL 100ML - Tienda Er\u00f3tica","robots":{"index":"noindex","follow":"follow","max-snippet":"max-snippet:-1","max-image-preview":"max-image-preview:large","max-video-preview":"max-video-preview:-1"},"og_locale":"es_ES","og_type":"article","og_title":"SANINEX MERMAID GREEN MULTIORGASMIC - SEX & MASSAGE OIL 100ML - Tienda Er\u00f3tica","og_description":"SANINEX MERMAID GREEN MULTIORGASMIC &#8211; SEX &#038; MASSAGE OIL 100ML Saninex contigo y la nueva l\u00ednea MERMAID multiorgasmic, vuelven a","og_url":"https:\/\/demoweb.info\/sexshop001\/producto\/saninex-mermaid-green-multiorgasmic-sex-massage-oil-100ml\/","og_site_name":"Tienda Er\u00f3tica","article_modified_time":"2022-01-22T09:57:56+00:00","og_image":[{"width":550,"height":550,"url":"https:\/\/demoweb.info\/sexshop001\/wp-content\/uploads\/2022\/01\/SANINEX-MERMAID-GREEN-MULTIORGASMIC-SEX-MASSAGE-OIL-100ML.jpg","type":"image\/jpeg"}],"twitter_card":"summary_large_image","twitter_misc":{"Tiempo de lectura":"2 minutos"},"schema":{"@context":"https:\/\/schema.org","@graph":[{"@type":"WebPage","@id":"https:\/\/demoweb.info\/sexshop001\/producto\/saninex-mermaid-green-multiorgasmic-sex-massage-oil-100ml\/","url":"https:\/\/demoweb.info\/sexshop001\/producto\/saninex-mermaid-green-multiorgasmic-sex-massage-oil-100ml\/","name":"SANINEX MERMAID GREEN MULTIORGASMIC - SEX & MASSAGE OIL 100ML - Tienda Er\u00f3tica","isPartOf":{"@id":"https:\/\/demoweb.info\/sexshop001\/#website"},"datePublished":"2022-01-22T09:57:31+00:00","dateModified":"2022-01-22T09:57:56+00:00","breadcrumb":{"@id":"https:\/\/demoweb.info\/sexshop001\/producto\/saninex-mermaid-green-multiorgasmic-sex-massage-oil-100ml\/#breadcrumb"},"inLanguage":"es","potentialAction":[{"@type":"ReadAction","target":["https:\/\/demoweb.info\/sexshop001\/producto\/saninex-mermaid-green-multiorgasmic-sex-massage-oil-100ml\/"]}]},{"@type":"BreadcrumbList","@id":"https:\/\/demoweb.info\/sexshop001\/producto\/saninex-mermaid-green-multiorgasmic-sex-massage-oil-100ml\/#breadcrumb","itemListElement":[{"@type":"ListItem","position":1,"name":"Portada","item":"https:\/\/demoweb.info\/sexshop001\/"},{"@type":"ListItem","position":2,"name":"Tienda","item":"https:\/\/demoweb.info\/sexshop001\/tienda\/"},{"@type":"ListItem","position":3,"name":"SANINEX MERMAID GREEN MULTIORGASMIC &#8211; SEX &#038; MASSAGE OIL 100ML"}]},{"@type":"WebSite","@id":"https:\/\/demoweb.info\/sexshop001\/#website","url":"https:\/\/demoweb.info\/sexshop001\/","name":"Tienda Er\u00f3tica","description":"DEMOWEB SL","potentialAction":[{"@type":"SearchAction","target":{"@type":"EntryPoint","urlTemplate":"https:\/\/demoweb.info\/sexshop001\/?s={search_term_string}"},"query-input":"required name=search_term_string"}],"inLanguage":"es"}]}},"_links":{"self":[{"href":"https:\/\/demoweb.info\/sexshop001\/wp-json\/wp\/v3\/product\/18988","targetHints":{"allow":["GET"]}}],"collection":[{"href":"https:\/\/demoweb.info\/sexshop001\/wp-json\/wp\/v3\/product"}],"about":[{"href":"https:\/\/demoweb.info\/sexshop001\/wp-json\/wp\/v2\/types\/product"}],"replies":[{"embeddable":true,"href":"https:\/\/demoweb.info\/sexshop001\/wp-json\/wp\/v2\/comments?post=18988"}],"wp:featuredmedia":[{"embeddable":true,"href":"https:\/\/demoweb.info\/sexshop001\/wp-json\/wp\/v2\/media\/18989"}],"wp:attachment":[{"href":"https:\/\/demoweb.info\/sexshop001\/wp-json\/wp\/v2\/media?parent=18988"}],"wp:term":[{"taxonomy":"product_cat","embeddable":true,"href":"https:\/\/demoweb.info\/sexshop001\/wp-json\/wp\/v2\/product_cat?post=18988"},{"taxonomy":"product_tag","embeddable":true,"href":"https:\/\/demoweb.info\/sexshop001\/wp-json\/wp\/v2\/product_tag?post=18988"}],"curies":[{"name":"wp","href":"https:\/\/api.w.org\/{rel}","templated":true}]}}