{"id":18975,"date":"2022-01-22T10:57:31","date_gmt":"2022-01-22T09:57:31","guid":{"rendered":"https:\/\/demoweb.info\/sexshop001\/producto\/satisfyer-love-triangle-blanco\/"},"modified":"2022-01-22T10:57:50","modified_gmt":"2022-01-22T09:57:50","slug":"satisfyer-love-triangle-blanco","status":"publish","type":"product","link":"https:\/\/demoweb.info\/sexshop001\/producto\/satisfyer-love-triangle-blanco\/","title":{"rendered":"SATISFYER LOVE TRIANGLE BLANCO"},"content":{"rendered":"<p><strong>SATISFYER CONNECT &#8211; LOVE TRIANGLE <\/strong><\/p>\n<p>UNA APLICACI\u00d3N, UN SINF\u00cdN DE DESTACADOS<br \/>\nNo debe perderse esto: \u00a1la nueva aplicaci\u00f3n Satisfyer Connect le ofrece oportunidades \u00fanicas! Es compatible con cualquier tel\u00e9fono inteligente, tableta Android o Apple y Apple Watch. Y lo mejor de todo: es gratis para usted y le esperan funciones nuevas y emocionantes cada mes. No es de extra\u00f1ar que la aplicaci\u00f3n Satisfyer Connect haya sido honrada en la feria de electr\u00f3nica de consumo m\u00e1s grande del mundo CES en Las Vegas.<\/p>\n<p>FUNCIONES SENSACIONALES EN NUESTRA APLICACI\u00d3N SENSACIONAL<br \/>\nSeguridad de datos 100% de seguridad de datos<br \/>\nLa aplicaci\u00f3n cumple con todos los requisitos estrictos de protecci\u00f3n de datos alemana. Adem\u00e1s, no es necesario registrarse! Satisfyer Connect no recopila ning\u00fan dato o comportamiento de uso. Por lo tanto, sus datos son 100% seguros en todo momento.<\/p>\n<p>Control remoto Control remoto<br \/>\nUtilice su tel\u00e9fono m\u00f3vil o Apple Watch a trav\u00e9s de Bluetooth o Internet como control remoto para todos sus \/ su Satisfyer o Satisfyer de los dem\u00e1s (por supuesto, solo y si lo solicitan ambas partes). \u00a1O controle la satisfacci\u00f3n de otros usuarios en vivo en chats de video! Dise\u00f1ador de<\/p>\n<p>Dise\u00f1ador de vibraciones vibraciones<br \/>\nDise\u00f1e sus propias vibraciones y comp\u00e1rtalas con otros usuarios de todo el mundo si lo desea.<\/p>\n<p>Vibraci\u00f3n ambiental Vibraci\u00f3n ambiental<br \/>\nUse el micr\u00f3fono de su tel\u00e9fono m\u00f3vil para transformar el ruido ambiental en vibraciones.<\/p>\n<p>Vibraci\u00f3n de lista de reproducci\u00f3n Lista de reproducci\u00f3n de vibraciones<br \/>\nExperimenta las vibraciones al ritmo de tu lista de reproducci\u00f3n en Spotify u otros servicios de transmisi\u00f3n.<\/p>\n<p>CON BLUETOOTH! THE R-LOVE-UTION DE SATISFYER APP-TOYS<br \/>\n\u00a1Forma parte de R-Love-ution y descarga la aplicaci\u00f3n gratuita Satisfyer Connect en tu tel\u00e9fono inteligente! Experimente aventuras divertidas: control remoto y funciones exclusivas como programaci\u00f3n h\u00e1ptica, programas de vibraci\u00f3n infinitamente ajustables individualmente, detecci\u00f3n de movimiento o incluso la interacci\u00f3n de varios juguetes conectados: \u00a1pru\u00e9belo y espere nuevas funciones geniales cada mes! \u00a1Simplemente descargue la aplicaci\u00f3n gratuita para Android o Apple iOs y la aplicaci\u00f3n est\u00e1 lista!<br \/>\nSatisfyer present\u00f3 su nueva aplicaci\u00f3n revolucionaria en la feria de electr\u00f3nica de consumo m\u00e1s grande del mundo en Las Vegas &#39;CES&#39;:<\/p>\n<p>SATISFYER CONNECT<br \/>\nDebido a la interacci\u00f3n exitosa del bienestar sexual y la tecnolog\u00eda, la aplicaci\u00f3n Satisfyer Connect gan\u00f3 el premio CES TWICE Picks, reconocido mundialmente. El jurado del CES elogi\u00f3 especialmente la programaci\u00f3n h\u00e1ptica, la detecci\u00f3n de movimiento y la posibilidad de crear nuevos programas de vibraci\u00f3n.<\/p>\n<p>El CES TWICE Picks Award solo se otorga a los mejores bienes de consumo del mundo.<\/p>\n<p>SATISFYER &#39;TRI\u00c1NGULO AMOROSO&#39;<br \/>\n\u00bfLos orgasmos del cl\u00edtoris inolvidables le parecen una utop\u00eda er\u00f3tica? Entonces prep\u00e1rate para una sorpresa, porque con el Love Triangle Satisfyer te demostrar\u00e1 la existencia de aspectos sexuales que har\u00e1n temblar tu universo, incluso mediante el control de la aplicaci\u00f3n. Estimulaci\u00f3n de onda de presi\u00f3n sin contacto combinada con vibraciones intensas: si su libido salta nuevamente en un tri\u00e1ngulo, \u00a1este elegante juguete de dama es la soluci\u00f3n elegida!<\/p>\n<p>3, 2, 1 &#8211; ORGASMO!<br \/>\nLa inolvidable estimulaci\u00f3n del cl\u00edtoris de las ondas de presi\u00f3n te encanta con una selecci\u00f3n infinita de programas de ondas de presi\u00f3n y vibraciones que puedes controlar a trav\u00e9s de la aplicaci\u00f3n. Pero esta mujer comprensiva no solo convence con sus habilidades, su noble dise\u00f1o tambi\u00e9n hace que el Tri\u00e1ngulo del Amor sea un punto destacado en su colecci\u00f3n de juguetes. Se adapta perfectamente a la mano y adula su piel con una superficie lisa de silicona m\u00e9dica. Dif\u00edcilmente reconocible como un juguete y en un formato compacto, el vibropulsador en caliente tambi\u00e9n es el compa\u00f1ero ideal para llevar. Con la gorra tambi\u00e9n puedes cerrar higi\u00e9nicamente su cabeza.<\/p>\n<p>\u00a1DALE PODER!<br \/>\nSu juguete est\u00e1 equipado con bater\u00edas integradas y, por lo tanto, es recargable con el medio ambiente. Si es necesario, el cable de carga magn\u00e9tico USB incluido se puede complementar con un enchufe de red est\u00e1ndar de 5V.<\/p>\n<p>MATERIAL Y CUIDADO<br \/>\nLa cabeza de su juguete impermeable est\u00e1 hecha de silicona m\u00e9dica suave y sedosa, que es extremadamente resbaladiza y absorbe el calor de su cuerpo r\u00e1pidamente. El juguete se puede limpiar f\u00e1cilmente con un poco de jab\u00f3n bajo agua tibia. Con un poco de limpiador desinfectante para juguetes , puede garantizar una higiene especialmente profunda despu\u00e9s, idealmente con el spray de desinfecci\u00f3n perfectamente coordinado de Satisfyer. Para obtener el m\u00e1ximo placer, use siempre su juguete con uno de los lubricantes a base de agua de Satisfyer que se adaptan perfectamente al producto . Est\u00e1n disponibles en las versiones cl\u00e1sica, sedosa y c\u00e1lida. La composici\u00f3n vegana a base de agua protege el material y mantiene la superficie de su juguete agradable y suave.<\/p>\n<p>LA MARCA SATISFYER<br \/>\nSatisfyer: \u00a1mucho m\u00e1s que una marca alemana! Todo comenz\u00f3 con la estimulaci\u00f3n sin contacto del cl\u00edtoris gracias a la tecnolog\u00eda innovadora y patentada de ondas de presi\u00f3n; mientras tanto, la marca l\u00edder mundial de bienestar sexual enriquece la vida amorosa de m\u00e1s de 25,000,000 millones de mujeres, hombres y parejas en m\u00e1s de 100 pa\u00edses con una amplia gama de productos, as\u00ed como siempre nuevas ideas y las m\u00e1s modernas. Tecnolog\u00edas Con caracter\u00edsticas de calidad como silicona de alta calidad, una garant\u00eda de 15 a\u00f1os, mano de obra herm\u00e9tica y motores potentes, la exitosa marca alemana siempre est\u00e1 dispuesta a combinar tecnolog\u00eda con dise\u00f1o excepcional en sus productos. Solo en los \u00faltimos 3 a\u00f1os, Satisfyer ha ganado m\u00e1s de 140 premios internacionales de dise\u00f1o como ninguna otra compa\u00f1\u00eda.<\/p>\n","protected":false},"excerpt":{"rendered":"<p>SATISFYER CONNECT &#8211; LOVE TRIANGLE UNA APLICACI\u00d3N, UN SINF\u00cdN DE DESTACADOS No debe perderse esto: \u00a1la nueva aplicaci\u00f3n Satisfyer Connect<\/p>\n","protected":false},"featured_media":18976,"comment_status":"open","ping_status":"open","template":"","meta":[],"product_cat":[405],"product_tag":[819,442],"class_list":["post-18975","product","type-product","status-publish","has-post-thumbnail","hentry","product_cat-succionadores","product_tag-connect","product_tag-satisfyer"],"bundled_by":[],"bundle_stock_status":"instock","bundle_stock_quantity":25,"bundle_virtual":false,"bundle_layout":"","bundle_add_to_cart_form_location":"","bundle_editable_in_cart":false,"bundle_sold_individually_context":"","bundle_item_grouping":"","bundle_min_size":"","bundle_max_size":"","bundled_items":[],"yoast_head":"<!-- This site is optimized with the Yoast SEO plugin v20.6 - https:\/\/yoast.com\/wordpress\/plugins\/seo\/ -->\n<title>SATISFYER LOVE TRIANGLE BLANCO - Tienda Er\u00f3tica<\/title>\n<meta name=\"robots\" content=\"noindex, follow, max-snippet:-1, max-image-preview:large, max-video-preview:-1\" \/>\n<meta property=\"og:locale\" content=\"es_ES\" \/>\n<meta property=\"og:type\" content=\"article\" \/>\n<meta property=\"og:title\" content=\"SATISFYER LOVE TRIANGLE BLANCO - Tienda Er\u00f3tica\" \/>\n<meta property=\"og:description\" content=\"SATISFYER CONNECT &#8211; LOVE TRIANGLE UNA APLICACI\u00d3N, UN SINF\u00cdN DE DESTACADOS No debe perderse esto: \u00a1la nueva aplicaci\u00f3n Satisfyer Connect\" \/>\n<meta property=\"og:url\" content=\"https:\/\/demoweb.info\/sexshop001\/producto\/satisfyer-love-triangle-blanco\/\" \/>\n<meta property=\"og:site_name\" content=\"Tienda Er\u00f3tica\" \/>\n<meta property=\"article:modified_time\" content=\"2022-01-22T09:57:50+00:00\" \/>\n<meta property=\"og:image\" content=\"https:\/\/demoweb.info\/sexshop001\/wp-content\/uploads\/2022\/01\/SATISFYER-LOVE-TRIANGLE-BLANCO.jpg\" \/>\n\t<meta property=\"og:image:width\" content=\"550\" \/>\n\t<meta property=\"og:image:height\" content=\"550\" \/>\n\t<meta property=\"og:image:type\" content=\"image\/jpeg\" \/>\n<meta name=\"twitter:card\" content=\"summary_large_image\" \/>\n<meta name=\"twitter:label1\" content=\"Tiempo de lectura\" \/>\n\t<meta name=\"twitter:data1\" content=\"5 minutos\" \/>\n<script type=\"application\/ld+json\" class=\"yoast-schema-graph\">{\"@context\":\"https:\/\/schema.org\",\"@graph\":[{\"@type\":\"WebPage\",\"@id\":\"https:\/\/demoweb.info\/sexshop001\/producto\/satisfyer-love-triangle-blanco\/\",\"url\":\"https:\/\/demoweb.info\/sexshop001\/producto\/satisfyer-love-triangle-blanco\/\",\"name\":\"SATISFYER LOVE TRIANGLE BLANCO - Tienda Er\u00f3tica\",\"isPartOf\":{\"@id\":\"https:\/\/demoweb.info\/sexshop001\/#website\"},\"datePublished\":\"2022-01-22T09:57:31+00:00\",\"dateModified\":\"2022-01-22T09:57:50+00:00\",\"breadcrumb\":{\"@id\":\"https:\/\/demoweb.info\/sexshop001\/producto\/satisfyer-love-triangle-blanco\/#breadcrumb\"},\"inLanguage\":\"es\",\"potentialAction\":[{\"@type\":\"ReadAction\",\"target\":[\"https:\/\/demoweb.info\/sexshop001\/producto\/satisfyer-love-triangle-blanco\/\"]}]},{\"@type\":\"BreadcrumbList\",\"@id\":\"https:\/\/demoweb.info\/sexshop001\/producto\/satisfyer-love-triangle-blanco\/#breadcrumb\",\"itemListElement\":[{\"@type\":\"ListItem\",\"position\":1,\"name\":\"Portada\",\"item\":\"https:\/\/demoweb.info\/sexshop001\/\"},{\"@type\":\"ListItem\",\"position\":2,\"name\":\"Tienda\",\"item\":\"https:\/\/demoweb.info\/sexshop001\/tienda\/\"},{\"@type\":\"ListItem\",\"position\":3,\"name\":\"SATISFYER LOVE TRIANGLE BLANCO\"}]},{\"@type\":\"WebSite\",\"@id\":\"https:\/\/demoweb.info\/sexshop001\/#website\",\"url\":\"https:\/\/demoweb.info\/sexshop001\/\",\"name\":\"Tienda Er\u00f3tica\",\"description\":\"DEMOWEB SL\",\"potentialAction\":[{\"@type\":\"SearchAction\",\"target\":{\"@type\":\"EntryPoint\",\"urlTemplate\":\"https:\/\/demoweb.info\/sexshop001\/?s={search_term_string}\"},\"query-input\":\"required name=search_term_string\"}],\"inLanguage\":\"es\"}]}<\/script>\n<!-- \/ Yoast SEO plugin. -->","yoast_head_json":{"title":"SATISFYER LOVE TRIANGLE BLANCO - Tienda Er\u00f3tica","robots":{"index":"noindex","follow":"follow","max-snippet":"max-snippet:-1","max-image-preview":"max-image-preview:large","max-video-preview":"max-video-preview:-1"},"og_locale":"es_ES","og_type":"article","og_title":"SATISFYER LOVE TRIANGLE BLANCO - Tienda Er\u00f3tica","og_description":"SATISFYER CONNECT &#8211; LOVE TRIANGLE UNA APLICACI\u00d3N, UN SINF\u00cdN DE DESTACADOS No debe perderse esto: \u00a1la nueva aplicaci\u00f3n Satisfyer Connect","og_url":"https:\/\/demoweb.info\/sexshop001\/producto\/satisfyer-love-triangle-blanco\/","og_site_name":"Tienda Er\u00f3tica","article_modified_time":"2022-01-22T09:57:50+00:00","og_image":[{"width":550,"height":550,"url":"https:\/\/demoweb.info\/sexshop001\/wp-content\/uploads\/2022\/01\/SATISFYER-LOVE-TRIANGLE-BLANCO.jpg","type":"image\/jpeg"}],"twitter_card":"summary_large_image","twitter_misc":{"Tiempo de lectura":"5 minutos"},"schema":{"@context":"https:\/\/schema.org","@graph":[{"@type":"WebPage","@id":"https:\/\/demoweb.info\/sexshop001\/producto\/satisfyer-love-triangle-blanco\/","url":"https:\/\/demoweb.info\/sexshop001\/producto\/satisfyer-love-triangle-blanco\/","name":"SATISFYER LOVE TRIANGLE BLANCO - Tienda Er\u00f3tica","isPartOf":{"@id":"https:\/\/demoweb.info\/sexshop001\/#website"},"datePublished":"2022-01-22T09:57:31+00:00","dateModified":"2022-01-22T09:57:50+00:00","breadcrumb":{"@id":"https:\/\/demoweb.info\/sexshop001\/producto\/satisfyer-love-triangle-blanco\/#breadcrumb"},"inLanguage":"es","potentialAction":[{"@type":"ReadAction","target":["https:\/\/demoweb.info\/sexshop001\/producto\/satisfyer-love-triangle-blanco\/"]}]},{"@type":"BreadcrumbList","@id":"https:\/\/demoweb.info\/sexshop001\/producto\/satisfyer-love-triangle-blanco\/#breadcrumb","itemListElement":[{"@type":"ListItem","position":1,"name":"Portada","item":"https:\/\/demoweb.info\/sexshop001\/"},{"@type":"ListItem","position":2,"name":"Tienda","item":"https:\/\/demoweb.info\/sexshop001\/tienda\/"},{"@type":"ListItem","position":3,"name":"SATISFYER LOVE TRIANGLE BLANCO"}]},{"@type":"WebSite","@id":"https:\/\/demoweb.info\/sexshop001\/#website","url":"https:\/\/demoweb.info\/sexshop001\/","name":"Tienda Er\u00f3tica","description":"DEMOWEB SL","potentialAction":[{"@type":"SearchAction","target":{"@type":"EntryPoint","urlTemplate":"https:\/\/demoweb.info\/sexshop001\/?s={search_term_string}"},"query-input":"required name=search_term_string"}],"inLanguage":"es"}]}},"_links":{"self":[{"href":"https:\/\/demoweb.info\/sexshop001\/wp-json\/wp\/v3\/product\/18975","targetHints":{"allow":["GET"]}}],"collection":[{"href":"https:\/\/demoweb.info\/sexshop001\/wp-json\/wp\/v3\/product"}],"about":[{"href":"https:\/\/demoweb.info\/sexshop001\/wp-json\/wp\/v2\/types\/product"}],"replies":[{"embeddable":true,"href":"https:\/\/demoweb.info\/sexshop001\/wp-json\/wp\/v2\/comments?post=18975"}],"wp:featuredmedia":[{"embeddable":true,"href":"https:\/\/demoweb.info\/sexshop001\/wp-json\/wp\/v2\/media\/18976"}],"wp:attachment":[{"href":"https:\/\/demoweb.info\/sexshop001\/wp-json\/wp\/v2\/media?parent=18975"}],"wp:term":[{"taxonomy":"product_cat","embeddable":true,"href":"https:\/\/demoweb.info\/sexshop001\/wp-json\/wp\/v2\/product_cat?post=18975"},{"taxonomy":"product_tag","embeddable":true,"href":"https:\/\/demoweb.info\/sexshop001\/wp-json\/wp\/v2\/product_tag?post=18975"}],"curies":[{"name":"wp","href":"https:\/\/api.w.org\/{rel}","templated":true}]}}