{"id":18961,"date":"2022-01-22T10:57:31","date_gmt":"2022-01-22T09:57:31","guid":{"rendered":"https:\/\/demoweb.info\/sexshop001\/producto\/satisfyer-curvy-3-rosa\/"},"modified":"2022-01-22T10:57:44","modified_gmt":"2022-01-22T09:57:44","slug":"satisfyer-curvy-3-rosa","status":"publish","type":"product","link":"https:\/\/demoweb.info\/sexshop001\/producto\/satisfyer-curvy-3-rosa\/","title":{"rendered":"SATISFYER CURVY 3+ ROSA"},"content":{"rendered":"<p><strong>SATISFYER CURVY 3+<\/strong><\/p>\n<p>UNA APLICACI\u00d3N, UN SINF\u00cdN DE DESTACADOS<br \/>\nNo debe perderse esto: \u00a1la nueva aplicaci\u00f3n Satisfyer Connect le ofrece oportunidades \u00fanicas! Es compatible con cualquier tel\u00e9fono inteligente, tableta Android o Apple y Apple Watch. Y lo mejor de todo: es gratis para usted y le esperan funciones nuevas y emocionantes cada mes. No es de extra\u00f1ar que la aplicaci\u00f3n Satisfyer Connect haya sido honrada en la feria de electr\u00f3nica de consumo m\u00e1s grande del mundo CES en Las Vegas.<\/p>\n<p>FUNCIONES SENSACIONALES EN NUESTRA APLICACI\u00d3N SENSACIONAL<br \/>\nSeguridad de datos 100% de seguridad de datos<br \/>\nLa aplicaci\u00f3n cumple con todos los requisitos estrictos de protecci\u00f3n de datos alemana. Adem\u00e1s, no es necesario registrarse! Satisfyer Connect no recopila ning\u00fan dato o comportamiento de uso. Por lo tanto, sus datos son 100% seguros en todo momento.<\/p>\n<p>Control remoto Control remoto<br \/>\nUtilice su tel\u00e9fono m\u00f3vil o Apple Watch a trav\u00e9s de Bluetooth o Internet como control remoto para todos sus \/ su Satisfyer o Satisfyer de los dem\u00e1s (por supuesto, solo y si lo solicitan ambas partes). \u00a1O controle la satisfacci\u00f3n de otros usuarios en vivo en chats de video! Dise\u00f1ador de<\/p>\n<p>Dise\u00f1ador de vibraciones vibraciones<br \/>\nDise\u00f1e sus propias vibraciones y comp\u00e1rtalas con otros usuarios de todo el mundo si lo desea.<\/p>\n<p>Vibraci\u00f3n ambiental Vibraci\u00f3n ambiental<br \/>\nUse el micr\u00f3fono de su tel\u00e9fono m\u00f3vil para transformar el ruido ambiental en vibraciones.<\/p>\n<p>Vibraci\u00f3n de lista de reproducci\u00f3n Lista de reproducci\u00f3n de vibraciones<br \/>\nExperimenta las vibraciones al ritmo de tu lista de reproducci\u00f3n en Spotify u otros servicios de transmisi\u00f3n.<\/p>\n<p>VEN CON BLUETOOTH! THE R-LOVE-UTION DE SATISFYER APP-TOYS<br \/>\n\u00a1Forma parte de R-Love-ution y descarga la aplicaci\u00f3n gratuita Satisfyer Connect en tu tel\u00e9fono inteligente! Experimente aventuras divertidas: control remoto y funciones exclusivas como programaci\u00f3n h\u00e1ptica, programas de vibraci\u00f3n infinitamente ajustables individualmente, detecci\u00f3n de movimiento o incluso la interacci\u00f3n de varios juguetes conectados: \u00a1pru\u00e9belo y espere nuevas funciones geniales cada mes! \u00a1Simplemente descargue la aplicaci\u00f3n gratuita para Android o Apple iOs y la aplicaci\u00f3n est\u00e1 lista!<\/p>\n<p>Satisfyer present\u00f3 su nueva aplicaci\u00f3n revolucionaria en la feria de electr\u00f3nica de consumo m\u00e1s grande del mundo en Las Vegas &#39;CES&#39;:<\/p>\n<p>SATISFYER CONNECT<br \/>\nDebido a la interacci\u00f3n exitosa del bienestar sexual y la tecnolog\u00eda, la aplicaci\u00f3n Satisfyer Connect gan\u00f3 el premio CES TWICE Picks, reconocido mundialmente. El jurado del CES elogi\u00f3 especialmente la programaci\u00f3n h\u00e1ptica, la detecci\u00f3n de movimiento y la posibilidad de crear nuevos programas de vibraci\u00f3n.<\/p>\n<p>El CES TWICE Picks Award solo se otorga a los mejores bienes de consumo del mundo.<\/p>\n<p>SATISFYER &#39;CURVY 3+&#39;<br \/>\nImagine que podr\u00eda disfrutar de la inolvidable estimulaci\u00f3n de ondas de presi\u00f3n de su satisfacci\u00f3n en combinaci\u00f3n con vibraciones calientes: \u00bfqu\u00e9 tan org\u00e1smico ser\u00eda eso? Qu\u00e9 suerte que el nuevo Satisfyer Curvy 3+ con una funci\u00f3n de aplicaci\u00f3n adicional haya dominado este talento lujurioso a la perfecci\u00f3n: la estimulaci\u00f3n del cl\u00edtoris sin contacto de las ondas de presi\u00f3n te encanta desde el interior de la abertura, mientras que la parte exterior vibra de placer. \u00a1Guauu! \u00a1Los sue\u00f1os de la dama se hacen realidad!<\/p>\n<p>\u00bfTU ESTILO? \u00a1ORG\u00c1SMICO!<br \/>\nSi bien su nuevo juguete favorito arruina su perla lujuriosa con una cantidad infinita de programas de ondas de presi\u00f3n y vibraci\u00f3n a trav\u00e9s del control de la aplicaci\u00f3n, tambi\u00e9n cuenta con un dise\u00f1o especial: ergon\u00f3micamente curvado y elegante, \u00a1como si fuera de una sola fuente! \u00a1Como un boomerang boom-boom-boom-boom que siempre vuelve a ti! La comprensi\u00f3n de la mujer bonita se adapta perfectamente a la mano y adula su piel con una superficie lisa hecha de silicona m\u00e9dica. \u00bfQue estas esperando? Agarrarlo!<\/p>\n<p>\u00a1DALE PODER!<br \/>\nSu juguete est\u00e1 equipado con bater\u00edas integradas y, por lo tanto, es recargable con el medio ambiente. Si es necesario, el cable de carga magn\u00e9tico USB incluido se puede complementar con un enchufe de red est\u00e1ndar de 5V.<\/p>\n<p>MATERIAL Y CUIDADO<br \/>\nLa cabeza de su juguete impermeable est\u00e1 hecha de silicona m\u00e9dica suave y sedosa, que es extremadamente resbaladiza y absorbe el calor de su cuerpo r\u00e1pidamente. El juguete se puede limpiar f\u00e1cilmente con un poco de jab\u00f3n bajo agua tibia. Con un poco de limpiador desinfectante para juguetes , puede garantizar una higiene especialmente profunda despu\u00e9s, idealmente con el spray de desinfecci\u00f3n perfectamente coordinado de Satisfyer. Para obtener el m\u00e1ximo placer, use siempre su juguete con uno de los lubricantes a base de agua de Satisfyer que se adaptan perfectamente al producto . Est\u00e1n disponibles en las versiones cl\u00e1sica, sedosa y c\u00e1lida. La composici\u00f3n vegana a base de agua protege el material y mantiene la superficie de su juguete agradable y suave.<\/p>\n<p>LA MARCA SATISFYER<br \/>\nSatisfyer: \u00a1mucho m\u00e1s que una marca alemana! Todo comenz\u00f3 con la estimulaci\u00f3n sin contacto del cl\u00edtoris gracias a la tecnolog\u00eda innovadora y patentada de ondas de presi\u00f3n; mientras tanto, la marca l\u00edder mundial de bienestar sexual enriquece la vida amorosa de m\u00e1s de 25,000,000 millones de mujeres, hombres y parejas en m\u00e1s de 100 pa\u00edses con una amplia gama de productos, as\u00ed como siempre nuevas ideas y las m\u00e1s modernas. Tecnolog\u00edas Con caracter\u00edsticas de calidad como silicona de alta calidad, una garant\u00eda de 15 a\u00f1os, mano de obra herm\u00e9tica y motores potentes, la exitosa marca alemana siempre est\u00e1 dispuesta a combinar tecnolog\u00eda con dise\u00f1o excepcional en sus productos. Solo en los \u00faltimos 3 a\u00f1os, Satisfyer ha ganado m\u00e1s de 140 premios internacionales de dise\u00f1o como ninguna otra compa\u00f1\u00eda.<\/p><\/p>\n","protected":false},"excerpt":{"rendered":"<p>SATISFYER CURVY 3+ UNA APLICACI\u00d3N, UN SINF\u00cdN DE DESTACADOS No debe perderse esto: \u00a1la nueva aplicaci\u00f3n Satisfyer Connect le ofrece<\/p>\n","protected":false},"featured_media":18962,"comment_status":"open","ping_status":"open","template":"","meta":[],"product_cat":[355],"product_tag":[819,442],"class_list":["post-18961","product","type-product","status-publish","has-post-thumbnail","hentry","product_cat-ellas","product_tag-connect","product_tag-satisfyer"],"bundled_by":[],"bundle_stock_status":"instock","bundle_stock_quantity":25,"bundle_virtual":false,"bundle_layout":"","bundle_add_to_cart_form_location":"","bundle_editable_in_cart":false,"bundle_sold_individually_context":"","bundle_item_grouping":"","bundle_min_size":"","bundle_max_size":"","bundled_items":[],"yoast_head":"<!-- This site is optimized with the Yoast SEO plugin v20.6 - https:\/\/yoast.com\/wordpress\/plugins\/seo\/ -->\n<title>SATISFYER CURVY 3+ ROSA - Tienda Er\u00f3tica<\/title>\n<meta name=\"robots\" content=\"noindex, follow, max-snippet:-1, max-image-preview:large, max-video-preview:-1\" \/>\n<meta property=\"og:locale\" content=\"es_ES\" \/>\n<meta property=\"og:type\" content=\"article\" \/>\n<meta property=\"og:title\" content=\"SATISFYER CURVY 3+ ROSA - Tienda Er\u00f3tica\" \/>\n<meta property=\"og:description\" content=\"SATISFYER CURVY 3+ UNA APLICACI\u00d3N, UN SINF\u00cdN DE DESTACADOS No debe perderse esto: \u00a1la nueva aplicaci\u00f3n Satisfyer Connect le ofrece\" \/>\n<meta property=\"og:url\" content=\"https:\/\/demoweb.info\/sexshop001\/producto\/satisfyer-curvy-3-rosa\/\" \/>\n<meta property=\"og:site_name\" content=\"Tienda Er\u00f3tica\" \/>\n<meta property=\"article:modified_time\" content=\"2022-01-22T09:57:44+00:00\" \/>\n<meta property=\"og:image\" content=\"https:\/\/demoweb.info\/sexshop001\/wp-content\/uploads\/2022\/01\/SATISFYER-CURVY-3-ROSA.jpg\" \/>\n\t<meta property=\"og:image:width\" content=\"550\" \/>\n\t<meta property=\"og:image:height\" content=\"550\" \/>\n\t<meta property=\"og:image:type\" content=\"image\/jpeg\" \/>\n<meta name=\"twitter:card\" content=\"summary_large_image\" \/>\n<meta name=\"twitter:label1\" content=\"Tiempo de lectura\" \/>\n\t<meta name=\"twitter:data1\" content=\"5 minutos\" \/>\n<script type=\"application\/ld+json\" class=\"yoast-schema-graph\">{\"@context\":\"https:\/\/schema.org\",\"@graph\":[{\"@type\":\"WebPage\",\"@id\":\"https:\/\/demoweb.info\/sexshop001\/producto\/satisfyer-curvy-3-rosa\/\",\"url\":\"https:\/\/demoweb.info\/sexshop001\/producto\/satisfyer-curvy-3-rosa\/\",\"name\":\"SATISFYER CURVY 3+ ROSA - Tienda Er\u00f3tica\",\"isPartOf\":{\"@id\":\"https:\/\/demoweb.info\/sexshop001\/#website\"},\"datePublished\":\"2022-01-22T09:57:31+00:00\",\"dateModified\":\"2022-01-22T09:57:44+00:00\",\"breadcrumb\":{\"@id\":\"https:\/\/demoweb.info\/sexshop001\/producto\/satisfyer-curvy-3-rosa\/#breadcrumb\"},\"inLanguage\":\"es\",\"potentialAction\":[{\"@type\":\"ReadAction\",\"target\":[\"https:\/\/demoweb.info\/sexshop001\/producto\/satisfyer-curvy-3-rosa\/\"]}]},{\"@type\":\"BreadcrumbList\",\"@id\":\"https:\/\/demoweb.info\/sexshop001\/producto\/satisfyer-curvy-3-rosa\/#breadcrumb\",\"itemListElement\":[{\"@type\":\"ListItem\",\"position\":1,\"name\":\"Portada\",\"item\":\"https:\/\/demoweb.info\/sexshop001\/\"},{\"@type\":\"ListItem\",\"position\":2,\"name\":\"Tienda\",\"item\":\"https:\/\/demoweb.info\/sexshop001\/tienda\/\"},{\"@type\":\"ListItem\",\"position\":3,\"name\":\"SATISFYER CURVY 3+ ROSA\"}]},{\"@type\":\"WebSite\",\"@id\":\"https:\/\/demoweb.info\/sexshop001\/#website\",\"url\":\"https:\/\/demoweb.info\/sexshop001\/\",\"name\":\"Tienda Er\u00f3tica\",\"description\":\"DEMOWEB SL\",\"potentialAction\":[{\"@type\":\"SearchAction\",\"target\":{\"@type\":\"EntryPoint\",\"urlTemplate\":\"https:\/\/demoweb.info\/sexshop001\/?s={search_term_string}\"},\"query-input\":\"required name=search_term_string\"}],\"inLanguage\":\"es\"}]}<\/script>\n<!-- \/ Yoast SEO plugin. -->","yoast_head_json":{"title":"SATISFYER CURVY 3+ ROSA - Tienda Er\u00f3tica","robots":{"index":"noindex","follow":"follow","max-snippet":"max-snippet:-1","max-image-preview":"max-image-preview:large","max-video-preview":"max-video-preview:-1"},"og_locale":"es_ES","og_type":"article","og_title":"SATISFYER CURVY 3+ ROSA - Tienda Er\u00f3tica","og_description":"SATISFYER CURVY 3+ UNA APLICACI\u00d3N, UN SINF\u00cdN DE DESTACADOS No debe perderse esto: \u00a1la nueva aplicaci\u00f3n Satisfyer Connect le ofrece","og_url":"https:\/\/demoweb.info\/sexshop001\/producto\/satisfyer-curvy-3-rosa\/","og_site_name":"Tienda Er\u00f3tica","article_modified_time":"2022-01-22T09:57:44+00:00","og_image":[{"width":550,"height":550,"url":"https:\/\/demoweb.info\/sexshop001\/wp-content\/uploads\/2022\/01\/SATISFYER-CURVY-3-ROSA.jpg","type":"image\/jpeg"}],"twitter_card":"summary_large_image","twitter_misc":{"Tiempo de lectura":"5 minutos"},"schema":{"@context":"https:\/\/schema.org","@graph":[{"@type":"WebPage","@id":"https:\/\/demoweb.info\/sexshop001\/producto\/satisfyer-curvy-3-rosa\/","url":"https:\/\/demoweb.info\/sexshop001\/producto\/satisfyer-curvy-3-rosa\/","name":"SATISFYER CURVY 3+ ROSA - Tienda Er\u00f3tica","isPartOf":{"@id":"https:\/\/demoweb.info\/sexshop001\/#website"},"datePublished":"2022-01-22T09:57:31+00:00","dateModified":"2022-01-22T09:57:44+00:00","breadcrumb":{"@id":"https:\/\/demoweb.info\/sexshop001\/producto\/satisfyer-curvy-3-rosa\/#breadcrumb"},"inLanguage":"es","potentialAction":[{"@type":"ReadAction","target":["https:\/\/demoweb.info\/sexshop001\/producto\/satisfyer-curvy-3-rosa\/"]}]},{"@type":"BreadcrumbList","@id":"https:\/\/demoweb.info\/sexshop001\/producto\/satisfyer-curvy-3-rosa\/#breadcrumb","itemListElement":[{"@type":"ListItem","position":1,"name":"Portada","item":"https:\/\/demoweb.info\/sexshop001\/"},{"@type":"ListItem","position":2,"name":"Tienda","item":"https:\/\/demoweb.info\/sexshop001\/tienda\/"},{"@type":"ListItem","position":3,"name":"SATISFYER CURVY 3+ ROSA"}]},{"@type":"WebSite","@id":"https:\/\/demoweb.info\/sexshop001\/#website","url":"https:\/\/demoweb.info\/sexshop001\/","name":"Tienda Er\u00f3tica","description":"DEMOWEB SL","potentialAction":[{"@type":"SearchAction","target":{"@type":"EntryPoint","urlTemplate":"https:\/\/demoweb.info\/sexshop001\/?s={search_term_string}"},"query-input":"required name=search_term_string"}],"inLanguage":"es"}]}},"_links":{"self":[{"href":"https:\/\/demoweb.info\/sexshop001\/wp-json\/wp\/v3\/product\/18961","targetHints":{"allow":["GET"]}}],"collection":[{"href":"https:\/\/demoweb.info\/sexshop001\/wp-json\/wp\/v3\/product"}],"about":[{"href":"https:\/\/demoweb.info\/sexshop001\/wp-json\/wp\/v2\/types\/product"}],"replies":[{"embeddable":true,"href":"https:\/\/demoweb.info\/sexshop001\/wp-json\/wp\/v2\/comments?post=18961"}],"wp:featuredmedia":[{"embeddable":true,"href":"https:\/\/demoweb.info\/sexshop001\/wp-json\/wp\/v2\/media\/18962"}],"wp:attachment":[{"href":"https:\/\/demoweb.info\/sexshop001\/wp-json\/wp\/v2\/media?parent=18961"}],"wp:term":[{"taxonomy":"product_cat","embeddable":true,"href":"https:\/\/demoweb.info\/sexshop001\/wp-json\/wp\/v2\/product_cat?post=18961"},{"taxonomy":"product_tag","embeddable":true,"href":"https:\/\/demoweb.info\/sexshop001\/wp-json\/wp\/v2\/product_tag?post=18961"}],"curies":[{"name":"wp","href":"https:\/\/api.w.org\/{rel}","templated":true}]}}