{"id":18911,"date":"2022-01-22T10:57:05","date_gmt":"2022-01-22T09:57:05","guid":{"rendered":"https:\/\/demoweb.info\/sexshop001\/producto\/the-super-milker-maquina-deluxe-de-masturbacion-automatica\/"},"modified":"2022-01-22T10:57:19","modified_gmt":"2022-01-22T09:57:19","slug":"the-super-milker-maquina-deluxe-de-masturbacion-automatica","status":"publish","type":"product","link":"https:\/\/demoweb.info\/sexshop001\/producto\/the-super-milker-maquina-deluxe-de-masturbacion-automatica\/","title":{"rendered":"THE SUPER MILKER &#8211; M\u00c1QUINA DELUXE DE MASTURBACI\u00d3N AUTOM\u00c1TICA"},"content":{"rendered":"<p><strong>THE SUPER MILKER AUTOMATIC DELUXE STROKER MACHINE &#8211; BLACK<\/strong><\/p>\n<p>\u00a1Ahora con m\u00e1s cilindros y texturas para a\u00fan m\u00e1s \u00e9xtasis!<\/p>\n<p>\u00a1Deja que la m\u00e1quina Super Milker Deluxe Stroker haga todo el trabajo por ti!<\/p>\n<p>Esta m\u00e1quina de amor est\u00e1 dise\u00f1ada espec\u00edficamente para acariciar y aspirar autom\u00e1ticamente, con un total de 4 cilindros para una variedad de sensaciones.<\/p>\n<p>Esta m\u00e1quina de varias velocidades alberga todo lo que necesita discretamente en la parte superior con cierre de la caja. Simplemente conecte la manguera al cilindro y use el dial para controlar qu\u00e9 tan r\u00e1pido o lento lo desea.<\/p>\n<p>Se incluyen tres cilindros diferentes: el cilindro grande y liso est\u00e1 especialmente dise\u00f1ado para succionar su eje, con casi 9 pulgadas de largo y forrado con goma flexible para un sellado herm\u00e9tico.<\/p>\n<p>\u00a1Te encantar\u00e1 tanto que hemos incluido dos de ellos! Un tercer cilindro largo rodear\u00e1 todo su eje con protuberancias suaves y delicadas para un masaje \u00fanico.<\/p>\n<p>Finalmente, el cilindro m\u00e1s peque\u00f1o es para un placer m\u00e1s espec\u00edfico, como la cabeza de la polla o incluso el cl\u00edtoris o los pezones. Use el Milker solo o con un compa\u00f1ero para juegos previos, juegos en solitario o cualquier cosa que pueda so\u00f1ar.<\/p>\n<p>Esta m\u00e1quina actualizada est\u00e1 dise\u00f1ada para brindarle un mayor placer con m\u00e1s opciones. Todos los accesorios se almacenan f\u00e1cilmente en el compartimento superior, que tiene una cerradura y 2 llaves para lo \u00faltimo en port\u00e1til y placer y privacidad.<\/p>\n<p>Nota: Incluye la m\u00e1quina, 2 fundas, 3 tapones de funda, 2 cilindros lisos grandes, 1 cilindro con protuberancias grandes y 1 cilindro peque\u00f1o, control de dial de potencia, 2 llaves de bloqueo, transformador ACDC, cable de alimentaci\u00f3n de EE. UU. E instrucciones. Compatible con nuestro adaptador de voltaje para pedidos en el extranjero.<\/p>\n<ul>\n<li>Dimensiones del producto 28 x 21 x 28 cm<\/li>\n<li>Peso del producto 6810 gram<\/li>\n<li>Materiales ABS, silicona, caucho natural, metal<\/li>\n<\/ul>\n","protected":false},"excerpt":{"rendered":"<p>THE SUPER MILKER AUTOMATIC DELUXE STROKER MACHINE &#8211; BLACK \u00a1Ahora con m\u00e1s cilindros y texturas para a\u00fan m\u00e1s \u00e9xtasis! \u00a1Deja<\/p>\n","protected":false},"featured_media":18912,"comment_status":"open","ping_status":"open","template":"","meta":[],"product_cat":[680],"product_tag":[778,274],"class_list":["post-18911","product","type-product","status-publish","has-post-thumbnail","hentry","product_cat-maquinas-del-amor","product_tag-lovebotz","product_tag-xr-brands"],"bundled_by":[],"bundle_stock_status":"instock","bundle_stock_quantity":1,"bundle_virtual":false,"bundle_layout":"","bundle_add_to_cart_form_location":"","bundle_editable_in_cart":false,"bundle_sold_individually_context":"","bundle_item_grouping":"","bundle_min_size":"","bundle_max_size":"","bundled_items":[],"yoast_head":"<!-- This site is optimized with the Yoast SEO plugin v20.6 - https:\/\/yoast.com\/wordpress\/plugins\/seo\/ -->\n<title>THE SUPER MILKER - M\u00c1QUINA DELUXE DE MASTURBACI\u00d3N AUTOM\u00c1TICA - Tienda Er\u00f3tica<\/title>\n<meta name=\"robots\" content=\"noindex, follow, max-snippet:-1, max-image-preview:large, max-video-preview:-1\" \/>\n<meta property=\"og:locale\" content=\"es_ES\" \/>\n<meta property=\"og:type\" content=\"article\" \/>\n<meta property=\"og:title\" content=\"THE SUPER MILKER - M\u00c1QUINA DELUXE DE MASTURBACI\u00d3N AUTOM\u00c1TICA - Tienda Er\u00f3tica\" \/>\n<meta property=\"og:description\" content=\"THE SUPER MILKER AUTOMATIC DELUXE STROKER MACHINE &#8211; BLACK \u00a1Ahora con m\u00e1s cilindros y texturas para a\u00fan m\u00e1s \u00e9xtasis! \u00a1Deja\" \/>\n<meta property=\"og:url\" content=\"https:\/\/demoweb.info\/sexshop001\/producto\/the-super-milker-maquina-deluxe-de-masturbacion-automatica\/\" \/>\n<meta property=\"og:site_name\" content=\"Tienda Er\u00f3tica\" \/>\n<meta property=\"article:modified_time\" content=\"2022-01-22T09:57:19+00:00\" \/>\n<meta property=\"og:image\" content=\"https:\/\/demoweb.info\/sexshop001\/wp-content\/uploads\/2022\/01\/THE-SUPER-MILKER-MAQUINA-DELUXE-DE-MASTURBACION-AUTOMATICA.jpg\" \/>\n\t<meta property=\"og:image:width\" content=\"550\" \/>\n\t<meta property=\"og:image:height\" content=\"550\" \/>\n\t<meta property=\"og:image:type\" content=\"image\/jpeg\" \/>\n<meta name=\"twitter:card\" content=\"summary_large_image\" \/>\n<meta name=\"twitter:label1\" content=\"Tiempo de lectura\" \/>\n\t<meta name=\"twitter:data1\" content=\"2 minutos\" \/>\n<script type=\"application\/ld+json\" class=\"yoast-schema-graph\">{\"@context\":\"https:\/\/schema.org\",\"@graph\":[{\"@type\":\"WebPage\",\"@id\":\"https:\/\/demoweb.info\/sexshop001\/producto\/the-super-milker-maquina-deluxe-de-masturbacion-automatica\/\",\"url\":\"https:\/\/demoweb.info\/sexshop001\/producto\/the-super-milker-maquina-deluxe-de-masturbacion-automatica\/\",\"name\":\"THE SUPER MILKER - M\u00c1QUINA DELUXE DE MASTURBACI\u00d3N AUTOM\u00c1TICA - Tienda Er\u00f3tica\",\"isPartOf\":{\"@id\":\"https:\/\/demoweb.info\/sexshop001\/#website\"},\"datePublished\":\"2022-01-22T09:57:05+00:00\",\"dateModified\":\"2022-01-22T09:57:19+00:00\",\"breadcrumb\":{\"@id\":\"https:\/\/demoweb.info\/sexshop001\/producto\/the-super-milker-maquina-deluxe-de-masturbacion-automatica\/#breadcrumb\"},\"inLanguage\":\"es\",\"potentialAction\":[{\"@type\":\"ReadAction\",\"target\":[\"https:\/\/demoweb.info\/sexshop001\/producto\/the-super-milker-maquina-deluxe-de-masturbacion-automatica\/\"]}]},{\"@type\":\"BreadcrumbList\",\"@id\":\"https:\/\/demoweb.info\/sexshop001\/producto\/the-super-milker-maquina-deluxe-de-masturbacion-automatica\/#breadcrumb\",\"itemListElement\":[{\"@type\":\"ListItem\",\"position\":1,\"name\":\"Portada\",\"item\":\"https:\/\/demoweb.info\/sexshop001\/\"},{\"@type\":\"ListItem\",\"position\":2,\"name\":\"Tienda\",\"item\":\"https:\/\/demoweb.info\/sexshop001\/tienda\/\"},{\"@type\":\"ListItem\",\"position\":3,\"name\":\"THE SUPER MILKER &#8211; M\u00c1QUINA DELUXE DE MASTURBACI\u00d3N AUTOM\u00c1TICA\"}]},{\"@type\":\"WebSite\",\"@id\":\"https:\/\/demoweb.info\/sexshop001\/#website\",\"url\":\"https:\/\/demoweb.info\/sexshop001\/\",\"name\":\"Tienda Er\u00f3tica\",\"description\":\"DEMOWEB SL\",\"potentialAction\":[{\"@type\":\"SearchAction\",\"target\":{\"@type\":\"EntryPoint\",\"urlTemplate\":\"https:\/\/demoweb.info\/sexshop001\/?s={search_term_string}\"},\"query-input\":\"required name=search_term_string\"}],\"inLanguage\":\"es\"}]}<\/script>\n<!-- \/ Yoast SEO plugin. -->","yoast_head_json":{"title":"THE SUPER MILKER - M\u00c1QUINA DELUXE DE MASTURBACI\u00d3N AUTOM\u00c1TICA - Tienda Er\u00f3tica","robots":{"index":"noindex","follow":"follow","max-snippet":"max-snippet:-1","max-image-preview":"max-image-preview:large","max-video-preview":"max-video-preview:-1"},"og_locale":"es_ES","og_type":"article","og_title":"THE SUPER MILKER - M\u00c1QUINA DELUXE DE MASTURBACI\u00d3N AUTOM\u00c1TICA - Tienda Er\u00f3tica","og_description":"THE SUPER MILKER AUTOMATIC DELUXE STROKER MACHINE &#8211; BLACK \u00a1Ahora con m\u00e1s cilindros y texturas para a\u00fan m\u00e1s \u00e9xtasis! \u00a1Deja","og_url":"https:\/\/demoweb.info\/sexshop001\/producto\/the-super-milker-maquina-deluxe-de-masturbacion-automatica\/","og_site_name":"Tienda Er\u00f3tica","article_modified_time":"2022-01-22T09:57:19+00:00","og_image":[{"width":550,"height":550,"url":"https:\/\/demoweb.info\/sexshop001\/wp-content\/uploads\/2022\/01\/THE-SUPER-MILKER-MAQUINA-DELUXE-DE-MASTURBACION-AUTOMATICA.jpg","type":"image\/jpeg"}],"twitter_card":"summary_large_image","twitter_misc":{"Tiempo de lectura":"2 minutos"},"schema":{"@context":"https:\/\/schema.org","@graph":[{"@type":"WebPage","@id":"https:\/\/demoweb.info\/sexshop001\/producto\/the-super-milker-maquina-deluxe-de-masturbacion-automatica\/","url":"https:\/\/demoweb.info\/sexshop001\/producto\/the-super-milker-maquina-deluxe-de-masturbacion-automatica\/","name":"THE SUPER MILKER - M\u00c1QUINA DELUXE DE MASTURBACI\u00d3N AUTOM\u00c1TICA - Tienda Er\u00f3tica","isPartOf":{"@id":"https:\/\/demoweb.info\/sexshop001\/#website"},"datePublished":"2022-01-22T09:57:05+00:00","dateModified":"2022-01-22T09:57:19+00:00","breadcrumb":{"@id":"https:\/\/demoweb.info\/sexshop001\/producto\/the-super-milker-maquina-deluxe-de-masturbacion-automatica\/#breadcrumb"},"inLanguage":"es","potentialAction":[{"@type":"ReadAction","target":["https:\/\/demoweb.info\/sexshop001\/producto\/the-super-milker-maquina-deluxe-de-masturbacion-automatica\/"]}]},{"@type":"BreadcrumbList","@id":"https:\/\/demoweb.info\/sexshop001\/producto\/the-super-milker-maquina-deluxe-de-masturbacion-automatica\/#breadcrumb","itemListElement":[{"@type":"ListItem","position":1,"name":"Portada","item":"https:\/\/demoweb.info\/sexshop001\/"},{"@type":"ListItem","position":2,"name":"Tienda","item":"https:\/\/demoweb.info\/sexshop001\/tienda\/"},{"@type":"ListItem","position":3,"name":"THE SUPER MILKER &#8211; M\u00c1QUINA DELUXE DE MASTURBACI\u00d3N AUTOM\u00c1TICA"}]},{"@type":"WebSite","@id":"https:\/\/demoweb.info\/sexshop001\/#website","url":"https:\/\/demoweb.info\/sexshop001\/","name":"Tienda Er\u00f3tica","description":"DEMOWEB SL","potentialAction":[{"@type":"SearchAction","target":{"@type":"EntryPoint","urlTemplate":"https:\/\/demoweb.info\/sexshop001\/?s={search_term_string}"},"query-input":"required name=search_term_string"}],"inLanguage":"es"}]}},"_links":{"self":[{"href":"https:\/\/demoweb.info\/sexshop001\/wp-json\/wp\/v3\/product\/18911","targetHints":{"allow":["GET"]}}],"collection":[{"href":"https:\/\/demoweb.info\/sexshop001\/wp-json\/wp\/v3\/product"}],"about":[{"href":"https:\/\/demoweb.info\/sexshop001\/wp-json\/wp\/v2\/types\/product"}],"replies":[{"embeddable":true,"href":"https:\/\/demoweb.info\/sexshop001\/wp-json\/wp\/v2\/comments?post=18911"}],"wp:featuredmedia":[{"embeddable":true,"href":"https:\/\/demoweb.info\/sexshop001\/wp-json\/wp\/v2\/media\/18912"}],"wp:attachment":[{"href":"https:\/\/demoweb.info\/sexshop001\/wp-json\/wp\/v2\/media?parent=18911"}],"wp:term":[{"taxonomy":"product_cat","embeddable":true,"href":"https:\/\/demoweb.info\/sexshop001\/wp-json\/wp\/v2\/product_cat?post=18911"},{"taxonomy":"product_tag","embeddable":true,"href":"https:\/\/demoweb.info\/sexshop001\/wp-json\/wp\/v2\/product_tag?post=18911"}],"curies":[{"name":"wp","href":"https:\/\/api.w.org\/{rel}","templated":true}]}}