{"id":18823,"date":"2022-01-22T10:56:18","date_gmt":"2022-01-22T09:56:18","guid":{"rendered":"https:\/\/demoweb.info\/sexshop001\/producto\/vestido-muneca-francesa-maid-baby-negro-blanco\/"},"modified":"2022-01-22T10:56:33","modified_gmt":"2022-01-22T09:56:33","slug":"vestido-muneca-francesa-maid-baby-negro-blanco","status":"publish","type":"product","link":"https:\/\/demoweb.info\/sexshop001\/producto\/vestido-muneca-francesa-maid-baby-negro-blanco\/","title":{"rendered":"VESTIDO MU\u00d1ECA FRANCESA MAID BABY &#8211; NEGRO, BLANCO"},"content":{"rendered":"<p>VESTIDO MU\u00d1ECA FRANCESA MAID BABY &#8211; NEGRO, BLANCO<\/p>\n<p>Babydoll de mu\u00f1eca francesa con cuello en V profundo y ribetes blancos en contraste.<\/p>\n<p>El corpi\u00f1o ten\u00eda detalles de cordones y un delantal adjunto.<\/p>\n<p>El conjunto incluye una diadema.<br \/>\nMuy elastico <\/p>\n<ul>\n<li>Dimensiones embalaje: 27,30 x 13,90 x 4,30 cm<\/li>\n<li>Peso embalaje: 17 gram<\/li>\n<li>Presupuesto: Lots of stretch<\/li>\n<li>Materiales: 82% Nylon, 18% Elastico <\/li>\n<\/ul>\n","protected":false},"excerpt":{"rendered":"<p>VESTIDO MU\u00d1ECA FRANCESA MAID BABY &#8211; NEGRO, BLANCO Babydoll de mu\u00f1eca francesa con cuello en V profundo y ribetes blancos<\/p>\n","protected":false},"featured_media":18824,"comment_status":"open","ping_status":"open","template":"","meta":[],"product_cat":[548],"product_tag":[939],"class_list":["post-18823","product","type-product","status-publish","has-post-thumbnail","hentry","product_cat-disfraces","product_tag-coquette"],"bundled_by":[],"bundle_stock_status":"outofstock","bundle_stock_quantity":0,"bundle_virtual":false,"bundle_layout":"","bundle_add_to_cart_form_location":"","bundle_editable_in_cart":false,"bundle_sold_individually_context":"","bundle_item_grouping":"","bundle_min_size":"","bundle_max_size":"","bundled_items":[],"yoast_head":"<!-- This site is optimized with the Yoast SEO plugin v20.6 - https:\/\/yoast.com\/wordpress\/plugins\/seo\/ -->\n<title>VESTIDO MU\u00d1ECA FRANCESA MAID BABY - NEGRO, BLANCO - Tienda Er\u00f3tica<\/title>\n<meta name=\"robots\" content=\"noindex, follow, max-snippet:-1, max-image-preview:large, max-video-preview:-1\" \/>\n<meta property=\"og:locale\" content=\"es_ES\" \/>\n<meta property=\"og:type\" content=\"article\" \/>\n<meta property=\"og:title\" content=\"VESTIDO MU\u00d1ECA FRANCESA MAID BABY - NEGRO, BLANCO - Tienda Er\u00f3tica\" \/>\n<meta property=\"og:description\" content=\"VESTIDO MU\u00d1ECA FRANCESA MAID BABY &#8211; NEGRO, BLANCO Babydoll de mu\u00f1eca francesa con cuello en V profundo y ribetes blancos\" \/>\n<meta property=\"og:url\" content=\"https:\/\/demoweb.info\/sexshop001\/producto\/vestido-muneca-francesa-maid-baby-negro-blanco\/\" \/>\n<meta property=\"og:site_name\" content=\"Tienda Er\u00f3tica\" \/>\n<meta property=\"article:modified_time\" content=\"2022-01-22T09:56:33+00:00\" \/>\n<meta property=\"og:image\" content=\"https:\/\/demoweb.info\/sexshop001\/wp-content\/uploads\/2022\/01\/VESTIDO-MUNECA-FRANCESA-MAID-BABY-NEGRO-BLANCO.jpg\" \/>\n\t<meta property=\"og:image:width\" content=\"550\" \/>\n\t<meta property=\"og:image:height\" content=\"550\" \/>\n\t<meta property=\"og:image:type\" content=\"image\/jpeg\" \/>\n<meta name=\"twitter:card\" content=\"summary_large_image\" \/>\n<script type=\"application\/ld+json\" class=\"yoast-schema-graph\">{\"@context\":\"https:\/\/schema.org\",\"@graph\":[{\"@type\":\"WebPage\",\"@id\":\"https:\/\/demoweb.info\/sexshop001\/producto\/vestido-muneca-francesa-maid-baby-negro-blanco\/\",\"url\":\"https:\/\/demoweb.info\/sexshop001\/producto\/vestido-muneca-francesa-maid-baby-negro-blanco\/\",\"name\":\"VESTIDO MU\u00d1ECA FRANCESA MAID BABY - NEGRO, BLANCO - Tienda Er\u00f3tica\",\"isPartOf\":{\"@id\":\"https:\/\/demoweb.info\/sexshop001\/#website\"},\"datePublished\":\"2022-01-22T09:56:18+00:00\",\"dateModified\":\"2022-01-22T09:56:33+00:00\",\"breadcrumb\":{\"@id\":\"https:\/\/demoweb.info\/sexshop001\/producto\/vestido-muneca-francesa-maid-baby-negro-blanco\/#breadcrumb\"},\"inLanguage\":\"es\",\"potentialAction\":[{\"@type\":\"ReadAction\",\"target\":[\"https:\/\/demoweb.info\/sexshop001\/producto\/vestido-muneca-francesa-maid-baby-negro-blanco\/\"]}]},{\"@type\":\"BreadcrumbList\",\"@id\":\"https:\/\/demoweb.info\/sexshop001\/producto\/vestido-muneca-francesa-maid-baby-negro-blanco\/#breadcrumb\",\"itemListElement\":[{\"@type\":\"ListItem\",\"position\":1,\"name\":\"Portada\",\"item\":\"https:\/\/demoweb.info\/sexshop001\/\"},{\"@type\":\"ListItem\",\"position\":2,\"name\":\"Tienda\",\"item\":\"https:\/\/demoweb.info\/sexshop001\/tienda\/\"},{\"@type\":\"ListItem\",\"position\":3,\"name\":\"VESTIDO MU\u00d1ECA FRANCESA MAID BABY &#8211; NEGRO, BLANCO\"}]},{\"@type\":\"WebSite\",\"@id\":\"https:\/\/demoweb.info\/sexshop001\/#website\",\"url\":\"https:\/\/demoweb.info\/sexshop001\/\",\"name\":\"Tienda Er\u00f3tica\",\"description\":\"DEMOWEB SL\",\"potentialAction\":[{\"@type\":\"SearchAction\",\"target\":{\"@type\":\"EntryPoint\",\"urlTemplate\":\"https:\/\/demoweb.info\/sexshop001\/?s={search_term_string}\"},\"query-input\":\"required name=search_term_string\"}],\"inLanguage\":\"es\"}]}<\/script>\n<!-- \/ Yoast SEO plugin. -->","yoast_head_json":{"title":"VESTIDO MU\u00d1ECA FRANCESA MAID BABY - NEGRO, BLANCO - Tienda Er\u00f3tica","robots":{"index":"noindex","follow":"follow","max-snippet":"max-snippet:-1","max-image-preview":"max-image-preview:large","max-video-preview":"max-video-preview:-1"},"og_locale":"es_ES","og_type":"article","og_title":"VESTIDO MU\u00d1ECA FRANCESA MAID BABY - NEGRO, BLANCO - Tienda Er\u00f3tica","og_description":"VESTIDO MU\u00d1ECA FRANCESA MAID BABY &#8211; NEGRO, BLANCO Babydoll de mu\u00f1eca francesa con cuello en V profundo y ribetes blancos","og_url":"https:\/\/demoweb.info\/sexshop001\/producto\/vestido-muneca-francesa-maid-baby-negro-blanco\/","og_site_name":"Tienda Er\u00f3tica","article_modified_time":"2022-01-22T09:56:33+00:00","og_image":[{"width":550,"height":550,"url":"https:\/\/demoweb.info\/sexshop001\/wp-content\/uploads\/2022\/01\/VESTIDO-MUNECA-FRANCESA-MAID-BABY-NEGRO-BLANCO.jpg","type":"image\/jpeg"}],"twitter_card":"summary_large_image","schema":{"@context":"https:\/\/schema.org","@graph":[{"@type":"WebPage","@id":"https:\/\/demoweb.info\/sexshop001\/producto\/vestido-muneca-francesa-maid-baby-negro-blanco\/","url":"https:\/\/demoweb.info\/sexshop001\/producto\/vestido-muneca-francesa-maid-baby-negro-blanco\/","name":"VESTIDO MU\u00d1ECA FRANCESA MAID BABY - NEGRO, BLANCO - Tienda Er\u00f3tica","isPartOf":{"@id":"https:\/\/demoweb.info\/sexshop001\/#website"},"datePublished":"2022-01-22T09:56:18+00:00","dateModified":"2022-01-22T09:56:33+00:00","breadcrumb":{"@id":"https:\/\/demoweb.info\/sexshop001\/producto\/vestido-muneca-francesa-maid-baby-negro-blanco\/#breadcrumb"},"inLanguage":"es","potentialAction":[{"@type":"ReadAction","target":["https:\/\/demoweb.info\/sexshop001\/producto\/vestido-muneca-francesa-maid-baby-negro-blanco\/"]}]},{"@type":"BreadcrumbList","@id":"https:\/\/demoweb.info\/sexshop001\/producto\/vestido-muneca-francesa-maid-baby-negro-blanco\/#breadcrumb","itemListElement":[{"@type":"ListItem","position":1,"name":"Portada","item":"https:\/\/demoweb.info\/sexshop001\/"},{"@type":"ListItem","position":2,"name":"Tienda","item":"https:\/\/demoweb.info\/sexshop001\/tienda\/"},{"@type":"ListItem","position":3,"name":"VESTIDO MU\u00d1ECA FRANCESA MAID BABY &#8211; NEGRO, BLANCO"}]},{"@type":"WebSite","@id":"https:\/\/demoweb.info\/sexshop001\/#website","url":"https:\/\/demoweb.info\/sexshop001\/","name":"Tienda Er\u00f3tica","description":"DEMOWEB SL","potentialAction":[{"@type":"SearchAction","target":{"@type":"EntryPoint","urlTemplate":"https:\/\/demoweb.info\/sexshop001\/?s={search_term_string}"},"query-input":"required name=search_term_string"}],"inLanguage":"es"}]}},"_links":{"self":[{"href":"https:\/\/demoweb.info\/sexshop001\/wp-json\/wp\/v3\/product\/18823","targetHints":{"allow":["GET"]}}],"collection":[{"href":"https:\/\/demoweb.info\/sexshop001\/wp-json\/wp\/v3\/product"}],"about":[{"href":"https:\/\/demoweb.info\/sexshop001\/wp-json\/wp\/v2\/types\/product"}],"replies":[{"embeddable":true,"href":"https:\/\/demoweb.info\/sexshop001\/wp-json\/wp\/v2\/comments?post=18823"}],"wp:featuredmedia":[{"embeddable":true,"href":"https:\/\/demoweb.info\/sexshop001\/wp-json\/wp\/v2\/media\/18824"}],"wp:attachment":[{"href":"https:\/\/demoweb.info\/sexshop001\/wp-json\/wp\/v2\/media?parent=18823"}],"wp:term":[{"taxonomy":"product_cat","embeddable":true,"href":"https:\/\/demoweb.info\/sexshop001\/wp-json\/wp\/v2\/product_cat?post=18823"},{"taxonomy":"product_tag","embeddable":true,"href":"https:\/\/demoweb.info\/sexshop001\/wp-json\/wp\/v2\/product_tag?post=18823"}],"curies":[{"name":"wp","href":"https:\/\/api.w.org\/{rel}","templated":true}]}}