{"id":18740,"date":"2022-01-22T10:55:56","date_gmt":"2022-01-22T09:55:56","guid":{"rendered":"https:\/\/demoweb.info\/sexshop001\/producto\/zalo-king-vibrador-negro-obsidiano\/"},"modified":"2022-01-22T10:55:56","modified_gmt":"2022-01-22T09:55:56","slug":"zalo-king-vibrador-negro-obsidiano","status":"publish","type":"product","link":"https:\/\/demoweb.info\/sexshop001\/producto\/zalo-king-vibrador-negro-obsidiano\/","title":{"rendered":"ZALO KING VIBRADOR &#8211; NEGRO OBSIDIANO"},"content":{"rendered":"<p>KING VIBRATING THRUSTER &#8211; OBSIDIAN BLACK<\/p>\n<p>KING aplica la innovadora tecnolog\u00eda PowerThrust de ZALO, integra org\u00e1nicamente sistemas de motores de alto rendimiento y estructuras de accionamiento el\u00e9ctrico de precisi\u00f3n, rompe las limitaciones de los accionamientos electromagn\u00e9ticos tradicionales y eleva la potencia de empuje del motor a un nuevo nivel, con una frecuencia de hasta 40 veces por segundo, y trae una experiencia de orgasmo de empuje m\u00e1s potente.<\/p>\n<p>El dise\u00f1o del REY est\u00e1 inspirado en la m\u00e1scara dorada del antiguo rey egipcio, que simboliza la conquista, el poder y la magia irresistible.<\/p>\n<p>La l\u00ednea de todo el cuerpo es como el majestuoso Rey, parado all\u00ed con perseverancia.<\/p>\n<p>El dise\u00f1o de la decoraci\u00f3n dorada en la parte superior lleva la cultura de la corona del antiguo rey egipcio, utilizando elementos \u00fanicos de \u00e1guila y cobra para la decoraci\u00f3n.<\/p>\n<p>Combinamos estos dos elementos, las plumas del \u00e1guila y las escamas de la cobra, en la forma de un loto, que no solo tiene una apariencia hermosa sino que tambi\u00e9n tiene innumerables leyendas durante la larga historia del antiguo Egipto.<\/p>\n<ul>\n<li>Peso del producto: 550gram<\/li>\n<li>Longitud insertable. 14,0 cm<\/li>\n<li>Cantidad de motores :2<\/li>\n<li>Rotaciones: 7000 RPM<\/li>\n<li>Consejo acerca de la vibraci\u00f3n de rotaci\u00f3n: 2100 RPM<\/li>\n<li>Tipos de velocidad: 4<\/li>\n<li>Velocidad m\u00faltiple: S\u00ed<\/li>\n<li>Nivel de ruido :45 dB<\/li>\n<li>Recargable .S\u00ed<\/li>\n<li>Tiempo de recarga. 240 min<\/li>\n<li>Vida de la recarga de las bater\u00edas: 120 min<\/li>\n<li>A prueba de agua: S\u00ed<\/li>\n<li>A prueba de salpicaduras:S\u00ed<\/li>\n<li>Materiales:  Silicicona , revestimiento de ABS con incrustaciondes de swarovski<\/li>\n<\/ul>\n","protected":false},"excerpt":{"rendered":"<p>KING VIBRATING THRUSTER &#8211; OBSIDIAN BLACK KING aplica la innovadora tecnolog\u00eda PowerThrust de ZALO, integra org\u00e1nicamente sistemas de motores de<\/p>\n","protected":false},"featured_media":18741,"comment_status":"open","ping_status":"open","template":"","meta":[],"product_cat":[502],"product_tag":[503],"class_list":["post-18740","product","type-product","status-publish","has-post-thumbnail","hentry","product_cat-luxury","product_tag-zalo"],"bundled_by":[],"bundle_stock_status":"instock","bundle_stock_quantity":3,"bundle_virtual":false,"bundle_layout":"","bundle_add_to_cart_form_location":"","bundle_editable_in_cart":false,"bundle_sold_individually_context":"","bundle_item_grouping":"","bundle_min_size":"","bundle_max_size":"","bundled_items":[],"yoast_head":"<!-- This site is optimized with the Yoast SEO plugin v20.6 - https:\/\/yoast.com\/wordpress\/plugins\/seo\/ -->\n<title>ZALO KING VIBRADOR - NEGRO OBSIDIANO - Tienda Er\u00f3tica<\/title>\n<meta name=\"robots\" content=\"noindex, follow, max-snippet:-1, max-image-preview:large, max-video-preview:-1\" \/>\n<meta property=\"og:locale\" content=\"es_ES\" \/>\n<meta property=\"og:type\" content=\"article\" \/>\n<meta property=\"og:title\" content=\"ZALO KING VIBRADOR - NEGRO OBSIDIANO - Tienda Er\u00f3tica\" \/>\n<meta property=\"og:description\" content=\"KING VIBRATING THRUSTER &#8211; OBSIDIAN BLACK KING aplica la innovadora tecnolog\u00eda PowerThrust de ZALO, integra org\u00e1nicamente sistemas de motores de\" \/>\n<meta property=\"og:url\" content=\"https:\/\/demoweb.info\/sexshop001\/producto\/zalo-king-vibrador-negro-obsidiano\/\" \/>\n<meta property=\"og:site_name\" content=\"Tienda Er\u00f3tica\" \/>\n<meta property=\"og:image\" content=\"https:\/\/demoweb.info\/sexshop001\/wp-content\/uploads\/2022\/01\/ZALO-KING-VIBRADOR-NEGRO-OBSIDIANO.jpg\" \/>\n\t<meta property=\"og:image:width\" content=\"550\" \/>\n\t<meta property=\"og:image:height\" content=\"550\" \/>\n\t<meta property=\"og:image:type\" content=\"image\/jpeg\" \/>\n<meta name=\"twitter:card\" content=\"summary_large_image\" \/>\n<meta name=\"twitter:label1\" content=\"Tiempo de lectura\" \/>\n\t<meta name=\"twitter:data1\" content=\"1 minuto\" \/>\n<script type=\"application\/ld+json\" class=\"yoast-schema-graph\">{\"@context\":\"https:\/\/schema.org\",\"@graph\":[{\"@type\":\"WebPage\",\"@id\":\"https:\/\/demoweb.info\/sexshop001\/producto\/zalo-king-vibrador-negro-obsidiano\/\",\"url\":\"https:\/\/demoweb.info\/sexshop001\/producto\/zalo-king-vibrador-negro-obsidiano\/\",\"name\":\"ZALO KING VIBRADOR - NEGRO OBSIDIANO - Tienda Er\u00f3tica\",\"isPartOf\":{\"@id\":\"https:\/\/demoweb.info\/sexshop001\/#website\"},\"datePublished\":\"2022-01-22T09:55:56+00:00\",\"dateModified\":\"2022-01-22T09:55:56+00:00\",\"breadcrumb\":{\"@id\":\"https:\/\/demoweb.info\/sexshop001\/producto\/zalo-king-vibrador-negro-obsidiano\/#breadcrumb\"},\"inLanguage\":\"es\",\"potentialAction\":[{\"@type\":\"ReadAction\",\"target\":[\"https:\/\/demoweb.info\/sexshop001\/producto\/zalo-king-vibrador-negro-obsidiano\/\"]}]},{\"@type\":\"BreadcrumbList\",\"@id\":\"https:\/\/demoweb.info\/sexshop001\/producto\/zalo-king-vibrador-negro-obsidiano\/#breadcrumb\",\"itemListElement\":[{\"@type\":\"ListItem\",\"position\":1,\"name\":\"Portada\",\"item\":\"https:\/\/demoweb.info\/sexshop001\/\"},{\"@type\":\"ListItem\",\"position\":2,\"name\":\"Tienda\",\"item\":\"https:\/\/demoweb.info\/sexshop001\/tienda\/\"},{\"@type\":\"ListItem\",\"position\":3,\"name\":\"ZALO KING VIBRADOR &#8211; NEGRO OBSIDIANO\"}]},{\"@type\":\"WebSite\",\"@id\":\"https:\/\/demoweb.info\/sexshop001\/#website\",\"url\":\"https:\/\/demoweb.info\/sexshop001\/\",\"name\":\"Tienda Er\u00f3tica\",\"description\":\"DEMOWEB SL\",\"potentialAction\":[{\"@type\":\"SearchAction\",\"target\":{\"@type\":\"EntryPoint\",\"urlTemplate\":\"https:\/\/demoweb.info\/sexshop001\/?s={search_term_string}\"},\"query-input\":\"required name=search_term_string\"}],\"inLanguage\":\"es\"}]}<\/script>\n<!-- \/ Yoast SEO plugin. -->","yoast_head_json":{"title":"ZALO KING VIBRADOR - NEGRO OBSIDIANO - Tienda Er\u00f3tica","robots":{"index":"noindex","follow":"follow","max-snippet":"max-snippet:-1","max-image-preview":"max-image-preview:large","max-video-preview":"max-video-preview:-1"},"og_locale":"es_ES","og_type":"article","og_title":"ZALO KING VIBRADOR - NEGRO OBSIDIANO - Tienda Er\u00f3tica","og_description":"KING VIBRATING THRUSTER &#8211; OBSIDIAN BLACK KING aplica la innovadora tecnolog\u00eda PowerThrust de ZALO, integra org\u00e1nicamente sistemas de motores de","og_url":"https:\/\/demoweb.info\/sexshop001\/producto\/zalo-king-vibrador-negro-obsidiano\/","og_site_name":"Tienda Er\u00f3tica","og_image":[{"width":550,"height":550,"url":"https:\/\/demoweb.info\/sexshop001\/wp-content\/uploads\/2022\/01\/ZALO-KING-VIBRADOR-NEGRO-OBSIDIANO.jpg","type":"image\/jpeg"}],"twitter_card":"summary_large_image","twitter_misc":{"Tiempo de lectura":"1 minuto"},"schema":{"@context":"https:\/\/schema.org","@graph":[{"@type":"WebPage","@id":"https:\/\/demoweb.info\/sexshop001\/producto\/zalo-king-vibrador-negro-obsidiano\/","url":"https:\/\/demoweb.info\/sexshop001\/producto\/zalo-king-vibrador-negro-obsidiano\/","name":"ZALO KING VIBRADOR - NEGRO OBSIDIANO - Tienda Er\u00f3tica","isPartOf":{"@id":"https:\/\/demoweb.info\/sexshop001\/#website"},"datePublished":"2022-01-22T09:55:56+00:00","dateModified":"2022-01-22T09:55:56+00:00","breadcrumb":{"@id":"https:\/\/demoweb.info\/sexshop001\/producto\/zalo-king-vibrador-negro-obsidiano\/#breadcrumb"},"inLanguage":"es","potentialAction":[{"@type":"ReadAction","target":["https:\/\/demoweb.info\/sexshop001\/producto\/zalo-king-vibrador-negro-obsidiano\/"]}]},{"@type":"BreadcrumbList","@id":"https:\/\/demoweb.info\/sexshop001\/producto\/zalo-king-vibrador-negro-obsidiano\/#breadcrumb","itemListElement":[{"@type":"ListItem","position":1,"name":"Portada","item":"https:\/\/demoweb.info\/sexshop001\/"},{"@type":"ListItem","position":2,"name":"Tienda","item":"https:\/\/demoweb.info\/sexshop001\/tienda\/"},{"@type":"ListItem","position":3,"name":"ZALO KING VIBRADOR &#8211; NEGRO OBSIDIANO"}]},{"@type":"WebSite","@id":"https:\/\/demoweb.info\/sexshop001\/#website","url":"https:\/\/demoweb.info\/sexshop001\/","name":"Tienda Er\u00f3tica","description":"DEMOWEB SL","potentialAction":[{"@type":"SearchAction","target":{"@type":"EntryPoint","urlTemplate":"https:\/\/demoweb.info\/sexshop001\/?s={search_term_string}"},"query-input":"required name=search_term_string"}],"inLanguage":"es"}]}},"_links":{"self":[{"href":"https:\/\/demoweb.info\/sexshop001\/wp-json\/wp\/v3\/product\/18740","targetHints":{"allow":["GET"]}}],"collection":[{"href":"https:\/\/demoweb.info\/sexshop001\/wp-json\/wp\/v3\/product"}],"about":[{"href":"https:\/\/demoweb.info\/sexshop001\/wp-json\/wp\/v2\/types\/product"}],"replies":[{"embeddable":true,"href":"https:\/\/demoweb.info\/sexshop001\/wp-json\/wp\/v2\/comments?post=18740"}],"wp:featuredmedia":[{"embeddable":true,"href":"https:\/\/demoweb.info\/sexshop001\/wp-json\/wp\/v2\/media\/18741"}],"wp:attachment":[{"href":"https:\/\/demoweb.info\/sexshop001\/wp-json\/wp\/v2\/media?parent=18740"}],"wp:term":[{"taxonomy":"product_cat","embeddable":true,"href":"https:\/\/demoweb.info\/sexshop001\/wp-json\/wp\/v2\/product_cat?post=18740"},{"taxonomy":"product_tag","embeddable":true,"href":"https:\/\/demoweb.info\/sexshop001\/wp-json\/wp\/v2\/product_tag?post=18740"}],"curies":[{"name":"wp","href":"https:\/\/api.w.org\/{rel}","templated":true}]}}