{"id":18679,"date":"2022-01-22T10:54:56","date_gmt":"2022-01-22T09:54:56","guid":{"rendered":"https:\/\/demoweb.info\/sexshop001\/producto\/high-on-love-aceite-de-bano-de-lavanda-y-miel-de-abeja-100ml\/"},"modified":"2022-01-22T10:55:15","modified_gmt":"2022-01-22T09:55:15","slug":"high-on-love-aceite-de-bano-de-lavanda-y-miel-de-abeja-100ml","status":"publish","type":"product","link":"https:\/\/demoweb.info\/sexshop001\/producto\/high-on-love-aceite-de-bano-de-lavanda-y-miel-de-abeja-100ml\/","title":{"rendered":"HIGH ON LOVE &#8211; ACEITE DE BA\u00d1O DE LAVANDA Y MIEL DE ABEJA &#8211; 100ML"},"content":{"rendered":"<p><strong>HIGH ON LOVE &#8211; BATH OIL LAVANDER HONEYBEE &#8211; 100 ML<\/strong><\/p>\n<p>\u00a1Bienvenido a lo \u00faltimo en autocuidado! Una mezcla tentadora de todos los aceites naturales infundidos con aceite de semillas de c\u00e1\u00f1amo de primera calidad, el aceite de ba\u00f1o sensual HIGHONLOVE \u2122 libera un aroma calmante mientras se absorbe r\u00e1pidamente en la piel para nutrir y nutrir el cuerpo. \u00a1Date un capricho y d\u00e9jate hundir en esta mezcla tan lujosa que dejar\u00e1 tu mente y tu cuerpo completamente iluminados! Para ser disfrutado solo o compartido con un compa\u00f1ero. 100% natural. Hecho en peque\u00f1os lotes para garantizar la m\u00e1s alta calidad.<\/p>\n<p><strong>Modo de empleo:<\/strong><br \/>\nPrepara un ba\u00f1o para ti o para compartir con una pareja rom\u00e1ntica y sum\u00e9rjelo todo. Agrega una peque\u00f1a cantidad del aceite de ba\u00f1o HIGH ON LOVE. El aceite se dispersar\u00e1 en agua y crear\u00e1 un ba\u00f1o lechoso. No dejar\u00e1 una pel\u00edcula grasienta en la ba\u00f1era.<\/p>\n<p>Este producto no se recomienda para mujeres embarazadas o personas con ETS, espec\u00edficamente aquellas con herpes genital. s\u00ed se produce irritaci\u00f3n, interrumpa el uso. Este producto no est\u00e1 destinado a diagnosticar, tratar, curar o prevenir enfermedades.<\/p>\n","protected":false},"excerpt":{"rendered":"<p>HIGH ON LOVE &#8211; BATH OIL LAVANDER HONEYBEE &#8211; 100 ML \u00a1Bienvenido a lo \u00faltimo en autocuidado! Una mezcla tentadora<\/p>\n","protected":false},"featured_media":18680,"comment_status":"open","ping_status":"open","template":"","meta":[],"product_cat":[822],"product_tag":[938],"class_list":["post-18679","product","type-product","status-publish","has-post-thumbnail","hentry","product_cat-espumas-de-bano","product_tag-high-on-love"],"bundled_by":[],"bundle_stock_status":"instock","bundle_stock_quantity":1,"bundle_virtual":false,"bundle_layout":"","bundle_add_to_cart_form_location":"","bundle_editable_in_cart":false,"bundle_sold_individually_context":"","bundle_item_grouping":"","bundle_min_size":"","bundle_max_size":"","bundled_items":[],"yoast_head":"<!-- This site is optimized with the Yoast SEO plugin v20.6 - https:\/\/yoast.com\/wordpress\/plugins\/seo\/ -->\n<title>HIGH ON LOVE - ACEITE DE BA\u00d1O DE LAVANDA Y MIEL DE ABEJA - 100ML - Tienda Er\u00f3tica<\/title>\n<meta name=\"robots\" content=\"noindex, follow, max-snippet:-1, max-image-preview:large, max-video-preview:-1\" \/>\n<meta property=\"og:locale\" content=\"es_ES\" \/>\n<meta property=\"og:type\" content=\"article\" \/>\n<meta property=\"og:title\" content=\"HIGH ON LOVE - ACEITE DE BA\u00d1O DE LAVANDA Y MIEL DE ABEJA - 100ML - Tienda Er\u00f3tica\" \/>\n<meta property=\"og:description\" content=\"HIGH ON LOVE &#8211; BATH OIL LAVANDER HONEYBEE &#8211; 100 ML \u00a1Bienvenido a lo \u00faltimo en autocuidado! Una mezcla tentadora\" \/>\n<meta property=\"og:url\" content=\"https:\/\/demoweb.info\/sexshop001\/producto\/high-on-love-aceite-de-bano-de-lavanda-y-miel-de-abeja-100ml\/\" \/>\n<meta property=\"og:site_name\" content=\"Tienda Er\u00f3tica\" \/>\n<meta property=\"article:modified_time\" content=\"2022-01-22T09:55:15+00:00\" \/>\n<meta property=\"og:image\" content=\"https:\/\/demoweb.info\/sexshop001\/wp-content\/uploads\/2022\/01\/HIGH-ON-LOVE-ACEITE-DE-BANO-DE-LAVANDA-Y-MIEL-DE-ABEJA-100ML.jpg\" \/>\n\t<meta property=\"og:image:width\" content=\"550\" \/>\n\t<meta property=\"og:image:height\" content=\"550\" \/>\n\t<meta property=\"og:image:type\" content=\"image\/jpeg\" \/>\n<meta name=\"twitter:card\" content=\"summary_large_image\" \/>\n<meta name=\"twitter:label1\" content=\"Tiempo de lectura\" \/>\n\t<meta name=\"twitter:data1\" content=\"1 minuto\" \/>\n<script type=\"application\/ld+json\" class=\"yoast-schema-graph\">{\"@context\":\"https:\/\/schema.org\",\"@graph\":[{\"@type\":\"WebPage\",\"@id\":\"https:\/\/demoweb.info\/sexshop001\/producto\/high-on-love-aceite-de-bano-de-lavanda-y-miel-de-abeja-100ml\/\",\"url\":\"https:\/\/demoweb.info\/sexshop001\/producto\/high-on-love-aceite-de-bano-de-lavanda-y-miel-de-abeja-100ml\/\",\"name\":\"HIGH ON LOVE - ACEITE DE BA\u00d1O DE LAVANDA Y MIEL DE ABEJA - 100ML - Tienda Er\u00f3tica\",\"isPartOf\":{\"@id\":\"https:\/\/demoweb.info\/sexshop001\/#website\"},\"datePublished\":\"2022-01-22T09:54:56+00:00\",\"dateModified\":\"2022-01-22T09:55:15+00:00\",\"breadcrumb\":{\"@id\":\"https:\/\/demoweb.info\/sexshop001\/producto\/high-on-love-aceite-de-bano-de-lavanda-y-miel-de-abeja-100ml\/#breadcrumb\"},\"inLanguage\":\"es\",\"potentialAction\":[{\"@type\":\"ReadAction\",\"target\":[\"https:\/\/demoweb.info\/sexshop001\/producto\/high-on-love-aceite-de-bano-de-lavanda-y-miel-de-abeja-100ml\/\"]}]},{\"@type\":\"BreadcrumbList\",\"@id\":\"https:\/\/demoweb.info\/sexshop001\/producto\/high-on-love-aceite-de-bano-de-lavanda-y-miel-de-abeja-100ml\/#breadcrumb\",\"itemListElement\":[{\"@type\":\"ListItem\",\"position\":1,\"name\":\"Portada\",\"item\":\"https:\/\/demoweb.info\/sexshop001\/\"},{\"@type\":\"ListItem\",\"position\":2,\"name\":\"Tienda\",\"item\":\"https:\/\/demoweb.info\/sexshop001\/tienda\/\"},{\"@type\":\"ListItem\",\"position\":3,\"name\":\"HIGH ON LOVE &#8211; ACEITE DE BA\u00d1O DE LAVANDA Y MIEL DE ABEJA &#8211; 100ML\"}]},{\"@type\":\"WebSite\",\"@id\":\"https:\/\/demoweb.info\/sexshop001\/#website\",\"url\":\"https:\/\/demoweb.info\/sexshop001\/\",\"name\":\"Tienda Er\u00f3tica\",\"description\":\"DEMOWEB SL\",\"potentialAction\":[{\"@type\":\"SearchAction\",\"target\":{\"@type\":\"EntryPoint\",\"urlTemplate\":\"https:\/\/demoweb.info\/sexshop001\/?s={search_term_string}\"},\"query-input\":\"required name=search_term_string\"}],\"inLanguage\":\"es\"}]}<\/script>\n<!-- \/ Yoast SEO plugin. -->","yoast_head_json":{"title":"HIGH ON LOVE - ACEITE DE BA\u00d1O DE LAVANDA Y MIEL DE ABEJA - 100ML - Tienda Er\u00f3tica","robots":{"index":"noindex","follow":"follow","max-snippet":"max-snippet:-1","max-image-preview":"max-image-preview:large","max-video-preview":"max-video-preview:-1"},"og_locale":"es_ES","og_type":"article","og_title":"HIGH ON LOVE - ACEITE DE BA\u00d1O DE LAVANDA Y MIEL DE ABEJA - 100ML - Tienda Er\u00f3tica","og_description":"HIGH ON LOVE &#8211; BATH OIL LAVANDER HONEYBEE &#8211; 100 ML \u00a1Bienvenido a lo \u00faltimo en autocuidado! Una mezcla tentadora","og_url":"https:\/\/demoweb.info\/sexshop001\/producto\/high-on-love-aceite-de-bano-de-lavanda-y-miel-de-abeja-100ml\/","og_site_name":"Tienda Er\u00f3tica","article_modified_time":"2022-01-22T09:55:15+00:00","og_image":[{"width":550,"height":550,"url":"https:\/\/demoweb.info\/sexshop001\/wp-content\/uploads\/2022\/01\/HIGH-ON-LOVE-ACEITE-DE-BANO-DE-LAVANDA-Y-MIEL-DE-ABEJA-100ML.jpg","type":"image\/jpeg"}],"twitter_card":"summary_large_image","twitter_misc":{"Tiempo de lectura":"1 minuto"},"schema":{"@context":"https:\/\/schema.org","@graph":[{"@type":"WebPage","@id":"https:\/\/demoweb.info\/sexshop001\/producto\/high-on-love-aceite-de-bano-de-lavanda-y-miel-de-abeja-100ml\/","url":"https:\/\/demoweb.info\/sexshop001\/producto\/high-on-love-aceite-de-bano-de-lavanda-y-miel-de-abeja-100ml\/","name":"HIGH ON LOVE - ACEITE DE BA\u00d1O DE LAVANDA Y MIEL DE ABEJA - 100ML - Tienda Er\u00f3tica","isPartOf":{"@id":"https:\/\/demoweb.info\/sexshop001\/#website"},"datePublished":"2022-01-22T09:54:56+00:00","dateModified":"2022-01-22T09:55:15+00:00","breadcrumb":{"@id":"https:\/\/demoweb.info\/sexshop001\/producto\/high-on-love-aceite-de-bano-de-lavanda-y-miel-de-abeja-100ml\/#breadcrumb"},"inLanguage":"es","potentialAction":[{"@type":"ReadAction","target":["https:\/\/demoweb.info\/sexshop001\/producto\/high-on-love-aceite-de-bano-de-lavanda-y-miel-de-abeja-100ml\/"]}]},{"@type":"BreadcrumbList","@id":"https:\/\/demoweb.info\/sexshop001\/producto\/high-on-love-aceite-de-bano-de-lavanda-y-miel-de-abeja-100ml\/#breadcrumb","itemListElement":[{"@type":"ListItem","position":1,"name":"Portada","item":"https:\/\/demoweb.info\/sexshop001\/"},{"@type":"ListItem","position":2,"name":"Tienda","item":"https:\/\/demoweb.info\/sexshop001\/tienda\/"},{"@type":"ListItem","position":3,"name":"HIGH ON LOVE &#8211; ACEITE DE BA\u00d1O DE LAVANDA Y MIEL DE ABEJA &#8211; 100ML"}]},{"@type":"WebSite","@id":"https:\/\/demoweb.info\/sexshop001\/#website","url":"https:\/\/demoweb.info\/sexshop001\/","name":"Tienda Er\u00f3tica","description":"DEMOWEB SL","potentialAction":[{"@type":"SearchAction","target":{"@type":"EntryPoint","urlTemplate":"https:\/\/demoweb.info\/sexshop001\/?s={search_term_string}"},"query-input":"required name=search_term_string"}],"inLanguage":"es"}]}},"_links":{"self":[{"href":"https:\/\/demoweb.info\/sexshop001\/wp-json\/wp\/v3\/product\/18679","targetHints":{"allow":["GET"]}}],"collection":[{"href":"https:\/\/demoweb.info\/sexshop001\/wp-json\/wp\/v3\/product"}],"about":[{"href":"https:\/\/demoweb.info\/sexshop001\/wp-json\/wp\/v2\/types\/product"}],"replies":[{"embeddable":true,"href":"https:\/\/demoweb.info\/sexshop001\/wp-json\/wp\/v2\/comments?post=18679"}],"wp:featuredmedia":[{"embeddable":true,"href":"https:\/\/demoweb.info\/sexshop001\/wp-json\/wp\/v2\/media\/18680"}],"wp:attachment":[{"href":"https:\/\/demoweb.info\/sexshop001\/wp-json\/wp\/v2\/media?parent=18679"}],"wp:term":[{"taxonomy":"product_cat","embeddable":true,"href":"https:\/\/demoweb.info\/sexshop001\/wp-json\/wp\/v2\/product_cat?post=18679"},{"taxonomy":"product_tag","embeddable":true,"href":"https:\/\/demoweb.info\/sexshop001\/wp-json\/wp\/v2\/product_tag?post=18679"}],"curies":[{"name":"wp","href":"https:\/\/api.w.org\/{rel}","templated":true}]}}