{"id":18675,"date":"2022-01-22T10:54:56","date_gmt":"2022-01-22T09:54:56","guid":{"rendered":"https:\/\/demoweb.info\/sexshop001\/producto\/high-on-love-aceite-de-masaje-de-fresas-y-champagne-120-ml\/"},"modified":"2022-01-22T10:55:13","modified_gmt":"2022-01-22T09:55:13","slug":"high-on-love-aceite-de-masaje-de-fresas-y-champagne-120-ml","status":"publish","type":"product","link":"https:\/\/demoweb.info\/sexshop001\/producto\/high-on-love-aceite-de-masaje-de-fresas-y-champagne-120-ml\/","title":{"rendered":"HIGH ON LOVE &#8211; ACEITE DE MASAJE DE FRESAS Y CHAMPAGNE &#8211; 120 ML"},"content":{"rendered":"<p><strong>HIGH ON LOVE &#8211; MASSAGE OIL STRAWBERRIES &#038; CHAMPAGNE<\/strong><\/p>\n<p>Revolucionando el futuro de los juegos previos, esta deliciosa mezcla de aceites naturales seleccionados con aceite de semillas de c\u00e1\u00f1amo de primera calidad nutre la piel al tiempo que brinda armon\u00eda al cuerpo y al alma. Este atractivo aceite tiene la capacidad de aliviar la tensi\u00f3n, aumentar el flujo de energ\u00eda y estimular la circulaci\u00f3n, dejando su piel suave y aterciopelada. El aceite de masaje sensual HighOnLove \u2122 se desliza celestialmente al tacto y aporta un significado completamente nuevo al romance. 100% natural. Hecho en peque\u00f1os lotes para garantizar la m\u00e1s alta calidad.<\/p>\n<p><strong>Modo de empleo:<\/strong><br \/>\nVierte una peque\u00f1a cantidad en la palma de tu mano y fr\u00f3talas para llevar el aceite a la temperatura corporal antes de aplicarlo. Si lo desea, puede calentar el aceite en agua caliente para una sensaci\u00f3n m\u00e1s c\u00e1lida al tacto. Este aceite es comestible.<\/p>\n<p>Este producto no se recomienda para mujeres embarazadas o personas con ETS, espec\u00edficamente aquellas con herpes genital. s\u00ed se produce irritaci\u00f3n, interrumpa el uso. Este producto no est\u00e1 destinado a diagnosticar, tratar, curar o prevenir enfermedades.<\/p>\n","protected":false},"excerpt":{"rendered":"<p>HIGH ON LOVE &#8211; MASSAGE OIL STRAWBERRIES &#038; CHAMPAGNE Revolucionando el futuro de los juegos previos, esta deliciosa mezcla de<\/p>\n","protected":false},"featured_media":18676,"comment_status":"open","ping_status":"open","template":"","meta":[],"product_cat":[517],"product_tag":[938],"class_list":["post-18675","product","type-product","status-publish","has-post-thumbnail","hentry","product_cat-de-masaje","product_tag-high-on-love"],"bundled_by":[],"bundle_stock_status":"instock","bundle_stock_quantity":1,"bundle_virtual":false,"bundle_layout":"","bundle_add_to_cart_form_location":"","bundle_editable_in_cart":false,"bundle_sold_individually_context":"","bundle_item_grouping":"","bundle_min_size":"","bundle_max_size":"","bundled_items":[],"yoast_head":"<!-- This site is optimized with the Yoast SEO plugin v20.6 - https:\/\/yoast.com\/wordpress\/plugins\/seo\/ -->\n<title>HIGH ON LOVE - ACEITE DE MASAJE DE FRESAS Y CHAMPAGNE - 120 ML - Tienda Er\u00f3tica<\/title>\n<meta name=\"robots\" content=\"noindex, follow, max-snippet:-1, max-image-preview:large, max-video-preview:-1\" \/>\n<meta property=\"og:locale\" content=\"es_ES\" \/>\n<meta property=\"og:type\" content=\"article\" \/>\n<meta property=\"og:title\" content=\"HIGH ON LOVE - ACEITE DE MASAJE DE FRESAS Y CHAMPAGNE - 120 ML - Tienda Er\u00f3tica\" \/>\n<meta property=\"og:description\" content=\"HIGH ON LOVE &#8211; MASSAGE OIL STRAWBERRIES &#038; CHAMPAGNE Revolucionando el futuro de los juegos previos, esta deliciosa mezcla de\" \/>\n<meta property=\"og:url\" content=\"https:\/\/demoweb.info\/sexshop001\/producto\/high-on-love-aceite-de-masaje-de-fresas-y-champagne-120-ml\/\" \/>\n<meta property=\"og:site_name\" content=\"Tienda Er\u00f3tica\" \/>\n<meta property=\"article:modified_time\" content=\"2022-01-22T09:55:13+00:00\" \/>\n<meta property=\"og:image\" content=\"https:\/\/demoweb.info\/sexshop001\/wp-content\/uploads\/2022\/01\/HIGH-ON-LOVE-ACEITE-DE-MASAJE-DE-FRESAS-Y-CHAMPAGNE-120-ML.jpg\" \/>\n\t<meta property=\"og:image:width\" content=\"550\" \/>\n\t<meta property=\"og:image:height\" content=\"550\" \/>\n\t<meta property=\"og:image:type\" content=\"image\/jpeg\" \/>\n<meta name=\"twitter:card\" content=\"summary_large_image\" \/>\n<meta name=\"twitter:label1\" content=\"Tiempo de lectura\" \/>\n\t<meta name=\"twitter:data1\" content=\"1 minuto\" \/>\n<script type=\"application\/ld+json\" class=\"yoast-schema-graph\">{\"@context\":\"https:\/\/schema.org\",\"@graph\":[{\"@type\":\"WebPage\",\"@id\":\"https:\/\/demoweb.info\/sexshop001\/producto\/high-on-love-aceite-de-masaje-de-fresas-y-champagne-120-ml\/\",\"url\":\"https:\/\/demoweb.info\/sexshop001\/producto\/high-on-love-aceite-de-masaje-de-fresas-y-champagne-120-ml\/\",\"name\":\"HIGH ON LOVE - ACEITE DE MASAJE DE FRESAS Y CHAMPAGNE - 120 ML - Tienda Er\u00f3tica\",\"isPartOf\":{\"@id\":\"https:\/\/demoweb.info\/sexshop001\/#website\"},\"datePublished\":\"2022-01-22T09:54:56+00:00\",\"dateModified\":\"2022-01-22T09:55:13+00:00\",\"breadcrumb\":{\"@id\":\"https:\/\/demoweb.info\/sexshop001\/producto\/high-on-love-aceite-de-masaje-de-fresas-y-champagne-120-ml\/#breadcrumb\"},\"inLanguage\":\"es\",\"potentialAction\":[{\"@type\":\"ReadAction\",\"target\":[\"https:\/\/demoweb.info\/sexshop001\/producto\/high-on-love-aceite-de-masaje-de-fresas-y-champagne-120-ml\/\"]}]},{\"@type\":\"BreadcrumbList\",\"@id\":\"https:\/\/demoweb.info\/sexshop001\/producto\/high-on-love-aceite-de-masaje-de-fresas-y-champagne-120-ml\/#breadcrumb\",\"itemListElement\":[{\"@type\":\"ListItem\",\"position\":1,\"name\":\"Portada\",\"item\":\"https:\/\/demoweb.info\/sexshop001\/\"},{\"@type\":\"ListItem\",\"position\":2,\"name\":\"Tienda\",\"item\":\"https:\/\/demoweb.info\/sexshop001\/tienda\/\"},{\"@type\":\"ListItem\",\"position\":3,\"name\":\"HIGH ON LOVE &#8211; ACEITE DE MASAJE DE FRESAS Y CHAMPAGNE &#8211; 120 ML\"}]},{\"@type\":\"WebSite\",\"@id\":\"https:\/\/demoweb.info\/sexshop001\/#website\",\"url\":\"https:\/\/demoweb.info\/sexshop001\/\",\"name\":\"Tienda Er\u00f3tica\",\"description\":\"DEMOWEB SL\",\"potentialAction\":[{\"@type\":\"SearchAction\",\"target\":{\"@type\":\"EntryPoint\",\"urlTemplate\":\"https:\/\/demoweb.info\/sexshop001\/?s={search_term_string}\"},\"query-input\":\"required name=search_term_string\"}],\"inLanguage\":\"es\"}]}<\/script>\n<!-- \/ Yoast SEO plugin. -->","yoast_head_json":{"title":"HIGH ON LOVE - ACEITE DE MASAJE DE FRESAS Y CHAMPAGNE - 120 ML - Tienda Er\u00f3tica","robots":{"index":"noindex","follow":"follow","max-snippet":"max-snippet:-1","max-image-preview":"max-image-preview:large","max-video-preview":"max-video-preview:-1"},"og_locale":"es_ES","og_type":"article","og_title":"HIGH ON LOVE - ACEITE DE MASAJE DE FRESAS Y CHAMPAGNE - 120 ML - Tienda Er\u00f3tica","og_description":"HIGH ON LOVE &#8211; MASSAGE OIL STRAWBERRIES &#038; CHAMPAGNE Revolucionando el futuro de los juegos previos, esta deliciosa mezcla de","og_url":"https:\/\/demoweb.info\/sexshop001\/producto\/high-on-love-aceite-de-masaje-de-fresas-y-champagne-120-ml\/","og_site_name":"Tienda Er\u00f3tica","article_modified_time":"2022-01-22T09:55:13+00:00","og_image":[{"width":550,"height":550,"url":"https:\/\/demoweb.info\/sexshop001\/wp-content\/uploads\/2022\/01\/HIGH-ON-LOVE-ACEITE-DE-MASAJE-DE-FRESAS-Y-CHAMPAGNE-120-ML.jpg","type":"image\/jpeg"}],"twitter_card":"summary_large_image","twitter_misc":{"Tiempo de lectura":"1 minuto"},"schema":{"@context":"https:\/\/schema.org","@graph":[{"@type":"WebPage","@id":"https:\/\/demoweb.info\/sexshop001\/producto\/high-on-love-aceite-de-masaje-de-fresas-y-champagne-120-ml\/","url":"https:\/\/demoweb.info\/sexshop001\/producto\/high-on-love-aceite-de-masaje-de-fresas-y-champagne-120-ml\/","name":"HIGH ON LOVE - ACEITE DE MASAJE DE FRESAS Y CHAMPAGNE - 120 ML - Tienda Er\u00f3tica","isPartOf":{"@id":"https:\/\/demoweb.info\/sexshop001\/#website"},"datePublished":"2022-01-22T09:54:56+00:00","dateModified":"2022-01-22T09:55:13+00:00","breadcrumb":{"@id":"https:\/\/demoweb.info\/sexshop001\/producto\/high-on-love-aceite-de-masaje-de-fresas-y-champagne-120-ml\/#breadcrumb"},"inLanguage":"es","potentialAction":[{"@type":"ReadAction","target":["https:\/\/demoweb.info\/sexshop001\/producto\/high-on-love-aceite-de-masaje-de-fresas-y-champagne-120-ml\/"]}]},{"@type":"BreadcrumbList","@id":"https:\/\/demoweb.info\/sexshop001\/producto\/high-on-love-aceite-de-masaje-de-fresas-y-champagne-120-ml\/#breadcrumb","itemListElement":[{"@type":"ListItem","position":1,"name":"Portada","item":"https:\/\/demoweb.info\/sexshop001\/"},{"@type":"ListItem","position":2,"name":"Tienda","item":"https:\/\/demoweb.info\/sexshop001\/tienda\/"},{"@type":"ListItem","position":3,"name":"HIGH ON LOVE &#8211; ACEITE DE MASAJE DE FRESAS Y CHAMPAGNE &#8211; 120 ML"}]},{"@type":"WebSite","@id":"https:\/\/demoweb.info\/sexshop001\/#website","url":"https:\/\/demoweb.info\/sexshop001\/","name":"Tienda Er\u00f3tica","description":"DEMOWEB SL","potentialAction":[{"@type":"SearchAction","target":{"@type":"EntryPoint","urlTemplate":"https:\/\/demoweb.info\/sexshop001\/?s={search_term_string}"},"query-input":"required name=search_term_string"}],"inLanguage":"es"}]}},"_links":{"self":[{"href":"https:\/\/demoweb.info\/sexshop001\/wp-json\/wp\/v3\/product\/18675","targetHints":{"allow":["GET"]}}],"collection":[{"href":"https:\/\/demoweb.info\/sexshop001\/wp-json\/wp\/v3\/product"}],"about":[{"href":"https:\/\/demoweb.info\/sexshop001\/wp-json\/wp\/v2\/types\/product"}],"replies":[{"embeddable":true,"href":"https:\/\/demoweb.info\/sexshop001\/wp-json\/wp\/v2\/comments?post=18675"}],"wp:featuredmedia":[{"embeddable":true,"href":"https:\/\/demoweb.info\/sexshop001\/wp-json\/wp\/v2\/media\/18676"}],"wp:attachment":[{"href":"https:\/\/demoweb.info\/sexshop001\/wp-json\/wp\/v2\/media?parent=18675"}],"wp:term":[{"taxonomy":"product_cat","embeddable":true,"href":"https:\/\/demoweb.info\/sexshop001\/wp-json\/wp\/v2\/product_cat?post=18675"},{"taxonomy":"product_tag","embeddable":true,"href":"https:\/\/demoweb.info\/sexshop001\/wp-json\/wp\/v2\/product_tag?post=18675"}],"curies":[{"name":"wp","href":"https:\/\/api.w.org\/{rel}","templated":true}]}}