{"id":18670,"date":"2022-01-22T10:54:56","date_gmt":"2022-01-22T09:54:56","guid":{"rendered":"https:\/\/demoweb.info\/sexshop001\/producto\/high-on-love-pintura-corporal-de-chocolate-100-ml\/"},"modified":"2022-01-22T10:55:11","modified_gmt":"2022-01-22T09:55:11","slug":"high-on-love-pintura-corporal-de-chocolate-100-ml","status":"publish","type":"product","link":"https:\/\/demoweb.info\/sexshop001\/producto\/high-on-love-pintura-corporal-de-chocolate-100-ml\/","title":{"rendered":"HIGH ON LOVE &#8211; PINTURA CORPORAL DE CHOCOLATE &#8211; 100 ML"},"content":{"rendered":"<p><strong>HIGH ON LOVE &#8211; DARK CHOCOLATE BODY PAINT &#8211; 100 ML<\/strong><\/p>\n<p>El arte de jugar y hacer el amor adquiere un nuevo significado con HighOnLove \u2122 Chocolate Body Paint.<\/p>\n<p>Dise\u00f1ado como un afrodis\u00edaco en s\u00ed mismo, este delicioso y rico chocolate negro est\u00e1 hecho con aceite de semilla de c\u00e1\u00f1amo de primera calidad, lo que brinda a las parejas un sabor satisfactorio para m\u00e1s. Los efectos de la pintura corporal de chocolate HighOnLove \u2122 llevan la intimidad a un nivel completamente diferente al liberar sensaciones euf\u00f3ricas y puro deleite.<\/p>\n<p>\u00a1Inspirado por los distinguidos chocolateros de Bruselas! Hecho con ingredientes 100% naturales. Hecho en peque\u00f1os lotes para garantizar la m\u00e1s alta calidad.<\/p>\n<p>Aplicar en \u00e1reas del cuerpo, incluidas las zonas er\u00f3genas. Sumerge el pincel en una textura cremosa y batida y s\u00e9 creativo con tu pareja.<\/p>\n","protected":false},"excerpt":{"rendered":"<p>HIGH ON LOVE &#8211; DARK CHOCOLATE BODY PAINT &#8211; 100 ML El arte de jugar y hacer el amor adquiere<\/p>\n","protected":false},"featured_media":18671,"comment_status":"open","ping_status":"open","template":"","meta":[],"product_cat":[877],"product_tag":[938],"class_list":["post-18670","product","type-product","status-publish","has-post-thumbnail","hentry","product_cat-pintura-corporal","product_tag-high-on-love"],"bundled_by":[],"bundle_stock_status":"instock","bundle_stock_quantity":1,"bundle_virtual":false,"bundle_layout":"","bundle_add_to_cart_form_location":"","bundle_editable_in_cart":false,"bundle_sold_individually_context":"","bundle_item_grouping":"","bundle_min_size":"","bundle_max_size":"","bundled_items":[],"yoast_head":"<!-- This site is optimized with the Yoast SEO plugin v20.6 - https:\/\/yoast.com\/wordpress\/plugins\/seo\/ -->\n<title>HIGH ON LOVE - PINTURA CORPORAL DE CHOCOLATE - 100 ML - Tienda Er\u00f3tica<\/title>\n<meta name=\"robots\" content=\"noindex, follow, max-snippet:-1, max-image-preview:large, max-video-preview:-1\" \/>\n<meta property=\"og:locale\" content=\"es_ES\" \/>\n<meta property=\"og:type\" content=\"article\" \/>\n<meta property=\"og:title\" content=\"HIGH ON LOVE - PINTURA CORPORAL DE CHOCOLATE - 100 ML - Tienda Er\u00f3tica\" \/>\n<meta property=\"og:description\" content=\"HIGH ON LOVE &#8211; DARK CHOCOLATE BODY PAINT &#8211; 100 ML El arte de jugar y hacer el amor adquiere\" \/>\n<meta property=\"og:url\" content=\"https:\/\/demoweb.info\/sexshop001\/producto\/high-on-love-pintura-corporal-de-chocolate-100-ml\/\" \/>\n<meta property=\"og:site_name\" content=\"Tienda Er\u00f3tica\" \/>\n<meta property=\"article:modified_time\" content=\"2022-01-22T09:55:11+00:00\" \/>\n<meta property=\"og:image\" content=\"https:\/\/demoweb.info\/sexshop001\/wp-content\/uploads\/2022\/01\/HIGH-ON-LOVE-PINTURA-CORPORAL-DE-CHOCOLATE-100-ML.jpg\" \/>\n\t<meta property=\"og:image:width\" content=\"550\" \/>\n\t<meta property=\"og:image:height\" content=\"550\" \/>\n\t<meta property=\"og:image:type\" content=\"image\/jpeg\" \/>\n<meta name=\"twitter:card\" content=\"summary_large_image\" \/>\n<meta name=\"twitter:label1\" content=\"Tiempo de lectura\" \/>\n\t<meta name=\"twitter:data1\" content=\"1 minuto\" \/>\n<script type=\"application\/ld+json\" class=\"yoast-schema-graph\">{\"@context\":\"https:\/\/schema.org\",\"@graph\":[{\"@type\":\"WebPage\",\"@id\":\"https:\/\/demoweb.info\/sexshop001\/producto\/high-on-love-pintura-corporal-de-chocolate-100-ml\/\",\"url\":\"https:\/\/demoweb.info\/sexshop001\/producto\/high-on-love-pintura-corporal-de-chocolate-100-ml\/\",\"name\":\"HIGH ON LOVE - PINTURA CORPORAL DE CHOCOLATE - 100 ML - Tienda Er\u00f3tica\",\"isPartOf\":{\"@id\":\"https:\/\/demoweb.info\/sexshop001\/#website\"},\"datePublished\":\"2022-01-22T09:54:56+00:00\",\"dateModified\":\"2022-01-22T09:55:11+00:00\",\"breadcrumb\":{\"@id\":\"https:\/\/demoweb.info\/sexshop001\/producto\/high-on-love-pintura-corporal-de-chocolate-100-ml\/#breadcrumb\"},\"inLanguage\":\"es\",\"potentialAction\":[{\"@type\":\"ReadAction\",\"target\":[\"https:\/\/demoweb.info\/sexshop001\/producto\/high-on-love-pintura-corporal-de-chocolate-100-ml\/\"]}]},{\"@type\":\"BreadcrumbList\",\"@id\":\"https:\/\/demoweb.info\/sexshop001\/producto\/high-on-love-pintura-corporal-de-chocolate-100-ml\/#breadcrumb\",\"itemListElement\":[{\"@type\":\"ListItem\",\"position\":1,\"name\":\"Portada\",\"item\":\"https:\/\/demoweb.info\/sexshop001\/\"},{\"@type\":\"ListItem\",\"position\":2,\"name\":\"Tienda\",\"item\":\"https:\/\/demoweb.info\/sexshop001\/tienda\/\"},{\"@type\":\"ListItem\",\"position\":3,\"name\":\"HIGH ON LOVE &#8211; PINTURA CORPORAL DE CHOCOLATE &#8211; 100 ML\"}]},{\"@type\":\"WebSite\",\"@id\":\"https:\/\/demoweb.info\/sexshop001\/#website\",\"url\":\"https:\/\/demoweb.info\/sexshop001\/\",\"name\":\"Tienda Er\u00f3tica\",\"description\":\"DEMOWEB SL\",\"potentialAction\":[{\"@type\":\"SearchAction\",\"target\":{\"@type\":\"EntryPoint\",\"urlTemplate\":\"https:\/\/demoweb.info\/sexshop001\/?s={search_term_string}\"},\"query-input\":\"required name=search_term_string\"}],\"inLanguage\":\"es\"}]}<\/script>\n<!-- \/ Yoast SEO plugin. -->","yoast_head_json":{"title":"HIGH ON LOVE - PINTURA CORPORAL DE CHOCOLATE - 100 ML - Tienda Er\u00f3tica","robots":{"index":"noindex","follow":"follow","max-snippet":"max-snippet:-1","max-image-preview":"max-image-preview:large","max-video-preview":"max-video-preview:-1"},"og_locale":"es_ES","og_type":"article","og_title":"HIGH ON LOVE - PINTURA CORPORAL DE CHOCOLATE - 100 ML - Tienda Er\u00f3tica","og_description":"HIGH ON LOVE &#8211; DARK CHOCOLATE BODY PAINT &#8211; 100 ML El arte de jugar y hacer el amor adquiere","og_url":"https:\/\/demoweb.info\/sexshop001\/producto\/high-on-love-pintura-corporal-de-chocolate-100-ml\/","og_site_name":"Tienda Er\u00f3tica","article_modified_time":"2022-01-22T09:55:11+00:00","og_image":[{"width":550,"height":550,"url":"https:\/\/demoweb.info\/sexshop001\/wp-content\/uploads\/2022\/01\/HIGH-ON-LOVE-PINTURA-CORPORAL-DE-CHOCOLATE-100-ML.jpg","type":"image\/jpeg"}],"twitter_card":"summary_large_image","twitter_misc":{"Tiempo de lectura":"1 minuto"},"schema":{"@context":"https:\/\/schema.org","@graph":[{"@type":"WebPage","@id":"https:\/\/demoweb.info\/sexshop001\/producto\/high-on-love-pintura-corporal-de-chocolate-100-ml\/","url":"https:\/\/demoweb.info\/sexshop001\/producto\/high-on-love-pintura-corporal-de-chocolate-100-ml\/","name":"HIGH ON LOVE - PINTURA CORPORAL DE CHOCOLATE - 100 ML - Tienda Er\u00f3tica","isPartOf":{"@id":"https:\/\/demoweb.info\/sexshop001\/#website"},"datePublished":"2022-01-22T09:54:56+00:00","dateModified":"2022-01-22T09:55:11+00:00","breadcrumb":{"@id":"https:\/\/demoweb.info\/sexshop001\/producto\/high-on-love-pintura-corporal-de-chocolate-100-ml\/#breadcrumb"},"inLanguage":"es","potentialAction":[{"@type":"ReadAction","target":["https:\/\/demoweb.info\/sexshop001\/producto\/high-on-love-pintura-corporal-de-chocolate-100-ml\/"]}]},{"@type":"BreadcrumbList","@id":"https:\/\/demoweb.info\/sexshop001\/producto\/high-on-love-pintura-corporal-de-chocolate-100-ml\/#breadcrumb","itemListElement":[{"@type":"ListItem","position":1,"name":"Portada","item":"https:\/\/demoweb.info\/sexshop001\/"},{"@type":"ListItem","position":2,"name":"Tienda","item":"https:\/\/demoweb.info\/sexshop001\/tienda\/"},{"@type":"ListItem","position":3,"name":"HIGH ON LOVE &#8211; PINTURA CORPORAL DE CHOCOLATE &#8211; 100 ML"}]},{"@type":"WebSite","@id":"https:\/\/demoweb.info\/sexshop001\/#website","url":"https:\/\/demoweb.info\/sexshop001\/","name":"Tienda Er\u00f3tica","description":"DEMOWEB SL","potentialAction":[{"@type":"SearchAction","target":{"@type":"EntryPoint","urlTemplate":"https:\/\/demoweb.info\/sexshop001\/?s={search_term_string}"},"query-input":"required name=search_term_string"}],"inLanguage":"es"}]}},"_links":{"self":[{"href":"https:\/\/demoweb.info\/sexshop001\/wp-json\/wp\/v3\/product\/18670","targetHints":{"allow":["GET"]}}],"collection":[{"href":"https:\/\/demoweb.info\/sexshop001\/wp-json\/wp\/v3\/product"}],"about":[{"href":"https:\/\/demoweb.info\/sexshop001\/wp-json\/wp\/v2\/types\/product"}],"replies":[{"embeddable":true,"href":"https:\/\/demoweb.info\/sexshop001\/wp-json\/wp\/v2\/comments?post=18670"}],"wp:featuredmedia":[{"embeddable":true,"href":"https:\/\/demoweb.info\/sexshop001\/wp-json\/wp\/v2\/media\/18671"}],"wp:attachment":[{"href":"https:\/\/demoweb.info\/sexshop001\/wp-json\/wp\/v2\/media?parent=18670"}],"wp:term":[{"taxonomy":"product_cat","embeddable":true,"href":"https:\/\/demoweb.info\/sexshop001\/wp-json\/wp\/v2\/product_cat?post=18670"},{"taxonomy":"product_tag","embeddable":true,"href":"https:\/\/demoweb.info\/sexshop001\/wp-json\/wp\/v2\/product_tag?post=18670"}],"curies":[{"name":"wp","href":"https:\/\/api.w.org\/{rel}","templated":true}]}}