{"id":18666,"date":"2022-01-22T10:54:56","date_gmt":"2022-01-22T09:54:56","guid":{"rendered":"https:\/\/demoweb.info\/sexshop001\/producto\/high-on-love-gel-estimulador-del-orgasmo-30-ml\/"},"modified":"2022-01-22T10:55:09","modified_gmt":"2022-01-22T09:55:09","slug":"high-on-love-gel-estimulador-del-orgasmo-30-ml","status":"publish","type":"product","link":"https:\/\/demoweb.info\/sexshop001\/producto\/high-on-love-gel-estimulador-del-orgasmo-30-ml\/","title":{"rendered":"HIGH ON LOVE &#8211; GEL ESTIMULADOR DEL ORGASMO &#8211; 30 ML"},"content":{"rendered":"<p><strong>STIMULATING ORGASM GEL &#8211; 30 ML<\/strong><\/p>\n<p>Incre\u00edblemente suave y lujoso. HighOnLove \u2122 O Gel es una fusi\u00f3n de todos los ingredientes naturales con aceite de semilla de c\u00e1\u00f1amo de primera calidad hecho para dar un nuevo significado al amor. Esta combinaci\u00f3n armoniosa y a base de agua alegrar\u00e1 cada movimiento de deslizamiento, haci\u00e9ndolo m\u00e1s placentero al tacto y, en \u00faltima instancia, \u00a1te dar\u00e1 la experiencia clim\u00e1tica que estabas esperando! 100% natural. Hecho en peque\u00f1os lotes para garantizar la m\u00e1s alta calidad.<\/p>\n<p><strong>Modo de empleo:<\/strong><br \/>\nRoc\u00ede 1-2 bombas en el dedo y masajee directamente sobre el cl\u00edtoris. Despu\u00e9s de 5 minutos, agregue m\u00e1s si lo desea. En cuesti\u00f3n de segundos, la mayor\u00eda de las mujeres sienten una sensaci\u00f3n de zumbido o vibraci\u00f3n c\u00e1lida y placentera (en diferentes momentos del mes, las mujeres sienten diferentes cantidades de sensaci\u00f3n debido a su fluctuaci\u00f3n en las hormonas).<\/p>\n<p>Advertencia:<br \/>\nEste producto no se recomienda para mujeres embarazadas o personas con ETS, espec\u00edficamente aquellas con herpes genital. s\u00ed se produce irritaci\u00f3n, interrumpa el uso. Este producto no est\u00e1 destinado a diagnosticar, tratar, curar o prevenir enfermedades.<\/p>\n","protected":false},"excerpt":{"rendered":"<p>STIMULATING ORGASM GEL &#8211; 30 ML Incre\u00edblemente suave y lujoso. HighOnLove \u2122 O Gel es una fusi\u00f3n de todos los<\/p>\n","protected":false},"featured_media":18667,"comment_status":"open","ping_status":"open","template":"","meta":[],"product_cat":[528],"product_tag":[938],"class_list":["post-18666","product","type-product","status-publish","has-post-thumbnail","hentry","product_cat-geles-estimulantes-salud-sexual","product_tag-high-on-love"],"bundled_by":[],"bundle_stock_status":"instock","bundle_stock_quantity":2,"bundle_virtual":false,"bundle_layout":"","bundle_add_to_cart_form_location":"","bundle_editable_in_cart":false,"bundle_sold_individually_context":"","bundle_item_grouping":"","bundle_min_size":"","bundle_max_size":"","bundled_items":[],"yoast_head":"<!-- This site is optimized with the Yoast SEO plugin v20.6 - https:\/\/yoast.com\/wordpress\/plugins\/seo\/ -->\n<title>HIGH ON LOVE - GEL ESTIMULADOR DEL ORGASMO - 30 ML - Tienda Er\u00f3tica<\/title>\n<meta name=\"robots\" content=\"noindex, follow, max-snippet:-1, max-image-preview:large, max-video-preview:-1\" \/>\n<meta property=\"og:locale\" content=\"es_ES\" \/>\n<meta property=\"og:type\" content=\"article\" \/>\n<meta property=\"og:title\" content=\"HIGH ON LOVE - GEL ESTIMULADOR DEL ORGASMO - 30 ML - Tienda Er\u00f3tica\" \/>\n<meta property=\"og:description\" content=\"STIMULATING ORGASM GEL &#8211; 30 ML Incre\u00edblemente suave y lujoso. HighOnLove \u2122 O Gel es una fusi\u00f3n de todos los\" \/>\n<meta property=\"og:url\" content=\"https:\/\/demoweb.info\/sexshop001\/producto\/high-on-love-gel-estimulador-del-orgasmo-30-ml\/\" \/>\n<meta property=\"og:site_name\" content=\"Tienda Er\u00f3tica\" \/>\n<meta property=\"article:modified_time\" content=\"2022-01-22T09:55:09+00:00\" \/>\n<meta property=\"og:image\" content=\"https:\/\/demoweb.info\/sexshop001\/wp-content\/uploads\/2022\/01\/HIGH-ON-LOVE-GEL-ESTIMULADOR-DEL-ORGASMO-30-ML.jpg\" \/>\n\t<meta property=\"og:image:width\" content=\"550\" \/>\n\t<meta property=\"og:image:height\" content=\"550\" \/>\n\t<meta property=\"og:image:type\" content=\"image\/jpeg\" \/>\n<meta name=\"twitter:card\" content=\"summary_large_image\" \/>\n<meta name=\"twitter:label1\" content=\"Tiempo de lectura\" \/>\n\t<meta name=\"twitter:data1\" content=\"1 minuto\" \/>\n<script type=\"application\/ld+json\" class=\"yoast-schema-graph\">{\"@context\":\"https:\/\/schema.org\",\"@graph\":[{\"@type\":\"WebPage\",\"@id\":\"https:\/\/demoweb.info\/sexshop001\/producto\/high-on-love-gel-estimulador-del-orgasmo-30-ml\/\",\"url\":\"https:\/\/demoweb.info\/sexshop001\/producto\/high-on-love-gel-estimulador-del-orgasmo-30-ml\/\",\"name\":\"HIGH ON LOVE - GEL ESTIMULADOR DEL ORGASMO - 30 ML - Tienda Er\u00f3tica\",\"isPartOf\":{\"@id\":\"https:\/\/demoweb.info\/sexshop001\/#website\"},\"datePublished\":\"2022-01-22T09:54:56+00:00\",\"dateModified\":\"2022-01-22T09:55:09+00:00\",\"breadcrumb\":{\"@id\":\"https:\/\/demoweb.info\/sexshop001\/producto\/high-on-love-gel-estimulador-del-orgasmo-30-ml\/#breadcrumb\"},\"inLanguage\":\"es\",\"potentialAction\":[{\"@type\":\"ReadAction\",\"target\":[\"https:\/\/demoweb.info\/sexshop001\/producto\/high-on-love-gel-estimulador-del-orgasmo-30-ml\/\"]}]},{\"@type\":\"BreadcrumbList\",\"@id\":\"https:\/\/demoweb.info\/sexshop001\/producto\/high-on-love-gel-estimulador-del-orgasmo-30-ml\/#breadcrumb\",\"itemListElement\":[{\"@type\":\"ListItem\",\"position\":1,\"name\":\"Portada\",\"item\":\"https:\/\/demoweb.info\/sexshop001\/\"},{\"@type\":\"ListItem\",\"position\":2,\"name\":\"Tienda\",\"item\":\"https:\/\/demoweb.info\/sexshop001\/tienda\/\"},{\"@type\":\"ListItem\",\"position\":3,\"name\":\"HIGH ON LOVE &#8211; GEL ESTIMULADOR DEL ORGASMO &#8211; 30 ML\"}]},{\"@type\":\"WebSite\",\"@id\":\"https:\/\/demoweb.info\/sexshop001\/#website\",\"url\":\"https:\/\/demoweb.info\/sexshop001\/\",\"name\":\"Tienda Er\u00f3tica\",\"description\":\"DEMOWEB SL\",\"potentialAction\":[{\"@type\":\"SearchAction\",\"target\":{\"@type\":\"EntryPoint\",\"urlTemplate\":\"https:\/\/demoweb.info\/sexshop001\/?s={search_term_string}\"},\"query-input\":\"required name=search_term_string\"}],\"inLanguage\":\"es\"}]}<\/script>\n<!-- \/ Yoast SEO plugin. -->","yoast_head_json":{"title":"HIGH ON LOVE - GEL ESTIMULADOR DEL ORGASMO - 30 ML - Tienda Er\u00f3tica","robots":{"index":"noindex","follow":"follow","max-snippet":"max-snippet:-1","max-image-preview":"max-image-preview:large","max-video-preview":"max-video-preview:-1"},"og_locale":"es_ES","og_type":"article","og_title":"HIGH ON LOVE - GEL ESTIMULADOR DEL ORGASMO - 30 ML - Tienda Er\u00f3tica","og_description":"STIMULATING ORGASM GEL &#8211; 30 ML Incre\u00edblemente suave y lujoso. HighOnLove \u2122 O Gel es una fusi\u00f3n de todos los","og_url":"https:\/\/demoweb.info\/sexshop001\/producto\/high-on-love-gel-estimulador-del-orgasmo-30-ml\/","og_site_name":"Tienda Er\u00f3tica","article_modified_time":"2022-01-22T09:55:09+00:00","og_image":[{"width":550,"height":550,"url":"https:\/\/demoweb.info\/sexshop001\/wp-content\/uploads\/2022\/01\/HIGH-ON-LOVE-GEL-ESTIMULADOR-DEL-ORGASMO-30-ML.jpg","type":"image\/jpeg"}],"twitter_card":"summary_large_image","twitter_misc":{"Tiempo de lectura":"1 minuto"},"schema":{"@context":"https:\/\/schema.org","@graph":[{"@type":"WebPage","@id":"https:\/\/demoweb.info\/sexshop001\/producto\/high-on-love-gel-estimulador-del-orgasmo-30-ml\/","url":"https:\/\/demoweb.info\/sexshop001\/producto\/high-on-love-gel-estimulador-del-orgasmo-30-ml\/","name":"HIGH ON LOVE - GEL ESTIMULADOR DEL ORGASMO - 30 ML - Tienda Er\u00f3tica","isPartOf":{"@id":"https:\/\/demoweb.info\/sexshop001\/#website"},"datePublished":"2022-01-22T09:54:56+00:00","dateModified":"2022-01-22T09:55:09+00:00","breadcrumb":{"@id":"https:\/\/demoweb.info\/sexshop001\/producto\/high-on-love-gel-estimulador-del-orgasmo-30-ml\/#breadcrumb"},"inLanguage":"es","potentialAction":[{"@type":"ReadAction","target":["https:\/\/demoweb.info\/sexshop001\/producto\/high-on-love-gel-estimulador-del-orgasmo-30-ml\/"]}]},{"@type":"BreadcrumbList","@id":"https:\/\/demoweb.info\/sexshop001\/producto\/high-on-love-gel-estimulador-del-orgasmo-30-ml\/#breadcrumb","itemListElement":[{"@type":"ListItem","position":1,"name":"Portada","item":"https:\/\/demoweb.info\/sexshop001\/"},{"@type":"ListItem","position":2,"name":"Tienda","item":"https:\/\/demoweb.info\/sexshop001\/tienda\/"},{"@type":"ListItem","position":3,"name":"HIGH ON LOVE &#8211; GEL ESTIMULADOR DEL ORGASMO &#8211; 30 ML"}]},{"@type":"WebSite","@id":"https:\/\/demoweb.info\/sexshop001\/#website","url":"https:\/\/demoweb.info\/sexshop001\/","name":"Tienda Er\u00f3tica","description":"DEMOWEB SL","potentialAction":[{"@type":"SearchAction","target":{"@type":"EntryPoint","urlTemplate":"https:\/\/demoweb.info\/sexshop001\/?s={search_term_string}"},"query-input":"required name=search_term_string"}],"inLanguage":"es"}]}},"_links":{"self":[{"href":"https:\/\/demoweb.info\/sexshop001\/wp-json\/wp\/v3\/product\/18666","targetHints":{"allow":["GET"]}}],"collection":[{"href":"https:\/\/demoweb.info\/sexshop001\/wp-json\/wp\/v3\/product"}],"about":[{"href":"https:\/\/demoweb.info\/sexshop001\/wp-json\/wp\/v2\/types\/product"}],"replies":[{"embeddable":true,"href":"https:\/\/demoweb.info\/sexshop001\/wp-json\/wp\/v2\/comments?post=18666"}],"wp:featuredmedia":[{"embeddable":true,"href":"https:\/\/demoweb.info\/sexshop001\/wp-json\/wp\/v2\/media\/18667"}],"wp:attachment":[{"href":"https:\/\/demoweb.info\/sexshop001\/wp-json\/wp\/v2\/media?parent=18666"}],"wp:term":[{"taxonomy":"product_cat","embeddable":true,"href":"https:\/\/demoweb.info\/sexshop001\/wp-json\/wp\/v2\/product_cat?post=18666"},{"taxonomy":"product_tag","embeddable":true,"href":"https:\/\/demoweb.info\/sexshop001\/wp-json\/wp\/v2\/product_tag?post=18666"}],"curies":[{"name":"wp","href":"https:\/\/api.w.org\/{rel}","templated":true}]}}