{"id":18639,"date":"2022-01-22T10:54:56","date_gmt":"2022-01-22T09:54:56","guid":{"rendered":"https:\/\/demoweb.info\/sexshop001\/producto\/fetish-fantasy-series-columpio-sexual-de-yoga\/"},"modified":"2022-01-22T10:54:57","modified_gmt":"2022-01-22T09:54:57","slug":"fetish-fantasy-series-columpio-sexual-de-yoga","status":"publish","type":"product","link":"https:\/\/demoweb.info\/sexshop001\/producto\/fetish-fantasy-series-columpio-sexual-de-yoga\/","title":{"rendered":"FETISH FANTASY SERIES COLUMPIO SEXUAL DE YOGA"},"content":{"rendered":"<p><strong>FETISH FANTASY SERIES YOGA SEX SWING<\/strong>.<\/p>\n<p>Desl\u00edzate hacia las posturas sexuales m\u00e1s dif\u00edciles que nunca hayas imaginado, con la ayuda del columpio <strong> Yoga Sex Swing<\/strong> podr\u00e1s empezar a experimentar de posturas sexuales en gravedad 0 que no cre\u00edas posibles. La versatilidad del columpio te permite moverte en un rango amplio de posturas de yoga tanto en horizontal como el vertical, fortaleciendo y estirando virtualmente cada musculo del cuerpo en cada sesi\u00f3n de asombroso sexo.<\/p>\n<p>mejora la flexibilidad e incrementa la fortaleza de los grupos musculares m\u00e1s importantes del cuerpo y te mantiene en forma para disfrutar de tus encuentros sexuales. Cualquier pareja ordinaria puede utilizar este columpio como ayuda para poder realizar posturas m\u00e1s complicadas, pero tambi\u00e9n m\u00e1s estimulantes. podr\u00e1s disfrutar de posturas ilimitadas y explorar tus fantas\u00edas m\u00e1s profundas!<\/p>\n<p>Prueba nuevas posturas que normalmente requieren mayor esfuerzo y entrenamiento, con mucha facilidad! tu amante y tu alucinareis lo f\u00e1cil que es encontrar el \u00e1ngulo id\u00f3neo con el fin de conseguir penetraciones m\u00e1s profundas con el m\u00ednimo esfuerzo. El sexo en estas posturas nunca hab\u00eda sido tan bueno y tan sencillo! Columpiate hacia la acci\u00f3n y deja que tu imaginaci\u00f3n salvaje te lleve lejos!<\/p>\n<p>Es muy f\u00e1cil de montar y se instala en cuesti\u00f3n de minutos en el techo, con s\u00f3lo unas pocas herramientas comunes. La tela de nylon (suave felpa) se siente muy bien sobre tu piel y el acolchado de espuma se encarga de proporcionar un mayor confort y mayor apoyo, mientras que la estructura de hierro de alta resistencia mantiene todo junto.<\/p>\n","protected":false},"excerpt":{"rendered":"<p>FETISH FANTASY SERIES YOGA SEX SWING. Desl\u00edzate hacia las posturas sexuales m\u00e1s dif\u00edciles que nunca hayas imaginado, con la ayuda<\/p>\n","protected":false},"featured_media":18640,"comment_status":"open","ping_status":"open","template":"","meta":[],"product_cat":[627],"product_tag":[260,259],"class_list":["post-18639","product","type-product","status-publish","has-post-thumbnail","hentry","product_cat-columpios","product_tag-fetish-fantasy-series","product_tag-pipedream"],"bundled_by":[],"bundle_stock_status":"instock","bundle_stock_quantity":1,"bundle_virtual":false,"bundle_layout":"","bundle_add_to_cart_form_location":"","bundle_editable_in_cart":false,"bundle_sold_individually_context":"","bundle_item_grouping":"","bundle_min_size":"","bundle_max_size":"","bundled_items":[],"yoast_head":"<!-- This site is optimized with the Yoast SEO plugin v20.6 - https:\/\/yoast.com\/wordpress\/plugins\/seo\/ -->\n<title>FETISH FANTASY SERIES COLUMPIO SEXUAL DE YOGA - Tienda Er\u00f3tica<\/title>\n<meta name=\"robots\" content=\"noindex, follow, max-snippet:-1, max-image-preview:large, max-video-preview:-1\" \/>\n<meta property=\"og:locale\" content=\"es_ES\" \/>\n<meta property=\"og:type\" content=\"article\" \/>\n<meta property=\"og:title\" content=\"FETISH FANTASY SERIES COLUMPIO SEXUAL DE YOGA - Tienda Er\u00f3tica\" \/>\n<meta property=\"og:description\" content=\"FETISH FANTASY SERIES YOGA SEX SWING. Desl\u00edzate hacia las posturas sexuales m\u00e1s dif\u00edciles que nunca hayas imaginado, con la ayuda\" \/>\n<meta property=\"og:url\" content=\"https:\/\/demoweb.info\/sexshop001\/producto\/fetish-fantasy-series-columpio-sexual-de-yoga\/\" \/>\n<meta property=\"og:site_name\" content=\"Tienda Er\u00f3tica\" \/>\n<meta property=\"article:modified_time\" content=\"2022-01-22T09:54:57+00:00\" \/>\n<meta property=\"og:image\" content=\"https:\/\/demoweb.info\/sexshop001\/wp-content\/uploads\/2022\/01\/FETISH-FANTASY-SERIES-COLUMPIO-SEXUAL-DE-YOGA.jpg\" \/>\n\t<meta property=\"og:image:width\" content=\"550\" \/>\n\t<meta property=\"og:image:height\" content=\"550\" \/>\n\t<meta property=\"og:image:type\" content=\"image\/jpeg\" \/>\n<meta name=\"twitter:card\" content=\"summary_large_image\" \/>\n<meta name=\"twitter:label1\" content=\"Tiempo de lectura\" \/>\n\t<meta name=\"twitter:data1\" content=\"1 minuto\" \/>\n<script type=\"application\/ld+json\" class=\"yoast-schema-graph\">{\"@context\":\"https:\/\/schema.org\",\"@graph\":[{\"@type\":\"WebPage\",\"@id\":\"https:\/\/demoweb.info\/sexshop001\/producto\/fetish-fantasy-series-columpio-sexual-de-yoga\/\",\"url\":\"https:\/\/demoweb.info\/sexshop001\/producto\/fetish-fantasy-series-columpio-sexual-de-yoga\/\",\"name\":\"FETISH FANTASY SERIES COLUMPIO SEXUAL DE YOGA - Tienda Er\u00f3tica\",\"isPartOf\":{\"@id\":\"https:\/\/demoweb.info\/sexshop001\/#website\"},\"datePublished\":\"2022-01-22T09:54:56+00:00\",\"dateModified\":\"2022-01-22T09:54:57+00:00\",\"breadcrumb\":{\"@id\":\"https:\/\/demoweb.info\/sexshop001\/producto\/fetish-fantasy-series-columpio-sexual-de-yoga\/#breadcrumb\"},\"inLanguage\":\"es\",\"potentialAction\":[{\"@type\":\"ReadAction\",\"target\":[\"https:\/\/demoweb.info\/sexshop001\/producto\/fetish-fantasy-series-columpio-sexual-de-yoga\/\"]}]},{\"@type\":\"BreadcrumbList\",\"@id\":\"https:\/\/demoweb.info\/sexshop001\/producto\/fetish-fantasy-series-columpio-sexual-de-yoga\/#breadcrumb\",\"itemListElement\":[{\"@type\":\"ListItem\",\"position\":1,\"name\":\"Portada\",\"item\":\"https:\/\/demoweb.info\/sexshop001\/\"},{\"@type\":\"ListItem\",\"position\":2,\"name\":\"Tienda\",\"item\":\"https:\/\/demoweb.info\/sexshop001\/tienda\/\"},{\"@type\":\"ListItem\",\"position\":3,\"name\":\"FETISH FANTASY SERIES COLUMPIO SEXUAL DE YOGA\"}]},{\"@type\":\"WebSite\",\"@id\":\"https:\/\/demoweb.info\/sexshop001\/#website\",\"url\":\"https:\/\/demoweb.info\/sexshop001\/\",\"name\":\"Tienda Er\u00f3tica\",\"description\":\"DEMOWEB SL\",\"potentialAction\":[{\"@type\":\"SearchAction\",\"target\":{\"@type\":\"EntryPoint\",\"urlTemplate\":\"https:\/\/demoweb.info\/sexshop001\/?s={search_term_string}\"},\"query-input\":\"required name=search_term_string\"}],\"inLanguage\":\"es\"}]}<\/script>\n<!-- \/ Yoast SEO plugin. -->","yoast_head_json":{"title":"FETISH FANTASY SERIES COLUMPIO SEXUAL DE YOGA - Tienda Er\u00f3tica","robots":{"index":"noindex","follow":"follow","max-snippet":"max-snippet:-1","max-image-preview":"max-image-preview:large","max-video-preview":"max-video-preview:-1"},"og_locale":"es_ES","og_type":"article","og_title":"FETISH FANTASY SERIES COLUMPIO SEXUAL DE YOGA - Tienda Er\u00f3tica","og_description":"FETISH FANTASY SERIES YOGA SEX SWING. Desl\u00edzate hacia las posturas sexuales m\u00e1s dif\u00edciles que nunca hayas imaginado, con la ayuda","og_url":"https:\/\/demoweb.info\/sexshop001\/producto\/fetish-fantasy-series-columpio-sexual-de-yoga\/","og_site_name":"Tienda Er\u00f3tica","article_modified_time":"2022-01-22T09:54:57+00:00","og_image":[{"width":550,"height":550,"url":"https:\/\/demoweb.info\/sexshop001\/wp-content\/uploads\/2022\/01\/FETISH-FANTASY-SERIES-COLUMPIO-SEXUAL-DE-YOGA.jpg","type":"image\/jpeg"}],"twitter_card":"summary_large_image","twitter_misc":{"Tiempo de lectura":"1 minuto"},"schema":{"@context":"https:\/\/schema.org","@graph":[{"@type":"WebPage","@id":"https:\/\/demoweb.info\/sexshop001\/producto\/fetish-fantasy-series-columpio-sexual-de-yoga\/","url":"https:\/\/demoweb.info\/sexshop001\/producto\/fetish-fantasy-series-columpio-sexual-de-yoga\/","name":"FETISH FANTASY SERIES COLUMPIO SEXUAL DE YOGA - Tienda Er\u00f3tica","isPartOf":{"@id":"https:\/\/demoweb.info\/sexshop001\/#website"},"datePublished":"2022-01-22T09:54:56+00:00","dateModified":"2022-01-22T09:54:57+00:00","breadcrumb":{"@id":"https:\/\/demoweb.info\/sexshop001\/producto\/fetish-fantasy-series-columpio-sexual-de-yoga\/#breadcrumb"},"inLanguage":"es","potentialAction":[{"@type":"ReadAction","target":["https:\/\/demoweb.info\/sexshop001\/producto\/fetish-fantasy-series-columpio-sexual-de-yoga\/"]}]},{"@type":"BreadcrumbList","@id":"https:\/\/demoweb.info\/sexshop001\/producto\/fetish-fantasy-series-columpio-sexual-de-yoga\/#breadcrumb","itemListElement":[{"@type":"ListItem","position":1,"name":"Portada","item":"https:\/\/demoweb.info\/sexshop001\/"},{"@type":"ListItem","position":2,"name":"Tienda","item":"https:\/\/demoweb.info\/sexshop001\/tienda\/"},{"@type":"ListItem","position":3,"name":"FETISH FANTASY SERIES COLUMPIO SEXUAL DE YOGA"}]},{"@type":"WebSite","@id":"https:\/\/demoweb.info\/sexshop001\/#website","url":"https:\/\/demoweb.info\/sexshop001\/","name":"Tienda Er\u00f3tica","description":"DEMOWEB SL","potentialAction":[{"@type":"SearchAction","target":{"@type":"EntryPoint","urlTemplate":"https:\/\/demoweb.info\/sexshop001\/?s={search_term_string}"},"query-input":"required name=search_term_string"}],"inLanguage":"es"}]}},"_links":{"self":[{"href":"https:\/\/demoweb.info\/sexshop001\/wp-json\/wp\/v3\/product\/18639","targetHints":{"allow":["GET"]}}],"collection":[{"href":"https:\/\/demoweb.info\/sexshop001\/wp-json\/wp\/v3\/product"}],"about":[{"href":"https:\/\/demoweb.info\/sexshop001\/wp-json\/wp\/v2\/types\/product"}],"replies":[{"embeddable":true,"href":"https:\/\/demoweb.info\/sexshop001\/wp-json\/wp\/v2\/comments?post=18639"}],"wp:featuredmedia":[{"embeddable":true,"href":"https:\/\/demoweb.info\/sexshop001\/wp-json\/wp\/v2\/media\/18640"}],"wp:attachment":[{"href":"https:\/\/demoweb.info\/sexshop001\/wp-json\/wp\/v2\/media?parent=18639"}],"wp:term":[{"taxonomy":"product_cat","embeddable":true,"href":"https:\/\/demoweb.info\/sexshop001\/wp-json\/wp\/v2\/product_cat?post=18639"},{"taxonomy":"product_tag","embeddable":true,"href":"https:\/\/demoweb.info\/sexshop001\/wp-json\/wp\/v2\/product_tag?post=18639"}],"curies":[{"name":"wp","href":"https:\/\/api.w.org\/{rel}","templated":true}]}}