{"id":18637,"date":"2022-01-22T10:54:56","date_gmt":"2022-01-22T09:54:56","guid":{"rendered":"https:\/\/demoweb.info\/sexshop001\/producto\/ro-80-mm-bala-vibradora-precious-golden-passion-7-velocidades\/"},"modified":"2022-01-22T10:54:56","modified_gmt":"2022-01-22T09:54:56","slug":"ro-80-mm-bala-vibradora-precious-golden-passion-7-velocidades","status":"publish","type":"product","link":"https:\/\/demoweb.info\/sexshop001\/producto\/ro-80-mm-bala-vibradora-precious-golden-passion-7-velocidades\/","title":{"rendered":"RO-80 MM BALA VIBRADORA PRECIOUS GOLDEN PASSION 7 VELOCIDADES"},"content":{"rendered":"<p><strong>RO-80 MM PRECIOUS GOLDEN PASSION 7 SPEED<\/strong>, munici\u00f3n para los amantes&#8230;<\/p>\n<p>Esta nueva edici\u00f3n limitada de balas del placer te miman y te dan placer con 7 pecaminosos patrones de vibraci\u00f3n de \u00e9xtasis puro! El original <strong>RO-80mm<\/strong>, el best seller mundial de <strong>Rocks Off<\/strong> viene cargado de vibraciones intensas y apasionadamente poderosas, una bala placer discreta que te har\u00e1 temblar las rodillas y pedir por m\u00e1s. El dise\u00f1o 100% resistente al agua te permitir\u00e1 utilizar tu bata incluso en ambientes h\u00famedos. \u00bfPor qu\u00e9 no llevar siempre contigo esta bala en tu bolso? Ella estar\u00e1 siempre lista para la acci\u00f3n y nunca te dejar\u00e1 insatisfecha. Es f\u00e1cil ver por qu\u00e9 este galardonado estimulador de Rocks es sin duda el mejor amigo de una chica. Disponible en 7 colores que te enviar\u00e1n al s\u00e9ptimo cielo! Pru\u00e9balos, \u00e1malos, colecci\u00f3nalos&#8230; si te atreves!. Funciona con 1 pila <strong>1,5 V LR1\/N<\/strong>, que lleva incluida.<\/p>\n<p>Medidas: 7,5 cm. x 1,5 cm.<\/p>\n","protected":false},"excerpt":{"rendered":"<p>RO-80 MM PRECIOUS GOLDEN PASSION 7 SPEED, munici\u00f3n para los amantes&#8230; Esta nueva edici\u00f3n limitada de balas del placer te<\/p>\n","protected":false},"featured_media":18638,"comment_status":"open","ping_status":"open","template":"","meta":[],"product_cat":[313],"product_tag":[936,413],"class_list":["post-18637","product","type-product","status-publish","has-post-thumbnail","hentry","product_cat-balas-y-huevos","product_tag-ro-80","product_tag-rocks-off"],"bundled_by":[],"bundle_stock_status":"outofstock","bundle_stock_quantity":0,"bundle_virtual":false,"bundle_layout":"","bundle_add_to_cart_form_location":"","bundle_editable_in_cart":false,"bundle_sold_individually_context":"","bundle_item_grouping":"","bundle_min_size":"","bundle_max_size":"","bundled_items":[],"yoast_head":"<!-- This site is optimized with the Yoast SEO plugin v20.6 - https:\/\/yoast.com\/wordpress\/plugins\/seo\/ -->\n<title>RO-80 MM BALA VIBRADORA PRECIOUS GOLDEN PASSION 7 VELOCIDADES - Tienda Er\u00f3tica<\/title>\n<meta name=\"robots\" content=\"noindex, follow, max-snippet:-1, max-image-preview:large, max-video-preview:-1\" \/>\n<meta property=\"og:locale\" content=\"es_ES\" \/>\n<meta property=\"og:type\" content=\"article\" \/>\n<meta property=\"og:title\" content=\"RO-80 MM BALA VIBRADORA PRECIOUS GOLDEN PASSION 7 VELOCIDADES - Tienda Er\u00f3tica\" \/>\n<meta property=\"og:description\" content=\"RO-80 MM PRECIOUS GOLDEN PASSION 7 SPEED, munici\u00f3n para los amantes&#8230; Esta nueva edici\u00f3n limitada de balas del placer te\" \/>\n<meta property=\"og:url\" content=\"https:\/\/demoweb.info\/sexshop001\/producto\/ro-80-mm-bala-vibradora-precious-golden-passion-7-velocidades\/\" \/>\n<meta property=\"og:site_name\" content=\"Tienda Er\u00f3tica\" \/>\n<meta property=\"og:image\" content=\"https:\/\/demoweb.info\/sexshop001\/wp-content\/uploads\/2022\/01\/RO-80-MM-BALA-VIBRADORA-PRECIOUS-GOLDEN-PASSION-7-VELOCIDADES.jpg\" \/>\n\t<meta property=\"og:image:width\" content=\"550\" \/>\n\t<meta property=\"og:image:height\" content=\"550\" \/>\n\t<meta property=\"og:image:type\" content=\"image\/jpeg\" \/>\n<meta name=\"twitter:card\" content=\"summary_large_image\" \/>\n<meta name=\"twitter:label1\" content=\"Tiempo de lectura\" \/>\n\t<meta name=\"twitter:data1\" content=\"1 minuto\" \/>\n<script type=\"application\/ld+json\" class=\"yoast-schema-graph\">{\"@context\":\"https:\/\/schema.org\",\"@graph\":[{\"@type\":\"WebPage\",\"@id\":\"https:\/\/demoweb.info\/sexshop001\/producto\/ro-80-mm-bala-vibradora-precious-golden-passion-7-velocidades\/\",\"url\":\"https:\/\/demoweb.info\/sexshop001\/producto\/ro-80-mm-bala-vibradora-precious-golden-passion-7-velocidades\/\",\"name\":\"RO-80 MM BALA VIBRADORA PRECIOUS GOLDEN PASSION 7 VELOCIDADES - Tienda Er\u00f3tica\",\"isPartOf\":{\"@id\":\"https:\/\/demoweb.info\/sexshop001\/#website\"},\"datePublished\":\"2022-01-22T09:54:56+00:00\",\"dateModified\":\"2022-01-22T09:54:56+00:00\",\"breadcrumb\":{\"@id\":\"https:\/\/demoweb.info\/sexshop001\/producto\/ro-80-mm-bala-vibradora-precious-golden-passion-7-velocidades\/#breadcrumb\"},\"inLanguage\":\"es\",\"potentialAction\":[{\"@type\":\"ReadAction\",\"target\":[\"https:\/\/demoweb.info\/sexshop001\/producto\/ro-80-mm-bala-vibradora-precious-golden-passion-7-velocidades\/\"]}]},{\"@type\":\"BreadcrumbList\",\"@id\":\"https:\/\/demoweb.info\/sexshop001\/producto\/ro-80-mm-bala-vibradora-precious-golden-passion-7-velocidades\/#breadcrumb\",\"itemListElement\":[{\"@type\":\"ListItem\",\"position\":1,\"name\":\"Portada\",\"item\":\"https:\/\/demoweb.info\/sexshop001\/\"},{\"@type\":\"ListItem\",\"position\":2,\"name\":\"Tienda\",\"item\":\"https:\/\/demoweb.info\/sexshop001\/tienda\/\"},{\"@type\":\"ListItem\",\"position\":3,\"name\":\"RO-80 MM BALA VIBRADORA PRECIOUS GOLDEN PASSION 7 VELOCIDADES\"}]},{\"@type\":\"WebSite\",\"@id\":\"https:\/\/demoweb.info\/sexshop001\/#website\",\"url\":\"https:\/\/demoweb.info\/sexshop001\/\",\"name\":\"Tienda Er\u00f3tica\",\"description\":\"DEMOWEB SL\",\"potentialAction\":[{\"@type\":\"SearchAction\",\"target\":{\"@type\":\"EntryPoint\",\"urlTemplate\":\"https:\/\/demoweb.info\/sexshop001\/?s={search_term_string}\"},\"query-input\":\"required name=search_term_string\"}],\"inLanguage\":\"es\"}]}<\/script>\n<!-- \/ Yoast SEO plugin. -->","yoast_head_json":{"title":"RO-80 MM BALA VIBRADORA PRECIOUS GOLDEN PASSION 7 VELOCIDADES - Tienda Er\u00f3tica","robots":{"index":"noindex","follow":"follow","max-snippet":"max-snippet:-1","max-image-preview":"max-image-preview:large","max-video-preview":"max-video-preview:-1"},"og_locale":"es_ES","og_type":"article","og_title":"RO-80 MM BALA VIBRADORA PRECIOUS GOLDEN PASSION 7 VELOCIDADES - Tienda Er\u00f3tica","og_description":"RO-80 MM PRECIOUS GOLDEN PASSION 7 SPEED, munici\u00f3n para los amantes&#8230; Esta nueva edici\u00f3n limitada de balas del placer te","og_url":"https:\/\/demoweb.info\/sexshop001\/producto\/ro-80-mm-bala-vibradora-precious-golden-passion-7-velocidades\/","og_site_name":"Tienda Er\u00f3tica","og_image":[{"width":550,"height":550,"url":"https:\/\/demoweb.info\/sexshop001\/wp-content\/uploads\/2022\/01\/RO-80-MM-BALA-VIBRADORA-PRECIOUS-GOLDEN-PASSION-7-VELOCIDADES.jpg","type":"image\/jpeg"}],"twitter_card":"summary_large_image","twitter_misc":{"Tiempo de lectura":"1 minuto"},"schema":{"@context":"https:\/\/schema.org","@graph":[{"@type":"WebPage","@id":"https:\/\/demoweb.info\/sexshop001\/producto\/ro-80-mm-bala-vibradora-precious-golden-passion-7-velocidades\/","url":"https:\/\/demoweb.info\/sexshop001\/producto\/ro-80-mm-bala-vibradora-precious-golden-passion-7-velocidades\/","name":"RO-80 MM BALA VIBRADORA PRECIOUS GOLDEN PASSION 7 VELOCIDADES - Tienda Er\u00f3tica","isPartOf":{"@id":"https:\/\/demoweb.info\/sexshop001\/#website"},"datePublished":"2022-01-22T09:54:56+00:00","dateModified":"2022-01-22T09:54:56+00:00","breadcrumb":{"@id":"https:\/\/demoweb.info\/sexshop001\/producto\/ro-80-mm-bala-vibradora-precious-golden-passion-7-velocidades\/#breadcrumb"},"inLanguage":"es","potentialAction":[{"@type":"ReadAction","target":["https:\/\/demoweb.info\/sexshop001\/producto\/ro-80-mm-bala-vibradora-precious-golden-passion-7-velocidades\/"]}]},{"@type":"BreadcrumbList","@id":"https:\/\/demoweb.info\/sexshop001\/producto\/ro-80-mm-bala-vibradora-precious-golden-passion-7-velocidades\/#breadcrumb","itemListElement":[{"@type":"ListItem","position":1,"name":"Portada","item":"https:\/\/demoweb.info\/sexshop001\/"},{"@type":"ListItem","position":2,"name":"Tienda","item":"https:\/\/demoweb.info\/sexshop001\/tienda\/"},{"@type":"ListItem","position":3,"name":"RO-80 MM BALA VIBRADORA PRECIOUS GOLDEN PASSION 7 VELOCIDADES"}]},{"@type":"WebSite","@id":"https:\/\/demoweb.info\/sexshop001\/#website","url":"https:\/\/demoweb.info\/sexshop001\/","name":"Tienda Er\u00f3tica","description":"DEMOWEB SL","potentialAction":[{"@type":"SearchAction","target":{"@type":"EntryPoint","urlTemplate":"https:\/\/demoweb.info\/sexshop001\/?s={search_term_string}"},"query-input":"required name=search_term_string"}],"inLanguage":"es"}]}},"_links":{"self":[{"href":"https:\/\/demoweb.info\/sexshop001\/wp-json\/wp\/v3\/product\/18637","targetHints":{"allow":["GET"]}}],"collection":[{"href":"https:\/\/demoweb.info\/sexshop001\/wp-json\/wp\/v3\/product"}],"about":[{"href":"https:\/\/demoweb.info\/sexshop001\/wp-json\/wp\/v2\/types\/product"}],"replies":[{"embeddable":true,"href":"https:\/\/demoweb.info\/sexshop001\/wp-json\/wp\/v2\/comments?post=18637"}],"wp:featuredmedia":[{"embeddable":true,"href":"https:\/\/demoweb.info\/sexshop001\/wp-json\/wp\/v2\/media\/18638"}],"wp:attachment":[{"href":"https:\/\/demoweb.info\/sexshop001\/wp-json\/wp\/v2\/media?parent=18637"}],"wp:term":[{"taxonomy":"product_cat","embeddable":true,"href":"https:\/\/demoweb.info\/sexshop001\/wp-json\/wp\/v2\/product_cat?post=18637"},{"taxonomy":"product_tag","embeddable":true,"href":"https:\/\/demoweb.info\/sexshop001\/wp-json\/wp\/v2\/product_tag?post=18637"}],"curies":[{"name":"wp","href":"https:\/\/api.w.org\/{rel}","templated":true}]}}