{"id":18546,"date":"2022-01-22T10:53:24","date_gmt":"2022-01-22T09:53:24","guid":{"rendered":"https:\/\/demoweb.info\/sexshop001\/producto\/fetish-fantasy-pinzas-con-cadena-para-pezones-4\/"},"modified":"2022-01-22T10:54:08","modified_gmt":"2022-01-22T09:54:08","slug":"fetish-fantasy-pinzas-con-cadena-para-pezones-4","status":"publish","type":"product","link":"https:\/\/demoweb.info\/sexshop001\/producto\/fetish-fantasy-pinzas-con-cadena-para-pezones-4\/","title":{"rendered":"FETISH FANTASY PINZAS CON CADENA PARA PEZONES"},"content":{"rendered":"<p><strong>FETISH FANTASY NIPPLE CHAIN CLAMPS<\/strong>, son unas <strong>pinzas para los pezones<\/strong>.<\/p>\n<p>Haz que tus pezones se animen con el placer que te transmitir\u00e1n estas pinzas de metal para los pezones. Estas pinzas de dise\u00f1o se ven y se sienten geniales y son el complemento perfecto para los que se inician en el mundo del bondage. Son muy sencillas de usar, proveyendo la presi\u00f3n justa que estimular\u00e1 tus pezones. La cadena intensifica la presi\u00f3n a medida que \u00e9sta se balancea, d\u00e1ndote una sutil estimulaci\u00f3n con cada movimiento. Se ajusta a todos los tama\u00f1os.<\/p>\n<p>Especialmente indicadas para parejas que buscan nuevas sensaciones.<\/p>\n","protected":false},"excerpt":{"rendered":"<p>FETISH FANTASY NIPPLE CHAIN CLAMPS, son unas pinzas para los pezones. Haz que tus pezones se animen con el placer<\/p>\n","protected":false},"featured_media":18547,"comment_status":"open","ping_status":"open","template":"","meta":[],"product_cat":[282],"product_tag":[260,259],"class_list":["post-18546","product","type-product","status-publish","has-post-thumbnail","hentry","product_cat-pinzas-pezones","product_tag-fetish-fantasy-series","product_tag-pipedream"],"bundled_by":[],"bundle_stock_status":"instock","bundle_stock_quantity":6,"bundle_virtual":false,"bundle_layout":"","bundle_add_to_cart_form_location":"","bundle_editable_in_cart":false,"bundle_sold_individually_context":"","bundle_item_grouping":"","bundle_min_size":"","bundle_max_size":"","bundled_items":[],"yoast_head":"<!-- This site is optimized with the Yoast SEO plugin v20.6 - https:\/\/yoast.com\/wordpress\/plugins\/seo\/ -->\n<title>FETISH FANTASY PINZAS CON CADENA PARA PEZONES - Tienda Er\u00f3tica<\/title>\n<meta name=\"robots\" content=\"noindex, follow, max-snippet:-1, max-image-preview:large, max-video-preview:-1\" \/>\n<meta property=\"og:locale\" content=\"es_ES\" \/>\n<meta property=\"og:type\" content=\"article\" \/>\n<meta property=\"og:title\" content=\"FETISH FANTASY PINZAS CON CADENA PARA PEZONES - Tienda Er\u00f3tica\" \/>\n<meta property=\"og:description\" content=\"FETISH FANTASY NIPPLE CHAIN CLAMPS, son unas pinzas para los pezones. Haz que tus pezones se animen con el placer\" \/>\n<meta property=\"og:url\" content=\"https:\/\/demoweb.info\/sexshop001\/producto\/fetish-fantasy-pinzas-con-cadena-para-pezones-4\/\" \/>\n<meta property=\"og:site_name\" content=\"Tienda Er\u00f3tica\" \/>\n<meta property=\"article:modified_time\" content=\"2022-01-22T09:54:08+00:00\" \/>\n<meta property=\"og:image\" content=\"https:\/\/demoweb.info\/sexshop001\/wp-content\/uploads\/2022\/01\/FETISH-FANTASY-PINZAS-CON-CADENA-PARA-PEZONES-5.jpg\" \/>\n\t<meta property=\"og:image:width\" content=\"550\" \/>\n\t<meta property=\"og:image:height\" content=\"550\" \/>\n\t<meta property=\"og:image:type\" content=\"image\/jpeg\" \/>\n<meta name=\"twitter:card\" content=\"summary_large_image\" \/>\n<meta name=\"twitter:label1\" content=\"Tiempo de lectura\" \/>\n\t<meta name=\"twitter:data1\" content=\"1 minuto\" \/>\n<script type=\"application\/ld+json\" class=\"yoast-schema-graph\">{\"@context\":\"https:\/\/schema.org\",\"@graph\":[{\"@type\":\"WebPage\",\"@id\":\"https:\/\/demoweb.info\/sexshop001\/producto\/fetish-fantasy-pinzas-con-cadena-para-pezones-4\/\",\"url\":\"https:\/\/demoweb.info\/sexshop001\/producto\/fetish-fantasy-pinzas-con-cadena-para-pezones-4\/\",\"name\":\"FETISH FANTASY PINZAS CON CADENA PARA PEZONES - Tienda Er\u00f3tica\",\"isPartOf\":{\"@id\":\"https:\/\/demoweb.info\/sexshop001\/#website\"},\"datePublished\":\"2022-01-22T09:53:24+00:00\",\"dateModified\":\"2022-01-22T09:54:08+00:00\",\"breadcrumb\":{\"@id\":\"https:\/\/demoweb.info\/sexshop001\/producto\/fetish-fantasy-pinzas-con-cadena-para-pezones-4\/#breadcrumb\"},\"inLanguage\":\"es\",\"potentialAction\":[{\"@type\":\"ReadAction\",\"target\":[\"https:\/\/demoweb.info\/sexshop001\/producto\/fetish-fantasy-pinzas-con-cadena-para-pezones-4\/\"]}]},{\"@type\":\"BreadcrumbList\",\"@id\":\"https:\/\/demoweb.info\/sexshop001\/producto\/fetish-fantasy-pinzas-con-cadena-para-pezones-4\/#breadcrumb\",\"itemListElement\":[{\"@type\":\"ListItem\",\"position\":1,\"name\":\"Portada\",\"item\":\"https:\/\/demoweb.info\/sexshop001\/\"},{\"@type\":\"ListItem\",\"position\":2,\"name\":\"Tienda\",\"item\":\"https:\/\/demoweb.info\/sexshop001\/tienda\/\"},{\"@type\":\"ListItem\",\"position\":3,\"name\":\"FETISH FANTASY PINZAS CON CADENA PARA PEZONES\"}]},{\"@type\":\"WebSite\",\"@id\":\"https:\/\/demoweb.info\/sexshop001\/#website\",\"url\":\"https:\/\/demoweb.info\/sexshop001\/\",\"name\":\"Tienda Er\u00f3tica\",\"description\":\"DEMOWEB SL\",\"potentialAction\":[{\"@type\":\"SearchAction\",\"target\":{\"@type\":\"EntryPoint\",\"urlTemplate\":\"https:\/\/demoweb.info\/sexshop001\/?s={search_term_string}\"},\"query-input\":\"required name=search_term_string\"}],\"inLanguage\":\"es\"}]}<\/script>\n<!-- \/ Yoast SEO plugin. -->","yoast_head_json":{"title":"FETISH FANTASY PINZAS CON CADENA PARA PEZONES - Tienda Er\u00f3tica","robots":{"index":"noindex","follow":"follow","max-snippet":"max-snippet:-1","max-image-preview":"max-image-preview:large","max-video-preview":"max-video-preview:-1"},"og_locale":"es_ES","og_type":"article","og_title":"FETISH FANTASY PINZAS CON CADENA PARA PEZONES - Tienda Er\u00f3tica","og_description":"FETISH FANTASY NIPPLE CHAIN CLAMPS, son unas pinzas para los pezones. Haz que tus pezones se animen con el placer","og_url":"https:\/\/demoweb.info\/sexshop001\/producto\/fetish-fantasy-pinzas-con-cadena-para-pezones-4\/","og_site_name":"Tienda Er\u00f3tica","article_modified_time":"2022-01-22T09:54:08+00:00","og_image":[{"width":550,"height":550,"url":"https:\/\/demoweb.info\/sexshop001\/wp-content\/uploads\/2022\/01\/FETISH-FANTASY-PINZAS-CON-CADENA-PARA-PEZONES-5.jpg","type":"image\/jpeg"}],"twitter_card":"summary_large_image","twitter_misc":{"Tiempo de lectura":"1 minuto"},"schema":{"@context":"https:\/\/schema.org","@graph":[{"@type":"WebPage","@id":"https:\/\/demoweb.info\/sexshop001\/producto\/fetish-fantasy-pinzas-con-cadena-para-pezones-4\/","url":"https:\/\/demoweb.info\/sexshop001\/producto\/fetish-fantasy-pinzas-con-cadena-para-pezones-4\/","name":"FETISH FANTASY PINZAS CON CADENA PARA PEZONES - Tienda Er\u00f3tica","isPartOf":{"@id":"https:\/\/demoweb.info\/sexshop001\/#website"},"datePublished":"2022-01-22T09:53:24+00:00","dateModified":"2022-01-22T09:54:08+00:00","breadcrumb":{"@id":"https:\/\/demoweb.info\/sexshop001\/producto\/fetish-fantasy-pinzas-con-cadena-para-pezones-4\/#breadcrumb"},"inLanguage":"es","potentialAction":[{"@type":"ReadAction","target":["https:\/\/demoweb.info\/sexshop001\/producto\/fetish-fantasy-pinzas-con-cadena-para-pezones-4\/"]}]},{"@type":"BreadcrumbList","@id":"https:\/\/demoweb.info\/sexshop001\/producto\/fetish-fantasy-pinzas-con-cadena-para-pezones-4\/#breadcrumb","itemListElement":[{"@type":"ListItem","position":1,"name":"Portada","item":"https:\/\/demoweb.info\/sexshop001\/"},{"@type":"ListItem","position":2,"name":"Tienda","item":"https:\/\/demoweb.info\/sexshop001\/tienda\/"},{"@type":"ListItem","position":3,"name":"FETISH FANTASY PINZAS CON CADENA PARA PEZONES"}]},{"@type":"WebSite","@id":"https:\/\/demoweb.info\/sexshop001\/#website","url":"https:\/\/demoweb.info\/sexshop001\/","name":"Tienda Er\u00f3tica","description":"DEMOWEB SL","potentialAction":[{"@type":"SearchAction","target":{"@type":"EntryPoint","urlTemplate":"https:\/\/demoweb.info\/sexshop001\/?s={search_term_string}"},"query-input":"required name=search_term_string"}],"inLanguage":"es"}]}},"_links":{"self":[{"href":"https:\/\/demoweb.info\/sexshop001\/wp-json\/wp\/v3\/product\/18546","targetHints":{"allow":["GET"]}}],"collection":[{"href":"https:\/\/demoweb.info\/sexshop001\/wp-json\/wp\/v3\/product"}],"about":[{"href":"https:\/\/demoweb.info\/sexshop001\/wp-json\/wp\/v2\/types\/product"}],"replies":[{"embeddable":true,"href":"https:\/\/demoweb.info\/sexshop001\/wp-json\/wp\/v2\/comments?post=18546"}],"wp:featuredmedia":[{"embeddable":true,"href":"https:\/\/demoweb.info\/sexshop001\/wp-json\/wp\/v2\/media\/18547"}],"wp:attachment":[{"href":"https:\/\/demoweb.info\/sexshop001\/wp-json\/wp\/v2\/media?parent=18546"}],"wp:term":[{"taxonomy":"product_cat","embeddable":true,"href":"https:\/\/demoweb.info\/sexshop001\/wp-json\/wp\/v2\/product_cat?post=18546"},{"taxonomy":"product_tag","embeddable":true,"href":"https:\/\/demoweb.info\/sexshop001\/wp-json\/wp\/v2\/product_tag?post=18546"}],"curies":[{"name":"wp","href":"https:\/\/api.w.org\/{rel}","templated":true}]}}