{"id":18442,"date":"2022-01-22T10:52:53","date_gmt":"2022-01-22T09:52:53","guid":{"rendered":"https:\/\/demoweb.info\/sexshop001\/producto\/the-triad-anillo-para-pene-y-testiculos-mediano\/"},"modified":"2022-01-22T10:53:13","modified_gmt":"2022-01-22T09:53:13","slug":"the-triad-anillo-para-pene-y-testiculos-mediano","status":"publish","type":"product","link":"https:\/\/demoweb.info\/sexshop001\/producto\/the-triad-anillo-para-pene-y-testiculos-mediano\/","title":{"rendered":"THE TRIAD &#8211; ANILLO PARA PENE Y TEST\u00cdCULOS &#8211; MEDIANO"},"content":{"rendered":"<p><strong>THE TRIAD &#8211; CHAMBER COCK AND BALL RING &#8211; MEDIUM<\/strong><\/p>\n<p>The Triad Chamber trae el arte de la dominaci\u00f3n en tres. Esta jaula de gallo cromada presenta tres juntas t\u00f3ricas de diferentes tama\u00f1os con las que puedes atrapar a tu mascota.<\/p>\n<p>El anillo m\u00e1s grande rodea el pene y los test\u00edculos como un anillo normal. El anillo de tama\u00f1o medio rodea los test\u00edculos, proporcionando al usuario una sensaci\u00f3n de presi\u00f3n. El tercer anillo rodea la base del pene para ayudarlo a mantener el tipo de erecci\u00f3n que dura sesiones prolongadas.<\/p>\n<p>La c\u00e1mara Triad es perfecta para el usuario experimentado que quiere un aspecto elegante y moderno, pero busca un anillo ponderado y m\u00e1s solidario.<\/p>\n<p>Caracter\u00edsticas: <\/p>\n<ul>\n<li>Dimensiones del producto: 5,3 x 5,3 x 5,3 cm<\/li>\n<li>Peso del producto: 114 gram<\/li>\n<li>Materiales: Acero Cromado<\/li>\n<\/ul>\n","protected":false},"excerpt":{"rendered":"<p>THE TRIAD &#8211; CHAMBER COCK AND BALL RING &#8211; MEDIUM The Triad Chamber trae el arte de la dominaci\u00f3n en<\/p>\n","protected":false},"featured_media":18443,"comment_status":"open","ping_status":"open","template":"","meta":[],"product_cat":[286],"product_tag":[463,274],"class_list":["post-18442","product","type-product","status-publish","has-post-thumbnail","hentry","product_cat-metal","product_tag-master-series","product_tag-xr-brands"],"bundled_by":[],"bundle_stock_status":"instock","bundle_stock_quantity":1,"bundle_virtual":false,"bundle_layout":"","bundle_add_to_cart_form_location":"","bundle_editable_in_cart":false,"bundle_sold_individually_context":"","bundle_item_grouping":"","bundle_min_size":"","bundle_max_size":"","bundled_items":[],"yoast_head":"<!-- This site is optimized with the Yoast SEO plugin v20.6 - https:\/\/yoast.com\/wordpress\/plugins\/seo\/ -->\n<title>THE TRIAD - ANILLO PARA PENE Y TEST\u00cdCULOS - MEDIANO - Tienda Er\u00f3tica<\/title>\n<meta name=\"robots\" content=\"noindex, follow, max-snippet:-1, max-image-preview:large, max-video-preview:-1\" \/>\n<meta property=\"og:locale\" content=\"es_ES\" \/>\n<meta property=\"og:type\" content=\"article\" \/>\n<meta property=\"og:title\" content=\"THE TRIAD - ANILLO PARA PENE Y TEST\u00cdCULOS - MEDIANO - Tienda Er\u00f3tica\" \/>\n<meta property=\"og:description\" content=\"THE TRIAD &#8211; CHAMBER COCK AND BALL RING &#8211; MEDIUM The Triad Chamber trae el arte de la dominaci\u00f3n en\" \/>\n<meta property=\"og:url\" content=\"https:\/\/demoweb.info\/sexshop001\/producto\/the-triad-anillo-para-pene-y-testiculos-mediano\/\" \/>\n<meta property=\"og:site_name\" content=\"Tienda Er\u00f3tica\" \/>\n<meta property=\"article:modified_time\" content=\"2022-01-22T09:53:13+00:00\" \/>\n<meta property=\"og:image\" content=\"https:\/\/demoweb.info\/sexshop001\/wp-content\/uploads\/2022\/01\/THE-TRIAD-ANILLO-PARA-PENE-Y-TESTICULOS-MEDIANO.jpg\" \/>\n\t<meta property=\"og:image:width\" content=\"550\" \/>\n\t<meta property=\"og:image:height\" content=\"550\" \/>\n\t<meta property=\"og:image:type\" content=\"image\/jpeg\" \/>\n<meta name=\"twitter:card\" content=\"summary_large_image\" \/>\n<meta name=\"twitter:label1\" content=\"Tiempo de lectura\" \/>\n\t<meta name=\"twitter:data1\" content=\"1 minuto\" \/>\n<script type=\"application\/ld+json\" class=\"yoast-schema-graph\">{\"@context\":\"https:\/\/schema.org\",\"@graph\":[{\"@type\":\"WebPage\",\"@id\":\"https:\/\/demoweb.info\/sexshop001\/producto\/the-triad-anillo-para-pene-y-testiculos-mediano\/\",\"url\":\"https:\/\/demoweb.info\/sexshop001\/producto\/the-triad-anillo-para-pene-y-testiculos-mediano\/\",\"name\":\"THE TRIAD - ANILLO PARA PENE Y TEST\u00cdCULOS - MEDIANO - Tienda Er\u00f3tica\",\"isPartOf\":{\"@id\":\"https:\/\/demoweb.info\/sexshop001\/#website\"},\"datePublished\":\"2022-01-22T09:52:53+00:00\",\"dateModified\":\"2022-01-22T09:53:13+00:00\",\"breadcrumb\":{\"@id\":\"https:\/\/demoweb.info\/sexshop001\/producto\/the-triad-anillo-para-pene-y-testiculos-mediano\/#breadcrumb\"},\"inLanguage\":\"es\",\"potentialAction\":[{\"@type\":\"ReadAction\",\"target\":[\"https:\/\/demoweb.info\/sexshop001\/producto\/the-triad-anillo-para-pene-y-testiculos-mediano\/\"]}]},{\"@type\":\"BreadcrumbList\",\"@id\":\"https:\/\/demoweb.info\/sexshop001\/producto\/the-triad-anillo-para-pene-y-testiculos-mediano\/#breadcrumb\",\"itemListElement\":[{\"@type\":\"ListItem\",\"position\":1,\"name\":\"Portada\",\"item\":\"https:\/\/demoweb.info\/sexshop001\/\"},{\"@type\":\"ListItem\",\"position\":2,\"name\":\"Tienda\",\"item\":\"https:\/\/demoweb.info\/sexshop001\/tienda\/\"},{\"@type\":\"ListItem\",\"position\":3,\"name\":\"THE TRIAD &#8211; ANILLO PARA PENE Y TEST\u00cdCULOS &#8211; MEDIANO\"}]},{\"@type\":\"WebSite\",\"@id\":\"https:\/\/demoweb.info\/sexshop001\/#website\",\"url\":\"https:\/\/demoweb.info\/sexshop001\/\",\"name\":\"Tienda Er\u00f3tica\",\"description\":\"DEMOWEB SL\",\"potentialAction\":[{\"@type\":\"SearchAction\",\"target\":{\"@type\":\"EntryPoint\",\"urlTemplate\":\"https:\/\/demoweb.info\/sexshop001\/?s={search_term_string}\"},\"query-input\":\"required name=search_term_string\"}],\"inLanguage\":\"es\"}]}<\/script>\n<!-- \/ Yoast SEO plugin. -->","yoast_head_json":{"title":"THE TRIAD - ANILLO PARA PENE Y TEST\u00cdCULOS - MEDIANO - Tienda Er\u00f3tica","robots":{"index":"noindex","follow":"follow","max-snippet":"max-snippet:-1","max-image-preview":"max-image-preview:large","max-video-preview":"max-video-preview:-1"},"og_locale":"es_ES","og_type":"article","og_title":"THE TRIAD - ANILLO PARA PENE Y TEST\u00cdCULOS - MEDIANO - Tienda Er\u00f3tica","og_description":"THE TRIAD &#8211; CHAMBER COCK AND BALL RING &#8211; MEDIUM The Triad Chamber trae el arte de la dominaci\u00f3n en","og_url":"https:\/\/demoweb.info\/sexshop001\/producto\/the-triad-anillo-para-pene-y-testiculos-mediano\/","og_site_name":"Tienda Er\u00f3tica","article_modified_time":"2022-01-22T09:53:13+00:00","og_image":[{"width":550,"height":550,"url":"https:\/\/demoweb.info\/sexshop001\/wp-content\/uploads\/2022\/01\/THE-TRIAD-ANILLO-PARA-PENE-Y-TESTICULOS-MEDIANO.jpg","type":"image\/jpeg"}],"twitter_card":"summary_large_image","twitter_misc":{"Tiempo de lectura":"1 minuto"},"schema":{"@context":"https:\/\/schema.org","@graph":[{"@type":"WebPage","@id":"https:\/\/demoweb.info\/sexshop001\/producto\/the-triad-anillo-para-pene-y-testiculos-mediano\/","url":"https:\/\/demoweb.info\/sexshop001\/producto\/the-triad-anillo-para-pene-y-testiculos-mediano\/","name":"THE TRIAD - ANILLO PARA PENE Y TEST\u00cdCULOS - MEDIANO - Tienda Er\u00f3tica","isPartOf":{"@id":"https:\/\/demoweb.info\/sexshop001\/#website"},"datePublished":"2022-01-22T09:52:53+00:00","dateModified":"2022-01-22T09:53:13+00:00","breadcrumb":{"@id":"https:\/\/demoweb.info\/sexshop001\/producto\/the-triad-anillo-para-pene-y-testiculos-mediano\/#breadcrumb"},"inLanguage":"es","potentialAction":[{"@type":"ReadAction","target":["https:\/\/demoweb.info\/sexshop001\/producto\/the-triad-anillo-para-pene-y-testiculos-mediano\/"]}]},{"@type":"BreadcrumbList","@id":"https:\/\/demoweb.info\/sexshop001\/producto\/the-triad-anillo-para-pene-y-testiculos-mediano\/#breadcrumb","itemListElement":[{"@type":"ListItem","position":1,"name":"Portada","item":"https:\/\/demoweb.info\/sexshop001\/"},{"@type":"ListItem","position":2,"name":"Tienda","item":"https:\/\/demoweb.info\/sexshop001\/tienda\/"},{"@type":"ListItem","position":3,"name":"THE TRIAD &#8211; ANILLO PARA PENE Y TEST\u00cdCULOS &#8211; MEDIANO"}]},{"@type":"WebSite","@id":"https:\/\/demoweb.info\/sexshop001\/#website","url":"https:\/\/demoweb.info\/sexshop001\/","name":"Tienda Er\u00f3tica","description":"DEMOWEB SL","potentialAction":[{"@type":"SearchAction","target":{"@type":"EntryPoint","urlTemplate":"https:\/\/demoweb.info\/sexshop001\/?s={search_term_string}"},"query-input":"required name=search_term_string"}],"inLanguage":"es"}]}},"_links":{"self":[{"href":"https:\/\/demoweb.info\/sexshop001\/wp-json\/wp\/v3\/product\/18442","targetHints":{"allow":["GET"]}}],"collection":[{"href":"https:\/\/demoweb.info\/sexshop001\/wp-json\/wp\/v3\/product"}],"about":[{"href":"https:\/\/demoweb.info\/sexshop001\/wp-json\/wp\/v2\/types\/product"}],"replies":[{"embeddable":true,"href":"https:\/\/demoweb.info\/sexshop001\/wp-json\/wp\/v2\/comments?post=18442"}],"wp:featuredmedia":[{"embeddable":true,"href":"https:\/\/demoweb.info\/sexshop001\/wp-json\/wp\/v2\/media\/18443"}],"wp:attachment":[{"href":"https:\/\/demoweb.info\/sexshop001\/wp-json\/wp\/v2\/media?parent=18442"}],"wp:term":[{"taxonomy":"product_cat","embeddable":true,"href":"https:\/\/demoweb.info\/sexshop001\/wp-json\/wp\/v2\/product_cat?post=18442"},{"taxonomy":"product_tag","embeddable":true,"href":"https:\/\/demoweb.info\/sexshop001\/wp-json\/wp\/v2\/product_tag?post=18442"}],"curies":[{"name":"wp","href":"https:\/\/api.w.org\/{rel}","templated":true}]}}