{"id":18404,"date":"2022-01-22T10:52:53","date_gmt":"2022-01-22T09:52:53","guid":{"rendered":"https:\/\/demoweb.info\/sexshop001\/producto\/fleshlight-girls-ella-hughes-candy\/"},"modified":"2022-01-22T10:52:57","modified_gmt":"2022-01-22T09:52:57","slug":"fleshlight-girls-ella-hughes-candy","status":"publish","type":"product","link":"https:\/\/demoweb.info\/sexshop001\/producto\/fleshlight-girls-ella-hughes-candy\/","title":{"rendered":"FLESHLIGHT GIRLS ELLA HUGHES CANDY"},"content":{"rendered":"<p><strong>FLESHLIGHT GIRLS ELLA HUGHES CANDY<\/strong><\/p>\n<p>A pesar de que tiene el aspecto de chica buena de una modelo glamorosa, en realidad est\u00e1 bastante dispuesta a profundizar y hacer m\u00e1s que la mayor\u00eda de las chicas que tienen una reputaci\u00f3n XXX mucho m\u00e1s conocida . Si has visto a Ella Hughes protagonizar pel\u00edculas como <em>Por lo que sea necesario,<\/em> <em>All Hands on Dick<\/em>, <em>Creampie My Secretary<\/em> y <em>Cherry Popping Gingers<\/em>, sabes que cuando Ella Hughes est\u00e1 en el estudio para Blacked, DDF, Brazzers o cualquiera de las otras pel\u00edculas porno. las compa\u00f1\u00edas de producci\u00f3n ella siempre lo da todo y nunca quiere que nadie con quien ella coprima retenga nada.<\/p>\n<p>Como propietario de tu propio Fleshlight Ella Hughes, ahora finalmente puedes sentir exactamente lo que es deslizar tu pene dentro de Ella Hughes mientras ella gime y gime hasta llegar a los orgasmos m\u00e1s h\u00famedos. Siente cada cent\u00edmetro dentro de ella, sabiendo todo el tiempo que esto no es una aventura ficticia, esto es REAL gracias a la personalizada Ella Hughes Fleshlight, con la \u00fanica funda de piel que Ella misma ha aprobado. La chica m\u00e1s bonita del mundo, ahora tiene su propio juguete sexual y est\u00e1 disponible para que lo tengas en este momento. \u00a1Es perfecto como la se\u00f1orita Hughes, y solo est\u00e1 disponible exclusivamente aqu\u00ed desde Fleshlight!<\/p>\n<p><strong>SENSACI\u00d3N DE FLESHLIGHT: CANDY<\/strong><br \/>\nLas texturas de Fleshlight no son mucho m\u00e1s dulces que el caramelo de Ella Hughes. La experiencia comienza con un conjunto de ondas apretadas antes de explotar en un para\u00edso geom\u00e9trico de bordes exteriores acanalados y n\u00f3dulos triangulares flexibles dise\u00f1ados para tentar el eje. La c\u00e1mara superior es donde la experiencia se vuelve realmente intensa con hileras de crestas que pueden hacer que incluso el hombre m\u00e1s listo para la resistencia sople al contacto.<\/p>\n<p>Caracter\u00edsticas principales:<\/p>\n<ul>\n<li>Hecho de material Superskin patentado.<\/li>\n<li>F\u00e1cil de usar y limpio.<\/li>\n<li>Discreto.<\/li>\n<li>Canal interno de textura intensa.<\/li>\n<\/ul>\n","protected":false},"excerpt":{"rendered":"<p>FLESHLIGHT GIRLS ELLA HUGHES CANDY A pesar de que tiene el aspecto de chica buena de una modelo glamorosa, en<\/p>\n","protected":false},"featured_media":18405,"comment_status":"open","ping_status":"open","template":"","meta":[],"product_cat":[541],"product_tag":[576,690],"class_list":["post-18404","product","type-product","status-publish","has-post-thumbnail","hentry","product_cat-vaginas","product_tag-fleshlight","product_tag-fleshlight-girls"],"bundled_by":[],"bundle_stock_status":"instock","bundle_stock_quantity":4,"bundle_virtual":false,"bundle_layout":"","bundle_add_to_cart_form_location":"","bundle_editable_in_cart":false,"bundle_sold_individually_context":"","bundle_item_grouping":"","bundle_min_size":"","bundle_max_size":"","bundled_items":[],"yoast_head":"<!-- This site is optimized with the Yoast SEO plugin v20.6 - https:\/\/yoast.com\/wordpress\/plugins\/seo\/ -->\n<title>FLESHLIGHT GIRLS ELLA HUGHES CANDY - Tienda Er\u00f3tica<\/title>\n<meta name=\"robots\" content=\"noindex, follow, max-snippet:-1, max-image-preview:large, max-video-preview:-1\" \/>\n<meta property=\"og:locale\" content=\"es_ES\" \/>\n<meta property=\"og:type\" content=\"article\" \/>\n<meta property=\"og:title\" content=\"FLESHLIGHT GIRLS ELLA HUGHES CANDY - Tienda Er\u00f3tica\" \/>\n<meta property=\"og:description\" content=\"FLESHLIGHT GIRLS ELLA HUGHES CANDY A pesar de que tiene el aspecto de chica buena de una modelo glamorosa, en\" \/>\n<meta property=\"og:url\" content=\"https:\/\/demoweb.info\/sexshop001\/producto\/fleshlight-girls-ella-hughes-candy\/\" \/>\n<meta property=\"og:site_name\" content=\"Tienda Er\u00f3tica\" \/>\n<meta property=\"article:modified_time\" content=\"2022-01-22T09:52:57+00:00\" \/>\n<meta property=\"og:image\" content=\"https:\/\/demoweb.info\/sexshop001\/wp-content\/uploads\/2022\/01\/FLESHLIGHT-GIRLS-ELLA-HUGHES-CANDY.jpg\" \/>\n\t<meta property=\"og:image:width\" content=\"550\" \/>\n\t<meta property=\"og:image:height\" content=\"550\" \/>\n\t<meta property=\"og:image:type\" content=\"image\/jpeg\" \/>\n<meta name=\"twitter:card\" content=\"summary_large_image\" \/>\n<meta name=\"twitter:label1\" content=\"Tiempo de lectura\" \/>\n\t<meta name=\"twitter:data1\" content=\"2 minutos\" \/>\n<script type=\"application\/ld+json\" class=\"yoast-schema-graph\">{\"@context\":\"https:\/\/schema.org\",\"@graph\":[{\"@type\":\"WebPage\",\"@id\":\"https:\/\/demoweb.info\/sexshop001\/producto\/fleshlight-girls-ella-hughes-candy\/\",\"url\":\"https:\/\/demoweb.info\/sexshop001\/producto\/fleshlight-girls-ella-hughes-candy\/\",\"name\":\"FLESHLIGHT GIRLS ELLA HUGHES CANDY - Tienda Er\u00f3tica\",\"isPartOf\":{\"@id\":\"https:\/\/demoweb.info\/sexshop001\/#website\"},\"datePublished\":\"2022-01-22T09:52:53+00:00\",\"dateModified\":\"2022-01-22T09:52:57+00:00\",\"breadcrumb\":{\"@id\":\"https:\/\/demoweb.info\/sexshop001\/producto\/fleshlight-girls-ella-hughes-candy\/#breadcrumb\"},\"inLanguage\":\"es\",\"potentialAction\":[{\"@type\":\"ReadAction\",\"target\":[\"https:\/\/demoweb.info\/sexshop001\/producto\/fleshlight-girls-ella-hughes-candy\/\"]}]},{\"@type\":\"BreadcrumbList\",\"@id\":\"https:\/\/demoweb.info\/sexshop001\/producto\/fleshlight-girls-ella-hughes-candy\/#breadcrumb\",\"itemListElement\":[{\"@type\":\"ListItem\",\"position\":1,\"name\":\"Portada\",\"item\":\"https:\/\/demoweb.info\/sexshop001\/\"},{\"@type\":\"ListItem\",\"position\":2,\"name\":\"Tienda\",\"item\":\"https:\/\/demoweb.info\/sexshop001\/tienda\/\"},{\"@type\":\"ListItem\",\"position\":3,\"name\":\"FLESHLIGHT GIRLS ELLA HUGHES CANDY\"}]},{\"@type\":\"WebSite\",\"@id\":\"https:\/\/demoweb.info\/sexshop001\/#website\",\"url\":\"https:\/\/demoweb.info\/sexshop001\/\",\"name\":\"Tienda Er\u00f3tica\",\"description\":\"DEMOWEB SL\",\"potentialAction\":[{\"@type\":\"SearchAction\",\"target\":{\"@type\":\"EntryPoint\",\"urlTemplate\":\"https:\/\/demoweb.info\/sexshop001\/?s={search_term_string}\"},\"query-input\":\"required name=search_term_string\"}],\"inLanguage\":\"es\"}]}<\/script>\n<!-- \/ Yoast SEO plugin. -->","yoast_head_json":{"title":"FLESHLIGHT GIRLS ELLA HUGHES CANDY - Tienda Er\u00f3tica","robots":{"index":"noindex","follow":"follow","max-snippet":"max-snippet:-1","max-image-preview":"max-image-preview:large","max-video-preview":"max-video-preview:-1"},"og_locale":"es_ES","og_type":"article","og_title":"FLESHLIGHT GIRLS ELLA HUGHES CANDY - Tienda Er\u00f3tica","og_description":"FLESHLIGHT GIRLS ELLA HUGHES CANDY A pesar de que tiene el aspecto de chica buena de una modelo glamorosa, en","og_url":"https:\/\/demoweb.info\/sexshop001\/producto\/fleshlight-girls-ella-hughes-candy\/","og_site_name":"Tienda Er\u00f3tica","article_modified_time":"2022-01-22T09:52:57+00:00","og_image":[{"width":550,"height":550,"url":"https:\/\/demoweb.info\/sexshop001\/wp-content\/uploads\/2022\/01\/FLESHLIGHT-GIRLS-ELLA-HUGHES-CANDY.jpg","type":"image\/jpeg"}],"twitter_card":"summary_large_image","twitter_misc":{"Tiempo de lectura":"2 minutos"},"schema":{"@context":"https:\/\/schema.org","@graph":[{"@type":"WebPage","@id":"https:\/\/demoweb.info\/sexshop001\/producto\/fleshlight-girls-ella-hughes-candy\/","url":"https:\/\/demoweb.info\/sexshop001\/producto\/fleshlight-girls-ella-hughes-candy\/","name":"FLESHLIGHT GIRLS ELLA HUGHES CANDY - Tienda Er\u00f3tica","isPartOf":{"@id":"https:\/\/demoweb.info\/sexshop001\/#website"},"datePublished":"2022-01-22T09:52:53+00:00","dateModified":"2022-01-22T09:52:57+00:00","breadcrumb":{"@id":"https:\/\/demoweb.info\/sexshop001\/producto\/fleshlight-girls-ella-hughes-candy\/#breadcrumb"},"inLanguage":"es","potentialAction":[{"@type":"ReadAction","target":["https:\/\/demoweb.info\/sexshop001\/producto\/fleshlight-girls-ella-hughes-candy\/"]}]},{"@type":"BreadcrumbList","@id":"https:\/\/demoweb.info\/sexshop001\/producto\/fleshlight-girls-ella-hughes-candy\/#breadcrumb","itemListElement":[{"@type":"ListItem","position":1,"name":"Portada","item":"https:\/\/demoweb.info\/sexshop001\/"},{"@type":"ListItem","position":2,"name":"Tienda","item":"https:\/\/demoweb.info\/sexshop001\/tienda\/"},{"@type":"ListItem","position":3,"name":"FLESHLIGHT GIRLS ELLA HUGHES CANDY"}]},{"@type":"WebSite","@id":"https:\/\/demoweb.info\/sexshop001\/#website","url":"https:\/\/demoweb.info\/sexshop001\/","name":"Tienda Er\u00f3tica","description":"DEMOWEB SL","potentialAction":[{"@type":"SearchAction","target":{"@type":"EntryPoint","urlTemplate":"https:\/\/demoweb.info\/sexshop001\/?s={search_term_string}"},"query-input":"required name=search_term_string"}],"inLanguage":"es"}]}},"_links":{"self":[{"href":"https:\/\/demoweb.info\/sexshop001\/wp-json\/wp\/v3\/product\/18404","targetHints":{"allow":["GET"]}}],"collection":[{"href":"https:\/\/demoweb.info\/sexshop001\/wp-json\/wp\/v3\/product"}],"about":[{"href":"https:\/\/demoweb.info\/sexshop001\/wp-json\/wp\/v2\/types\/product"}],"replies":[{"embeddable":true,"href":"https:\/\/demoweb.info\/sexshop001\/wp-json\/wp\/v2\/comments?post=18404"}],"wp:featuredmedia":[{"embeddable":true,"href":"https:\/\/demoweb.info\/sexshop001\/wp-json\/wp\/v2\/media\/18405"}],"wp:attachment":[{"href":"https:\/\/demoweb.info\/sexshop001\/wp-json\/wp\/v2\/media?parent=18404"}],"wp:term":[{"taxonomy":"product_cat","embeddable":true,"href":"https:\/\/demoweb.info\/sexshop001\/wp-json\/wp\/v2\/product_cat?post=18404"},{"taxonomy":"product_tag","embeddable":true,"href":"https:\/\/demoweb.info\/sexshop001\/wp-json\/wp\/v2\/product_tag?post=18404"}],"curies":[{"name":"wp","href":"https:\/\/api.w.org\/{rel}","templated":true}]}}