{"id":18402,"date":"2022-01-22T10:52:53","date_gmt":"2022-01-22T09:52:53","guid":{"rendered":"https:\/\/demoweb.info\/sexshop001\/producto\/queria-amarte-noches-inolvidables-3\/"},"modified":"2022-01-22T10:52:56","modified_gmt":"2022-01-22T09:52:56","slug":"queria-amarte-noches-inolvidables-3","status":"publish","type":"product","link":"https:\/\/demoweb.info\/sexshop001\/producto\/queria-amarte-noches-inolvidables-3\/","title":{"rendered":"QUER\u00cdA AMARTE (NOCHES INOLVIDABLES 3)"},"content":{"rendered":"<p><strong>QUER\u00cdA AMARTE (NOCHES INOLVIDABLES 3)<\/strong><\/p>\n<p><strong>J. KENNER<\/strong>.<\/p>\n<p>J. Kenner, una de las reinas del romance er\u00f3tico con m\u00e1s de 2.000.000 ejemplares vendidos en todo el mundo, presenta Noches inolvidables, una serie compuesta de tres historias apasionadas que dejan huella.<\/p>\n<p>Por la noche el deseo se apodera de la conciencia y los cuerpos se entregan al placer. Desc\u00fabrelo en la tercera entrega de Noches inolvidables.<\/p>\n<p>Kiki ha tardado a\u00f1os en superar el abandono de Noah, su pareja de juventud y el hombre de su vida. Un tiempo en que ha cambiado tambien sus ilusiones: de sus aspiraciones como cantante ha pasado a la creaci\u00f3n de una peque\u00f1a pero potente empresa de m\u00e1rketing digital.<\/p>\n<p>La vida tampoco ha sido f\u00e1cil para Noah. A\u00f1os atr\u00e1s, cuando su exnovia Darla le comunic\u00f3 que estaba embarazada, decidi\u00f3 ser un hombre de honor y renunci\u00f3 a su felicidad con Kiki para asumir la responsabilidad de un bebe en camino y de una relaci\u00f3n sin amor. Pero la vida tiene a veces sorpresas tr\u00e1gicas y ahora se encuentra solo, con un importante puesto en una compa\u00f1\u00eda tecnol\u00f3gica y un doloroso pasado a su espalda.<\/p>\n<p>El reencuentro entre Kiki y Noah da pie a la explosi\u00f3n salvaje de los sentimientos y pasiones que nunca se apagaron del todo.<\/p>\n<\/p>\n<ul>\n<li>288 p\u00e1ginas<\/li>\n<li>Tapa blanda <\/li>\n<li>A\u00f1o de edici\u00f3n 2020<\/li>\n<\/ul>\n","protected":false},"excerpt":{"rendered":"<p>QUER\u00cdA AMARTE (NOCHES INOLVIDABLES 3) J. KENNER. J. Kenner, una de las reinas del romance er\u00f3tico con m\u00e1s de 2.000.000<\/p>\n","protected":false},"featured_media":18403,"comment_status":"open","ping_status":"open","template":"","meta":[],"product_cat":[414],"product_tag":[416,415],"class_list":["post-18402","product","type-product","status-publish","has-post-thumbnail","hentry","product_cat-libros","product_tag-grijalbo","product_tag-random-house"],"bundled_by":[],"bundle_stock_status":"instock","bundle_stock_quantity":1,"bundle_virtual":false,"bundle_layout":"","bundle_add_to_cart_form_location":"","bundle_editable_in_cart":false,"bundle_sold_individually_context":"","bundle_item_grouping":"","bundle_min_size":"","bundle_max_size":"","bundled_items":[],"yoast_head":"<!-- This site is optimized with the Yoast SEO plugin v20.6 - https:\/\/yoast.com\/wordpress\/plugins\/seo\/ -->\n<title>QUER\u00cdA AMARTE (NOCHES INOLVIDABLES 3) - Tienda Er\u00f3tica<\/title>\n<meta name=\"robots\" content=\"noindex, follow, max-snippet:-1, max-image-preview:large, max-video-preview:-1\" \/>\n<meta property=\"og:locale\" content=\"es_ES\" \/>\n<meta property=\"og:type\" content=\"article\" \/>\n<meta property=\"og:title\" content=\"QUER\u00cdA AMARTE (NOCHES INOLVIDABLES 3) - Tienda Er\u00f3tica\" \/>\n<meta property=\"og:description\" content=\"QUER\u00cdA AMARTE (NOCHES INOLVIDABLES 3) J. KENNER. J. Kenner, una de las reinas del romance er\u00f3tico con m\u00e1s de 2.000.000\" \/>\n<meta property=\"og:url\" content=\"https:\/\/demoweb.info\/sexshop001\/producto\/queria-amarte-noches-inolvidables-3\/\" \/>\n<meta property=\"og:site_name\" content=\"Tienda Er\u00f3tica\" \/>\n<meta property=\"article:modified_time\" content=\"2022-01-22T09:52:56+00:00\" \/>\n<meta property=\"og:image\" content=\"https:\/\/demoweb.info\/sexshop001\/wp-content\/uploads\/2022\/01\/QUERIA-AMARTE-NOCHES-INOLVIDABLES-3.jpg\" \/>\n\t<meta property=\"og:image:width\" content=\"550\" \/>\n\t<meta property=\"og:image:height\" content=\"550\" \/>\n\t<meta property=\"og:image:type\" content=\"image\/jpeg\" \/>\n<meta name=\"twitter:card\" content=\"summary_large_image\" \/>\n<meta name=\"twitter:label1\" content=\"Tiempo de lectura\" \/>\n\t<meta name=\"twitter:data1\" content=\"1 minuto\" \/>\n<script type=\"application\/ld+json\" class=\"yoast-schema-graph\">{\"@context\":\"https:\/\/schema.org\",\"@graph\":[{\"@type\":\"WebPage\",\"@id\":\"https:\/\/demoweb.info\/sexshop001\/producto\/queria-amarte-noches-inolvidables-3\/\",\"url\":\"https:\/\/demoweb.info\/sexshop001\/producto\/queria-amarte-noches-inolvidables-3\/\",\"name\":\"QUER\u00cdA AMARTE (NOCHES INOLVIDABLES 3) - Tienda Er\u00f3tica\",\"isPartOf\":{\"@id\":\"https:\/\/demoweb.info\/sexshop001\/#website\"},\"datePublished\":\"2022-01-22T09:52:53+00:00\",\"dateModified\":\"2022-01-22T09:52:56+00:00\",\"breadcrumb\":{\"@id\":\"https:\/\/demoweb.info\/sexshop001\/producto\/queria-amarte-noches-inolvidables-3\/#breadcrumb\"},\"inLanguage\":\"es\",\"potentialAction\":[{\"@type\":\"ReadAction\",\"target\":[\"https:\/\/demoweb.info\/sexshop001\/producto\/queria-amarte-noches-inolvidables-3\/\"]}]},{\"@type\":\"BreadcrumbList\",\"@id\":\"https:\/\/demoweb.info\/sexshop001\/producto\/queria-amarte-noches-inolvidables-3\/#breadcrumb\",\"itemListElement\":[{\"@type\":\"ListItem\",\"position\":1,\"name\":\"Portada\",\"item\":\"https:\/\/demoweb.info\/sexshop001\/\"},{\"@type\":\"ListItem\",\"position\":2,\"name\":\"Tienda\",\"item\":\"https:\/\/demoweb.info\/sexshop001\/tienda\/\"},{\"@type\":\"ListItem\",\"position\":3,\"name\":\"QUER\u00cdA AMARTE (NOCHES INOLVIDABLES 3)\"}]},{\"@type\":\"WebSite\",\"@id\":\"https:\/\/demoweb.info\/sexshop001\/#website\",\"url\":\"https:\/\/demoweb.info\/sexshop001\/\",\"name\":\"Tienda Er\u00f3tica\",\"description\":\"DEMOWEB SL\",\"potentialAction\":[{\"@type\":\"SearchAction\",\"target\":{\"@type\":\"EntryPoint\",\"urlTemplate\":\"https:\/\/demoweb.info\/sexshop001\/?s={search_term_string}\"},\"query-input\":\"required name=search_term_string\"}],\"inLanguage\":\"es\"}]}<\/script>\n<!-- \/ Yoast SEO plugin. -->","yoast_head_json":{"title":"QUER\u00cdA AMARTE (NOCHES INOLVIDABLES 3) - Tienda Er\u00f3tica","robots":{"index":"noindex","follow":"follow","max-snippet":"max-snippet:-1","max-image-preview":"max-image-preview:large","max-video-preview":"max-video-preview:-1"},"og_locale":"es_ES","og_type":"article","og_title":"QUER\u00cdA AMARTE (NOCHES INOLVIDABLES 3) - Tienda Er\u00f3tica","og_description":"QUER\u00cdA AMARTE (NOCHES INOLVIDABLES 3) J. KENNER. J. Kenner, una de las reinas del romance er\u00f3tico con m\u00e1s de 2.000.000","og_url":"https:\/\/demoweb.info\/sexshop001\/producto\/queria-amarte-noches-inolvidables-3\/","og_site_name":"Tienda Er\u00f3tica","article_modified_time":"2022-01-22T09:52:56+00:00","og_image":[{"width":550,"height":550,"url":"https:\/\/demoweb.info\/sexshop001\/wp-content\/uploads\/2022\/01\/QUERIA-AMARTE-NOCHES-INOLVIDABLES-3.jpg","type":"image\/jpeg"}],"twitter_card":"summary_large_image","twitter_misc":{"Tiempo de lectura":"1 minuto"},"schema":{"@context":"https:\/\/schema.org","@graph":[{"@type":"WebPage","@id":"https:\/\/demoweb.info\/sexshop001\/producto\/queria-amarte-noches-inolvidables-3\/","url":"https:\/\/demoweb.info\/sexshop001\/producto\/queria-amarte-noches-inolvidables-3\/","name":"QUER\u00cdA AMARTE (NOCHES INOLVIDABLES 3) - Tienda Er\u00f3tica","isPartOf":{"@id":"https:\/\/demoweb.info\/sexshop001\/#website"},"datePublished":"2022-01-22T09:52:53+00:00","dateModified":"2022-01-22T09:52:56+00:00","breadcrumb":{"@id":"https:\/\/demoweb.info\/sexshop001\/producto\/queria-amarte-noches-inolvidables-3\/#breadcrumb"},"inLanguage":"es","potentialAction":[{"@type":"ReadAction","target":["https:\/\/demoweb.info\/sexshop001\/producto\/queria-amarte-noches-inolvidables-3\/"]}]},{"@type":"BreadcrumbList","@id":"https:\/\/demoweb.info\/sexshop001\/producto\/queria-amarte-noches-inolvidables-3\/#breadcrumb","itemListElement":[{"@type":"ListItem","position":1,"name":"Portada","item":"https:\/\/demoweb.info\/sexshop001\/"},{"@type":"ListItem","position":2,"name":"Tienda","item":"https:\/\/demoweb.info\/sexshop001\/tienda\/"},{"@type":"ListItem","position":3,"name":"QUER\u00cdA AMARTE (NOCHES INOLVIDABLES 3)"}]},{"@type":"WebSite","@id":"https:\/\/demoweb.info\/sexshop001\/#website","url":"https:\/\/demoweb.info\/sexshop001\/","name":"Tienda Er\u00f3tica","description":"DEMOWEB SL","potentialAction":[{"@type":"SearchAction","target":{"@type":"EntryPoint","urlTemplate":"https:\/\/demoweb.info\/sexshop001\/?s={search_term_string}"},"query-input":"required name=search_term_string"}],"inLanguage":"es"}]}},"_links":{"self":[{"href":"https:\/\/demoweb.info\/sexshop001\/wp-json\/wp\/v3\/product\/18402","targetHints":{"allow":["GET"]}}],"collection":[{"href":"https:\/\/demoweb.info\/sexshop001\/wp-json\/wp\/v3\/product"}],"about":[{"href":"https:\/\/demoweb.info\/sexshop001\/wp-json\/wp\/v2\/types\/product"}],"replies":[{"embeddable":true,"href":"https:\/\/demoweb.info\/sexshop001\/wp-json\/wp\/v2\/comments?post=18402"}],"wp:featuredmedia":[{"embeddable":true,"href":"https:\/\/demoweb.info\/sexshop001\/wp-json\/wp\/v2\/media\/18403"}],"wp:attachment":[{"href":"https:\/\/demoweb.info\/sexshop001\/wp-json\/wp\/v2\/media?parent=18402"}],"wp:term":[{"taxonomy":"product_cat","embeddable":true,"href":"https:\/\/demoweb.info\/sexshop001\/wp-json\/wp\/v2\/product_cat?post=18402"},{"taxonomy":"product_tag","embeddable":true,"href":"https:\/\/demoweb.info\/sexshop001\/wp-json\/wp\/v2\/product_tag?post=18402"}],"curies":[{"name":"wp","href":"https:\/\/api.w.org\/{rel}","templated":true}]}}