{"id":18388,"date":"2022-01-22T10:52:26","date_gmt":"2022-01-22T09:52:26","guid":{"rendered":"https:\/\/demoweb.info\/sexshop001\/producto\/satisfyer-double-joy-con-app-morado\/"},"modified":"2022-01-22T10:52:47","modified_gmt":"2022-01-22T09:52:47","slug":"satisfyer-double-joy-con-app-morado","status":"publish","type":"product","link":"https:\/\/demoweb.info\/sexshop001\/producto\/satisfyer-double-joy-con-app-morado\/","title":{"rendered":"SATISFYER DOUBLE JOY CON APP MORADO"},"content":{"rendered":"<p><strong>SATISFYER DOUBLE JOY CON APP<\/strong><\/p>\n<p>UNA APLICACI\u00d3N, UN SINF\u00cdN DE POSIBILIDADES<\/p>\n<p>No debes perderte esto: \u00a1la nueva aplicaci\u00f3n Satisfyer Connect te ofrece oportunidades \u00fanicas!<\/p>\n<p>Es compatible con cualquier tel\u00e9fono inteligente, tablet Android o Apple y Apple Watch. Y lo mejor de todo: es gratis y te esperan funciones nuevas y emocionantes cada mes. No es de extra\u00f1ar que la aplicaci\u00f3n Satisfyer Connect haya sido galardonada en la feria de electr\u00f3nica de consumo CES m\u00e1s grande del mundo en Las Vegas.<\/p>\n<p>FUNCIONES SENSACIONALES EN NUESTRA APLICACI\u00d3N SENSACIONAL<\/p>\n<ul>\n<li>Dise\u00f1a tus propias vibraciones y comp\u00e1rtelas con otros usuarios en todo el mundo.<\/li>\n<li>Usa el micr\u00f3fono de tu tel\u00e9fono m\u00f3vil para transformar el ruido ambiental en vibraciones<\/li>\n<li>Experimenta las vibraciones al ritmo de tu lista de reproducci\u00f3n en Spotify u otros servicios de transmisi\u00f3n<\/li>\n<li>Usa el tel\u00e9fono m\u00f3vil a trav\u00e9s de Bluetooth o Internet como control remoto para otros usuarios<\/li>\n<li>Controla la satisfacci\u00f3n de otros usuarios en vivo en chats de video<\/li>\n<\/ul>\n<p>VEN CON BLUETOOTH! THE R-LOVE-UTION DE SATISFYER APP-TOYS<\/p>\n<p>\u00a1Forma parte de R-Love-ution y descarga la aplicaci\u00f3n gratuita Satisfyer Connect en tu tel\u00e9fono inteligente!<\/p>\n<p>Experimenta aventuras divertidas: control remoto y funciones exclusivas como programaci\u00f3n h\u00e1ptica, programas de vibraci\u00f3n infinitamente ajustables individualmente, detecci\u00f3n de movimiento o incluso la interacci\u00f3n de varios juguetes conectados: \u00a1pru\u00e9balo y espera nuevas funciones geniales cada mes! \u00a1Simplemente descarga la aplicaci\u00f3n gratuita para Android o Apple iOs y la aplicaci\u00f3n est\u00e1 lista!<\/p>\n<p>SATISFYER CONNECT<\/p>\n<p>Debido a la interacci\u00f3n exitosa del bienestar sexual y la tecnolog\u00eda, la aplicaci\u00f3n Satisfyer Connect gan\u00f3 el premio CES TWICE Picks, reconocido mundialmente. El jurado del CES elogi\u00f3 especialmente la programaci\u00f3n h\u00e1ptica, la detecci\u00f3n de movimiento y la posibilidad de crear nuevos programas de vibraci\u00f3n.<\/p>\n<p>El CES TWICE Picks Award solo se otorga a los mejores bienes de consumo del mundo.<\/p>\n<p>SATISFYER &#39;DOBLE ALEGR\u00cdA&#39;<\/p>\n<p>Seducci\u00f3n, variedad y pasi\u00f3n: para que su vida amorosa real siempre est\u00e9 entronizada en la nube 7, \u00bfpuede un viento fresco susurrar aqu\u00ed y all\u00e1 a trav\u00e9s de las s\u00e1banas? Los orgasmos comunes en una clase propia ciertamente no son una mala idea: con el vibrador de parejas Double Joy hecho de silicona m\u00e9dica, que puede ser controlada por la aplicaci\u00f3n, tu tiempo sexy se vuelve a\u00fan m\u00e1s intenso al estimular un est\u00edmulo adicional. Con su dise\u00f1o ergon\u00f3mico y flexible, se acomoda con elegancia y proporciona una peque\u00f1a dosis de magia extra con solo presionar un bot\u00f3n.<\/p>\n<p>2 MOTORES PARA DOBLE FELICIDAD<\/p>\n<p>Double Joy garantiza momentos inolvidables y compartidos: durante el sexo, el vibrador en forma de U simplemente se inserta para que ambas partes puedan disfrutar de las vibraciones intensas. Mientras que un eje estimula tu cl\u00edtoris desde el exterior, el otro lado del juguete asegura una tensi\u00f3n seductora dentro de su sello de amor. Ambos extremos vibran igualmente poderosamente gracias a los dos motores. El eje interno estimula tanto su punto G como su mejor pieza cuando lo enciendes y apagas. Gracias al pr\u00e1ctico control de la aplicaci\u00f3n, puedes cambiar los programas c\u00f3modamente incluso en momentos de \u00e9xtasis extremo.<\/p>\n<p>\u00a1DALE PODER!<\/p>\n<p>Tu juguete est\u00e1 equipado con bater\u00edas integradas y, por lo tanto, es recargable con el medio ambiente. Si es necesario, el cable de carga magn\u00e9tico USB incluido se puede complementar con un enchufe de red est\u00e1ndar de 5V.<\/p>\n<p>MATERIAL Y CUIDADOS<\/p>\n<p>Es resistente al agua est\u00e1 hecho de silicona m\u00e9dica, suave como la seda, que es extremadamente f\u00e1cil de deslizar y absorbe el calor del cuerpo r\u00e1pidamente. El juguete se puede limpiar f\u00e1cilmente con un poco de jab\u00f3n bajo agua tibia. Con un poco de limpiador desinfectante para juguetes, puedes garantizar una higiene especialmente profunda despu\u00e9s, idealmente con el spray de desinfecci\u00f3n perfectamente coordinado de Satisfyer. Para obtener el m\u00e1ximo placer, usa siempre tu juguete con uno de los lubricantes a base de agua de Satisfyer que se adaptan perfectamente al producto.<\/p>\n<p>Est\u00e1n disponibles en las versiones cl\u00e1sica, sedosa y c\u00e1lida. La composici\u00f3n vegana a base de agua protege el material y mantiene la superficie de su juguete agradable y suave.<\/p>\n<p>LA MARCA SATISFYER<\/p>\n<p>Satisfyer: \u00a1mucho m\u00e1s que una marca alemana! Todo comenz\u00f3 con la estimulaci\u00f3n sin contacto del cl\u00edtoris gracias a la tecnolog\u00eda innovadora y patentada de ondas de presi\u00f3n. Mientras tanto, la marca l\u00edder mundial de bienestar sexual enriquece la vida amorosa de m\u00e1s de 25,000,000 millones de mujeres, hombres y parejas en m\u00e1s de 100 pa\u00edses con una amplia gama de productos, as\u00ed como siempre nuevas ideas y las m\u00e1s modernas. Tecnolog\u00edas con caracter\u00edsticas de calidad como silicona de alta calidad, una garant\u00eda de 15 a\u00f1os, mano de obra herm\u00e9tica y motores potentes, la exitosa marca alemana siempre est\u00e1 dispuesta a combinar tecnolog\u00eda con dise\u00f1o excepcional en sus productos. Solo en los \u00faltimos 3 a\u00f1os, Satisfyer ha ganado m\u00e1s de 140 premios internacionales de dise\u00f1o como ninguna otra compa\u00f1\u00eda.<\/p><\/p>\n","protected":false},"excerpt":{"rendered":"<p>SATISFYER DOUBLE JOY CON APP UNA APLICACI\u00d3N, UN SINF\u00cdN DE POSIBILIDADES No debes perderte esto: \u00a1la nueva aplicaci\u00f3n Satisfyer Connect<\/p>\n","protected":false},"featured_media":18389,"comment_status":"open","ping_status":"open","template":"","meta":[],"product_cat":[504],"product_tag":[819,442],"class_list":["post-18388","product","type-product","status-publish","has-post-thumbnail","hentry","product_cat-con-app","product_tag-connect","product_tag-satisfyer"],"bundled_by":[],"bundle_stock_status":"instock","bundle_stock_quantity":25,"bundle_virtual":false,"bundle_layout":"","bundle_add_to_cart_form_location":"","bundle_editable_in_cart":false,"bundle_sold_individually_context":"","bundle_item_grouping":"","bundle_min_size":"","bundle_max_size":"","bundled_items":[],"yoast_head":"<!-- This site is optimized with the Yoast SEO plugin v20.6 - https:\/\/yoast.com\/wordpress\/plugins\/seo\/ -->\n<title>SATISFYER DOUBLE JOY CON APP MORADO - Tienda Er\u00f3tica<\/title>\n<meta name=\"robots\" content=\"noindex, follow, max-snippet:-1, max-image-preview:large, max-video-preview:-1\" \/>\n<meta property=\"og:locale\" content=\"es_ES\" \/>\n<meta property=\"og:type\" content=\"article\" \/>\n<meta property=\"og:title\" content=\"SATISFYER DOUBLE JOY CON APP MORADO - Tienda Er\u00f3tica\" \/>\n<meta property=\"og:description\" content=\"SATISFYER DOUBLE JOY CON APP UNA APLICACI\u00d3N, UN SINF\u00cdN DE POSIBILIDADES No debes perderte esto: \u00a1la nueva aplicaci\u00f3n Satisfyer Connect\" \/>\n<meta property=\"og:url\" content=\"https:\/\/demoweb.info\/sexshop001\/producto\/satisfyer-double-joy-con-app-morado\/\" \/>\n<meta property=\"og:site_name\" content=\"Tienda Er\u00f3tica\" \/>\n<meta property=\"article:modified_time\" content=\"2022-01-22T09:52:47+00:00\" \/>\n<meta property=\"og:image\" content=\"https:\/\/demoweb.info\/sexshop001\/wp-content\/uploads\/2022\/01\/SATISFYER-DOUBLE-JOY-CON-APP-MORADO.jpg\" \/>\n\t<meta property=\"og:image:width\" content=\"550\" \/>\n\t<meta property=\"og:image:height\" content=\"550\" \/>\n\t<meta property=\"og:image:type\" content=\"image\/jpeg\" \/>\n<meta name=\"twitter:card\" content=\"summary_large_image\" \/>\n<meta name=\"twitter:label1\" content=\"Tiempo de lectura\" \/>\n\t<meta name=\"twitter:data1\" content=\"4 minutos\" \/>\n<script type=\"application\/ld+json\" class=\"yoast-schema-graph\">{\"@context\":\"https:\/\/schema.org\",\"@graph\":[{\"@type\":\"WebPage\",\"@id\":\"https:\/\/demoweb.info\/sexshop001\/producto\/satisfyer-double-joy-con-app-morado\/\",\"url\":\"https:\/\/demoweb.info\/sexshop001\/producto\/satisfyer-double-joy-con-app-morado\/\",\"name\":\"SATISFYER DOUBLE JOY CON APP MORADO - Tienda Er\u00f3tica\",\"isPartOf\":{\"@id\":\"https:\/\/demoweb.info\/sexshop001\/#website\"},\"datePublished\":\"2022-01-22T09:52:26+00:00\",\"dateModified\":\"2022-01-22T09:52:47+00:00\",\"breadcrumb\":{\"@id\":\"https:\/\/demoweb.info\/sexshop001\/producto\/satisfyer-double-joy-con-app-morado\/#breadcrumb\"},\"inLanguage\":\"es\",\"potentialAction\":[{\"@type\":\"ReadAction\",\"target\":[\"https:\/\/demoweb.info\/sexshop001\/producto\/satisfyer-double-joy-con-app-morado\/\"]}]},{\"@type\":\"BreadcrumbList\",\"@id\":\"https:\/\/demoweb.info\/sexshop001\/producto\/satisfyer-double-joy-con-app-morado\/#breadcrumb\",\"itemListElement\":[{\"@type\":\"ListItem\",\"position\":1,\"name\":\"Portada\",\"item\":\"https:\/\/demoweb.info\/sexshop001\/\"},{\"@type\":\"ListItem\",\"position\":2,\"name\":\"Tienda\",\"item\":\"https:\/\/demoweb.info\/sexshop001\/tienda\/\"},{\"@type\":\"ListItem\",\"position\":3,\"name\":\"SATISFYER DOUBLE JOY CON APP MORADO\"}]},{\"@type\":\"WebSite\",\"@id\":\"https:\/\/demoweb.info\/sexshop001\/#website\",\"url\":\"https:\/\/demoweb.info\/sexshop001\/\",\"name\":\"Tienda Er\u00f3tica\",\"description\":\"DEMOWEB SL\",\"potentialAction\":[{\"@type\":\"SearchAction\",\"target\":{\"@type\":\"EntryPoint\",\"urlTemplate\":\"https:\/\/demoweb.info\/sexshop001\/?s={search_term_string}\"},\"query-input\":\"required name=search_term_string\"}],\"inLanguage\":\"es\"}]}<\/script>\n<!-- \/ Yoast SEO plugin. -->","yoast_head_json":{"title":"SATISFYER DOUBLE JOY CON APP MORADO - Tienda Er\u00f3tica","robots":{"index":"noindex","follow":"follow","max-snippet":"max-snippet:-1","max-image-preview":"max-image-preview:large","max-video-preview":"max-video-preview:-1"},"og_locale":"es_ES","og_type":"article","og_title":"SATISFYER DOUBLE JOY CON APP MORADO - Tienda Er\u00f3tica","og_description":"SATISFYER DOUBLE JOY CON APP UNA APLICACI\u00d3N, UN SINF\u00cdN DE POSIBILIDADES No debes perderte esto: \u00a1la nueva aplicaci\u00f3n Satisfyer Connect","og_url":"https:\/\/demoweb.info\/sexshop001\/producto\/satisfyer-double-joy-con-app-morado\/","og_site_name":"Tienda Er\u00f3tica","article_modified_time":"2022-01-22T09:52:47+00:00","og_image":[{"width":550,"height":550,"url":"https:\/\/demoweb.info\/sexshop001\/wp-content\/uploads\/2022\/01\/SATISFYER-DOUBLE-JOY-CON-APP-MORADO.jpg","type":"image\/jpeg"}],"twitter_card":"summary_large_image","twitter_misc":{"Tiempo de lectura":"4 minutos"},"schema":{"@context":"https:\/\/schema.org","@graph":[{"@type":"WebPage","@id":"https:\/\/demoweb.info\/sexshop001\/producto\/satisfyer-double-joy-con-app-morado\/","url":"https:\/\/demoweb.info\/sexshop001\/producto\/satisfyer-double-joy-con-app-morado\/","name":"SATISFYER DOUBLE JOY CON APP MORADO - Tienda Er\u00f3tica","isPartOf":{"@id":"https:\/\/demoweb.info\/sexshop001\/#website"},"datePublished":"2022-01-22T09:52:26+00:00","dateModified":"2022-01-22T09:52:47+00:00","breadcrumb":{"@id":"https:\/\/demoweb.info\/sexshop001\/producto\/satisfyer-double-joy-con-app-morado\/#breadcrumb"},"inLanguage":"es","potentialAction":[{"@type":"ReadAction","target":["https:\/\/demoweb.info\/sexshop001\/producto\/satisfyer-double-joy-con-app-morado\/"]}]},{"@type":"BreadcrumbList","@id":"https:\/\/demoweb.info\/sexshop001\/producto\/satisfyer-double-joy-con-app-morado\/#breadcrumb","itemListElement":[{"@type":"ListItem","position":1,"name":"Portada","item":"https:\/\/demoweb.info\/sexshop001\/"},{"@type":"ListItem","position":2,"name":"Tienda","item":"https:\/\/demoweb.info\/sexshop001\/tienda\/"},{"@type":"ListItem","position":3,"name":"SATISFYER DOUBLE JOY CON APP MORADO"}]},{"@type":"WebSite","@id":"https:\/\/demoweb.info\/sexshop001\/#website","url":"https:\/\/demoweb.info\/sexshop001\/","name":"Tienda Er\u00f3tica","description":"DEMOWEB SL","potentialAction":[{"@type":"SearchAction","target":{"@type":"EntryPoint","urlTemplate":"https:\/\/demoweb.info\/sexshop001\/?s={search_term_string}"},"query-input":"required name=search_term_string"}],"inLanguage":"es"}]}},"_links":{"self":[{"href":"https:\/\/demoweb.info\/sexshop001\/wp-json\/wp\/v3\/product\/18388","targetHints":{"allow":["GET"]}}],"collection":[{"href":"https:\/\/demoweb.info\/sexshop001\/wp-json\/wp\/v3\/product"}],"about":[{"href":"https:\/\/demoweb.info\/sexshop001\/wp-json\/wp\/v2\/types\/product"}],"replies":[{"embeddable":true,"href":"https:\/\/demoweb.info\/sexshop001\/wp-json\/wp\/v2\/comments?post=18388"}],"wp:featuredmedia":[{"embeddable":true,"href":"https:\/\/demoweb.info\/sexshop001\/wp-json\/wp\/v2\/media\/18389"}],"wp:attachment":[{"href":"https:\/\/demoweb.info\/sexshop001\/wp-json\/wp\/v2\/media?parent=18388"}],"wp:term":[{"taxonomy":"product_cat","embeddable":true,"href":"https:\/\/demoweb.info\/sexshop001\/wp-json\/wp\/v2\/product_cat?post=18388"},{"taxonomy":"product_tag","embeddable":true,"href":"https:\/\/demoweb.info\/sexshop001\/wp-json\/wp\/v2\/product_tag?post=18388"}],"curies":[{"name":"wp","href":"https:\/\/api.w.org\/{rel}","templated":true}]}}